{"id":1004,"date":"2018-08-09T08:39:08","date_gmt":"2018-08-09T08:39:08","guid":{"rendered":"https:\/\/www.clinicatebon.es\/presoterapia-malaga\/"},"modified":"2025-04-23T07:20:11","modified_gmt":"2025-04-23T07:20:11","slug":"pressotherapy-malaga","status":"publish","type":"page","link":"https:\/\/www.clinicatebon.es\/en\/pressotherapy-malaga\/","title":{"rendered":"Pressotherapy"},"content":{"rendered":"<p>[vc_row][vc_column][vc_column_text]En <strong>Cl\u00ednica Tebon<\/strong> disponemos del mejor equipo de <strong>presoterapia en M\u00e1laga<\/strong>, destinado en medicina est\u00e9tica a <strong>combatir la flacidez y celulitis, retenci\u00f3n de l\u00edquidos, ayuda en la p\u00e9rdida de peso y como complemento pre y post liposucciones<\/strong>. Adem\u00e1s, nuestro tratamiento de<strong> presoterapia en M\u00e1laga <\/strong>estimula el sistema inmunol\u00f3gico, ayuda a bajar la tensi\u00f3n arterial, tonifica m\u00fasculos y articulaciones, relaja la musculatura, refuerza los tejidos conectivos, estimula los puntos nerviosos motores, alivia el estr\u00e9s, la tensi\u00f3n y alivia los espasmos musculares.<\/p>\n<h3><strong>Presoterapia en M\u00e1laga en Cl\u00ednica Tebon \u00bfEn qu\u00e9 consiste el tratamiento?<\/strong><\/h3>\n<p><strong>El tratamiento m\u00e9dico est\u00e9tico <\/strong>consiste en aplicar aire que van provocando una presi\u00f3n positiva en sentido ascendente desde la planta de los pies hasta el abdomen. Para ello, el paciente se pone una especie de botas, mangas o faja que se van inflando hasta producir la presi\u00f3n que favorece la circulaci\u00f3n de la sangre y la oxigenaci\u00f3n en todo el cuerpo, consiguiendo as\u00ed, una piel m\u00e1s firme, tersa y libre de grasa y evitando los dolores de piernas cansadas o miembros dormidos.<\/p>\n<p>Podemos realizarla, tanto en miembros inferiores, en abdomen y miembros superiores.<\/p>\n<p>Con nuestro tratamiento de<strong> presoterapia en M\u00e1laga<\/strong>, aplicado junto con otros tratamientos como la <a href=\"https:\/\/www.clinicatebon.es\/en\/blog\/aesthetic-medicine-in-malaga-carboxitherapy\/\" target=\"_blank\" rel=\"noopener noreferrer\">carboxiterapia<\/a> o <a href=\"https:\/\/www.clinicatebon.es\/en\/blog\/facial-mesotherapy-in-malaga-your-young-skin\/\" target=\"_blank\" rel=\"noopener noreferrer\">mesoterapia<\/a>, vamos a lograr aumentar los beneficios y obtener mejores resultados.<\/p>\n<p>Por s\u00ed solo, los beneficios no van a ser tan notables, debemos combinarlos con una buena alimentaci\u00f3n, ejercicio diario y una buena ingesta de agua.<a href=\"https:\/\/www.clinicatebon.es\/en\/contact\/\" target=\"_blank\" rel=\"noopener noreferrer\"><strong> Contacta<\/strong><\/a> con nosotros y te ayudaremos a elegir el mejor tratamiento.<\/p>\n<p>&nbsp;<\/p>\n<p>&nbsp;<\/p>\n<p>[\/vc_column_text][vc_single_image image=&#8221;654&#8243; img_size=&#8221;large&#8221;][vc_custom_heading text=&#8221;Durante la sesi\u00f3n.&#8221; font_container=&#8221;tag:h1|text_align:left&#8221; use_theme_fonts=&#8221;yes&#8221;][\/vc_column][vc_column width=&#8221;1\/4&#8243; css=&#8221;.vc_custom_1504029601002{margin-top: 0px !important;margin-right: 0px !important;margin-bottom: 0px !important;margin-left: 0px !important;border-top-width: 0px !important;border-right-width: 0px !important;border-bottom-width: 0px !important;border-left-width: 0px !important;padding-top: 0px !important;padding-right: 0px !important;padding-bottom: 0px !important;padding-left: 0px !important;}&#8221; offset=&#8221;vc_col-xs-3&#8243;]<div data-id=\"mpc_divider-6869e10eb311e22\" class=\"mpc-divider-wrap\"><div class=\"mpc-divider mpc-init mpc-align--right mpc-disable--left \" ><div class=\"mpc-divider__line mpc-side--left\"><span><\/span><\/div><div class=\"mpc-divider__line mpc-side--right\"><span><\/span><\/div><\/div><\/div>[\/vc_column][vc_column width=&#8221;3\/4&#8243; css=&#8221;.vc_custom_1503950868397{margin-top: 0px !important;margin-right: 0px !important;margin-bottom: 0px !important;margin-left: 0px !important;border-top-width: 0px !important;border-right-width: 0px !important;border-bottom-width: 0px !important;border-left-width: 0px !important;padding-top: 0px !important;padding-right: 0px !important;padding-bottom: 0px !important;padding-left: 0px !important;}&#8221; offset=&#8221;vc_col-xs-9&#8243;]<div data-id=\"mpc_divider-1569e10eb311e7d\" class=\"mpc-divider-wrap\"><div class=\"mpc-divider mpc-init mpc-align--left mpc-disable--left \" ><div class=\"mpc-divider__line mpc-side--left\"><span><\/span><\/div><div class=\"mpc-divider__line mpc-side--right\"><span><\/span><\/div><\/div><\/div>[\/vc_column][vc_column][vc_empty_space][vc_column_text]<\/p>\n<p class=\"Cuerpo\"><span lang=\"ES-TRAD\">La duraci\u00f3n de la sesi\u00f3n es de uno 30-45 minutos, en funci\u00f3n del beneficio que queramos obtener. Va a notar un relajarte masaje en la zona tratada y una peque\u00f1a presi\u00f3n, en ning\u00fan caso dolor o incomodidad.<\/span><\/p>\n<p>[\/vc_column_text][\/vc_column][\/vc_row][vc_row][vc_column][vc_custom_heading text=&#8221;Despu\u00e9s de la sesi\u00f3n.&#8221; font_container=&#8221;tag:h1|text_align:left&#8221; use_theme_fonts=&#8221;yes&#8221;][\/vc_column][vc_column width=&#8221;1\/4&#8243; css=&#8221;.vc_custom_1504029601002{margin-top: 0px !important;margin-right: 0px !important;margin-bottom: 0px !important;margin-left: 0px !important;border-top-width: 0px !important;border-right-width: 0px !important;border-bottom-width: 0px !important;border-left-width: 0px !important;padding-top: 0px !important;padding-right: 0px !important;padding-bottom: 0px !important;padding-left: 0px !important;}&#8221; offset=&#8221;vc_col-xs-3&#8243;]<div data-id=\"mpc_divider-7569e10eb311eb9\" class=\"mpc-divider-wrap\"><div class=\"mpc-divider mpc-init mpc-align--right mpc-disable--left \" ><div class=\"mpc-divider__line mpc-side--left\"><span><\/span><\/div><div class=\"mpc-divider__line mpc-side--right\"><span><\/span><\/div><\/div><\/div>[\/vc_column][vc_column width=&#8221;3\/4&#8243; css=&#8221;.vc_custom_1503950868397{margin-top: 0px !important;margin-right: 0px !important;margin-bottom: 0px !important;margin-left: 0px !important;border-top-width: 0px !important;border-right-width: 0px !important;border-bottom-width: 0px !important;border-left-width: 0px !important;padding-top: 0px !important;padding-right: 0px !important;padding-bottom: 0px !important;padding-left: 0px !important;}&#8221; offset=&#8221;vc_col-xs-9&#8243;]<div data-id=\"mpc_divider-4369e10eb311ee9\" class=\"mpc-divider-wrap\"><div class=\"mpc-divider mpc-init mpc-align--left mpc-disable--left \" ><div class=\"mpc-divider__line mpc-side--left\"><span><\/span><\/div><div class=\"mpc-divider__line mpc-side--right\"><span><\/span><\/div><\/div><\/div>[\/vc_column][vc_column][vc_empty_space][vc_column_text]<\/p>\n<p class=\"Cuerpo\"><span lang=\"ES-TRAD\">Se puede incorporar a su vida diaria inmediatamente.<\/span><\/p>\n<p>[\/vc_column_text][\/vc_column][\/vc_row][vc_row][vc_column][vc_custom_heading text=&#8221;Preguntas Frecuentes&#8221; font_container=&#8221;tag:h1|text_align:left&#8221; use_theme_fonts=&#8221;yes&#8221;][\/vc_column][vc_column width=&#8221;1\/4&#8243; css=&#8221;.vc_custom_1504029601002{margin-top: 0px !important;margin-right: 0px !important;margin-bottom: 0px !important;margin-left: 0px !important;border-top-width: 0px !important;border-right-width: 0px !important;border-bottom-width: 0px !important;border-left-width: 0px !important;padding-top: 0px !important;padding-right: 0px !important;padding-bottom: 0px !important;padding-left: 0px !important;}&#8221; offset=&#8221;vc_col-xs-3&#8243;]<div data-id=\"mpc_divider-2669e10eb311f17\" class=\"mpc-divider-wrap\"><div class=\"mpc-divider mpc-init mpc-align--right mpc-disable--left \" ><div class=\"mpc-divider__line mpc-side--left\"><span><\/span><\/div><div class=\"mpc-divider__line mpc-side--right\"><span><\/span><\/div><\/div><\/div>[\/vc_column][vc_column width=&#8221;3\/4&#8243; css=&#8221;.vc_custom_1503950868397{margin-top: 0px !important;margin-right: 0px !important;margin-bottom: 0px !important;margin-left: 0px !important;border-top-width: 0px !important;border-right-width: 0px !important;border-bottom-width: 0px !important;border-left-width: 0px !important;padding-top: 0px !important;padding-right: 0px !important;padding-bottom: 0px !important;padding-left: 0px !important;}&#8221; offset=&#8221;vc_col-xs-9&#8243;]<div data-id=\"mpc_divider-6869e10eb311f45\" class=\"mpc-divider-wrap\"><div class=\"mpc-divider mpc-init mpc-align--left mpc-disable--left \" ><div class=\"mpc-divider__line mpc-side--left\"><span><\/span><\/div><div class=\"mpc-divider__line mpc-side--right\"><span><\/span><\/div><\/div><\/div>[\/vc_column][vc_column][vc_empty_space][\/vc_column][\/vc_row][vc_row][vc_column][vc_tta_accordion style=&#8221;outline&#8221; shape=&#8221;square&#8221; color=&#8221;mulled-wine&#8221; c_icon=&#8221;triangle&#8221; active_section=&#8221;99&#8243;][vc_tta_section title=&#8221;\u00bfQu\u00e9 contraindicaciones tiene?&#8221; tab_id=&#8221;1&#8243;][vc_column_text]<\/p>\n<p class=\"Cuerpo\"><span lang=\"ES-TRAD\">No podr\u00e1 realizarse la presoterapia, en personas con trombosis venosa profunda, cuando hay infecciones en la zona a tratar, con enfermedades cardiaca severa, portadores de marcapasos, con dolor o entumecimientos corporal, en pacientes oncol\u00f3gicos, insuficiencia hep\u00e1tica o renal, procesos inflamatorios graves y en mujeres embarazadas.<\/span><\/p>\n<p>[\/vc_column_text][\/vc_tta_section][vc_tta_section title=&#8221;\u00bfEs un tratamiento seguro?&#8221; tab_id=&#8221;2&#8243;][vc_column_text]<\/p>\n<p class=\"Cuerpo\">S\u00ed, no es una t\u00e9cnica invasiva.<\/p>\n<p>[\/vc_column_text][\/vc_tta_section][vc_tta_section title=&#8221;\u00bfCu\u00e1l es el protocolo de administraci\u00f3n?&#8221; tab_id=&#8221;3&#8243;][vc_column_text]El protocolo de administraci\u00f3n es de 8-15 sesiones en funci\u00f3n del paciente y de la zona a tratar, espaciadas en 72h, pudi\u00e9ndose dar 2 sesiones a la semana.[\/vc_column_text][\/vc_tta_section][vc_tta_section title=&#8221;\u00bfPuedo combinarlo con otros tratamientos?&#8221; tab_id=&#8221;5&#8243;][vc_column_text]<\/p>\n<p class=\"Cuerpo\"><span lang=\"ES-TRAD\">S\u00ed, adem\u00e1s si lo combinamos con carboxiterapia o mesoterapia y un estilo de vida saludable, obtendremos mejores resultados.<\/span><\/p>\n<p>[\/vc_column_text][\/vc_tta_section][\/vc_tta_accordion][\/vc_column][\/vc_row]<\/p>\n","protected":false},"excerpt":{"rendered":"<p>[vc_row][vc_column][vc_column_text]En Cl\u00ednica Tebon disponemos del mejor equipo de presoterapia en M\u00e1laga, destinado en medicina est\u00e9tica a combatir la flacidez y<\/p>\n","protected":false},"author":2,"featured_media":0,"parent":0,"menu_order":0,"comment_status":"closed","ping_status":"closed","template":"page-left-sidebar.php","meta":{"footnotes":""},"class_list":["post-1004","page","type-page","status-publish","hentry"],"yoast_head":"<!-- This site is optimized with the Yoast SEO plugin v27.4 - https:\/\/yoast.com\/product\/yoast-seo-wordpress\/ -->\n<title>Pressotherapy in Malaga : Cl\u00ednica Tebon : Aesthetic Medicine<\/title>\n<meta name=\"description\" content=\"The Pressotherapy treatment in Malaga that we perform seeks to combat flaccidity and cellulite, fluid retention and help weight loss.\" \/>\n<meta name=\"robots\" content=\"index, follow, max-snippet:-1, max-image-preview:large, max-video-preview:-1\" \/>\n<link rel=\"canonical\" href=\"https:\/\/www.clinicatebon.es\/en\/pressotherapy-malaga\/\" \/>\n<meta property=\"og:locale\" content=\"en_US\" \/>\n<meta property=\"og:type\" content=\"article\" \/>\n<meta property=\"og:title\" content=\"Pressotherapy in Malaga : Cl\u00ednica Tebon : Aesthetic Medicine\" \/>\n<meta property=\"og:description\" content=\"The Pressotherapy treatment in Malaga that we perform seeks to combat flaccidity and cellulite, fluid retention and help weight loss.\" \/>\n<meta property=\"og:url\" content=\"https:\/\/www.clinicatebon.es\/en\/pressotherapy-malaga\/\" \/>\n<meta property=\"og:site_name\" content=\"Clinica Tebon\" \/>\n<meta property=\"article:publisher\" content=\"https:\/\/www.facebook.com\/ClinicaTebon\/\" \/>\n<meta property=\"article:modified_time\" content=\"2025-04-23T07:20:11+00:00\" \/>\n<meta name=\"twitter:card\" content=\"summary_large_image\" \/>\n<meta name=\"twitter:label1\" content=\"Est. reading time\" \/>\n\t<meta name=\"twitter:data1\" content=\"5 minutes\" \/>\n<script type=\"application\/ld+json\" class=\"yoast-schema-graph\">{\"@context\":\"https:\\\/\\\/schema.org\",\"@graph\":[{\"@type\":\"WebPage\",\"@id\":\"https:\\\/\\\/www.clinicatebon.es\\\/en\\\/pressotherapy-malaga\\\/\",\"url\":\"https:\\\/\\\/www.clinicatebon.es\\\/en\\\/pressotherapy-malaga\\\/\",\"name\":\"Pressotherapy in Malaga : Cl\u00ednica Tebon : Aesthetic Medicine\",\"isPartOf\":{\"@id\":\"https:\\\/\\\/www.clinicatebon.es\\\/#website\"},\"datePublished\":\"2018-08-09T08:39:08+00:00\",\"dateModified\":\"2025-04-23T07:20:11+00:00\",\"description\":\"The Pressotherapy treatment in Malaga that we perform seeks to combat flaccidity and cellulite, fluid retention and help weight loss.\",\"breadcrumb\":{\"@id\":\"https:\\\/\\\/www.clinicatebon.es\\\/en\\\/pressotherapy-malaga\\\/#breadcrumb\"},\"inLanguage\":\"en-US\",\"potentialAction\":[{\"@type\":\"ReadAction\",\"target\":[\"https:\\\/\\\/www.clinicatebon.es\\\/en\\\/pressotherapy-malaga\\\/\"]}]},{\"@type\":\"BreadcrumbList\",\"@id\":\"https:\\\/\\\/www.clinicatebon.es\\\/en\\\/pressotherapy-malaga\\\/#breadcrumb\",\"itemListElement\":[{\"@type\":\"ListItem\",\"position\":1,\"name\":\"Portada\",\"item\":\"https:\\\/\\\/www.clinicatebon.es\\\/en\\\/\"},{\"@type\":\"ListItem\",\"position\":2,\"name\":\"Pressotherapy\"}]},{\"@type\":\"WebSite\",\"@id\":\"https:\\\/\\\/www.clinicatebon.es\\\/#website\",\"url\":\"https:\\\/\\\/www.clinicatebon.es\\\/\",\"name\":\"Clinica Tebon\",\"description\":\"Cl\u00ednica de cirug\u00eda pl\u00e1stica, est\u00e9tica y reparadora ubicada en el centro de M\u00e1laga\",\"publisher\":{\"@id\":\"https:\\\/\\\/www.clinicatebon.es\\\/#organization\"},\"potentialAction\":[{\"@type\":\"SearchAction\",\"target\":{\"@type\":\"EntryPoint\",\"urlTemplate\":\"https:\\\/\\\/www.clinicatebon.es\\\/?s={search_term_string}\"},\"query-input\":{\"@type\":\"PropertyValueSpecification\",\"valueRequired\":true,\"valueName\":\"search_term_string\"}}],\"inLanguage\":\"en-US\"},{\"@type\":\"Organization\",\"@id\":\"https:\\\/\\\/www.clinicatebon.es\\\/#organization\",\"name\":\"Cl\u00ednica Tebon\",\"url\":\"https:\\\/\\\/www.clinicatebon.es\\\/\",\"logo\":{\"@type\":\"ImageObject\",\"inLanguage\":\"en-US\",\"@id\":\"https:\\\/\\\/www.clinicatebon.es\\\/#\\\/schema\\\/logo\\\/image\\\/\",\"url\":\"https:\\\/\\\/www.clinicatebon.es\\\/wp-content\\\/uploads\\\/2017\\\/08\\\/LogoCl\u00ednicaTebon.png\",\"contentUrl\":\"https:\\\/\\\/www.clinicatebon.es\\\/wp-content\\\/uploads\\\/2017\\\/08\\\/LogoCl\u00ednicaTebon.png\",\"width\":1600,\"height\":672,\"caption\":\"Cl\u00ednica Tebon\"},\"image\":{\"@id\":\"https:\\\/\\\/www.clinicatebon.es\\\/#\\\/schema\\\/logo\\\/image\\\/\"},\"sameAs\":[\"https:\\\/\\\/www.facebook.com\\\/ClinicaTebon\\\/\",\"https:\\\/\\\/www.instagram.com\\\/clinicatebon\\\/?hl=es\"]}]}<\/script>\n<!-- \/ Yoast SEO plugin. -->","yoast_head_json":{"title":"Pressotherapy in Malaga : Cl\u00ednica Tebon : Aesthetic Medicine","description":"The Pressotherapy treatment in Malaga that we perform seeks to combat flaccidity and cellulite, fluid retention and help weight loss.","robots":{"index":"index","follow":"follow","max-snippet":"max-snippet:-1","max-image-preview":"max-image-preview:large","max-video-preview":"max-video-preview:-1"},"canonical":"https:\/\/www.clinicatebon.es\/en\/pressotherapy-malaga\/","og_locale":"en_US","og_type":"article","og_title":"Pressotherapy in Malaga : Cl\u00ednica Tebon : Aesthetic Medicine","og_description":"The Pressotherapy treatment in Malaga that we perform seeks to combat flaccidity and cellulite, fluid retention and help weight loss.","og_url":"https:\/\/www.clinicatebon.es\/en\/pressotherapy-malaga\/","og_site_name":"Clinica Tebon","article_publisher":"https:\/\/www.facebook.com\/ClinicaTebon\/","article_modified_time":"2025-04-23T07:20:11+00:00","twitter_card":"summary_large_image","twitter_misc":{"Est. reading time":"5 minutes"},"schema":{"@context":"https:\/\/schema.org","@graph":[{"@type":"WebPage","@id":"https:\/\/www.clinicatebon.es\/en\/pressotherapy-malaga\/","url":"https:\/\/www.clinicatebon.es\/en\/pressotherapy-malaga\/","name":"Pressotherapy in Malaga : Cl\u00ednica Tebon : Aesthetic Medicine","isPartOf":{"@id":"https:\/\/www.clinicatebon.es\/#website"},"datePublished":"2018-08-09T08:39:08+00:00","dateModified":"2025-04-23T07:20:11+00:00","description":"The Pressotherapy treatment in Malaga that we perform seeks to combat flaccidity and cellulite, fluid retention and help weight loss.","breadcrumb":{"@id":"https:\/\/www.clinicatebon.es\/en\/pressotherapy-malaga\/#breadcrumb"},"inLanguage":"en-US","potentialAction":[{"@type":"ReadAction","target":["https:\/\/www.clinicatebon.es\/en\/pressotherapy-malaga\/"]}]},{"@type":"BreadcrumbList","@id":"https:\/\/www.clinicatebon.es\/en\/pressotherapy-malaga\/#breadcrumb","itemListElement":[{"@type":"ListItem","position":1,"name":"Portada","item":"https:\/\/www.clinicatebon.es\/en\/"},{"@type":"ListItem","position":2,"name":"Pressotherapy"}]},{"@type":"WebSite","@id":"https:\/\/www.clinicatebon.es\/#website","url":"https:\/\/www.clinicatebon.es\/","name":"Clinica Tebon","description":"Cl\u00ednica de cirug\u00eda pl\u00e1stica, est\u00e9tica y reparadora ubicada en el centro de M\u00e1laga","publisher":{"@id":"https:\/\/www.clinicatebon.es\/#organization"},"potentialAction":[{"@type":"SearchAction","target":{"@type":"EntryPoint","urlTemplate":"https:\/\/www.clinicatebon.es\/?s={search_term_string}"},"query-input":{"@type":"PropertyValueSpecification","valueRequired":true,"valueName":"search_term_string"}}],"inLanguage":"en-US"},{"@type":"Organization","@id":"https:\/\/www.clinicatebon.es\/#organization","name":"Cl\u00ednica Tebon","url":"https:\/\/www.clinicatebon.es\/","logo":{"@type":"ImageObject","inLanguage":"en-US","@id":"https:\/\/www.clinicatebon.es\/#\/schema\/logo\/image\/","url":"https:\/\/www.clinicatebon.es\/wp-content\/uploads\/2017\/08\/LogoCl\u00ednicaTebon.png","contentUrl":"https:\/\/www.clinicatebon.es\/wp-content\/uploads\/2017\/08\/LogoCl\u00ednicaTebon.png","width":1600,"height":672,"caption":"Cl\u00ednica Tebon"},"image":{"@id":"https:\/\/www.clinicatebon.es\/#\/schema\/logo\/image\/"},"sameAs":["https:\/\/www.facebook.com\/ClinicaTebon\/","https:\/\/www.instagram.com\/clinicatebon\/?hl=es"]}]}},"_links":{"self":[{"href":"https:\/\/www.clinicatebon.es\/en\/wp-json\/wp\/v2\/pages\/1004","targetHints":{"allow":["GET"]}}],"collection":[{"href":"https:\/\/www.clinicatebon.es\/en\/wp-json\/wp\/v2\/pages"}],"about":[{"href":"https:\/\/www.clinicatebon.es\/en\/wp-json\/wp\/v2\/types\/page"}],"author":[{"embeddable":true,"href":"https:\/\/www.clinicatebon.es\/en\/wp-json\/wp\/v2\/users\/2"}],"replies":[{"embeddable":true,"href":"https:\/\/www.clinicatebon.es\/en\/wp-json\/wp\/v2\/comments?post=1004"}],"version-history":[{"count":4,"href":"https:\/\/www.clinicatebon.es\/en\/wp-json\/wp\/v2\/pages\/1004\/revisions"}],"predecessor-version":[{"id":1843,"href":"https:\/\/www.clinicatebon.es\/en\/wp-json\/wp\/v2\/pages\/1004\/revisions\/1843"}],"wp:attachment":[{"href":"https:\/\/www.clinicatebon.es\/en\/wp-json\/wp\/v2\/media?parent=1004"}],"curies":[{"name":"wp","href":"https:\/\/api.w.org\/{rel}","templated":true}]}}