{"id":1008,"date":"2018-09-27T07:56:45","date_gmt":"2018-09-27T07:56:45","guid":{"rendered":"https:\/\/www.clinicatebon.es\/?page_id=1008"},"modified":"2025-04-23T07:20:00","modified_gmt":"2025-04-23T07:20:00","slug":"reconstruction-of-breast-malaga","status":"publish","type":"page","link":"https:\/\/www.clinicatebon.es\/en\/reconstruction-of-breast-malaga\/","title":{"rendered":"Breast reconstruction"},"content":{"rendered":"<p>[vc_row][vc_column][vc_custom_heading text=&#8221;Reconstrucci\u00f3n tras un c\u00e1ncer de mama&#8221; font_container=&#8221;tag:h1|text_align:left&#8221; use_theme_fonts=&#8221;yes&#8221;][\/vc_column][vc_column width=&#8221;1\/4&#8243; css=&#8221;.vc_custom_1504029601002{margin-top: 0px !important;margin-right: 0px !important;margin-bottom: 0px !important;margin-left: 0px !important;border-top-width: 0px !important;border-right-width: 0px !important;border-bottom-width: 0px !important;border-left-width: 0px !important;padding-top: 0px !important;padding-right: 0px !important;padding-bottom: 0px !important;padding-left: 0px !important;}&#8221; offset=&#8221;vc_col-xs-3&#8243;]<div data-id=\"mpc_divider-3269ed0eb2af5f6\" class=\"mpc-divider-wrap\"><div class=\"mpc-divider mpc-init mpc-align--right mpc-disable--left \" ><div class=\"mpc-divider__line mpc-side--left\"><span><\/span><\/div><div class=\"mpc-divider__line mpc-side--right\"><span><\/span><\/div><\/div><\/div>[\/vc_column][vc_column width=&#8221;3\/4&#8243; css=&#8221;.vc_custom_1503950868397{margin-top: 0px !important;margin-right: 0px !important;margin-bottom: 0px !important;margin-left: 0px !important;border-top-width: 0px !important;border-right-width: 0px !important;border-bottom-width: 0px !important;border-left-width: 0px !important;padding-top: 0px !important;padding-right: 0px !important;padding-bottom: 0px !important;padding-left: 0px !important;}&#8221; offset=&#8221;vc_col-xs-9&#8243;]<div data-id=\"mpc_divider-6569ed0eb2af64d\" class=\"mpc-divider-wrap\"><div class=\"mpc-divider mpc-init mpc-align--left mpc-disable--left \" ><div class=\"mpc-divider__line mpc-side--left\"><span><\/span><\/div><div class=\"mpc-divider__line mpc-side--right\"><span><\/span><\/div><\/div><\/div>[\/vc_column][vc_column][vc_empty_space][vc_single_image image=&#8221;296&#8243; img_size=&#8221;large&#8221;][vc_column_text]La cirug\u00eda de <strong>reconstrucci\u00f3n de la mama<\/strong> m\u00e1s comunmente conocida como <a href=\"https:\/\/www.cancer.gov\/espanol\/tipos\/seno\/hoja-informativa-reconstruccion\" target=\"_blank\" rel=\"noopener noreferrer\"><strong>reconstrucci\u00f3n del pecho<\/strong><\/a>, tras una cirug\u00eda oncol\u00f3gica de la misma es un procedimiento muy habitual en la actualidad y en el que somos especialistas en nuestra <strong>Cl\u00ednica de Cirug\u00eda Est\u00e9tica y Pl\u00e1stica en M\u00e1laga<\/strong>. El objetivo es conseguir una simetr\u00eda entre los dos pechos, manteniendo un adecuado volumen y forma. Esto hace que, en ocasiones, tambi\u00e9n sea necesario actuar no s\u00f3lo en el pecho enfermo, sino tambi\u00e9n en el sano, para poder conseguir dicha simetr\u00eda.<\/p>\n<h3><strong>T\u00e9nicas para la reconstrucci\u00f3n de la mama<\/strong><\/h3>\n<p>Existen m\u00faltiples t\u00e9cnicas para una reconstrucci\u00f3n de pecho, que adem\u00e1s se pueden combinar entre ellas:<\/p>\n<p>&nbsp;<\/p>\n<p>[\/vc_column_text][vc_column_text css=&#8221;.vc_custom_1580476912801{padding-left: 25px !important;}&#8221;]<\/p>\n<ul>\n<li><span style=\"text-decoration: underline;\"><strong>Mediante expansor y pr\u00f3tesis:<\/strong><\/span> Se trata de una reconstrucci\u00f3n en dos tiempos. En el primero, se realiza la inserci\u00f3n de un expansor tisular, es decir, una pr\u00f3tesis vac\u00eda que se ir\u00e1 rellenando progresivamente en la consulta hasta conseguir una adecuada expansi\u00f3n de la piel ajustada al volumen deseado. Posteriormente se realizar\u00e1 la segunda cirug\u00eda, donde se recambiar\u00e1 el expansor (relleno con suero fisiol\u00f3gico) por la pr\u00f3tesis de silicona definitiva, con la forma y volumen adecuado, y se realizar\u00e1 en este mismo acto quir\u00fargico la simetrizaci\u00f3n del pecho sano si es necesario (aumento, reducci\u00f3n o elevaci\u00f3n de la mama). En un tercer tiempo, si la paciente lo desea, se puede realizar la reconstrucci\u00f3n del pez\u00f3n, con una sencilla t\u00e9cnica con anestesia local. Este tipo de reconstrucci\u00f3n de mama es el m\u00e1s sencillo y tiene buenos resultados; pero en ocasiones no es posible realizarlo por mala calidad de la piel y los tejidos (sobretodo en mamas que han recibido radioterapia).<\/li>\n<\/ul>\n<ul>\n<li><span style=\"text-decoration: underline;\"><strong>Mediante tejidos propios:<\/strong><\/span> Se puede utilizar los tejidos propios de la paciente para la recreaci\u00f3n de un pecho o para cubrir defectos tras una cirug\u00eda conservadora de un c\u00e1ncer de mama. Tenemos la opci\u00f3n de obtener tejido sano de la espalda (reclutando el m\u00fasculo Dorsal Ancho) o bien utilizar la grasa abdominal y realizar una t\u00e9cnica microquir\u00fargica. En el primer caso, suele ser necesario adem\u00e1s del propio tejido de la paciente, a\u00f1adir un expansor o pr\u00f3tesis para conseguir un adecuado volumen. En el segundo caso no es necesario utilizar material sint\u00e9tico, pero se trata de una operaci\u00f3n m\u00e1s compleja que precisa microcirug\u00eda (se utiliza un microscopio y son varias horas de quir\u00f3fano).<\/li>\n<\/ul>\n<ul>\n<li><span style=\"text-decoration: underline;\"><strong>Mediante autoinjerto graso o lipofilling:<\/strong><\/span> Tambi\u00e9n es posible reconstruir la mama mediante un injerto graso de la propia paciente. Para ello se realizar\u00e1 una liposucci\u00f3n previa (donde se obtiene la grasa) y se injertar\u00e1 en la mama. Esta t\u00e9cnica es \u00fatil para defectos locales de la mama de peque\u00f1o tama\u00f1o (por ejemplo, despu\u00e9s de una cirug\u00eda conservadora de la mama por un c\u00e1ncer) o como complemento a otra forma de reconstrucci\u00f3n.<\/li>\n<\/ul>\n<p>[\/vc_column_text][vc_column_text]Durante la primera consulta, nuestro equipo m\u00e9dico evaluar\u00e1 el defecto provocado por la cirug\u00eda, la calidad de la piel y las posibilidades de reconstrucci\u00f3n. El <a href=\"https:\/\/www.clinicatebon.es\/en\/dr-juan-jose-bonilla-alvarez\/\" target=\"_blank\" rel=\"noopener noreferrer\">doctor Bonilla<\/a> y el <a href=\"https:\/\/www.clinicatebon.es\/en\/dr-carlos-tellez-egea\/\" target=\"_blank\" rel=\"noopener noreferrer\">doctor T\u00e9llez<\/a> trabajan actualmente en la Unidad de Reconstrucci\u00f3n de Mama del Hospital Regional de M\u00e1laga, realizando este tipo de cirug\u00edas con frecuencia, por lo que podr\u00e1n aconsejarle la mejor opci\u00f3n.<\/p>\n<p>[\/vc_column_text][\/vc_column][\/vc_row][vc_row][vc_column][vc_custom_heading text=&#8221;Preguntas Frecuentes&#8221; font_container=&#8221;tag:h1|text_align:left&#8221; use_theme_fonts=&#8221;yes&#8221;][\/vc_column][vc_column width=&#8221;1\/4&#8243; css=&#8221;.vc_custom_1504029601002{margin-top: 0px !important;margin-right: 0px !important;margin-bottom: 0px !important;margin-left: 0px !important;border-top-width: 0px !important;border-right-width: 0px !important;border-bottom-width: 0px !important;border-left-width: 0px !important;padding-top: 0px !important;padding-right: 0px !important;padding-bottom: 0px !important;padding-left: 0px !important;}&#8221; offset=&#8221;vc_col-xs-3&#8243;]<div data-id=\"mpc_divider-7969ed0eb2af687\" class=\"mpc-divider-wrap\"><div class=\"mpc-divider mpc-init mpc-align--right mpc-disable--left \" ><div class=\"mpc-divider__line mpc-side--left\"><span><\/span><\/div><div class=\"mpc-divider__line mpc-side--right\"><span><\/span><\/div><\/div><\/div>[\/vc_column][vc_column width=&#8221;3\/4&#8243; css=&#8221;.vc_custom_1503950868397{margin-top: 0px !important;margin-right: 0px !important;margin-bottom: 0px !important;margin-left: 0px !important;border-top-width: 0px !important;border-right-width: 0px !important;border-bottom-width: 0px !important;border-left-width: 0px !important;padding-top: 0px !important;padding-right: 0px !important;padding-bottom: 0px !important;padding-left: 0px !important;}&#8221; offset=&#8221;vc_col-xs-9&#8243;]<div data-id=\"mpc_divider-3569ed0eb2af6c1\" class=\"mpc-divider-wrap\"><div class=\"mpc-divider mpc-init mpc-align--left mpc-disable--left \" ><div class=\"mpc-divider__line mpc-side--left\"><span><\/span><\/div><div class=\"mpc-divider__line mpc-side--right\"><span><\/span><\/div><\/div><\/div>[\/vc_column][vc_column][vc_empty_space][\/vc_column][\/vc_row][vc_row][vc_column][vc_tta_accordion style=&#8221;outline&#8221; shape=&#8221;square&#8221; color=&#8221;mulled-wine&#8221; c_icon=&#8221;triangle&#8221; active_section=&#8221;99&#8243;][vc_tta_section title=&#8221;\u00bfQu\u00e9 complicaciones puedo tener?&#8221; tab_id=&#8221;1&#8243;][vc_column_text]La cirug\u00eda de reconstrucci\u00f3n mamaria puede tener las complicaciones de cualquier tipo de cirug\u00eda: formaci\u00f3n de hematoma, infecci\u00f3n de la herida quir\u00fargica, etc. Para minimizar las complicaciones, le recomendamos que la reconstrucci\u00f3n de mama sea llevada a cabo por un Cirujano Pl\u00e1stico.<\/p>\n<p>Si la reconstrucci\u00f3n de mama se hace con implantes y la paciente ha recibido o va a recibir radioterapia, se puede producir sufrimiento de la piel y contracturas capsulares importantes, que en ocasiones requieren reintervenir a la paciente.[\/vc_column_text][\/vc_tta_section][vc_tta_section title=&#8221;\u00bfAfecta la cirug\u00eda de reconstrucci\u00f3n al proceso oncol\u00f3gico?&#8221; tab_id=&#8221;2&#8243;][vc_column_text]No. Usted seguir\u00e1 llevando su seguimiento y tratamiento oncol\u00f3gico si precisa con total normalidad.[\/vc_column_text][\/vc_tta_section][vc_tta_section title=&#8221;\u00bfQu\u00e9 expectativas debo tener?&#8221; tab_id=&#8221;3&#8243;][vc_column_text]<\/p>\n<p class=\"western\" lang=\"es-ES\" align=\"left\">Debe tener en cuenta de que no se trata de una cirug\u00eda est\u00e9tica. Estamos hablando de un proceso de reconstrucci\u00f3n, por lo que los resultados ser\u00e1n m\u00e1s limitados. Se intentar\u00e1 lograr la m\u00e1xima simetr\u00eda entre las dos mamas, pero los resultados suelen estar influidos por el tratamiento previo recibido (mastectom\u00eda conservadora o no conservadora de piel, radioterapia postoperatoria, etc\u2026). Adem\u00e1s, si en un pecho lleva una pr\u00f3tesis y en otro no, el movimiento de la mama natural (o \u201cbouncing\u201d) no ser\u00e1n sim\u00e9tricos, al igual que la forma de las mamas cuando est\u00e9 tumbada, y adem\u00e1s la evoluci\u00f3n con el tiempo no afectar\u00e1 igual a los dos pechos (el pecho sano siempre tender\u00e1 a caer m\u00e1s que el contralateral).<\/p>\n<p>[\/vc_column_text][\/vc_tta_section][vc_tta_section title=&#8221;\u00bfCu\u00e1ndo me puedo reconstruir la mama?&#8221; tab_id=&#8221;4&#8243;][vc_column_text]En ocasiones la reconstrucci\u00f3n de la mama se realiza en el mismo tiempo que la mastectom\u00eda, y en otras situaciones, se realiza en otra intervenci\u00f3n independiente. Una vez recuperada de la mastectom\u00eda previa, y dependiendo del tratamiento oncol\u00f3gico que vaya a seguir, podremos programar la reconstrucci\u00f3n de la mama.[\/vc_column_text][\/vc_tta_section][\/vc_tta_accordion][\/vc_column][\/vc_row]<\/p>\n","protected":false},"excerpt":{"rendered":"<p>[vc_row][vc_column][vc_custom_heading text=&#8221;Reconstrucci\u00f3n tras un c\u00e1ncer de mama&#8221; font_container=&#8221;tag:h1|text_align:left&#8221; use_theme_fonts=&#8221;yes&#8221;][\/vc_column][vc_column width=&#8221;1\/4&#8243; css=&#8221;.vc_custom_1504029601002{margin-top: 0px !important;margin-right: 0px !important;margin-bottom: 0px !important;margin-left: 0px !important;border-top-width: 0px<\/p>\n","protected":false},"author":2,"featured_media":0,"parent":0,"menu_order":0,"comment_status":"closed","ping_status":"closed","template":"page-left-sidebar.php","meta":{"footnotes":""},"class_list":["post-1008","page","type-page","status-publish","hentry"],"yoast_head":"<!-- This site is optimized with the Yoast SEO plugin v27.4 - https:\/\/yoast.com\/product\/yoast-seo-wordpress\/ -->\n<title>Breast reconstruction | Cl\u00ednica Tebon | M\u00e1laga<\/title>\n<meta name=\"description\" content=\"Breast reconstruction surgery, following oncologic surgery, is a procedure that seeks to achieve symmetry between the two breasts.\" \/>\n<meta name=\"robots\" content=\"index, follow, max-snippet:-1, max-image-preview:large, max-video-preview:-1\" \/>\n<link rel=\"canonical\" href=\"https:\/\/www.clinicatebon.es\/en\/reconstruction-of-breast-malaga\/\" \/>\n<meta property=\"og:locale\" content=\"en_US\" \/>\n<meta property=\"og:type\" content=\"article\" \/>\n<meta property=\"og:title\" content=\"Breast reconstruction | Cl\u00ednica Tebon | M\u00e1laga\" \/>\n<meta property=\"og:description\" content=\"Breast reconstruction surgery, following oncologic surgery, is a procedure that seeks to achieve symmetry between the two breasts.\" \/>\n<meta property=\"og:url\" content=\"https:\/\/www.clinicatebon.es\/en\/reconstruction-of-breast-malaga\/\" \/>\n<meta property=\"og:site_name\" content=\"Clinica Tebon\" \/>\n<meta property=\"article:publisher\" content=\"https:\/\/www.facebook.com\/ClinicaTebon\/\" \/>\n<meta property=\"article:modified_time\" content=\"2025-04-23T07:20:00+00:00\" \/>\n<meta name=\"twitter:card\" content=\"summary_large_image\" \/>\n<meta name=\"twitter:label1\" content=\"Est. reading time\" \/>\n\t<meta name=\"twitter:data1\" content=\"7 minutes\" \/>\n<script type=\"application\/ld+json\" class=\"yoast-schema-graph\">{\"@context\":\"https:\\\/\\\/schema.org\",\"@graph\":[{\"@type\":\"WebPage\",\"@id\":\"https:\\\/\\\/www.clinicatebon.es\\\/en\\\/reconstruction-of-breast-malaga\\\/\",\"url\":\"https:\\\/\\\/www.clinicatebon.es\\\/en\\\/reconstruction-of-breast-malaga\\\/\",\"name\":\"Breast reconstruction | Cl\u00ednica Tebon | M\u00e1laga\",\"isPartOf\":{\"@id\":\"https:\\\/\\\/www.clinicatebon.es\\\/#website\"},\"datePublished\":\"2018-09-27T07:56:45+00:00\",\"dateModified\":\"2025-04-23T07:20:00+00:00\",\"description\":\"Breast reconstruction surgery, following oncologic surgery, is a procedure that seeks to achieve symmetry between the two breasts.\",\"breadcrumb\":{\"@id\":\"https:\\\/\\\/www.clinicatebon.es\\\/en\\\/reconstruction-of-breast-malaga\\\/#breadcrumb\"},\"inLanguage\":\"en-US\",\"potentialAction\":[{\"@type\":\"ReadAction\",\"target\":[\"https:\\\/\\\/www.clinicatebon.es\\\/en\\\/reconstruction-of-breast-malaga\\\/\"]}]},{\"@type\":\"BreadcrumbList\",\"@id\":\"https:\\\/\\\/www.clinicatebon.es\\\/en\\\/reconstruction-of-breast-malaga\\\/#breadcrumb\",\"itemListElement\":[{\"@type\":\"ListItem\",\"position\":1,\"name\":\"Portada\",\"item\":\"https:\\\/\\\/www.clinicatebon.es\\\/en\\\/\"},{\"@type\":\"ListItem\",\"position\":2,\"name\":\"Breast reconstruction\"}]},{\"@type\":\"WebSite\",\"@id\":\"https:\\\/\\\/www.clinicatebon.es\\\/#website\",\"url\":\"https:\\\/\\\/www.clinicatebon.es\\\/\",\"name\":\"Clinica Tebon\",\"description\":\"Cl\u00ednica de cirug\u00eda pl\u00e1stica, est\u00e9tica y reparadora ubicada en el centro de M\u00e1laga\",\"publisher\":{\"@id\":\"https:\\\/\\\/www.clinicatebon.es\\\/#organization\"},\"potentialAction\":[{\"@type\":\"SearchAction\",\"target\":{\"@type\":\"EntryPoint\",\"urlTemplate\":\"https:\\\/\\\/www.clinicatebon.es\\\/?s={search_term_string}\"},\"query-input\":{\"@type\":\"PropertyValueSpecification\",\"valueRequired\":true,\"valueName\":\"search_term_string\"}}],\"inLanguage\":\"en-US\"},{\"@type\":\"Organization\",\"@id\":\"https:\\\/\\\/www.clinicatebon.es\\\/#organization\",\"name\":\"Cl\u00ednica Tebon\",\"url\":\"https:\\\/\\\/www.clinicatebon.es\\\/\",\"logo\":{\"@type\":\"ImageObject\",\"inLanguage\":\"en-US\",\"@id\":\"https:\\\/\\\/www.clinicatebon.es\\\/#\\\/schema\\\/logo\\\/image\\\/\",\"url\":\"https:\\\/\\\/www.clinicatebon.es\\\/wp-content\\\/uploads\\\/2017\\\/08\\\/LogoCl\u00ednicaTebon.png\",\"contentUrl\":\"https:\\\/\\\/www.clinicatebon.es\\\/wp-content\\\/uploads\\\/2017\\\/08\\\/LogoCl\u00ednicaTebon.png\",\"width\":1600,\"height\":672,\"caption\":\"Cl\u00ednica Tebon\"},\"image\":{\"@id\":\"https:\\\/\\\/www.clinicatebon.es\\\/#\\\/schema\\\/logo\\\/image\\\/\"},\"sameAs\":[\"https:\\\/\\\/www.facebook.com\\\/ClinicaTebon\\\/\",\"https:\\\/\\\/www.instagram.com\\\/clinicatebon\\\/?hl=es\"]}]}<\/script>\n<!-- \/ Yoast SEO plugin. -->","yoast_head_json":{"title":"Breast reconstruction | Cl\u00ednica Tebon | M\u00e1laga","description":"Breast reconstruction surgery, following oncologic surgery, is a procedure that seeks to achieve symmetry between the two breasts.","robots":{"index":"index","follow":"follow","max-snippet":"max-snippet:-1","max-image-preview":"max-image-preview:large","max-video-preview":"max-video-preview:-1"},"canonical":"https:\/\/www.clinicatebon.es\/en\/reconstruction-of-breast-malaga\/","og_locale":"en_US","og_type":"article","og_title":"Breast reconstruction | Cl\u00ednica Tebon | M\u00e1laga","og_description":"Breast reconstruction surgery, following oncologic surgery, is a procedure that seeks to achieve symmetry between the two breasts.","og_url":"https:\/\/www.clinicatebon.es\/en\/reconstruction-of-breast-malaga\/","og_site_name":"Clinica Tebon","article_publisher":"https:\/\/www.facebook.com\/ClinicaTebon\/","article_modified_time":"2025-04-23T07:20:00+00:00","twitter_card":"summary_large_image","twitter_misc":{"Est. reading time":"7 minutes"},"schema":{"@context":"https:\/\/schema.org","@graph":[{"@type":"WebPage","@id":"https:\/\/www.clinicatebon.es\/en\/reconstruction-of-breast-malaga\/","url":"https:\/\/www.clinicatebon.es\/en\/reconstruction-of-breast-malaga\/","name":"Breast reconstruction | Cl\u00ednica Tebon | M\u00e1laga","isPartOf":{"@id":"https:\/\/www.clinicatebon.es\/#website"},"datePublished":"2018-09-27T07:56:45+00:00","dateModified":"2025-04-23T07:20:00+00:00","description":"Breast reconstruction surgery, following oncologic surgery, is a procedure that seeks to achieve symmetry between the two breasts.","breadcrumb":{"@id":"https:\/\/www.clinicatebon.es\/en\/reconstruction-of-breast-malaga\/#breadcrumb"},"inLanguage":"en-US","potentialAction":[{"@type":"ReadAction","target":["https:\/\/www.clinicatebon.es\/en\/reconstruction-of-breast-malaga\/"]}]},{"@type":"BreadcrumbList","@id":"https:\/\/www.clinicatebon.es\/en\/reconstruction-of-breast-malaga\/#breadcrumb","itemListElement":[{"@type":"ListItem","position":1,"name":"Portada","item":"https:\/\/www.clinicatebon.es\/en\/"},{"@type":"ListItem","position":2,"name":"Breast reconstruction"}]},{"@type":"WebSite","@id":"https:\/\/www.clinicatebon.es\/#website","url":"https:\/\/www.clinicatebon.es\/","name":"Clinica Tebon","description":"Cl\u00ednica de cirug\u00eda pl\u00e1stica, est\u00e9tica y reparadora ubicada en el centro de M\u00e1laga","publisher":{"@id":"https:\/\/www.clinicatebon.es\/#organization"},"potentialAction":[{"@type":"SearchAction","target":{"@type":"EntryPoint","urlTemplate":"https:\/\/www.clinicatebon.es\/?s={search_term_string}"},"query-input":{"@type":"PropertyValueSpecification","valueRequired":true,"valueName":"search_term_string"}}],"inLanguage":"en-US"},{"@type":"Organization","@id":"https:\/\/www.clinicatebon.es\/#organization","name":"Cl\u00ednica Tebon","url":"https:\/\/www.clinicatebon.es\/","logo":{"@type":"ImageObject","inLanguage":"en-US","@id":"https:\/\/www.clinicatebon.es\/#\/schema\/logo\/image\/","url":"https:\/\/www.clinicatebon.es\/wp-content\/uploads\/2017\/08\/LogoCl\u00ednicaTebon.png","contentUrl":"https:\/\/www.clinicatebon.es\/wp-content\/uploads\/2017\/08\/LogoCl\u00ednicaTebon.png","width":1600,"height":672,"caption":"Cl\u00ednica Tebon"},"image":{"@id":"https:\/\/www.clinicatebon.es\/#\/schema\/logo\/image\/"},"sameAs":["https:\/\/www.facebook.com\/ClinicaTebon\/","https:\/\/www.instagram.com\/clinicatebon\/?hl=es"]}]}},"_links":{"self":[{"href":"https:\/\/www.clinicatebon.es\/en\/wp-json\/wp\/v2\/pages\/1008","targetHints":{"allow":["GET"]}}],"collection":[{"href":"https:\/\/www.clinicatebon.es\/en\/wp-json\/wp\/v2\/pages"}],"about":[{"href":"https:\/\/www.clinicatebon.es\/en\/wp-json\/wp\/v2\/types\/page"}],"author":[{"embeddable":true,"href":"https:\/\/www.clinicatebon.es\/en\/wp-json\/wp\/v2\/users\/2"}],"replies":[{"embeddable":true,"href":"https:\/\/www.clinicatebon.es\/en\/wp-json\/wp\/v2\/comments?post=1008"}],"version-history":[{"count":5,"href":"https:\/\/www.clinicatebon.es\/en\/wp-json\/wp\/v2\/pages\/1008\/revisions"}],"predecessor-version":[{"id":1831,"href":"https:\/\/www.clinicatebon.es\/en\/wp-json\/wp\/v2\/pages\/1008\/revisions\/1831"}],"wp:attachment":[{"href":"https:\/\/www.clinicatebon.es\/en\/wp-json\/wp\/v2\/media?parent=1008"}],"curies":[{"name":"wp","href":"https:\/\/api.w.org\/{rel}","templated":true}]}}