{"id":1036,"date":"2017-12-19T18:35:01","date_gmt":"2017-12-19T18:35:01","guid":{"rendered":"https:\/\/www.clinicatebon.es\/tratamiento-papulas-perladas-pene-malaga\/"},"modified":"2025-04-23T07:20:16","modified_gmt":"2025-04-23T07:20:16","slug":"pearly-penile-papules-treatment-malaga","status":"publish","type":"page","link":"https:\/\/www.clinicatebon.es\/en\/pearly-penile-papules-treatment-malaga\/","title":{"rendered":"Treatment of pearly penile papules"},"content":{"rendered":"<p>[vc_row][vc_column width=&#8221;1\/2&#8243;][vc_column_text]Las p\u00e1pulas perladas del pene son unas peque\u00f1as lesiones blanquecinas muy peque\u00f1as (como cabezas de alfiler) que aparecen en algunos hombres alrededor de la corona del glande.<\/p>\n<p>Aunque no tienen ning\u00fan significado patol\u00f3gico (no son \u201cnada malo\u201d), s\u00ed que pueden tener una repercusi\u00f3n est\u00e9tica importante, y en ocasiones funcional, ya que pueden provocar molestias al roce.<\/p>\n<p>El tratamiento definitivo de est\u00e1s p\u00e1pulas es sencillo: se realiza una extracci\u00f3n y quemadura de las peque\u00f1as p\u00e1pulas mediante cirug\u00eda.[\/vc_column_text][\/vc_column][vc_column width=&#8221;1\/2&#8243;][vc_single_image image=&#8221;322&#8243; img_size=&#8221;medium&#8221;][\/vc_column][vc_column][vc_custom_heading text=&#8221;Antes de la cirug\u00eda&#8221; font_container=&#8221;tag:h1|text_align:left&#8221; use_theme_fonts=&#8221;yes&#8221;][\/vc_column][vc_column width=&#8221;1\/4&#8243; css=&#8221;.vc_custom_1504029601002{margin-top: 0px !important;margin-right: 0px !important;margin-bottom: 0px !important;margin-left: 0px !important;border-top-width: 0px !important;border-right-width: 0px !important;border-bottom-width: 0px !important;border-left-width: 0px !important;padding-top: 0px !important;padding-right: 0px !important;padding-bottom: 0px !important;padding-left: 0px !important;}&#8221; offset=&#8221;vc_col-xs-3&#8243;]<div data-id=\"mpc_divider-1769f46590837ee\" class=\"mpc-divider-wrap\"><div class=\"mpc-divider mpc-init mpc-align--right mpc-disable--left \" ><div class=\"mpc-divider__line mpc-side--left\"><span><\/span><\/div><div class=\"mpc-divider__line mpc-side--right\"><span><\/span><\/div><\/div><\/div>[\/vc_column][vc_column width=&#8221;3\/4&#8243; css=&#8221;.vc_custom_1503950868397{margin-top: 0px !important;margin-right: 0px !important;margin-bottom: 0px !important;margin-left: 0px !important;border-top-width: 0px !important;border-right-width: 0px !important;border-bottom-width: 0px !important;border-left-width: 0px !important;padding-top: 0px !important;padding-right: 0px !important;padding-bottom: 0px !important;padding-left: 0px !important;}&#8221; offset=&#8221;vc_col-xs-9&#8243;]<div data-id=\"mpc_divider-5069f4659083846\" class=\"mpc-divider-wrap\"><div class=\"mpc-divider mpc-init mpc-align--left mpc-disable--left \" ><div class=\"mpc-divider__line mpc-side--left\"><span><\/span><\/div><div class=\"mpc-divider__line mpc-side--right\"><span><\/span><\/div><\/div><\/div>[\/vc_column][vc_column][vc_empty_space][vc_column_text]Durante la primera consulta, nuestro equipo m\u00e9dico evaluar\u00e1 el tama\u00f1o y cantidad de las p\u00e1pulas. Se le explicar\u00e1 en qu\u00e9 consiste la cirug\u00eda y las diferentes posibilidades t\u00e9cnicas en su caso.[\/vc_column_text][\/vc_column][\/vc_row][vc_row][vc_column][vc_custom_heading text=&#8221;Durante la cirug\u00eda&#8221; font_container=&#8221;tag:h1|text_align:left&#8221; use_theme_fonts=&#8221;yes&#8221;][\/vc_column][vc_column width=&#8221;1\/4&#8243; css=&#8221;.vc_custom_1504029601002{margin-top: 0px !important;margin-right: 0px !important;margin-bottom: 0px !important;margin-left: 0px !important;border-top-width: 0px !important;border-right-width: 0px !important;border-bottom-width: 0px !important;border-left-width: 0px !important;padding-top: 0px !important;padding-right: 0px !important;padding-bottom: 0px !important;padding-left: 0px !important;}&#8221; offset=&#8221;vc_col-xs-3&#8243;]<div data-id=\"mpc_divider-8469f4659083881\" class=\"mpc-divider-wrap\"><div class=\"mpc-divider mpc-init mpc-align--right mpc-disable--left \" ><div class=\"mpc-divider__line mpc-side--left\"><span><\/span><\/div><div class=\"mpc-divider__line mpc-side--right\"><span><\/span><\/div><\/div><\/div>[\/vc_column][vc_column width=&#8221;3\/4&#8243; css=&#8221;.vc_custom_1503950868397{margin-top: 0px !important;margin-right: 0px !important;margin-bottom: 0px !important;margin-left: 0px !important;border-top-width: 0px !important;border-right-width: 0px !important;border-bottom-width: 0px !important;border-left-width: 0px !important;padding-top: 0px !important;padding-right: 0px !important;padding-bottom: 0px !important;padding-left: 0px !important;}&#8221; offset=&#8221;vc_col-xs-9&#8243;]<div data-id=\"mpc_divider-5069f46590838c5\" class=\"mpc-divider-wrap\"><div class=\"mpc-divider mpc-init mpc-align--left mpc-disable--left \" ><div class=\"mpc-divider__line mpc-side--left\"><span><\/span><\/div><div class=\"mpc-divider__line mpc-side--right\"><span><\/span><\/div><\/div><\/div>[\/vc_column][vc_column][vc_empty_space][vc_column_text]El tratamiento se debe realizar en un quir\u00f3fano preparado, bien sea en un hospital o en una cl\u00ednica. Esta cirug\u00eda se puede realizar con anestesia local (gracias a una pomada de anast\u00e9sico local).<\/p>\n<p>La cirug\u00eda suele durar unos 30-40 minutos, y no es necesario el ingreso hospitalario.<\/p>\n<p>[\/vc_column_text][\/vc_column][\/vc_row][vc_row][vc_column][vc_custom_heading text=&#8221;Despu\u00e9s de la cirug\u00eda&#8221; font_container=&#8221;tag:h1|text_align:left&#8221; use_theme_fonts=&#8221;yes&#8221;][\/vc_column][vc_column width=&#8221;1\/4&#8243; css=&#8221;.vc_custom_1504029601002{margin-top: 0px !important;margin-right: 0px !important;margin-bottom: 0px !important;margin-left: 0px !important;border-top-width: 0px !important;border-right-width: 0px !important;border-bottom-width: 0px !important;border-left-width: 0px !important;padding-top: 0px !important;padding-right: 0px !important;padding-bottom: 0px !important;padding-left: 0px !important;}&#8221; offset=&#8221;vc_col-xs-3&#8243;]<div data-id=\"mpc_divider-10069f46590838f7\" class=\"mpc-divider-wrap\"><div class=\"mpc-divider mpc-init mpc-align--right mpc-disable--left \" ><div class=\"mpc-divider__line mpc-side--left\"><span><\/span><\/div><div class=\"mpc-divider__line mpc-side--right\"><span><\/span><\/div><\/div><\/div>[\/vc_column][vc_column width=&#8221;3\/4&#8243; css=&#8221;.vc_custom_1503950868397{margin-top: 0px !important;margin-right: 0px !important;margin-bottom: 0px !important;margin-left: 0px !important;border-top-width: 0px !important;border-right-width: 0px !important;border-bottom-width: 0px !important;border-left-width: 0px !important;padding-top: 0px !important;padding-right: 0px !important;padding-bottom: 0px !important;padding-left: 0px !important;}&#8221; offset=&#8221;vc_col-xs-9&#8243;]<div data-id=\"mpc_divider-169f4659083924\" class=\"mpc-divider-wrap\"><div class=\"mpc-divider mpc-init mpc-align--left mpc-disable--left \" ><div class=\"mpc-divider__line mpc-side--left\"><span><\/span><\/div><div class=\"mpc-divider__line mpc-side--right\"><span><\/span><\/div><\/div><\/div>[\/vc_column][vc_column][vc_empty_space][vc_column_text]Es muy importante mantener una adecuada higiene en la zona genital. Nuestros cirujanos pl\u00e1sticos le explicar\u00e1n qu\u00e9 cuidados debe tener. Se recomienda al menos dos o tres d\u00edas de reposo, y no realizar grandes esfuerzos hasta al menos 15 d\u00edas despu\u00e9s de la cirug\u00eda.<\/p>\n<p>En consulta le haremos el seguimiento postoperatorio.[\/vc_column_text][\/vc_column][\/vc_row][vc_row][vc_column][vc_custom_heading text=&#8221;Preguntas Frecuentes&#8221; font_container=&#8221;tag:h1|text_align:left&#8221; use_theme_fonts=&#8221;yes&#8221;][\/vc_column][vc_column width=&#8221;1\/4&#8243; css=&#8221;.vc_custom_1504029601002{margin-top: 0px !important;margin-right: 0px !important;margin-bottom: 0px !important;margin-left: 0px !important;border-top-width: 0px !important;border-right-width: 0px !important;border-bottom-width: 0px !important;border-left-width: 0px !important;padding-top: 0px !important;padding-right: 0px !important;padding-bottom: 0px !important;padding-left: 0px !important;}&#8221; offset=&#8221;vc_col-xs-3&#8243;]<div data-id=\"mpc_divider-9469f465908394f\" class=\"mpc-divider-wrap\"><div class=\"mpc-divider mpc-init mpc-align--right mpc-disable--left \" ><div class=\"mpc-divider__line mpc-side--left\"><span><\/span><\/div><div class=\"mpc-divider__line mpc-side--right\"><span><\/span><\/div><\/div><\/div>[\/vc_column][vc_column width=&#8221;3\/4&#8243; css=&#8221;.vc_custom_1503950868397{margin-top: 0px !important;margin-right: 0px !important;margin-bottom: 0px !important;margin-left: 0px !important;border-top-width: 0px !important;border-right-width: 0px !important;border-bottom-width: 0px !important;border-left-width: 0px !important;padding-top: 0px !important;padding-right: 0px !important;padding-bottom: 0px !important;padding-left: 0px !important;}&#8221; offset=&#8221;vc_col-xs-9&#8243;]<div data-id=\"mpc_divider-6369f4659083979\" class=\"mpc-divider-wrap\"><div class=\"mpc-divider mpc-init mpc-align--left mpc-disable--left \" ><div class=\"mpc-divider__line mpc-side--left\"><span><\/span><\/div><div class=\"mpc-divider__line mpc-side--right\"><span><\/span><\/div><\/div><\/div>[\/vc_column][vc_column][vc_empty_space][\/vc_column][\/vc_row][vc_row][vc_column][vc_tta_accordion style=&#8221;outline&#8221; shape=&#8221;square&#8221; color=&#8221;mulled-wine&#8221; c_icon=&#8221;triangle&#8221; active_section=&#8221;99&#8243;][vc_tta_section title=&#8221;\u00bfEs doloroso?&#8221; tab_id=&#8221;1&#8243;][vc_column_text]Es un procedimiento que en el postoperatorio puede ser levemente molesto, pero que si no se realiza ning\u00fan roce en la zona no suele molestar.[\/vc_column_text][\/vc_tta_section][vc_tta_section title=&#8221;\u00bfCu\u00e1ndo puedo mantener relaciones sexuales?&#8221; tab_id=&#8221;2&#8243;][vc_column_text]Recomendamos al menos 1 mes de abstinencia sexual si la herida cicatriza correctamente.[\/vc_column_text][\/vc_tta_section][vc_tta_section title=&#8221;\u00bfCu\u00e1ndo puedo ir a la playa?&#8221; tab_id=&#8221;3&#8243;][vc_column_text]Al menos hay que esperar 1 mes tras la cirug\u00eda, y siempre tras el visto bueno del cirujano pl\u00e1stico.[\/vc_column_text][\/vc_tta_section][vc_tta_section title=&#8221;\u00bfEs definitivo?&#8221; tab_id=&#8221;4&#8243;][vc_column_text]Una vez han sido eliminadas las p\u00e1pulas, \u00e9stas no vuelven a aparecer.[\/vc_column_text][\/vc_tta_section][\/vc_tta_accordion][\/vc_column][\/vc_row][vc_row][vc_column][vc_empty_space height=&#8221;20px&#8221;][\/vc_column][\/vc_row][vc_row][vc_column width=&#8221;1\/2&#8243;][vc_single_image image=&#8221;1512&#8243; img_size=&#8221;790&#215;500&#8243; title=&#8221;Antes de cirug\u00eda&#8221;][\/vc_column][vc_column width=&#8221;1\/2&#8243;][vc_single_image image=&#8221;1514&#8243; img_size=&#8221;790&#215;500&#8243; title=&#8221;Despu\u00e9s de cirug\u00eda&#8221;][\/vc_column][\/vc_row]<\/p>\n","protected":false},"excerpt":{"rendered":"<p>[vc_row][vc_column width=&#8221;1\/2&#8243;][vc_column_text]Las p\u00e1pulas perladas del pene son unas peque\u00f1as lesiones blanquecinas muy peque\u00f1as (como cabezas de alfiler) que aparecen en<\/p>\n","protected":false},"author":2,"featured_media":0,"parent":0,"menu_order":0,"comment_status":"closed","ping_status":"closed","template":"page-left-sidebar.php","meta":{"footnotes":""},"class_list":["post-1036","page","type-page","status-publish","hentry"],"yoast_head":"<!-- This site is optimized with the Yoast SEO plugin v27.5 - https:\/\/yoast.com\/product\/yoast-seo-wordpress\/ -->\n<title>Pearly penile papules treatment | Tebon Clinic<\/title>\n<meta name=\"description\" content=\"Pearly penile papules are very small whitish lesions that appear in some men around the crown of the glans penis and can have a significant negative aesthetic impact, and sometimes functional. In Cl\u00ednica Tebon we are specialists in this genital surgery.\" \/>\n<meta name=\"robots\" content=\"index, follow, max-snippet:-1, max-image-preview:large, max-video-preview:-1\" \/>\n<link rel=\"canonical\" href=\"https:\/\/www.clinicatebon.es\/en\/pearly-penile-papules-treatment-malaga\/\" \/>\n<meta property=\"og:locale\" content=\"en_US\" \/>\n<meta property=\"og:type\" content=\"article\" \/>\n<meta property=\"og:title\" content=\"Pearly penile papules treatment | Tebon Clinic\" \/>\n<meta property=\"og:description\" content=\"Pearly penile papules are very small whitish lesions that appear in some men around the crown of the glans penis and can have a significant negative aesthetic impact, and sometimes functional. In Cl\u00ednica Tebon we are specialists in this genital surgery.\" \/>\n<meta property=\"og:url\" content=\"https:\/\/www.clinicatebon.es\/en\/pearly-penile-papules-treatment-malaga\/\" \/>\n<meta property=\"og:site_name\" content=\"Clinica Tebon\" \/>\n<meta property=\"article:publisher\" content=\"https:\/\/www.facebook.com\/ClinicaTebon\/\" \/>\n<meta property=\"article:modified_time\" content=\"2025-04-23T07:20:16+00:00\" \/>\n<meta name=\"twitter:card\" content=\"summary_large_image\" \/>\n<meta name=\"twitter:label1\" content=\"Est. reading time\" \/>\n\t<meta name=\"twitter:data1\" content=\"6 minutes\" \/>\n<script type=\"application\/ld+json\" class=\"yoast-schema-graph\">{\"@context\":\"https:\\\/\\\/schema.org\",\"@graph\":[{\"@type\":\"WebPage\",\"@id\":\"https:\\\/\\\/www.clinicatebon.es\\\/en\\\/pearly-penile-papules-treatment-malaga\\\/\",\"url\":\"https:\\\/\\\/www.clinicatebon.es\\\/en\\\/pearly-penile-papules-treatment-malaga\\\/\",\"name\":\"Pearly penile papules treatment | Tebon Clinic\",\"isPartOf\":{\"@id\":\"https:\\\/\\\/www.clinicatebon.es\\\/#website\"},\"datePublished\":\"2017-12-19T18:35:01+00:00\",\"dateModified\":\"2025-04-23T07:20:16+00:00\",\"description\":\"Pearly penile papules are very small whitish lesions that appear in some men around the crown of the glans penis and can have a significant negative aesthetic impact, and sometimes functional. In Cl\u00ednica Tebon we are specialists in this genital surgery.\",\"breadcrumb\":{\"@id\":\"https:\\\/\\\/www.clinicatebon.es\\\/en\\\/pearly-penile-papules-treatment-malaga\\\/#breadcrumb\"},\"inLanguage\":\"en-US\",\"potentialAction\":[{\"@type\":\"ReadAction\",\"target\":[\"https:\\\/\\\/www.clinicatebon.es\\\/en\\\/pearly-penile-papules-treatment-malaga\\\/\"]}]},{\"@type\":\"BreadcrumbList\",\"@id\":\"https:\\\/\\\/www.clinicatebon.es\\\/en\\\/pearly-penile-papules-treatment-malaga\\\/#breadcrumb\",\"itemListElement\":[{\"@type\":\"ListItem\",\"position\":1,\"name\":\"Portada\",\"item\":\"https:\\\/\\\/www.clinicatebon.es\\\/en\\\/\"},{\"@type\":\"ListItem\",\"position\":2,\"name\":\"Treatment of pearly penile papules\"}]},{\"@type\":\"WebSite\",\"@id\":\"https:\\\/\\\/www.clinicatebon.es\\\/#website\",\"url\":\"https:\\\/\\\/www.clinicatebon.es\\\/\",\"name\":\"Clinica Tebon\",\"description\":\"Cl\u00ednica de cirug\u00eda pl\u00e1stica, est\u00e9tica y reparadora ubicada en el centro de M\u00e1laga\",\"publisher\":{\"@id\":\"https:\\\/\\\/www.clinicatebon.es\\\/#organization\"},\"potentialAction\":[{\"@type\":\"SearchAction\",\"target\":{\"@type\":\"EntryPoint\",\"urlTemplate\":\"https:\\\/\\\/www.clinicatebon.es\\\/?s={search_term_string}\"},\"query-input\":{\"@type\":\"PropertyValueSpecification\",\"valueRequired\":true,\"valueName\":\"search_term_string\"}}],\"inLanguage\":\"en-US\"},{\"@type\":\"Organization\",\"@id\":\"https:\\\/\\\/www.clinicatebon.es\\\/#organization\",\"name\":\"Cl\u00ednica Tebon\",\"url\":\"https:\\\/\\\/www.clinicatebon.es\\\/\",\"logo\":{\"@type\":\"ImageObject\",\"inLanguage\":\"en-US\",\"@id\":\"https:\\\/\\\/www.clinicatebon.es\\\/#\\\/schema\\\/logo\\\/image\\\/\",\"url\":\"https:\\\/\\\/www.clinicatebon.es\\\/wp-content\\\/uploads\\\/2017\\\/08\\\/LogoCl\u00ednicaTebon.png\",\"contentUrl\":\"https:\\\/\\\/www.clinicatebon.es\\\/wp-content\\\/uploads\\\/2017\\\/08\\\/LogoCl\u00ednicaTebon.png\",\"width\":1600,\"height\":672,\"caption\":\"Cl\u00ednica Tebon\"},\"image\":{\"@id\":\"https:\\\/\\\/www.clinicatebon.es\\\/#\\\/schema\\\/logo\\\/image\\\/\"},\"sameAs\":[\"https:\\\/\\\/www.facebook.com\\\/ClinicaTebon\\\/\",\"https:\\\/\\\/www.instagram.com\\\/clinicatebon\\\/?hl=es\"]}]}<\/script>\n<!-- \/ Yoast SEO plugin. -->","yoast_head_json":{"title":"Pearly penile papules treatment | Tebon Clinic","description":"Pearly penile papules are very small whitish lesions that appear in some men around the crown of the glans penis and can have a significant negative aesthetic impact, and sometimes functional. In Cl\u00ednica Tebon we are specialists in this genital surgery.","robots":{"index":"index","follow":"follow","max-snippet":"max-snippet:-1","max-image-preview":"max-image-preview:large","max-video-preview":"max-video-preview:-1"},"canonical":"https:\/\/www.clinicatebon.es\/en\/pearly-penile-papules-treatment-malaga\/","og_locale":"en_US","og_type":"article","og_title":"Pearly penile papules treatment | Tebon Clinic","og_description":"Pearly penile papules are very small whitish lesions that appear in some men around the crown of the glans penis and can have a significant negative aesthetic impact, and sometimes functional. In Cl\u00ednica Tebon we are specialists in this genital surgery.","og_url":"https:\/\/www.clinicatebon.es\/en\/pearly-penile-papules-treatment-malaga\/","og_site_name":"Clinica Tebon","article_publisher":"https:\/\/www.facebook.com\/ClinicaTebon\/","article_modified_time":"2025-04-23T07:20:16+00:00","twitter_card":"summary_large_image","twitter_misc":{"Est. reading time":"6 minutes"},"schema":{"@context":"https:\/\/schema.org","@graph":[{"@type":"WebPage","@id":"https:\/\/www.clinicatebon.es\/en\/pearly-penile-papules-treatment-malaga\/","url":"https:\/\/www.clinicatebon.es\/en\/pearly-penile-papules-treatment-malaga\/","name":"Pearly penile papules treatment | Tebon Clinic","isPartOf":{"@id":"https:\/\/www.clinicatebon.es\/#website"},"datePublished":"2017-12-19T18:35:01+00:00","dateModified":"2025-04-23T07:20:16+00:00","description":"Pearly penile papules are very small whitish lesions that appear in some men around the crown of the glans penis and can have a significant negative aesthetic impact, and sometimes functional. In Cl\u00ednica Tebon we are specialists in this genital surgery.","breadcrumb":{"@id":"https:\/\/www.clinicatebon.es\/en\/pearly-penile-papules-treatment-malaga\/#breadcrumb"},"inLanguage":"en-US","potentialAction":[{"@type":"ReadAction","target":["https:\/\/www.clinicatebon.es\/en\/pearly-penile-papules-treatment-malaga\/"]}]},{"@type":"BreadcrumbList","@id":"https:\/\/www.clinicatebon.es\/en\/pearly-penile-papules-treatment-malaga\/#breadcrumb","itemListElement":[{"@type":"ListItem","position":1,"name":"Portada","item":"https:\/\/www.clinicatebon.es\/en\/"},{"@type":"ListItem","position":2,"name":"Treatment of pearly penile papules"}]},{"@type":"WebSite","@id":"https:\/\/www.clinicatebon.es\/#website","url":"https:\/\/www.clinicatebon.es\/","name":"Clinica Tebon","description":"Cl\u00ednica de cirug\u00eda pl\u00e1stica, est\u00e9tica y reparadora ubicada en el centro de M\u00e1laga","publisher":{"@id":"https:\/\/www.clinicatebon.es\/#organization"},"potentialAction":[{"@type":"SearchAction","target":{"@type":"EntryPoint","urlTemplate":"https:\/\/www.clinicatebon.es\/?s={search_term_string}"},"query-input":{"@type":"PropertyValueSpecification","valueRequired":true,"valueName":"search_term_string"}}],"inLanguage":"en-US"},{"@type":"Organization","@id":"https:\/\/www.clinicatebon.es\/#organization","name":"Cl\u00ednica Tebon","url":"https:\/\/www.clinicatebon.es\/","logo":{"@type":"ImageObject","inLanguage":"en-US","@id":"https:\/\/www.clinicatebon.es\/#\/schema\/logo\/image\/","url":"https:\/\/www.clinicatebon.es\/wp-content\/uploads\/2017\/08\/LogoCl\u00ednicaTebon.png","contentUrl":"https:\/\/www.clinicatebon.es\/wp-content\/uploads\/2017\/08\/LogoCl\u00ednicaTebon.png","width":1600,"height":672,"caption":"Cl\u00ednica Tebon"},"image":{"@id":"https:\/\/www.clinicatebon.es\/#\/schema\/logo\/image\/"},"sameAs":["https:\/\/www.facebook.com\/ClinicaTebon\/","https:\/\/www.instagram.com\/clinicatebon\/?hl=es"]}]}},"_links":{"self":[{"href":"https:\/\/www.clinicatebon.es\/en\/wp-json\/wp\/v2\/pages\/1036","targetHints":{"allow":["GET"]}}],"collection":[{"href":"https:\/\/www.clinicatebon.es\/en\/wp-json\/wp\/v2\/pages"}],"about":[{"href":"https:\/\/www.clinicatebon.es\/en\/wp-json\/wp\/v2\/types\/page"}],"author":[{"embeddable":true,"href":"https:\/\/www.clinicatebon.es\/en\/wp-json\/wp\/v2\/users\/2"}],"replies":[{"embeddable":true,"href":"https:\/\/www.clinicatebon.es\/en\/wp-json\/wp\/v2\/comments?post=1036"}],"version-history":[{"count":4,"href":"https:\/\/www.clinicatebon.es\/en\/wp-json\/wp\/v2\/pages\/1036\/revisions"}],"predecessor-version":[{"id":1853,"href":"https:\/\/www.clinicatebon.es\/en\/wp-json\/wp\/v2\/pages\/1036\/revisions\/1853"}],"wp:attachment":[{"href":"https:\/\/www.clinicatebon.es\/en\/wp-json\/wp\/v2\/media?parent=1036"}],"curies":[{"name":"wp","href":"https:\/\/api.w.org\/{rel}","templated":true}]}}