{"id":1044,"date":"2017-12-19T18:39:54","date_gmt":"2017-12-19T18:39:54","guid":{"rendered":"https:\/\/www.clinicatebon.es\/tratamiento-de-lesiones-cutaneas-malaga\/"},"modified":"2018-10-01T08:44:49","modified_gmt":"2018-10-01T08:44:49","slug":"treatment-of-skin-lesions-malaga","status":"publish","type":"page","link":"https:\/\/www.clinicatebon.es\/en\/treatment-of-skin-lesions-malaga\/","title":{"rendered":"Treatment of skin lesions"},"content":{"rendered":"<p>[vc_row][vc_column width=&#8221;1\/2&#8243;][vc_column_text]The skin lesions can be divided into two groups: benign and malignant.<\/p>\n<p>Among the first, the most frequent are: sebaceous cysts, nevus and fibromas, which can be found both in the facial area and in the rest of the body.<\/p>\n<p>Among the malignant ones we find: basal cell carcinomas, squamous cell carcinomas and melanomas among others.[\/vc_column_text][\/vc_column][vc_column width=&#8221;1\/2&#8243;][vc_single_image image=&#8221;338&#8243; img_size=&#8221;medium&#8221;][\/vc_column][vc_column][vc_custom_heading text=&#8221;Surgery&#8221; font_container=&#8221;tag:h1|text_align:left&#8221; use_theme_fonts=&#8221;yes&#8221;][\/vc_column][vc_column width=&#8221;1\/4&#8243; css=&#8221;.vc_custom_1504029601002{margin-top: 0px !important;margin-right: 0px !important;margin-bottom: 0px !important;margin-left: 0px !important;border-top-width: 0px !important;border-right-width: 0px !important;border-bottom-width: 0px !important;border-left-width: 0px !important;padding-top: 0px !important;padding-right: 0px !important;padding-bottom: 0px !important;padding-left: 0px !important;}&#8221; offset=&#8221;vc_col-xs-3&#8243;]<div data-id=\"mpc_divider-1006a071edd2dabe\" class=\"mpc-divider-wrap\"><div class=\"mpc-divider mpc-init mpc-align--right mpc-disable--left \" ><div class=\"mpc-divider__line mpc-side--left\"><span><\/span><\/div><div class=\"mpc-divider__line mpc-side--right\"><span><\/span><\/div><\/div><\/div>[\/vc_column][vc_column width=&#8221;3\/4&#8243; css=&#8221;.vc_custom_1503950868397{margin-top: 0px !important;margin-right: 0px !important;margin-bottom: 0px !important;margin-left: 0px !important;border-top-width: 0px !important;border-right-width: 0px !important;border-bottom-width: 0px !important;border-left-width: 0px !important;padding-top: 0px !important;padding-right: 0px !important;padding-bottom: 0px !important;padding-left: 0px !important;}&#8221; offset=&#8221;vc_col-xs-9&#8243;]<div data-id=\"mpc_divider-846a071edd2db16\" class=\"mpc-divider-wrap\"><div class=\"mpc-divider mpc-init mpc-align--left mpc-disable--left \" ><div class=\"mpc-divider__line mpc-side--left\"><span><\/span><\/div><div class=\"mpc-divider__line mpc-side--right\"><span><\/span><\/div><\/div><\/div>[\/vc_column][vc_column][vc_empty_space][vc_column_text]The choice of surgical technique depends on the size of the lesion and its location, usually small lesions that can be removed with local anesthesia and in some cases may require sedation.<\/p>\n<p>The removal will be done to leave as little scar as possible and more complex closure techniques will be used for larger lesions. In any case, in the consultation you will be informed of all the options.[\/vc_column_text][\/vc_column][\/vc_row]<\/p>\n","protected":false},"excerpt":{"rendered":"<p>[vc_row][vc_column width=&#8221;1\/2&#8243;][vc_column_text]The skin lesions can be divided into two groups: benign and malignant. Among the first, the most frequent are:<\/p>\n","protected":false},"author":2,"featured_media":0,"parent":0,"menu_order":0,"comment_status":"closed","ping_status":"closed","template":"page-left-sidebar.php","meta":{"footnotes":""},"class_list":["post-1044","page","type-page","status-publish","hentry"],"yoast_head":"<!-- This site is optimized with the Yoast SEO plugin v27.6 - https:\/\/yoast.com\/product\/yoast-seo-wordpress\/ -->\n<title>Treatment of skin lesions | Clinica Tebon<\/title>\n<meta name=\"description\" content=\"The skin lesions can be divided into two groups: benign and malignant. In Tebon Clinic the choice of surgical technique will depend on the size of the lesion and its location.\" \/>\n<meta name=\"robots\" content=\"index, follow, max-snippet:-1, max-image-preview:large, max-video-preview:-1\" \/>\n<link rel=\"canonical\" href=\"https:\/\/www.clinicatebon.es\/en\/treatment-of-skin-lesions-malaga\/\" \/>\n<meta property=\"og:locale\" content=\"en_US\" \/>\n<meta property=\"og:type\" content=\"article\" \/>\n<meta property=\"og:title\" content=\"Treatment of skin lesions | Clinica Tebon\" \/>\n<meta property=\"og:description\" content=\"The skin lesions can be divided into two groups: benign and malignant. In Tebon Clinic the choice of surgical technique will depend on the size of the lesion and its location.\" \/>\n<meta property=\"og:url\" content=\"https:\/\/www.clinicatebon.es\/en\/treatment-of-skin-lesions-malaga\/\" \/>\n<meta property=\"og:site_name\" content=\"Clinica Tebon\" \/>\n<meta property=\"article:publisher\" content=\"https:\/\/www.facebook.com\/ClinicaTebon\/\" \/>\n<meta property=\"article:modified_time\" content=\"2018-10-01T08:44:49+00:00\" \/>\n<meta name=\"twitter:card\" content=\"summary_large_image\" \/>\n<meta name=\"twitter:label1\" content=\"Est. reading time\" \/>\n\t<meta name=\"twitter:data1\" content=\"2 minutes\" \/>\n<script type=\"application\/ld+json\" class=\"yoast-schema-graph\">{\"@context\":\"https:\\\/\\\/schema.org\",\"@graph\":[{\"@type\":\"WebPage\",\"@id\":\"https:\\\/\\\/www.clinicatebon.es\\\/en\\\/treatment-of-skin-lesions-malaga\\\/\",\"url\":\"https:\\\/\\\/www.clinicatebon.es\\\/en\\\/treatment-of-skin-lesions-malaga\\\/\",\"name\":\"Treatment of skin lesions | Clinica Tebon\",\"isPartOf\":{\"@id\":\"https:\\\/\\\/www.clinicatebon.es\\\/#website\"},\"datePublished\":\"2017-12-19T18:39:54+00:00\",\"dateModified\":\"2018-10-01T08:44:49+00:00\",\"description\":\"The skin lesions can be divided into two groups: benign and malignant. In Tebon Clinic the choice of surgical technique will depend on the size of the lesion and its location.\",\"breadcrumb\":{\"@id\":\"https:\\\/\\\/www.clinicatebon.es\\\/en\\\/treatment-of-skin-lesions-malaga\\\/#breadcrumb\"},\"inLanguage\":\"en-US\",\"potentialAction\":[{\"@type\":\"ReadAction\",\"target\":[\"https:\\\/\\\/www.clinicatebon.es\\\/en\\\/treatment-of-skin-lesions-malaga\\\/\"]}]},{\"@type\":\"BreadcrumbList\",\"@id\":\"https:\\\/\\\/www.clinicatebon.es\\\/en\\\/treatment-of-skin-lesions-malaga\\\/#breadcrumb\",\"itemListElement\":[{\"@type\":\"ListItem\",\"position\":1,\"name\":\"Portada\",\"item\":\"https:\\\/\\\/www.clinicatebon.es\\\/en\\\/\"},{\"@type\":\"ListItem\",\"position\":2,\"name\":\"Treatment of skin lesions\"}]},{\"@type\":\"WebSite\",\"@id\":\"https:\\\/\\\/www.clinicatebon.es\\\/#website\",\"url\":\"https:\\\/\\\/www.clinicatebon.es\\\/\",\"name\":\"Clinica Tebon\",\"description\":\"Cl\u00ednica de cirug\u00eda pl\u00e1stica, est\u00e9tica y reparadora ubicada en el centro de M\u00e1laga\",\"publisher\":{\"@id\":\"https:\\\/\\\/www.clinicatebon.es\\\/#organization\"},\"potentialAction\":[{\"@type\":\"SearchAction\",\"target\":{\"@type\":\"EntryPoint\",\"urlTemplate\":\"https:\\\/\\\/www.clinicatebon.es\\\/?s={search_term_string}\"},\"query-input\":{\"@type\":\"PropertyValueSpecification\",\"valueRequired\":true,\"valueName\":\"search_term_string\"}}],\"inLanguage\":\"en-US\"},{\"@type\":\"Organization\",\"@id\":\"https:\\\/\\\/www.clinicatebon.es\\\/#organization\",\"name\":\"Cl\u00ednica Tebon\",\"url\":\"https:\\\/\\\/www.clinicatebon.es\\\/\",\"logo\":{\"@type\":\"ImageObject\",\"inLanguage\":\"en-US\",\"@id\":\"https:\\\/\\\/www.clinicatebon.es\\\/#\\\/schema\\\/logo\\\/image\\\/\",\"url\":\"https:\\\/\\\/www.clinicatebon.es\\\/wp-content\\\/uploads\\\/2017\\\/08\\\/LogoCl\u00ednicaTebon.png\",\"contentUrl\":\"https:\\\/\\\/www.clinicatebon.es\\\/wp-content\\\/uploads\\\/2017\\\/08\\\/LogoCl\u00ednicaTebon.png\",\"width\":1600,\"height\":672,\"caption\":\"Cl\u00ednica Tebon\"},\"image\":{\"@id\":\"https:\\\/\\\/www.clinicatebon.es\\\/#\\\/schema\\\/logo\\\/image\\\/\"},\"sameAs\":[\"https:\\\/\\\/www.facebook.com\\\/ClinicaTebon\\\/\",\"https:\\\/\\\/www.instagram.com\\\/clinicatebon\\\/?hl=es\"]}]}<\/script>\n<!-- \/ Yoast SEO plugin. -->","yoast_head_json":{"title":"Treatment of skin lesions | Clinica Tebon","description":"The skin lesions can be divided into two groups: benign and malignant. In Tebon Clinic the choice of surgical technique will depend on the size of the lesion and its location.","robots":{"index":"index","follow":"follow","max-snippet":"max-snippet:-1","max-image-preview":"max-image-preview:large","max-video-preview":"max-video-preview:-1"},"canonical":"https:\/\/www.clinicatebon.es\/en\/treatment-of-skin-lesions-malaga\/","og_locale":"en_US","og_type":"article","og_title":"Treatment of skin lesions | Clinica Tebon","og_description":"The skin lesions can be divided into two groups: benign and malignant. In Tebon Clinic the choice of surgical technique will depend on the size of the lesion and its location.","og_url":"https:\/\/www.clinicatebon.es\/en\/treatment-of-skin-lesions-malaga\/","og_site_name":"Clinica Tebon","article_publisher":"https:\/\/www.facebook.com\/ClinicaTebon\/","article_modified_time":"2018-10-01T08:44:49+00:00","twitter_card":"summary_large_image","twitter_misc":{"Est. reading time":"2 minutes"},"schema":{"@context":"https:\/\/schema.org","@graph":[{"@type":"WebPage","@id":"https:\/\/www.clinicatebon.es\/en\/treatment-of-skin-lesions-malaga\/","url":"https:\/\/www.clinicatebon.es\/en\/treatment-of-skin-lesions-malaga\/","name":"Treatment of skin lesions | Clinica Tebon","isPartOf":{"@id":"https:\/\/www.clinicatebon.es\/#website"},"datePublished":"2017-12-19T18:39:54+00:00","dateModified":"2018-10-01T08:44:49+00:00","description":"The skin lesions can be divided into two groups: benign and malignant. In Tebon Clinic the choice of surgical technique will depend on the size of the lesion and its location.","breadcrumb":{"@id":"https:\/\/www.clinicatebon.es\/en\/treatment-of-skin-lesions-malaga\/#breadcrumb"},"inLanguage":"en-US","potentialAction":[{"@type":"ReadAction","target":["https:\/\/www.clinicatebon.es\/en\/treatment-of-skin-lesions-malaga\/"]}]},{"@type":"BreadcrumbList","@id":"https:\/\/www.clinicatebon.es\/en\/treatment-of-skin-lesions-malaga\/#breadcrumb","itemListElement":[{"@type":"ListItem","position":1,"name":"Portada","item":"https:\/\/www.clinicatebon.es\/en\/"},{"@type":"ListItem","position":2,"name":"Treatment of skin lesions"}]},{"@type":"WebSite","@id":"https:\/\/www.clinicatebon.es\/#website","url":"https:\/\/www.clinicatebon.es\/","name":"Clinica Tebon","description":"Cl\u00ednica de cirug\u00eda pl\u00e1stica, est\u00e9tica y reparadora ubicada en el centro de M\u00e1laga","publisher":{"@id":"https:\/\/www.clinicatebon.es\/#organization"},"potentialAction":[{"@type":"SearchAction","target":{"@type":"EntryPoint","urlTemplate":"https:\/\/www.clinicatebon.es\/?s={search_term_string}"},"query-input":{"@type":"PropertyValueSpecification","valueRequired":true,"valueName":"search_term_string"}}],"inLanguage":"en-US"},{"@type":"Organization","@id":"https:\/\/www.clinicatebon.es\/#organization","name":"Cl\u00ednica Tebon","url":"https:\/\/www.clinicatebon.es\/","logo":{"@type":"ImageObject","inLanguage":"en-US","@id":"https:\/\/www.clinicatebon.es\/#\/schema\/logo\/image\/","url":"https:\/\/www.clinicatebon.es\/wp-content\/uploads\/2017\/08\/LogoCl\u00ednicaTebon.png","contentUrl":"https:\/\/www.clinicatebon.es\/wp-content\/uploads\/2017\/08\/LogoCl\u00ednicaTebon.png","width":1600,"height":672,"caption":"Cl\u00ednica Tebon"},"image":{"@id":"https:\/\/www.clinicatebon.es\/#\/schema\/logo\/image\/"},"sameAs":["https:\/\/www.facebook.com\/ClinicaTebon\/","https:\/\/www.instagram.com\/clinicatebon\/?hl=es"]}]}},"_links":{"self":[{"href":"https:\/\/www.clinicatebon.es\/en\/wp-json\/wp\/v2\/pages\/1044","targetHints":{"allow":["GET"]}}],"collection":[{"href":"https:\/\/www.clinicatebon.es\/en\/wp-json\/wp\/v2\/pages"}],"about":[{"href":"https:\/\/www.clinicatebon.es\/en\/wp-json\/wp\/v2\/types\/page"}],"author":[{"embeddable":true,"href":"https:\/\/www.clinicatebon.es\/en\/wp-json\/wp\/v2\/users\/2"}],"replies":[{"embeddable":true,"href":"https:\/\/www.clinicatebon.es\/en\/wp-json\/wp\/v2\/comments?post=1044"}],"version-history":[{"count":2,"href":"https:\/\/www.clinicatebon.es\/en\/wp-json\/wp\/v2\/pages\/1044\/revisions"}],"predecessor-version":[{"id":1046,"href":"https:\/\/www.clinicatebon.es\/en\/wp-json\/wp\/v2\/pages\/1044\/revisions\/1046"}],"wp:attachment":[{"href":"https:\/\/www.clinicatebon.es\/en\/wp-json\/wp\/v2\/media?parent=1044"}],"curies":[{"name":"wp","href":"https:\/\/api.w.org\/{rel}","templated":true}]}}