{"id":1329,"date":"2019-08-28T09:41:38","date_gmt":"2019-08-28T09:41:38","guid":{"rendered":"https:\/\/www.clinicatebon.es\/covadonga-carrodeguas-psiquatra-malaga\/"},"modified":"2019-08-29T11:10:37","modified_gmt":"2019-08-29T11:10:37","slug":"covadonga-carrodeguas-psiquatra-malaga","status":"publish","type":"page","link":"https:\/\/www.clinicatebon.es\/en\/covadonga-carrodeguas-psiquatra-malaga\/","title":{"rendered":"Psychiatrist Dr. Covadonga F. Carrodeguas"},"content":{"rendered":"<p>[vc_row][vc_column width=&#8221;2\/6&#8243;]<div data-id=\"mpc_image-7769d56e11301c9\" onclick=\"\" class=\"mpc-image mpc-init  mpc-overlay--slide-right\"  data-align=\"middle-center\"><div class=\"mpc-item mpc-transition\"><img fetchpriority=\"high\" decoding=\"async\" width=\"1600\" height=\"1170\" src=\"https:\/\/www.clinicatebon.es\/wp-content\/uploads\/2019\/08\/Covadonga-Carrodeguas-Psiquiatra-M\u00e1laga.jpeg\" class=\"mpc-transition attachment-full\" alt=\"Covadonga Carrodeguas Psiquiatra M\u00e1laga\" srcset=\"https:\/\/www.clinicatebon.es\/wp-content\/uploads\/2019\/08\/Covadonga-Carrodeguas-Psiquiatra-M\u00e1laga.jpeg 1600w, https:\/\/www.clinicatebon.es\/wp-content\/uploads\/2019\/08\/Covadonga-Carrodeguas-Psiquiatra-M\u00e1laga-300x219.jpeg 300w, https:\/\/www.clinicatebon.es\/wp-content\/uploads\/2019\/08\/Covadonga-Carrodeguas-Psiquiatra-M\u00e1laga-768x562.jpeg 768w, https:\/\/www.clinicatebon.es\/wp-content\/uploads\/2019\/08\/Covadonga-Carrodeguas-Psiquiatra-M\u00e1laga-1024x749.jpeg 1024w\" sizes=\"(max-width: 1600px) 100vw, 1600px\" \/><div class=\"mpc-item-overlay mpc-transition\"><div class=\"mpc-overlay--vertical-wrap\"><div class=\"mpc-overlay--vertical\"><a href=\"https:\/\/www.clinicatebon.es\/wp-content\/uploads\/2019\/08\/Covadonga-Carrodeguas-Psiquiatra-M\u00e1laga.jpeg\" rel=\"mpc\" class=\"mpc-icon-anchor mpc-magnific-popup\"><i class=\"mpc-item-overlay__icon mpc-type--lightbox mpc-icon--icon etl etl-magnifying-glass\"><\/i><\/a><\/div><\/div><\/div><\/div><\/div>[\/vc_column][vc_column width=&#8221;4\/6&#8243;][vc_column_text]<strong>Dr. Covadonga F. Carrodeguas<\/strong> has a <strong>degree in Medicine <\/strong>from the University of Santiago de Compostela. After that, she completed the <strong>specialty of Psychiatry<\/strong>, via MIR, at the Regional University Hospital of Malaga, for 4 years.<\/p>\n<p>During this training period, in addition to conducting various courses, as well as attending conferences and publications, she completed her training with a stay at the University Hospital of Bellvitge, to train in <strong>Electroconvulsive Therapy<\/strong> and <strong>other physical therapies<\/strong> and another stay in the Psychogeriatrics Unit of the Complexo University Hospital of Santiago de Compostela.<\/p>\n<p>Dr. Covadonga Fern\u00e1ndez Carrodeguas is also a <strong>member of the Spanish Society of Psychogeriatrics<\/strong> and has a <strong>Master in Bipolar Disorder<\/strong> (University of Barcelona) and another <strong>Master in Psychotherapies, Integrative Perspective<\/strong> (University of Alcal\u00e1 de Henares).<\/p>\n<p>[\/vc_column_text][\/vc_column][\/vc_row]<\/p>\n","protected":false},"excerpt":{"rendered":"<p>[vc_row][vc_column width=&#8221;2\/6&#8243;][\/vc_column][vc_column width=&#8221;4\/6&#8243;][vc_column_text]Dr. Covadonga F. Carrodeguas has a degree in Medicine from the University of Santiago de Compostela. After that,<\/p>\n","protected":false},"author":2,"featured_media":0,"parent":0,"menu_order":0,"comment_status":"closed","ping_status":"closed","template":"","meta":{"footnotes":""},"class_list":["post-1329","page","type-page","status-publish","hentry"],"yoast_head":"<!-- This site is optimized with the Yoast SEO plugin v27.3 - https:\/\/yoast.com\/product\/yoast-seo-wordpress\/ -->\n<title>Dr. Covadonga F. Carrodeguas | Cl\u00ednica Tebon<\/title>\n<meta name=\"description\" content=\"Dr. Covadonga F. Carrodeguas has a degree in Medicine from the University of Santiago de Compostela. After that, she completed the specialty of Psychiatry, via MIR, at the Regional University Hospital of Malaga\" \/>\n<meta name=\"robots\" content=\"index, follow, max-snippet:-1, max-image-preview:large, max-video-preview:-1\" \/>\n<link rel=\"canonical\" href=\"https:\/\/www.clinicatebon.es\/en\/covadonga-carrodeguas-psiquatra-malaga\/\" \/>\n<meta property=\"og:locale\" content=\"en_US\" \/>\n<meta property=\"og:type\" content=\"article\" \/>\n<meta property=\"og:title\" content=\"Dr. Covadonga F. Carrodeguas | Cl\u00ednica Tebon\" \/>\n<meta property=\"og:description\" content=\"Dr. Covadonga F. Carrodeguas has a degree in Medicine from the University of Santiago de Compostela. After that, she completed the specialty of Psychiatry, via MIR, at the Regional University Hospital of Malaga\" \/>\n<meta property=\"og:url\" content=\"https:\/\/www.clinicatebon.es\/en\/covadonga-carrodeguas-psiquatra-malaga\/\" \/>\n<meta property=\"og:site_name\" content=\"Clinica Tebon\" \/>\n<meta property=\"article:publisher\" content=\"https:\/\/www.facebook.com\/ClinicaTebon\/\" \/>\n<meta property=\"article:modified_time\" content=\"2019-08-29T11:10:37+00:00\" \/>\n<meta name=\"twitter:card\" content=\"summary_large_image\" \/>\n<meta name=\"twitter:label1\" content=\"Est. reading time\" \/>\n\t<meta name=\"twitter:data1\" content=\"1 minute\" \/>\n<script type=\"application\/ld+json\" class=\"yoast-schema-graph\">{\"@context\":\"https:\\\/\\\/schema.org\",\"@graph\":[{\"@type\":\"WebPage\",\"@id\":\"https:\\\/\\\/www.clinicatebon.es\\\/en\\\/covadonga-carrodeguas-psiquatra-malaga\\\/\",\"url\":\"https:\\\/\\\/www.clinicatebon.es\\\/en\\\/covadonga-carrodeguas-psiquatra-malaga\\\/\",\"name\":\"Dr. Covadonga F. Carrodeguas | Cl\u00ednica Tebon\",\"isPartOf\":{\"@id\":\"https:\\\/\\\/www.clinicatebon.es\\\/#website\"},\"datePublished\":\"2019-08-28T09:41:38+00:00\",\"dateModified\":\"2019-08-29T11:10:37+00:00\",\"description\":\"Dr. Covadonga F. Carrodeguas has a degree in Medicine from the University of Santiago de Compostela. After that, she completed the specialty of Psychiatry, via MIR, at the Regional University Hospital of Malaga\",\"breadcrumb\":{\"@id\":\"https:\\\/\\\/www.clinicatebon.es\\\/en\\\/covadonga-carrodeguas-psiquatra-malaga\\\/#breadcrumb\"},\"inLanguage\":\"en-US\",\"potentialAction\":[{\"@type\":\"ReadAction\",\"target\":[\"https:\\\/\\\/www.clinicatebon.es\\\/en\\\/covadonga-carrodeguas-psiquatra-malaga\\\/\"]}]},{\"@type\":\"BreadcrumbList\",\"@id\":\"https:\\\/\\\/www.clinicatebon.es\\\/en\\\/covadonga-carrodeguas-psiquatra-malaga\\\/#breadcrumb\",\"itemListElement\":[{\"@type\":\"ListItem\",\"position\":1,\"name\":\"Portada\",\"item\":\"https:\\\/\\\/www.clinicatebon.es\\\/en\\\/\"},{\"@type\":\"ListItem\",\"position\":2,\"name\":\"Psychiatrist Dr. Covadonga F. Carrodeguas\"}]},{\"@type\":\"WebSite\",\"@id\":\"https:\\\/\\\/www.clinicatebon.es\\\/#website\",\"url\":\"https:\\\/\\\/www.clinicatebon.es\\\/\",\"name\":\"Clinica Tebon\",\"description\":\"Cl\u00ednica de cirug\u00eda pl\u00e1stica, est\u00e9tica y reparadora ubicada en el centro de M\u00e1laga\",\"publisher\":{\"@id\":\"https:\\\/\\\/www.clinicatebon.es\\\/#organization\"},\"potentialAction\":[{\"@type\":\"SearchAction\",\"target\":{\"@type\":\"EntryPoint\",\"urlTemplate\":\"https:\\\/\\\/www.clinicatebon.es\\\/?s={search_term_string}\"},\"query-input\":{\"@type\":\"PropertyValueSpecification\",\"valueRequired\":true,\"valueName\":\"search_term_string\"}}],\"inLanguage\":\"en-US\"},{\"@type\":\"Organization\",\"@id\":\"https:\\\/\\\/www.clinicatebon.es\\\/#organization\",\"name\":\"Cl\u00ednica Tebon\",\"url\":\"https:\\\/\\\/www.clinicatebon.es\\\/\",\"logo\":{\"@type\":\"ImageObject\",\"inLanguage\":\"en-US\",\"@id\":\"https:\\\/\\\/www.clinicatebon.es\\\/#\\\/schema\\\/logo\\\/image\\\/\",\"url\":\"https:\\\/\\\/www.clinicatebon.es\\\/wp-content\\\/uploads\\\/2017\\\/08\\\/LogoCl\u00ednicaTebon.png\",\"contentUrl\":\"https:\\\/\\\/www.clinicatebon.es\\\/wp-content\\\/uploads\\\/2017\\\/08\\\/LogoCl\u00ednicaTebon.png\",\"width\":1600,\"height\":672,\"caption\":\"Cl\u00ednica Tebon\"},\"image\":{\"@id\":\"https:\\\/\\\/www.clinicatebon.es\\\/#\\\/schema\\\/logo\\\/image\\\/\"},\"sameAs\":[\"https:\\\/\\\/www.facebook.com\\\/ClinicaTebon\\\/\",\"https:\\\/\\\/www.instagram.com\\\/clinicatebon\\\/?hl=es\"]}]}<\/script>\n<!-- \/ Yoast SEO plugin. -->","yoast_head_json":{"title":"Dr. Covadonga F. Carrodeguas | Cl\u00ednica Tebon","description":"Dr. Covadonga F. Carrodeguas has a degree in Medicine from the University of Santiago de Compostela. After that, she completed the specialty of Psychiatry, via MIR, at the Regional University Hospital of Malaga","robots":{"index":"index","follow":"follow","max-snippet":"max-snippet:-1","max-image-preview":"max-image-preview:large","max-video-preview":"max-video-preview:-1"},"canonical":"https:\/\/www.clinicatebon.es\/en\/covadonga-carrodeguas-psiquatra-malaga\/","og_locale":"en_US","og_type":"article","og_title":"Dr. Covadonga F. Carrodeguas | Cl\u00ednica Tebon","og_description":"Dr. Covadonga F. Carrodeguas has a degree in Medicine from the University of Santiago de Compostela. After that, she completed the specialty of Psychiatry, via MIR, at the Regional University Hospital of Malaga","og_url":"https:\/\/www.clinicatebon.es\/en\/covadonga-carrodeguas-psiquatra-malaga\/","og_site_name":"Clinica Tebon","article_publisher":"https:\/\/www.facebook.com\/ClinicaTebon\/","article_modified_time":"2019-08-29T11:10:37+00:00","twitter_card":"summary_large_image","twitter_misc":{"Est. reading time":"1 minute"},"schema":{"@context":"https:\/\/schema.org","@graph":[{"@type":"WebPage","@id":"https:\/\/www.clinicatebon.es\/en\/covadonga-carrodeguas-psiquatra-malaga\/","url":"https:\/\/www.clinicatebon.es\/en\/covadonga-carrodeguas-psiquatra-malaga\/","name":"Dr. Covadonga F. Carrodeguas | Cl\u00ednica Tebon","isPartOf":{"@id":"https:\/\/www.clinicatebon.es\/#website"},"datePublished":"2019-08-28T09:41:38+00:00","dateModified":"2019-08-29T11:10:37+00:00","description":"Dr. Covadonga F. Carrodeguas has a degree in Medicine from the University of Santiago de Compostela. After that, she completed the specialty of Psychiatry, via MIR, at the Regional University Hospital of Malaga","breadcrumb":{"@id":"https:\/\/www.clinicatebon.es\/en\/covadonga-carrodeguas-psiquatra-malaga\/#breadcrumb"},"inLanguage":"en-US","potentialAction":[{"@type":"ReadAction","target":["https:\/\/www.clinicatebon.es\/en\/covadonga-carrodeguas-psiquatra-malaga\/"]}]},{"@type":"BreadcrumbList","@id":"https:\/\/www.clinicatebon.es\/en\/covadonga-carrodeguas-psiquatra-malaga\/#breadcrumb","itemListElement":[{"@type":"ListItem","position":1,"name":"Portada","item":"https:\/\/www.clinicatebon.es\/en\/"},{"@type":"ListItem","position":2,"name":"Psychiatrist Dr. Covadonga F. Carrodeguas"}]},{"@type":"WebSite","@id":"https:\/\/www.clinicatebon.es\/#website","url":"https:\/\/www.clinicatebon.es\/","name":"Clinica Tebon","description":"Cl\u00ednica de cirug\u00eda pl\u00e1stica, est\u00e9tica y reparadora ubicada en el centro de M\u00e1laga","publisher":{"@id":"https:\/\/www.clinicatebon.es\/#organization"},"potentialAction":[{"@type":"SearchAction","target":{"@type":"EntryPoint","urlTemplate":"https:\/\/www.clinicatebon.es\/?s={search_term_string}"},"query-input":{"@type":"PropertyValueSpecification","valueRequired":true,"valueName":"search_term_string"}}],"inLanguage":"en-US"},{"@type":"Organization","@id":"https:\/\/www.clinicatebon.es\/#organization","name":"Cl\u00ednica Tebon","url":"https:\/\/www.clinicatebon.es\/","logo":{"@type":"ImageObject","inLanguage":"en-US","@id":"https:\/\/www.clinicatebon.es\/#\/schema\/logo\/image\/","url":"https:\/\/www.clinicatebon.es\/wp-content\/uploads\/2017\/08\/LogoCl\u00ednicaTebon.png","contentUrl":"https:\/\/www.clinicatebon.es\/wp-content\/uploads\/2017\/08\/LogoCl\u00ednicaTebon.png","width":1600,"height":672,"caption":"Cl\u00ednica Tebon"},"image":{"@id":"https:\/\/www.clinicatebon.es\/#\/schema\/logo\/image\/"},"sameAs":["https:\/\/www.facebook.com\/ClinicaTebon\/","https:\/\/www.instagram.com\/clinicatebon\/?hl=es"]}]}},"_links":{"self":[{"href":"https:\/\/www.clinicatebon.es\/en\/wp-json\/wp\/v2\/pages\/1329","targetHints":{"allow":["GET"]}}],"collection":[{"href":"https:\/\/www.clinicatebon.es\/en\/wp-json\/wp\/v2\/pages"}],"about":[{"href":"https:\/\/www.clinicatebon.es\/en\/wp-json\/wp\/v2\/types\/page"}],"author":[{"embeddable":true,"href":"https:\/\/www.clinicatebon.es\/en\/wp-json\/wp\/v2\/users\/2"}],"replies":[{"embeddable":true,"href":"https:\/\/www.clinicatebon.es\/en\/wp-json\/wp\/v2\/comments?post=1329"}],"version-history":[{"count":3,"href":"https:\/\/www.clinicatebon.es\/en\/wp-json\/wp\/v2\/pages\/1329\/revisions"}],"predecessor-version":[{"id":1332,"href":"https:\/\/www.clinicatebon.es\/en\/wp-json\/wp\/v2\/pages\/1329\/revisions\/1332"}],"wp:attachment":[{"href":"https:\/\/www.clinicatebon.es\/en\/wp-json\/wp\/v2\/media?parent=1329"}],"curies":[{"name":"wp","href":"https:\/\/api.w.org\/{rel}","templated":true}]}}