{"id":1601,"date":"2022-01-05T12:13:39","date_gmt":"2022-01-05T12:13:39","guid":{"rendered":"https:\/\/www.clinicatebon.es\/dr-javier-diaz-miranda\/"},"modified":"2022-01-05T12:17:09","modified_gmt":"2022-01-05T12:17:09","slug":"dr-javier-diaz-miranda","status":"publish","type":"page","link":"https:\/\/www.clinicatebon.es\/en\/dr-javier-diaz-miranda\/","title":{"rendered":"Dr. Javier D\u00edaz Miranda"},"content":{"rendered":"<p>[vc_row][vc_column width=&#8221;2\/6&#8243;]<div data-id=\"mpc_image-2969ed94e27a74c\" onclick=\"\" class=\"mpc-image mpc-init  mpc-overlay--slide-right\"  data-align=\"middle-center\"><div class=\"mpc-item mpc-transition\"><img fetchpriority=\"high\" decoding=\"async\" width=\"1357\" height=\"1600\" src=\"https:\/\/www.clinicatebon.es\/wp-content\/uploads\/2021\/12\/Javier-Diaz-Miranda.jpeg\" class=\"mpc-transition attachment-full\" alt=\"\" srcset=\"https:\/\/www.clinicatebon.es\/wp-content\/uploads\/2021\/12\/Javier-Diaz-Miranda.jpeg 1357w, https:\/\/www.clinicatebon.es\/wp-content\/uploads\/2021\/12\/Javier-Diaz-Miranda-254x300.jpeg 254w, https:\/\/www.clinicatebon.es\/wp-content\/uploads\/2021\/12\/Javier-Diaz-Miranda-868x1024.jpeg 868w, https:\/\/www.clinicatebon.es\/wp-content\/uploads\/2021\/12\/Javier-Diaz-Miranda-768x906.jpeg 768w, https:\/\/www.clinicatebon.es\/wp-content\/uploads\/2021\/12\/Javier-Diaz-Miranda-1303x1536.jpeg 1303w, https:\/\/www.clinicatebon.es\/wp-content\/uploads\/2021\/12\/Javier-Diaz-Miranda-1737x2048.jpeg 1737w\" sizes=\"(max-width: 1357px) 100vw, 1357px\" \/><div class=\"mpc-item-overlay mpc-transition\"><div class=\"mpc-overlay--vertical-wrap\"><div class=\"mpc-overlay--vertical\"><a href=\"https:\/\/www.clinicatebon.es\/wp-content\/uploads\/2021\/12\/Javier-Diaz-Miranda.jpeg\" rel=\"mpc\" class=\"mpc-icon-anchor mpc-magnific-popup\"><i class=\"mpc-item-overlay__icon mpc-type--lightbox mpc-icon--icon etl etl-magnifying-glass\"><\/i><\/a><\/div><\/div><\/div><\/div><\/div>[vc_empty_space height=&#8221;25px&#8221;][\/vc_column][vc_column width=&#8221;4\/6&#8243;][vc_column_text]<strong>Dr.<\/strong> <strong>Javier D\u00edaz Miranda <\/strong>completed his Bachelor of Medicine and later earned the title of Medical Surgeon at the <a href=\"https:\/\/www.umayor.cl\/um\/\">Universidad Mayor in Santiago de Chile<\/a>, one of the best medical schools in the country.<\/p>\n<p>He has a Master in<strong> Trichology Hair Transplant<\/strong> and in <strong>Aesthetic Medicine, Nutrition and Anti-aging<\/strong> from AMIR in collaboration with UDIMA in Madrid.<\/p>\n<p>He currently combines his private practice with independent research, conducting cutting-edge studies on problems related to the field of <strong>Trichology<\/strong>, having also completed a degree in <strong>Pharmacology<\/strong> at the <a href=\"https:\/\/www.uc.cl\/\">Catholic University of Chile,<\/a> one of the most prestigious medical research universities in the country.<\/p>\n<p>He has taken numerous additional theoretical and practical training courses in Trichology, Hair Surgery and Aesthetic Medicine, as well as trained with renowned hair surgeons, such as Dr. Marco Romagnoli in March 2020.<\/p>\n<p>As a Hair Surgeon, he has had more than 200 successful Hair Surgeries from the years 2020 \u2013 2021, as well as a 3-year trajectory in Hair and Aesthetic Medicine.[\/vc_column_text][\/vc_column][\/vc_row]<\/p>\n","protected":false},"excerpt":{"rendered":"<p>[vc_row][vc_column width=&#8221;2\/6&#8243;][vc_empty_space height=&#8221;25px&#8221;][\/vc_column][vc_column width=&#8221;4\/6&#8243;][vc_column_text]Dr. Javier D\u00edaz Miranda completed his Bachelor of Medicine and later earned the title of Medical Surgeon<\/p>\n","protected":false},"author":2,"featured_media":0,"parent":0,"menu_order":0,"comment_status":"closed","ping_status":"closed","template":"","meta":{"footnotes":""},"class_list":["post-1601","page","type-page","status-publish","hentry"],"yoast_head":"<!-- This site is optimized with the Yoast SEO plugin v27.4 - https:\/\/yoast.com\/product\/yoast-seo-wordpress\/ -->\n<title>Dr. Javier D\u00edaz Miranda | Cosmetic Surgeon | Cl\u00ednica Tebon<\/title>\n<meta name=\"description\" content=\"Dr. Javier D\u00edaz Miranda, has a Bachelor of Medicine and Surgeon from the Universidad Mayor, in Santiago de Chile\" \/>\n<meta name=\"robots\" content=\"index, follow, max-snippet:-1, max-image-preview:large, max-video-preview:-1\" \/>\n<link rel=\"canonical\" href=\"https:\/\/www.clinicatebon.es\/en\/dr-javier-diaz-miranda\/\" \/>\n<meta property=\"og:locale\" content=\"en_US\" \/>\n<meta property=\"og:type\" content=\"article\" \/>\n<meta property=\"og:title\" content=\"Dr. Javier D\u00edaz Miranda | Cosmetic Surgeon | Cl\u00ednica Tebon\" \/>\n<meta property=\"og:description\" content=\"Dr. Javier D\u00edaz Miranda, has a Bachelor of Medicine and Surgeon from the Universidad Mayor, in Santiago de Chile\" \/>\n<meta property=\"og:url\" content=\"https:\/\/www.clinicatebon.es\/en\/dr-javier-diaz-miranda\/\" \/>\n<meta property=\"og:site_name\" content=\"Clinica Tebon\" \/>\n<meta property=\"article:publisher\" content=\"https:\/\/www.facebook.com\/ClinicaTebon\/\" \/>\n<meta property=\"article:modified_time\" content=\"2022-01-05T12:17:09+00:00\" \/>\n<meta name=\"twitter:card\" content=\"summary_large_image\" \/>\n<meta name=\"twitter:label1\" content=\"Est. reading time\" \/>\n\t<meta name=\"twitter:data1\" content=\"1 minute\" \/>\n<script type=\"application\/ld+json\" class=\"yoast-schema-graph\">{\"@context\":\"https:\\\/\\\/schema.org\",\"@graph\":[{\"@type\":\"WebPage\",\"@id\":\"https:\\\/\\\/www.clinicatebon.es\\\/en\\\/dr-javier-diaz-miranda\\\/\",\"url\":\"https:\\\/\\\/www.clinicatebon.es\\\/en\\\/dr-javier-diaz-miranda\\\/\",\"name\":\"Dr. Javier D\u00edaz Miranda | Cosmetic Surgeon | Cl\u00ednica Tebon\",\"isPartOf\":{\"@id\":\"https:\\\/\\\/www.clinicatebon.es\\\/#website\"},\"datePublished\":\"2022-01-05T12:13:39+00:00\",\"dateModified\":\"2022-01-05T12:17:09+00:00\",\"description\":\"Dr. Javier D\u00edaz Miranda, has a Bachelor of Medicine and Surgeon from the Universidad Mayor, in Santiago de Chile\",\"breadcrumb\":{\"@id\":\"https:\\\/\\\/www.clinicatebon.es\\\/en\\\/dr-javier-diaz-miranda\\\/#breadcrumb\"},\"inLanguage\":\"en-US\",\"potentialAction\":[{\"@type\":\"ReadAction\",\"target\":[\"https:\\\/\\\/www.clinicatebon.es\\\/en\\\/dr-javier-diaz-miranda\\\/\"]}]},{\"@type\":\"BreadcrumbList\",\"@id\":\"https:\\\/\\\/www.clinicatebon.es\\\/en\\\/dr-javier-diaz-miranda\\\/#breadcrumb\",\"itemListElement\":[{\"@type\":\"ListItem\",\"position\":1,\"name\":\"Portada\",\"item\":\"https:\\\/\\\/www.clinicatebon.es\\\/en\\\/\"},{\"@type\":\"ListItem\",\"position\":2,\"name\":\"Dr. Javier D\u00edaz Miranda\"}]},{\"@type\":\"WebSite\",\"@id\":\"https:\\\/\\\/www.clinicatebon.es\\\/#website\",\"url\":\"https:\\\/\\\/www.clinicatebon.es\\\/\",\"name\":\"Clinica Tebon\",\"description\":\"Cl\u00ednica de cirug\u00eda pl\u00e1stica, est\u00e9tica y reparadora ubicada en el centro de M\u00e1laga\",\"publisher\":{\"@id\":\"https:\\\/\\\/www.clinicatebon.es\\\/#organization\"},\"potentialAction\":[{\"@type\":\"SearchAction\",\"target\":{\"@type\":\"EntryPoint\",\"urlTemplate\":\"https:\\\/\\\/www.clinicatebon.es\\\/?s={search_term_string}\"},\"query-input\":{\"@type\":\"PropertyValueSpecification\",\"valueRequired\":true,\"valueName\":\"search_term_string\"}}],\"inLanguage\":\"en-US\"},{\"@type\":\"Organization\",\"@id\":\"https:\\\/\\\/www.clinicatebon.es\\\/#organization\",\"name\":\"Cl\u00ednica Tebon\",\"url\":\"https:\\\/\\\/www.clinicatebon.es\\\/\",\"logo\":{\"@type\":\"ImageObject\",\"inLanguage\":\"en-US\",\"@id\":\"https:\\\/\\\/www.clinicatebon.es\\\/#\\\/schema\\\/logo\\\/image\\\/\",\"url\":\"https:\\\/\\\/www.clinicatebon.es\\\/wp-content\\\/uploads\\\/2017\\\/08\\\/LogoCl\u00ednicaTebon.png\",\"contentUrl\":\"https:\\\/\\\/www.clinicatebon.es\\\/wp-content\\\/uploads\\\/2017\\\/08\\\/LogoCl\u00ednicaTebon.png\",\"width\":1600,\"height\":672,\"caption\":\"Cl\u00ednica Tebon\"},\"image\":{\"@id\":\"https:\\\/\\\/www.clinicatebon.es\\\/#\\\/schema\\\/logo\\\/image\\\/\"},\"sameAs\":[\"https:\\\/\\\/www.facebook.com\\\/ClinicaTebon\\\/\",\"https:\\\/\\\/www.instagram.com\\\/clinicatebon\\\/?hl=es\"]}]}<\/script>\n<!-- \/ Yoast SEO plugin. -->","yoast_head_json":{"title":"Dr. Javier D\u00edaz Miranda | Cosmetic Surgeon | Cl\u00ednica Tebon","description":"Dr. Javier D\u00edaz Miranda, has a Bachelor of Medicine and Surgeon from the Universidad Mayor, in Santiago de Chile","robots":{"index":"index","follow":"follow","max-snippet":"max-snippet:-1","max-image-preview":"max-image-preview:large","max-video-preview":"max-video-preview:-1"},"canonical":"https:\/\/www.clinicatebon.es\/en\/dr-javier-diaz-miranda\/","og_locale":"en_US","og_type":"article","og_title":"Dr. Javier D\u00edaz Miranda | Cosmetic Surgeon | Cl\u00ednica Tebon","og_description":"Dr. Javier D\u00edaz Miranda, has a Bachelor of Medicine and Surgeon from the Universidad Mayor, in Santiago de Chile","og_url":"https:\/\/www.clinicatebon.es\/en\/dr-javier-diaz-miranda\/","og_site_name":"Clinica Tebon","article_publisher":"https:\/\/www.facebook.com\/ClinicaTebon\/","article_modified_time":"2022-01-05T12:17:09+00:00","twitter_card":"summary_large_image","twitter_misc":{"Est. reading time":"1 minute"},"schema":{"@context":"https:\/\/schema.org","@graph":[{"@type":"WebPage","@id":"https:\/\/www.clinicatebon.es\/en\/dr-javier-diaz-miranda\/","url":"https:\/\/www.clinicatebon.es\/en\/dr-javier-diaz-miranda\/","name":"Dr. Javier D\u00edaz Miranda | Cosmetic Surgeon | Cl\u00ednica Tebon","isPartOf":{"@id":"https:\/\/www.clinicatebon.es\/#website"},"datePublished":"2022-01-05T12:13:39+00:00","dateModified":"2022-01-05T12:17:09+00:00","description":"Dr. Javier D\u00edaz Miranda, has a Bachelor of Medicine and Surgeon from the Universidad Mayor, in Santiago de Chile","breadcrumb":{"@id":"https:\/\/www.clinicatebon.es\/en\/dr-javier-diaz-miranda\/#breadcrumb"},"inLanguage":"en-US","potentialAction":[{"@type":"ReadAction","target":["https:\/\/www.clinicatebon.es\/en\/dr-javier-diaz-miranda\/"]}]},{"@type":"BreadcrumbList","@id":"https:\/\/www.clinicatebon.es\/en\/dr-javier-diaz-miranda\/#breadcrumb","itemListElement":[{"@type":"ListItem","position":1,"name":"Portada","item":"https:\/\/www.clinicatebon.es\/en\/"},{"@type":"ListItem","position":2,"name":"Dr. Javier D\u00edaz Miranda"}]},{"@type":"WebSite","@id":"https:\/\/www.clinicatebon.es\/#website","url":"https:\/\/www.clinicatebon.es\/","name":"Clinica Tebon","description":"Cl\u00ednica de cirug\u00eda pl\u00e1stica, est\u00e9tica y reparadora ubicada en el centro de M\u00e1laga","publisher":{"@id":"https:\/\/www.clinicatebon.es\/#organization"},"potentialAction":[{"@type":"SearchAction","target":{"@type":"EntryPoint","urlTemplate":"https:\/\/www.clinicatebon.es\/?s={search_term_string}"},"query-input":{"@type":"PropertyValueSpecification","valueRequired":true,"valueName":"search_term_string"}}],"inLanguage":"en-US"},{"@type":"Organization","@id":"https:\/\/www.clinicatebon.es\/#organization","name":"Cl\u00ednica Tebon","url":"https:\/\/www.clinicatebon.es\/","logo":{"@type":"ImageObject","inLanguage":"en-US","@id":"https:\/\/www.clinicatebon.es\/#\/schema\/logo\/image\/","url":"https:\/\/www.clinicatebon.es\/wp-content\/uploads\/2017\/08\/LogoCl\u00ednicaTebon.png","contentUrl":"https:\/\/www.clinicatebon.es\/wp-content\/uploads\/2017\/08\/LogoCl\u00ednicaTebon.png","width":1600,"height":672,"caption":"Cl\u00ednica Tebon"},"image":{"@id":"https:\/\/www.clinicatebon.es\/#\/schema\/logo\/image\/"},"sameAs":["https:\/\/www.facebook.com\/ClinicaTebon\/","https:\/\/www.instagram.com\/clinicatebon\/?hl=es"]}]}},"_links":{"self":[{"href":"https:\/\/www.clinicatebon.es\/en\/wp-json\/wp\/v2\/pages\/1601","targetHints":{"allow":["GET"]}}],"collection":[{"href":"https:\/\/www.clinicatebon.es\/en\/wp-json\/wp\/v2\/pages"}],"about":[{"href":"https:\/\/www.clinicatebon.es\/en\/wp-json\/wp\/v2\/types\/page"}],"author":[{"embeddable":true,"href":"https:\/\/www.clinicatebon.es\/en\/wp-json\/wp\/v2\/users\/2"}],"replies":[{"embeddable":true,"href":"https:\/\/www.clinicatebon.es\/en\/wp-json\/wp\/v2\/comments?post=1601"}],"version-history":[{"count":3,"href":"https:\/\/www.clinicatebon.es\/en\/wp-json\/wp\/v2\/pages\/1601\/revisions"}],"predecessor-version":[{"id":1604,"href":"https:\/\/www.clinicatebon.es\/en\/wp-json\/wp\/v2\/pages\/1601\/revisions\/1604"}],"wp:attachment":[{"href":"https:\/\/www.clinicatebon.es\/en\/wp-json\/wp\/v2\/media?parent=1601"}],"curies":[{"name":"wp","href":"https:\/\/api.w.org\/{rel}","templated":true}]}}