{"id":1667,"date":"2023-10-30T14:53:53","date_gmt":"2023-10-30T14:53:53","guid":{"rendered":"https:\/\/www.clinicatebon.es\/dr-antonio-omiste-romero\/"},"modified":"2023-10-30T15:44:03","modified_gmt":"2023-10-30T15:44:03","slug":"dr-antonio-omiste-romero","status":"publish","type":"page","link":"https:\/\/www.clinicatebon.es\/en\/dr-antonio-omiste-romero\/","title":{"rendered":"Dr. Antonio Omiste Romero"},"content":{"rendered":"<p>[vc_row][vc_column width=&#8221;2\/6&#8243;]<div data-id=\"mpc_image-6569ece52b08846\" onclick=\"\" class=\"mpc-image mpc-init  mpc-overlay--slide-right\"  data-align=\"middle-center\"><div class=\"mpc-item mpc-transition\"><img fetchpriority=\"high\" decoding=\"async\" width=\"4272\" height=\"2848\" src=\"https:\/\/www.clinicatebon.es\/wp-content\/uploads\/2023\/10\/Foto-Antonio-Omiste.jpg\" class=\"mpc-transition attachment-full\" alt=\"\" srcset=\"https:\/\/www.clinicatebon.es\/wp-content\/uploads\/2023\/10\/Foto-Antonio-Omiste.jpg 4272w, https:\/\/www.clinicatebon.es\/wp-content\/uploads\/2023\/10\/Foto-Antonio-Omiste-300x200.jpg 300w, https:\/\/www.clinicatebon.es\/wp-content\/uploads\/2023\/10\/Foto-Antonio-Omiste-1024x683.jpg 1024w, https:\/\/www.clinicatebon.es\/wp-content\/uploads\/2023\/10\/Foto-Antonio-Omiste-768x512.jpg 768w, https:\/\/www.clinicatebon.es\/wp-content\/uploads\/2023\/10\/Foto-Antonio-Omiste-1536x1024.jpg 1536w, https:\/\/www.clinicatebon.es\/wp-content\/uploads\/2023\/10\/Foto-Antonio-Omiste-2048x1365.jpg 2048w\" sizes=\"(max-width: 4272px) 100vw, 4272px\" \/><div class=\"mpc-item-overlay mpc-transition\"><div class=\"mpc-overlay--vertical-wrap\"><div class=\"mpc-overlay--vertical\"><a href=\"https:\/\/www.clinicatebon.es\/wp-content\/uploads\/2023\/10\/Foto-Antonio-Omiste.jpg\" rel=\"mpc\" class=\"mpc-icon-anchor mpc-magnific-popup\"><i class=\"mpc-item-overlay__icon mpc-type--lightbox mpc-icon--icon etl etl-magnifying-glass\"><\/i><\/a><\/div><\/div><\/div><\/div><\/div>[\/vc_column][vc_column width=&#8221;4\/6&#8243;][vc_column_text]<strong>Dr. Antonio Jes\u00fas Omiste Romero<\/strong> completed his degree in Medicine at the<strong> University of Granada.<\/strong> Subsequently, he specialised in Endocrinology and Nutrition through the national exam for medical degree holders (MIR) at the Regional University Hospital of Malaga. He is also a<strong> Doctor of Medicine from the University of Malaga.<\/strong><br \/>\nHe attends numerous continuing education courses, as well as national and international congresses on Endocrinology, Nutrition and Diabetes.<br \/>\nHe currently combines work in the private and public sector and is part of<br \/>\nthe Endocrinology and Nutrition Service at the<strong> University Hospital Virgen de la Victoria in Malaga.<\/strong>[\/vc_column_text][\/vc_column][\/vc_row]<\/p>\n","protected":false},"excerpt":{"rendered":"<p>[vc_row][vc_column width=&#8221;2\/6&#8243;][\/vc_column][vc_column width=&#8221;4\/6&#8243;][vc_column_text]Dr. Antonio Jes\u00fas Omiste Romero completed his degree in Medicine at the University of Granada. Subsequently, he specialised<\/p>\n","protected":false},"author":4,"featured_media":0,"parent":0,"menu_order":0,"comment_status":"closed","ping_status":"closed","template":"","meta":{"footnotes":""},"class_list":["post-1667","page","type-page","status-publish","hentry"],"yoast_head":"<!-- This site is optimized with the Yoast SEO plugin v27.4 - https:\/\/yoast.com\/product\/yoast-seo-wordpress\/ -->\n<title>Dr. Isaac Pareja : Cl\u00ednica Tebon : M\u00e1laga<\/title>\n<meta name=\"robots\" content=\"index, follow, max-snippet:-1, max-image-preview:large, max-video-preview:-1\" \/>\n<link rel=\"canonical\" href=\"https:\/\/www.clinicatebon.es\/en\/dr-antonio-omiste-romero\/\" \/>\n<meta property=\"og:locale\" content=\"en_US\" \/>\n<meta property=\"og:type\" content=\"article\" \/>\n<meta property=\"og:title\" content=\"Dr. Isaac Pareja : Cl\u00ednica Tebon : M\u00e1laga\" \/>\n<meta property=\"og:description\" content=\"[vc_row][vc_column width=&#8221;2\/6&#8243;][\/vc_column][vc_column width=&#8221;4\/6&#8243;][vc_column_text]Dr. Antonio Jes\u00fas Omiste Romero completed his degree in Medicine at the University of Granada. Subsequently, he specialised\" \/>\n<meta property=\"og:url\" content=\"https:\/\/www.clinicatebon.es\/en\/dr-antonio-omiste-romero\/\" \/>\n<meta property=\"og:site_name\" content=\"Clinica Tebon\" \/>\n<meta property=\"article:publisher\" content=\"https:\/\/www.facebook.com\/ClinicaTebon\/\" \/>\n<meta property=\"article:modified_time\" content=\"2023-10-30T15:44:03+00:00\" \/>\n<meta name=\"twitter:card\" content=\"summary_large_image\" \/>\n<meta name=\"twitter:label1\" content=\"Est. reading time\" \/>\n\t<meta name=\"twitter:data1\" content=\"1 minute\" \/>\n<script type=\"application\/ld+json\" class=\"yoast-schema-graph\">{\"@context\":\"https:\\\/\\\/schema.org\",\"@graph\":[{\"@type\":\"WebPage\",\"@id\":\"https:\\\/\\\/www.clinicatebon.es\\\/en\\\/dr-antonio-omiste-romero\\\/\",\"url\":\"https:\\\/\\\/www.clinicatebon.es\\\/en\\\/dr-antonio-omiste-romero\\\/\",\"name\":\"Dr. Isaac Pareja : Cl\u00ednica Tebon : M\u00e1laga\",\"isPartOf\":{\"@id\":\"https:\\\/\\\/www.clinicatebon.es\\\/#website\"},\"datePublished\":\"2023-10-30T14:53:53+00:00\",\"dateModified\":\"2023-10-30T15:44:03+00:00\",\"breadcrumb\":{\"@id\":\"https:\\\/\\\/www.clinicatebon.es\\\/en\\\/dr-antonio-omiste-romero\\\/#breadcrumb\"},\"inLanguage\":\"en-US\",\"potentialAction\":[{\"@type\":\"ReadAction\",\"target\":[\"https:\\\/\\\/www.clinicatebon.es\\\/en\\\/dr-antonio-omiste-romero\\\/\"]}]},{\"@type\":\"BreadcrumbList\",\"@id\":\"https:\\\/\\\/www.clinicatebon.es\\\/en\\\/dr-antonio-omiste-romero\\\/#breadcrumb\",\"itemListElement\":[{\"@type\":\"ListItem\",\"position\":1,\"name\":\"Portada\",\"item\":\"https:\\\/\\\/www.clinicatebon.es\\\/en\\\/\"},{\"@type\":\"ListItem\",\"position\":2,\"name\":\"Dr. Antonio Omiste Romero\"}]},{\"@type\":\"WebSite\",\"@id\":\"https:\\\/\\\/www.clinicatebon.es\\\/#website\",\"url\":\"https:\\\/\\\/www.clinicatebon.es\\\/\",\"name\":\"Clinica Tebon\",\"description\":\"Cl\u00ednica de cirug\u00eda pl\u00e1stica, est\u00e9tica y reparadora ubicada en el centro de M\u00e1laga\",\"publisher\":{\"@id\":\"https:\\\/\\\/www.clinicatebon.es\\\/#organization\"},\"potentialAction\":[{\"@type\":\"SearchAction\",\"target\":{\"@type\":\"EntryPoint\",\"urlTemplate\":\"https:\\\/\\\/www.clinicatebon.es\\\/?s={search_term_string}\"},\"query-input\":{\"@type\":\"PropertyValueSpecification\",\"valueRequired\":true,\"valueName\":\"search_term_string\"}}],\"inLanguage\":\"en-US\"},{\"@type\":\"Organization\",\"@id\":\"https:\\\/\\\/www.clinicatebon.es\\\/#organization\",\"name\":\"Cl\u00ednica Tebon\",\"url\":\"https:\\\/\\\/www.clinicatebon.es\\\/\",\"logo\":{\"@type\":\"ImageObject\",\"inLanguage\":\"en-US\",\"@id\":\"https:\\\/\\\/www.clinicatebon.es\\\/#\\\/schema\\\/logo\\\/image\\\/\",\"url\":\"https:\\\/\\\/www.clinicatebon.es\\\/wp-content\\\/uploads\\\/2017\\\/08\\\/LogoCl\u00ednicaTebon.png\",\"contentUrl\":\"https:\\\/\\\/www.clinicatebon.es\\\/wp-content\\\/uploads\\\/2017\\\/08\\\/LogoCl\u00ednicaTebon.png\",\"width\":1600,\"height\":672,\"caption\":\"Cl\u00ednica Tebon\"},\"image\":{\"@id\":\"https:\\\/\\\/www.clinicatebon.es\\\/#\\\/schema\\\/logo\\\/image\\\/\"},\"sameAs\":[\"https:\\\/\\\/www.facebook.com\\\/ClinicaTebon\\\/\",\"https:\\\/\\\/www.instagram.com\\\/clinicatebon\\\/?hl=es\"]}]}<\/script>\n<!-- \/ Yoast SEO plugin. -->","yoast_head_json":{"title":"Dr. Isaac Pareja : Cl\u00ednica Tebon : M\u00e1laga","robots":{"index":"index","follow":"follow","max-snippet":"max-snippet:-1","max-image-preview":"max-image-preview:large","max-video-preview":"max-video-preview:-1"},"canonical":"https:\/\/www.clinicatebon.es\/en\/dr-antonio-omiste-romero\/","og_locale":"en_US","og_type":"article","og_title":"Dr. Isaac Pareja : Cl\u00ednica Tebon : M\u00e1laga","og_description":"[vc_row][vc_column width=&#8221;2\/6&#8243;][\/vc_column][vc_column width=&#8221;4\/6&#8243;][vc_column_text]Dr. Antonio Jes\u00fas Omiste Romero completed his degree in Medicine at the University of Granada. Subsequently, he specialised","og_url":"https:\/\/www.clinicatebon.es\/en\/dr-antonio-omiste-romero\/","og_site_name":"Clinica Tebon","article_publisher":"https:\/\/www.facebook.com\/ClinicaTebon\/","article_modified_time":"2023-10-30T15:44:03+00:00","twitter_card":"summary_large_image","twitter_misc":{"Est. reading time":"1 minute"},"schema":{"@context":"https:\/\/schema.org","@graph":[{"@type":"WebPage","@id":"https:\/\/www.clinicatebon.es\/en\/dr-antonio-omiste-romero\/","url":"https:\/\/www.clinicatebon.es\/en\/dr-antonio-omiste-romero\/","name":"Dr. Isaac Pareja : Cl\u00ednica Tebon : M\u00e1laga","isPartOf":{"@id":"https:\/\/www.clinicatebon.es\/#website"},"datePublished":"2023-10-30T14:53:53+00:00","dateModified":"2023-10-30T15:44:03+00:00","breadcrumb":{"@id":"https:\/\/www.clinicatebon.es\/en\/dr-antonio-omiste-romero\/#breadcrumb"},"inLanguage":"en-US","potentialAction":[{"@type":"ReadAction","target":["https:\/\/www.clinicatebon.es\/en\/dr-antonio-omiste-romero\/"]}]},{"@type":"BreadcrumbList","@id":"https:\/\/www.clinicatebon.es\/en\/dr-antonio-omiste-romero\/#breadcrumb","itemListElement":[{"@type":"ListItem","position":1,"name":"Portada","item":"https:\/\/www.clinicatebon.es\/en\/"},{"@type":"ListItem","position":2,"name":"Dr. Antonio Omiste Romero"}]},{"@type":"WebSite","@id":"https:\/\/www.clinicatebon.es\/#website","url":"https:\/\/www.clinicatebon.es\/","name":"Clinica Tebon","description":"Cl\u00ednica de cirug\u00eda pl\u00e1stica, est\u00e9tica y reparadora ubicada en el centro de M\u00e1laga","publisher":{"@id":"https:\/\/www.clinicatebon.es\/#organization"},"potentialAction":[{"@type":"SearchAction","target":{"@type":"EntryPoint","urlTemplate":"https:\/\/www.clinicatebon.es\/?s={search_term_string}"},"query-input":{"@type":"PropertyValueSpecification","valueRequired":true,"valueName":"search_term_string"}}],"inLanguage":"en-US"},{"@type":"Organization","@id":"https:\/\/www.clinicatebon.es\/#organization","name":"Cl\u00ednica Tebon","url":"https:\/\/www.clinicatebon.es\/","logo":{"@type":"ImageObject","inLanguage":"en-US","@id":"https:\/\/www.clinicatebon.es\/#\/schema\/logo\/image\/","url":"https:\/\/www.clinicatebon.es\/wp-content\/uploads\/2017\/08\/LogoCl\u00ednicaTebon.png","contentUrl":"https:\/\/www.clinicatebon.es\/wp-content\/uploads\/2017\/08\/LogoCl\u00ednicaTebon.png","width":1600,"height":672,"caption":"Cl\u00ednica Tebon"},"image":{"@id":"https:\/\/www.clinicatebon.es\/#\/schema\/logo\/image\/"},"sameAs":["https:\/\/www.facebook.com\/ClinicaTebon\/","https:\/\/www.instagram.com\/clinicatebon\/?hl=es"]}]}},"_links":{"self":[{"href":"https:\/\/www.clinicatebon.es\/en\/wp-json\/wp\/v2\/pages\/1667","targetHints":{"allow":["GET"]}}],"collection":[{"href":"https:\/\/www.clinicatebon.es\/en\/wp-json\/wp\/v2\/pages"}],"about":[{"href":"https:\/\/www.clinicatebon.es\/en\/wp-json\/wp\/v2\/types\/page"}],"author":[{"embeddable":true,"href":"https:\/\/www.clinicatebon.es\/en\/wp-json\/wp\/v2\/users\/4"}],"replies":[{"embeddable":true,"href":"https:\/\/www.clinicatebon.es\/en\/wp-json\/wp\/v2\/comments?post=1667"}],"version-history":[{"count":4,"href":"https:\/\/www.clinicatebon.es\/en\/wp-json\/wp\/v2\/pages\/1667\/revisions"}],"predecessor-version":[{"id":1686,"href":"https:\/\/www.clinicatebon.es\/en\/wp-json\/wp\/v2\/pages\/1667\/revisions\/1686"}],"wp:attachment":[{"href":"https:\/\/www.clinicatebon.es\/en\/wp-json\/wp\/v2\/media?parent=1667"}],"curies":[{"name":"wp","href":"https:\/\/api.w.org\/{rel}","templated":true}]}}