{"id":852,"date":"2018-09-24T11:51:31","date_gmt":"2018-09-24T11:51:31","guid":{"rendered":"https:\/\/www.clinicatebon.es\/?page_id=852"},"modified":"2025-09-29T08:53:55","modified_gmt":"2025-09-29T08:53:55","slug":"our-team","status":"publish","type":"page","link":"https:\/\/www.clinicatebon.es\/en\/our-team\/","title":{"rendered":"Our Team"},"content":{"rendered":"<p>[vc_row full_width=&#8221;stretch_row&#8221; css=&#8221;.vc_custom_1521825827226{margin-top: -60px !important;margin-bottom: 50px !important;padding-top: 50px !important;padding-bottom: 50px !important;background-color: #714089 !important;}&#8221; el_class=&#8221;asdf&#8221;][vc_column width=&#8221;1\/6&#8243;][\/vc_column][vc_column width=&#8221;2\/3&#8243;][vc_column_text]Cl\u00ednica Tebon is a plastic, aesthetic, and reconstructive surgery clinic located in the center of Malaga. Teb\u00f3n Clinic is staffed by registered plastic surgeons who are members of the Spanish Society of Plastic, Reconstructive, and Aesthetic Surgery (SECPRE). We offer our clients the latest in aesthetic and plastic surgery treatments using the most advanced technology. These include liposuction, abdominoplasty, blepharoplasty (eyelid surgery), rhinoplasty (nose surgery), breast augmentation, mastectomy, and lymphadenectomy; surgery for carpal tunnel syndrome, cleft lip, or gynecomastia, among others.<\/p>\n<p>Contact Cl\u00ednica Tebon, and our plastic surgeons will provide you with comprehensive information about the treatment or procedure you wish to undergo.<\/p>\n<p>[\/vc_column_text][\/vc_column][vc_column width=&#8221;1\/6&#8243;][\/vc_column][\/vc_row][vc_row full_width=&#8221;stretch_row&#8221;][vc_column width=&#8221;1\/3&#8243; css=&#8221;.vc_custom_1521824412992{padding-right: 25px !important;padding-left: 25px !important;}&#8221;][vc_single_image image=&#8221;1569&#8243; img_size=&#8221;300&#215;300&#8243; alignment=&#8221;center&#8221; style=&#8221;vc_box_border_circle_2&#8243; onclick=&#8221;custom_link&#8221; link=&#8221;https:\/\/www.clinicatebon.es\/dr-juan-jose-bonilla-alvarez\/&#8221;][vc_column_text]<\/p>\n<h2 style=\"text-align: center;\"><a href=\"https:\/\/www.clinicatebon.es\/en\/dr-juan-jose-bonilla-alvarez\/\">Dr. Juan Jos\u00e9 Bonilla \u00c1lvarez<\/a><\/h2>\n<p style=\"text-align: center;\">PLASTIC SURGEON AND COSMETIC SURGEON<\/p>\n<p>[\/vc_column_text][\/vc_column][vc_column width=&#8221;1\/3&#8243; css=&#8221;.vc_custom_1521824421837{padding-right: 25px !important;padding-left: 25px !important;}&#8221;][vc_single_image image=&#8221;1571&#8243; img_size=&#8221;300&#215;300&#8243; alignment=&#8221;center&#8221; style=&#8221;vc_box_border_circle_2&#8243; onclick=&#8221;custom_link&#8221; link=&#8221;https:\/\/www.clinicatebon.es\/dr-carlos-tellez-egea\/&#8221;][vc_column_text]<\/p>\n<h2 style=\"text-align: center;\"><a href=\"https:\/\/www.clinicatebon.es\/en\/dr-carlos-tellez-egea\/\">Dr. Carlos T\u00e9llez Egea<\/a><\/h2>\n<p style=\"text-align: center;\">PLASTIC SURGEON AND COSMETIC SURGEON<\/p>\n<p>[\/vc_column_text][\/vc_column][vc_column width=&#8221;1\/3&#8243;][vc_single_image image=&#8221;1575&#8243; img_size=&#8221;300&#215;300&#8243; alignment=&#8221;center&#8221; style=&#8221;vc_box_border_circle_2&#8243; onclick=&#8221;custom_link&#8221; link=&#8221;https:\/\/www.clinicatebon.es\/dr-javier-diaz-miranda\/&#8221;][vc_column_text]<\/p>\n<h2 style=\"text-align: center;\"><a href=\"https:\/\/www.clinicatebon.es\/en\/dr-javier-diaz-miranda\/\">Dr. Javier D\u00edaz Miranda<\/a><\/h2>\n<p style=\"text-align: center;\">SPECIALIST IN TRICHOLOGY AND HAIR SURGERY<\/p>\n<p>[\/vc_column_text][\/vc_column][\/vc_row][vc_row full_width=&#8221;stretch_row&#8221;][vc_column width=&#8221;1\/2&#8243;][vc_single_image image=&#8221;1658&#8243; img_size=&#8221;300&#215;300&#8243; alignment=&#8221;center&#8221; style=&#8221;vc_box_border_circle_2&#8243; onclick=&#8221;custom_link&#8221; link=&#8221;https:\/\/www.clinicatebon.es\/dr-antonio-omiste-romero\/&#8221;][vc_column_text]<\/p>\n<h2 style=\"text-align: center;\"><a href=\"https:\/\/www.clinicatebon.es\/en\/dr-antonio-omiste-romero\/\">Dr. Antonio Omiste Romero<\/a><\/h2>\n<p style=\"text-align: center;\">ENDOCRINOLOGY<\/p>\n<p>[\/vc_column_text][\/vc_column][vc_column width=&#8221;1\/2&#8243;][vc_single_image image=&#8221;1789&#8243; img_size=&#8221;300&#215;300&#8243; alignment=&#8221;center&#8221; style=&#8221;vc_box_border_circle_2&#8243; onclick=&#8221;custom_link&#8221;][vc_column_text]<\/p>\n<h2 style=\"text-align: center;\">Laura Carrillo Mu\u00f1oz<\/h2>\n<p style=\"text-align: center;\">RECEPTIONIST<\/p>\n<p>[\/vc_column_text][\/vc_column][\/vc_row][vc_row full_width=&#8221;stretch_row&#8221;][vc_column css=&#8221;.vc_custom_1521824412992{padding-right: 25px !important;padding-left: 25px !important;}&#8221;][vc_single_image image=&#8221;515&#8243; img_size=&#8221;300&#215;300&#8243; alignment=&#8221;center&#8221; style=&#8221;vc_box_border_circle_2&#8243; onclick=&#8221;custom_link&#8221; link=&#8221;https:\/\/www.clinicatebon.es\/enfermera-victoria-arena-garcia\/&#8221;][vc_column_text]<\/p>\n<h2 style=\"text-align: center;\"><a href=\"https:\/\/www.clinicatebon.es\/en\/nurse-victoria-arena-garcia\/\">Victoria Arenas Garc\u00eda<\/a><\/h2>\n<p style=\"text-align: center;\">NURSE<\/p>\n<p>[\/vc_column_text][\/vc_column][\/vc_row]<\/p>\n","protected":false},"excerpt":{"rendered":"<p>[vc_row full_width=&#8221;stretch_row&#8221; css=&#8221;.vc_custom_1521825827226{margin-top: -60px !important;margin-bottom: 50px !important;padding-top: 50px !important;padding-bottom: 50px !important;background-color: #714089 !important;}&#8221; el_class=&#8221;asdf&#8221;][vc_column width=&#8221;1\/6&#8243;][\/vc_column][vc_column width=&#8221;2\/3&#8243;][vc_column_text]Cl\u00ednica Tebon is a plastic,<\/p>\n","protected":false},"author":2,"featured_media":0,"parent":0,"menu_order":0,"comment_status":"closed","ping_status":"closed","template":"","meta":{"footnotes":""},"class_list":["post-852","page","type-page","status-publish","hentry"],"yoast_head":"<!-- This site is optimized with the Yoast SEO plugin v27.4 - https:\/\/yoast.com\/product\/yoast-seo-wordpress\/ -->\n<title>Our Team | Cl\u00ednica Tebon | Aesthetic Sugeons and SECPRE members<\/title>\n<meta name=\"description\" content=\"Plastic and aesthetic surgeons with official training via MIR and members of the Spanish Society of Plastic, Reconstructive and Aesthetic Surgery (SECPRE).\" \/>\n<meta name=\"robots\" content=\"index, follow, max-snippet:-1, max-image-preview:large, max-video-preview:-1\" \/>\n<link rel=\"canonical\" href=\"https:\/\/www.clinicatebon.es\/en\/our-team\/\" \/>\n<meta property=\"og:locale\" content=\"en_US\" \/>\n<meta property=\"og:type\" content=\"article\" \/>\n<meta property=\"og:title\" content=\"Our Team | Cl\u00ednica Tebon | Aesthetic Sugeons and SECPRE members\" \/>\n<meta property=\"og:description\" content=\"Plastic and aesthetic surgeons with official training via MIR and members of the Spanish Society of Plastic, Reconstructive and Aesthetic Surgery (SECPRE).\" \/>\n<meta property=\"og:url\" content=\"https:\/\/www.clinicatebon.es\/en\/our-team\/\" \/>\n<meta property=\"og:site_name\" content=\"Clinica Tebon\" \/>\n<meta property=\"article:publisher\" content=\"https:\/\/www.facebook.com\/ClinicaTebon\/\" \/>\n<meta property=\"article:modified_time\" content=\"2025-09-29T08:53:55+00:00\" \/>\n<meta name=\"twitter:card\" content=\"summary_large_image\" \/>\n<meta name=\"twitter:label1\" content=\"Est. reading time\" \/>\n\t<meta name=\"twitter:data1\" content=\"2 minutes\" \/>\n<script type=\"application\/ld+json\" class=\"yoast-schema-graph\">{\"@context\":\"https:\\\/\\\/schema.org\",\"@graph\":[{\"@type\":\"WebPage\",\"@id\":\"https:\\\/\\\/www.clinicatebon.es\\\/en\\\/our-team\\\/\",\"url\":\"https:\\\/\\\/www.clinicatebon.es\\\/en\\\/our-team\\\/\",\"name\":\"Our Team | Cl\u00ednica Tebon | Aesthetic Sugeons and SECPRE members\",\"isPartOf\":{\"@id\":\"https:\\\/\\\/www.clinicatebon.es\\\/#website\"},\"datePublished\":\"2018-09-24T11:51:31+00:00\",\"dateModified\":\"2025-09-29T08:53:55+00:00\",\"description\":\"Plastic and aesthetic surgeons with official training via MIR and members of the Spanish Society of Plastic, Reconstructive and Aesthetic Surgery (SECPRE).\",\"breadcrumb\":{\"@id\":\"https:\\\/\\\/www.clinicatebon.es\\\/en\\\/our-team\\\/#breadcrumb\"},\"inLanguage\":\"en-US\",\"potentialAction\":[{\"@type\":\"ReadAction\",\"target\":[\"https:\\\/\\\/www.clinicatebon.es\\\/en\\\/our-team\\\/\"]}]},{\"@type\":\"BreadcrumbList\",\"@id\":\"https:\\\/\\\/www.clinicatebon.es\\\/en\\\/our-team\\\/#breadcrumb\",\"itemListElement\":[{\"@type\":\"ListItem\",\"position\":1,\"name\":\"Portada\",\"item\":\"https:\\\/\\\/www.clinicatebon.es\\\/en\\\/\"},{\"@type\":\"ListItem\",\"position\":2,\"name\":\"Our Team\"}]},{\"@type\":\"WebSite\",\"@id\":\"https:\\\/\\\/www.clinicatebon.es\\\/#website\",\"url\":\"https:\\\/\\\/www.clinicatebon.es\\\/\",\"name\":\"Clinica Tebon\",\"description\":\"Cl\u00ednica de cirug\u00eda pl\u00e1stica, est\u00e9tica y reparadora ubicada en el centro de M\u00e1laga\",\"publisher\":{\"@id\":\"https:\\\/\\\/www.clinicatebon.es\\\/#organization\"},\"potentialAction\":[{\"@type\":\"SearchAction\",\"target\":{\"@type\":\"EntryPoint\",\"urlTemplate\":\"https:\\\/\\\/www.clinicatebon.es\\\/?s={search_term_string}\"},\"query-input\":{\"@type\":\"PropertyValueSpecification\",\"valueRequired\":true,\"valueName\":\"search_term_string\"}}],\"inLanguage\":\"en-US\"},{\"@type\":\"Organization\",\"@id\":\"https:\\\/\\\/www.clinicatebon.es\\\/#organization\",\"name\":\"Cl\u00ednica Tebon\",\"url\":\"https:\\\/\\\/www.clinicatebon.es\\\/\",\"logo\":{\"@type\":\"ImageObject\",\"inLanguage\":\"en-US\",\"@id\":\"https:\\\/\\\/www.clinicatebon.es\\\/#\\\/schema\\\/logo\\\/image\\\/\",\"url\":\"https:\\\/\\\/www.clinicatebon.es\\\/wp-content\\\/uploads\\\/2017\\\/08\\\/LogoCl\u00ednicaTebon.png\",\"contentUrl\":\"https:\\\/\\\/www.clinicatebon.es\\\/wp-content\\\/uploads\\\/2017\\\/08\\\/LogoCl\u00ednicaTebon.png\",\"width\":1600,\"height\":672,\"caption\":\"Cl\u00ednica Tebon\"},\"image\":{\"@id\":\"https:\\\/\\\/www.clinicatebon.es\\\/#\\\/schema\\\/logo\\\/image\\\/\"},\"sameAs\":[\"https:\\\/\\\/www.facebook.com\\\/ClinicaTebon\\\/\",\"https:\\\/\\\/www.instagram.com\\\/clinicatebon\\\/?hl=es\"]}]}<\/script>\n<!-- \/ Yoast SEO plugin. -->","yoast_head_json":{"title":"Our Team | Cl\u00ednica Tebon | Aesthetic Sugeons and SECPRE members","description":"Plastic and aesthetic surgeons with official training via MIR and members of the Spanish Society of Plastic, Reconstructive and Aesthetic Surgery (SECPRE).","robots":{"index":"index","follow":"follow","max-snippet":"max-snippet:-1","max-image-preview":"max-image-preview:large","max-video-preview":"max-video-preview:-1"},"canonical":"https:\/\/www.clinicatebon.es\/en\/our-team\/","og_locale":"en_US","og_type":"article","og_title":"Our Team | Cl\u00ednica Tebon | Aesthetic Sugeons and SECPRE members","og_description":"Plastic and aesthetic surgeons with official training via MIR and members of the Spanish Society of Plastic, Reconstructive and Aesthetic Surgery (SECPRE).","og_url":"https:\/\/www.clinicatebon.es\/en\/our-team\/","og_site_name":"Clinica Tebon","article_publisher":"https:\/\/www.facebook.com\/ClinicaTebon\/","article_modified_time":"2025-09-29T08:53:55+00:00","twitter_card":"summary_large_image","twitter_misc":{"Est. reading time":"2 minutes"},"schema":{"@context":"https:\/\/schema.org","@graph":[{"@type":"WebPage","@id":"https:\/\/www.clinicatebon.es\/en\/our-team\/","url":"https:\/\/www.clinicatebon.es\/en\/our-team\/","name":"Our Team | Cl\u00ednica Tebon | Aesthetic Sugeons and SECPRE members","isPartOf":{"@id":"https:\/\/www.clinicatebon.es\/#website"},"datePublished":"2018-09-24T11:51:31+00:00","dateModified":"2025-09-29T08:53:55+00:00","description":"Plastic and aesthetic surgeons with official training via MIR and members of the Spanish Society of Plastic, Reconstructive and Aesthetic Surgery (SECPRE).","breadcrumb":{"@id":"https:\/\/www.clinicatebon.es\/en\/our-team\/#breadcrumb"},"inLanguage":"en-US","potentialAction":[{"@type":"ReadAction","target":["https:\/\/www.clinicatebon.es\/en\/our-team\/"]}]},{"@type":"BreadcrumbList","@id":"https:\/\/www.clinicatebon.es\/en\/our-team\/#breadcrumb","itemListElement":[{"@type":"ListItem","position":1,"name":"Portada","item":"https:\/\/www.clinicatebon.es\/en\/"},{"@type":"ListItem","position":2,"name":"Our Team"}]},{"@type":"WebSite","@id":"https:\/\/www.clinicatebon.es\/#website","url":"https:\/\/www.clinicatebon.es\/","name":"Clinica Tebon","description":"Cl\u00ednica de cirug\u00eda pl\u00e1stica, est\u00e9tica y reparadora ubicada en el centro de M\u00e1laga","publisher":{"@id":"https:\/\/www.clinicatebon.es\/#organization"},"potentialAction":[{"@type":"SearchAction","target":{"@type":"EntryPoint","urlTemplate":"https:\/\/www.clinicatebon.es\/?s={search_term_string}"},"query-input":{"@type":"PropertyValueSpecification","valueRequired":true,"valueName":"search_term_string"}}],"inLanguage":"en-US"},{"@type":"Organization","@id":"https:\/\/www.clinicatebon.es\/#organization","name":"Cl\u00ednica Tebon","url":"https:\/\/www.clinicatebon.es\/","logo":{"@type":"ImageObject","inLanguage":"en-US","@id":"https:\/\/www.clinicatebon.es\/#\/schema\/logo\/image\/","url":"https:\/\/www.clinicatebon.es\/wp-content\/uploads\/2017\/08\/LogoCl\u00ednicaTebon.png","contentUrl":"https:\/\/www.clinicatebon.es\/wp-content\/uploads\/2017\/08\/LogoCl\u00ednicaTebon.png","width":1600,"height":672,"caption":"Cl\u00ednica Tebon"},"image":{"@id":"https:\/\/www.clinicatebon.es\/#\/schema\/logo\/image\/"},"sameAs":["https:\/\/www.facebook.com\/ClinicaTebon\/","https:\/\/www.instagram.com\/clinicatebon\/?hl=es"]}]}},"_links":{"self":[{"href":"https:\/\/www.clinicatebon.es\/en\/wp-json\/wp\/v2\/pages\/852","targetHints":{"allow":["GET"]}}],"collection":[{"href":"https:\/\/www.clinicatebon.es\/en\/wp-json\/wp\/v2\/pages"}],"about":[{"href":"https:\/\/www.clinicatebon.es\/en\/wp-json\/wp\/v2\/types\/page"}],"author":[{"embeddable":true,"href":"https:\/\/www.clinicatebon.es\/en\/wp-json\/wp\/v2\/users\/2"}],"replies":[{"embeddable":true,"href":"https:\/\/www.clinicatebon.es\/en\/wp-json\/wp\/v2\/comments?post=852"}],"version-history":[{"count":5,"href":"https:\/\/www.clinicatebon.es\/en\/wp-json\/wp\/v2\/pages\/852\/revisions"}],"predecessor-version":[{"id":1886,"href":"https:\/\/www.clinicatebon.es\/en\/wp-json\/wp\/v2\/pages\/852\/revisions\/1886"}],"wp:attachment":[{"href":"https:\/\/www.clinicatebon.es\/en\/wp-json\/wp\/v2\/media?parent=852"}],"curies":[{"name":"wp","href":"https:\/\/api.w.org\/{rel}","templated":true}]}}