{"id":853,"date":"2018-08-09T15:18:27","date_gmt":"2018-08-09T15:18:27","guid":{"rendered":"https:\/\/www.clinicatebon.es\/clinica-nutricion-malaga\/"},"modified":"2025-04-23T07:20:22","modified_gmt":"2025-04-23T07:20:22","slug":"nutrition-clinic-malaga","status":"publish","type":"page","link":"https:\/\/www.clinicatebon.es\/en\/nutrition-clinic-malaga\/","title":{"rendered":"Nutrition"},"content":{"rendered":"<p>[vc_row][vc_column][vc_column_text]<strong>\u00a1Tu nueva<\/strong> <strong>cl\u00ednica de nutrici\u00f3n en M\u00e1laga<\/strong>! Para ofrecerle los mejores resultados y que alcance los objetivos ponemos a su disposici\u00f3n a nuestros <strong>mejores <a href=\"https:\/\/www.clinicatebon.es\/en\/jose-gonzalez-tello\/\" target=\"_blank\" rel=\"noopener noreferrer\">nutricionistas<\/a><\/strong> con formaci\u00f3n y experiencia acreditada.\u00a0 S\u00f3lo tiene que visitarnos y descubrir el <strong>tratamiento nutricional<\/strong> que m\u00e1s se ajusta a usted.<\/p>\n<p>[\/vc_column_text][vc_single_image image=&#8221;664&#8243; img_size=&#8221;large&#8221;][vc_custom_heading text=&#8221;\u00bfQu\u00e9 tipo de tratamientos nutricionales ofrecemos?&#8221; font_container=&#8221;tag:h1|text_align:left&#8221; use_theme_fonts=&#8221;yes&#8221;][\/vc_column][vc_column width=&#8221;1\/4&#8243; css=&#8221;.vc_custom_1504029601002{margin-top: 0px !important;margin-right: 0px !important;margin-bottom: 0px !important;margin-left: 0px !important;border-top-width: 0px !important;border-right-width: 0px !important;border-bottom-width: 0px !important;border-left-width: 0px !important;padding-top: 0px !important;padding-right: 0px !important;padding-bottom: 0px !important;padding-left: 0px !important;}&#8221; offset=&#8221;vc_col-xs-3&#8243;]<div data-id=\"mpc_divider-6869f170cc31de4\" class=\"mpc-divider-wrap\"><div class=\"mpc-divider mpc-init mpc-align--right mpc-disable--left \" ><div class=\"mpc-divider__line mpc-side--left\"><span><\/span><\/div><div class=\"mpc-divider__line mpc-side--right\"><span><\/span><\/div><\/div><\/div>[\/vc_column][vc_column width=&#8221;3\/4&#8243; css=&#8221;.vc_custom_1503950868397{margin-top: 0px !important;margin-right: 0px !important;margin-bottom: 0px !important;margin-left: 0px !important;border-top-width: 0px !important;border-right-width: 0px !important;border-bottom-width: 0px !important;border-left-width: 0px !important;padding-top: 0px !important;padding-right: 0px !important;padding-bottom: 0px !important;padding-left: 0px !important;}&#8221; offset=&#8221;vc_col-xs-9&#8243;]<div data-id=\"mpc_divider-3169f170cc31e42\" class=\"mpc-divider-wrap\"><div class=\"mpc-divider mpc-init mpc-align--left mpc-disable--left \" ><div class=\"mpc-divider__line mpc-side--left\"><span><\/span><\/div><div class=\"mpc-divider__line mpc-side--right\"><span><\/span><\/div><\/div><\/div>[\/vc_column][vc_column][vc_empty_space][vc_column_text]<strong>En nuestra cl\u00ednica de nutrici\u00f3n en M\u00e1laga centro dise\u00f1amos planes nutricionales para todo tipo de patolog\u00edas<\/strong> como: la diabetes, <a href=\"https:\/\/dicciomed.usal.es\/palabra\/hipercolesterolemia\" target=\"_blank\" rel=\"noopener noreferrer\">hipercolesterolemia<\/a>, hipertensi\u00f3n, problemas de la gl\u00e1ndula tiroides, de los ri\u00f1ones o del h\u00edgado. Adem\u00e1s, ofrecemos <strong>dietas de p\u00e9rdida de peso<\/strong>, con las que se facilita al paciente una p\u00e9rdida de peso de manera saludable. Un tratamiento que consta tambi\u00e9n de una reeducaci\u00f3n alimentaria gracias a la que no se vuelve a recuperar el peso perdido.<\/p>\n<p>Adem\u00e1s, tambi\u00e9n ofrecemos <strong>tratamientos para personas con alergias e intolerancias alimentarias y\/o trastornos digestivos; nutrici\u00f3n infantil y tratamientos nutricionales para embarazadas. <\/strong><\/p>\n<p>[\/vc_column_text][\/vc_column][\/vc_row][vc_row][vc_column][vc_custom_heading text=&#8221;\u00bfDurante el tratamiento es necesario la ingesta de suplementos o productos diet\u00e9ticos?&#8221; font_container=&#8221;tag:h1|text_align:left&#8221; use_theme_fonts=&#8221;yes&#8221;][\/vc_column][vc_column width=&#8221;1\/4&#8243; css=&#8221;.vc_custom_1504029601002{margin-top: 0px !important;margin-right: 0px !important;margin-bottom: 0px !important;margin-left: 0px !important;border-top-width: 0px !important;border-right-width: 0px !important;border-bottom-width: 0px !important;border-left-width: 0px !important;padding-top: 0px !important;padding-right: 0px !important;padding-bottom: 0px !important;padding-left: 0px !important;}&#8221; offset=&#8221;vc_col-xs-3&#8243;]<div data-id=\"mpc_divider-7869f170cc31e7e\" class=\"mpc-divider-wrap\"><div class=\"mpc-divider mpc-init mpc-align--right mpc-disable--left \" ><div class=\"mpc-divider__line mpc-side--left\"><span><\/span><\/div><div class=\"mpc-divider__line mpc-side--right\"><span><\/span><\/div><\/div><\/div>[\/vc_column][vc_column width=&#8221;3\/4&#8243; css=&#8221;.vc_custom_1503950868397{margin-top: 0px !important;margin-right: 0px !important;margin-bottom: 0px !important;margin-left: 0px !important;border-top-width: 0px !important;border-right-width: 0px !important;border-bottom-width: 0px !important;border-left-width: 0px !important;padding-top: 0px !important;padding-right: 0px !important;padding-bottom: 0px !important;padding-left: 0px !important;}&#8221; offset=&#8221;vc_col-xs-9&#8243;]<div data-id=\"mpc_divider-269f170cc31eb0\" class=\"mpc-divider-wrap\"><div class=\"mpc-divider mpc-init mpc-align--left mpc-disable--left \" ><div class=\"mpc-divider__line mpc-side--left\"><span><\/span><\/div><div class=\"mpc-divider__line mpc-side--right\"><span><\/span><\/div><\/div><\/div>[\/vc_column][vc_column][vc_empty_space][vc_column_text]No. <strong>Las dietas desarrolladas en nuestra Cl\u00ednica de nutrici\u00f3n en M\u00e1laga, se basan en el fomento de una alimentaci\u00f3n saludable<\/strong> gracias a nuestros consejos y a los recetarios que entregamos a nuestros pacientes, con recetas deliciosas que son muy f\u00e1ciles y r\u00e1pidas de elaborar. Los platos est\u00e1n tan buenos que no sentir\u00e1 que est\u00e1 a dieta. Adem\u00e1s, y lo m\u00e1s importante, comer\u00e1 en cantidad saci\u00e1ndose en todo momento y sin tener que renunciar al placer que significa \u201ccomer\u201d.[\/vc_column_text][\/vc_column][\/vc_row][vc_row][vc_column][vc_custom_heading text=&#8221;\u00bfQu\u00e9 debe esperar de la primera consulta?&#8221; font_container=&#8221;tag:h1|text_align:left&#8221; use_theme_fonts=&#8221;yes&#8221;][\/vc_column][vc_column width=&#8221;1\/4&#8243; css=&#8221;.vc_custom_1504029601002{margin-top: 0px !important;margin-right: 0px !important;margin-bottom: 0px !important;margin-left: 0px !important;border-top-width: 0px !important;border-right-width: 0px !important;border-bottom-width: 0px !important;border-left-width: 0px !important;padding-top: 0px !important;padding-right: 0px !important;padding-bottom: 0px !important;padding-left: 0px !important;}&#8221; offset=&#8221;vc_col-xs-3&#8243;]<div data-id=\"mpc_divider-9469f170cc31edd\" class=\"mpc-divider-wrap\"><div class=\"mpc-divider mpc-init mpc-align--right mpc-disable--left \" ><div class=\"mpc-divider__line mpc-side--left\"><span><\/span><\/div><div class=\"mpc-divider__line mpc-side--right\"><span><\/span><\/div><\/div><\/div>[\/vc_column][vc_column width=&#8221;3\/4&#8243; css=&#8221;.vc_custom_1503950868397{margin-top: 0px !important;margin-right: 0px !important;margin-bottom: 0px !important;margin-left: 0px !important;border-top-width: 0px !important;border-right-width: 0px !important;border-bottom-width: 0px !important;border-left-width: 0px !important;padding-top: 0px !important;padding-right: 0px !important;padding-bottom: 0px !important;padding-left: 0px !important;}&#8221; offset=&#8221;vc_col-xs-9&#8243;]<div data-id=\"mpc_divider-5869f170cc31f08\" class=\"mpc-divider-wrap\"><div class=\"mpc-divider mpc-init mpc-align--left mpc-disable--left \" ><div class=\"mpc-divider__line mpc-side--left\"><span><\/span><\/div><div class=\"mpc-divider__line mpc-side--right\"><span><\/span><\/div><\/div><\/div>[\/vc_column][vc_column][vc_empty_space][vc_column_text]En la primera consulta, es recomendable que traiga la anal\u00edtica m\u00e1s reciente para la realizaci\u00f3n de una mejor anamnesis y la adaptaci\u00f3n del tratamiento nutricional a su estado de salud. En esta primera consulta tambi\u00e9n, nuestro equipo nutricionista podr\u00eda hacerle algunas recomendaciones de ciertos marcadores que debe tener en cuenta y solicitar en su pr\u00f3xima anal\u00edtica.<\/p>\n<p>Adem\u00e1s, en esta primera consulta, <strong>nuestros nutricionistas en M\u00e1laga le har\u00e1n una encuesta diet\u00e9tica para detectar posibles errores diet\u00e9ticos, y as\u00ed sugerirle alternativas m\u00e1s saludables que le permitan cambiar los h\u00e1bitos alimentarios. <\/strong><\/p>\n<p>Durante la consulta, tambi\u00e9n, se realizar\u00e1 un estudio antropom\u00e9trico completo. La antropometr\u00eda incluye el porcentaje de grasa de cada segmento de su cuerpo (cada brazo, pierna, t\u00f3rax) y tambi\u00e9n la grasa visceral; La musculatura de cada parte de su cuerpo (kg de m\u00fasculo en cada brazo, pierna\u2026) y el porcentaje de agua corporal. En esta prueba tambi\u00e9n calcularemos su metabolismo basal y su edad metab\u00f3lica.<\/p>\n<p>Gracias a la densitometr\u00eda \u00f3sea, en nuestra <strong>cl\u00ednica de nutrici\u00f3n en M\u00e1laga<\/strong>, valoraremos el riesgo que tiene de sufrir fracturas. Tambi\u00e9n tomaremos medidas de los per\u00edmetros corporales.<\/p>\n<p>Adem\u00e1s, desde la primera consulta se le entregar\u00e1 la <strong>documentaci\u00f3n necesaria con pautas nutricionales y una dieta de una semana<\/strong>\u00a0con varias alternativas para qu\u00e9 elija la que m\u00e1s se adec\u00fae a sus gustos y preferencias; junto con el recetario.<\/p>\n<p>Para finalizar, en cada consulta se le entregar\u00e1 nuevos <strong>planes nutricionales <\/strong>donde nuestros nutricionistas var\u00edan todas las comidas y recetas para conseguir as\u00ed mejor adherencia al tratamiento nutricional gracias a la gran variabilidad y flexibilidad de la dieta.<\/p>\n<p>[\/vc_column_text][\/vc_column][\/vc_row][vc_row][vc_column][vc_custom_heading text=&#8221;\u00bfCu\u00e1nto duran las consultas?&#8221; font_container=&#8221;tag:h1|text_align:left&#8221; use_theme_fonts=&#8221;yes&#8221;][\/vc_column][vc_column width=&#8221;1\/4&#8243; css=&#8221;.vc_custom_1504029601002{margin-top: 0px !important;margin-right: 0px !important;margin-bottom: 0px !important;margin-left: 0px !important;border-top-width: 0px !important;border-right-width: 0px !important;border-bottom-width: 0px !important;border-left-width: 0px !important;padding-top: 0px !important;padding-right: 0px !important;padding-bottom: 0px !important;padding-left: 0px !important;}&#8221; offset=&#8221;vc_col-xs-3&#8243;]<div data-id=\"mpc_divider-5169f170cc31f31\" class=\"mpc-divider-wrap\"><div class=\"mpc-divider mpc-init mpc-align--right mpc-disable--left \" ><div class=\"mpc-divider__line mpc-side--left\"><span><\/span><\/div><div class=\"mpc-divider__line mpc-side--right\"><span><\/span><\/div><\/div><\/div>[\/vc_column][vc_column width=&#8221;3\/4&#8243; css=&#8221;.vc_custom_1503950868397{margin-top: 0px !important;margin-right: 0px !important;margin-bottom: 0px !important;margin-left: 0px !important;border-top-width: 0px !important;border-right-width: 0px !important;border-bottom-width: 0px !important;border-left-width: 0px !important;padding-top: 0px !important;padding-right: 0px !important;padding-bottom: 0px !important;padding-left: 0px !important;}&#8221; offset=&#8221;vc_col-xs-9&#8243;]<div data-id=\"mpc_divider-1469f170cc31f5f\" class=\"mpc-divider-wrap\"><div class=\"mpc-divider mpc-init mpc-align--left mpc-disable--left \" ><div class=\"mpc-divider__line mpc-side--left\"><span><\/span><\/div><div class=\"mpc-divider__line mpc-side--right\"><span><\/span><\/div><\/div><\/div>[\/vc_column][vc_column][vc_empty_space][vc_column_text]<strong>La primera consulta suele durar entre 30 y 40 minutos<\/strong>, dependiendo del tipo de tratamiento nutricional que necesite. Las consultas restantes suelen durar 20 minutos, si es tan s\u00f3lo para p\u00e9rdida de peso, y en los casos de que haya alguna patolog\u00eda se reservar\u00e1 todo el tiempo necesario para que el paciente aclare todas sus dudas. Tambi\u00e9n ponemos a disposici\u00f3n de nuestros pacientes, un n\u00famero de tel\u00e9fono y n\u00famero m\u00f3vil y WhatsApp por si le surge cualquier duda despu\u00e9s de la consulta.<\/p>\n<p>[\/vc_column_text][\/vc_column][\/vc_row]<\/p>\n","protected":false},"excerpt":{"rendered":"<p>[vc_row][vc_column][vc_column_text]\u00a1Tu nueva cl\u00ednica de nutrici\u00f3n en M\u00e1laga! Para ofrecerle los mejores resultados y que alcance los objetivos ponemos a su<\/p>\n","protected":false},"author":2,"featured_media":0,"parent":0,"menu_order":0,"comment_status":"closed","ping_status":"closed","template":"page-left-sidebar.php","meta":{"footnotes":""},"class_list":["post-853","page","type-page","status-publish","hentry"],"yoast_head":"<!-- This site is optimized with the Yoast SEO plugin v27.4 - https:\/\/yoast.com\/product\/yoast-seo-wordpress\/ -->\n<title>Nutrition Clinic in Malaga - Cl\u00ednica Tebon - Nutritionists<\/title>\n<meta name=\"description\" content=\"In our nutrition clinic in Malaga we design nutritional plans for all types of pathologies. In addition, we offer weight loss diets.\" \/>\n<meta name=\"robots\" content=\"index, follow, max-snippet:-1, max-image-preview:large, max-video-preview:-1\" \/>\n<link rel=\"canonical\" href=\"https:\/\/www.clinicatebon.es\/en\/nutrition-clinic-malaga\/\" \/>\n<meta property=\"og:locale\" content=\"en_US\" \/>\n<meta property=\"og:type\" content=\"article\" \/>\n<meta property=\"og:title\" content=\"Nutrition Clinic in Malaga - Cl\u00ednica Tebon - Nutritionists\" \/>\n<meta property=\"og:description\" content=\"In our nutrition clinic in Malaga we design nutritional plans for all types of pathologies. In addition, we offer weight loss diets.\" \/>\n<meta property=\"og:url\" content=\"https:\/\/www.clinicatebon.es\/en\/nutrition-clinic-malaga\/\" \/>\n<meta property=\"og:site_name\" content=\"Clinica Tebon\" \/>\n<meta property=\"article:publisher\" content=\"https:\/\/www.facebook.com\/ClinicaTebon\/\" \/>\n<meta property=\"article:modified_time\" content=\"2025-04-23T07:20:22+00:00\" \/>\n<meta name=\"twitter:card\" content=\"summary_large_image\" \/>\n<meta name=\"twitter:label1\" content=\"Est. reading time\" \/>\n\t<meta name=\"twitter:data1\" content=\"7 minutes\" \/>\n<script type=\"application\/ld+json\" class=\"yoast-schema-graph\">{\"@context\":\"https:\\\/\\\/schema.org\",\"@graph\":[{\"@type\":\"WebPage\",\"@id\":\"https:\\\/\\\/www.clinicatebon.es\\\/en\\\/nutrition-clinic-malaga\\\/\",\"url\":\"https:\\\/\\\/www.clinicatebon.es\\\/en\\\/nutrition-clinic-malaga\\\/\",\"name\":\"Nutrition Clinic in Malaga - Cl\u00ednica Tebon - Nutritionists\",\"isPartOf\":{\"@id\":\"https:\\\/\\\/www.clinicatebon.es\\\/#website\"},\"datePublished\":\"2018-08-09T15:18:27+00:00\",\"dateModified\":\"2025-04-23T07:20:22+00:00\",\"description\":\"In our nutrition clinic in Malaga we design nutritional plans for all types of pathologies. In addition, we offer weight loss diets.\",\"breadcrumb\":{\"@id\":\"https:\\\/\\\/www.clinicatebon.es\\\/en\\\/nutrition-clinic-malaga\\\/#breadcrumb\"},\"inLanguage\":\"en-US\",\"potentialAction\":[{\"@type\":\"ReadAction\",\"target\":[\"https:\\\/\\\/www.clinicatebon.es\\\/en\\\/nutrition-clinic-malaga\\\/\"]}]},{\"@type\":\"BreadcrumbList\",\"@id\":\"https:\\\/\\\/www.clinicatebon.es\\\/en\\\/nutrition-clinic-malaga\\\/#breadcrumb\",\"itemListElement\":[{\"@type\":\"ListItem\",\"position\":1,\"name\":\"Portada\",\"item\":\"https:\\\/\\\/www.clinicatebon.es\\\/en\\\/\"},{\"@type\":\"ListItem\",\"position\":2,\"name\":\"Nutrition\"}]},{\"@type\":\"WebSite\",\"@id\":\"https:\\\/\\\/www.clinicatebon.es\\\/#website\",\"url\":\"https:\\\/\\\/www.clinicatebon.es\\\/\",\"name\":\"Clinica Tebon\",\"description\":\"Cl\u00ednica de cirug\u00eda pl\u00e1stica, est\u00e9tica y reparadora ubicada en el centro de M\u00e1laga\",\"publisher\":{\"@id\":\"https:\\\/\\\/www.clinicatebon.es\\\/#organization\"},\"potentialAction\":[{\"@type\":\"SearchAction\",\"target\":{\"@type\":\"EntryPoint\",\"urlTemplate\":\"https:\\\/\\\/www.clinicatebon.es\\\/?s={search_term_string}\"},\"query-input\":{\"@type\":\"PropertyValueSpecification\",\"valueRequired\":true,\"valueName\":\"search_term_string\"}}],\"inLanguage\":\"en-US\"},{\"@type\":\"Organization\",\"@id\":\"https:\\\/\\\/www.clinicatebon.es\\\/#organization\",\"name\":\"Cl\u00ednica Tebon\",\"url\":\"https:\\\/\\\/www.clinicatebon.es\\\/\",\"logo\":{\"@type\":\"ImageObject\",\"inLanguage\":\"en-US\",\"@id\":\"https:\\\/\\\/www.clinicatebon.es\\\/#\\\/schema\\\/logo\\\/image\\\/\",\"url\":\"https:\\\/\\\/www.clinicatebon.es\\\/wp-content\\\/uploads\\\/2017\\\/08\\\/LogoCl\u00ednicaTebon.png\",\"contentUrl\":\"https:\\\/\\\/www.clinicatebon.es\\\/wp-content\\\/uploads\\\/2017\\\/08\\\/LogoCl\u00ednicaTebon.png\",\"width\":1600,\"height\":672,\"caption\":\"Cl\u00ednica Tebon\"},\"image\":{\"@id\":\"https:\\\/\\\/www.clinicatebon.es\\\/#\\\/schema\\\/logo\\\/image\\\/\"},\"sameAs\":[\"https:\\\/\\\/www.facebook.com\\\/ClinicaTebon\\\/\",\"https:\\\/\\\/www.instagram.com\\\/clinicatebon\\\/?hl=es\"]}]}<\/script>\n<!-- \/ Yoast SEO plugin. -->","yoast_head_json":{"title":"Nutrition Clinic in Malaga - Cl\u00ednica Tebon - Nutritionists","description":"In our nutrition clinic in Malaga we design nutritional plans for all types of pathologies. In addition, we offer weight loss diets.","robots":{"index":"index","follow":"follow","max-snippet":"max-snippet:-1","max-image-preview":"max-image-preview:large","max-video-preview":"max-video-preview:-1"},"canonical":"https:\/\/www.clinicatebon.es\/en\/nutrition-clinic-malaga\/","og_locale":"en_US","og_type":"article","og_title":"Nutrition Clinic in Malaga - Cl\u00ednica Tebon - Nutritionists","og_description":"In our nutrition clinic in Malaga we design nutritional plans for all types of pathologies. In addition, we offer weight loss diets.","og_url":"https:\/\/www.clinicatebon.es\/en\/nutrition-clinic-malaga\/","og_site_name":"Clinica Tebon","article_publisher":"https:\/\/www.facebook.com\/ClinicaTebon\/","article_modified_time":"2025-04-23T07:20:22+00:00","twitter_card":"summary_large_image","twitter_misc":{"Est. reading time":"7 minutes"},"schema":{"@context":"https:\/\/schema.org","@graph":[{"@type":"WebPage","@id":"https:\/\/www.clinicatebon.es\/en\/nutrition-clinic-malaga\/","url":"https:\/\/www.clinicatebon.es\/en\/nutrition-clinic-malaga\/","name":"Nutrition Clinic in Malaga - Cl\u00ednica Tebon - Nutritionists","isPartOf":{"@id":"https:\/\/www.clinicatebon.es\/#website"},"datePublished":"2018-08-09T15:18:27+00:00","dateModified":"2025-04-23T07:20:22+00:00","description":"In our nutrition clinic in Malaga we design nutritional plans for all types of pathologies. In addition, we offer weight loss diets.","breadcrumb":{"@id":"https:\/\/www.clinicatebon.es\/en\/nutrition-clinic-malaga\/#breadcrumb"},"inLanguage":"en-US","potentialAction":[{"@type":"ReadAction","target":["https:\/\/www.clinicatebon.es\/en\/nutrition-clinic-malaga\/"]}]},{"@type":"BreadcrumbList","@id":"https:\/\/www.clinicatebon.es\/en\/nutrition-clinic-malaga\/#breadcrumb","itemListElement":[{"@type":"ListItem","position":1,"name":"Portada","item":"https:\/\/www.clinicatebon.es\/en\/"},{"@type":"ListItem","position":2,"name":"Nutrition"}]},{"@type":"WebSite","@id":"https:\/\/www.clinicatebon.es\/#website","url":"https:\/\/www.clinicatebon.es\/","name":"Clinica Tebon","description":"Cl\u00ednica de cirug\u00eda pl\u00e1stica, est\u00e9tica y reparadora ubicada en el centro de M\u00e1laga","publisher":{"@id":"https:\/\/www.clinicatebon.es\/#organization"},"potentialAction":[{"@type":"SearchAction","target":{"@type":"EntryPoint","urlTemplate":"https:\/\/www.clinicatebon.es\/?s={search_term_string}"},"query-input":{"@type":"PropertyValueSpecification","valueRequired":true,"valueName":"search_term_string"}}],"inLanguage":"en-US"},{"@type":"Organization","@id":"https:\/\/www.clinicatebon.es\/#organization","name":"Cl\u00ednica Tebon","url":"https:\/\/www.clinicatebon.es\/","logo":{"@type":"ImageObject","inLanguage":"en-US","@id":"https:\/\/www.clinicatebon.es\/#\/schema\/logo\/image\/","url":"https:\/\/www.clinicatebon.es\/wp-content\/uploads\/2017\/08\/LogoCl\u00ednicaTebon.png","contentUrl":"https:\/\/www.clinicatebon.es\/wp-content\/uploads\/2017\/08\/LogoCl\u00ednicaTebon.png","width":1600,"height":672,"caption":"Cl\u00ednica Tebon"},"image":{"@id":"https:\/\/www.clinicatebon.es\/#\/schema\/logo\/image\/"},"sameAs":["https:\/\/www.facebook.com\/ClinicaTebon\/","https:\/\/www.instagram.com\/clinicatebon\/?hl=es"]}]}},"_links":{"self":[{"href":"https:\/\/www.clinicatebon.es\/en\/wp-json\/wp\/v2\/pages\/853","targetHints":{"allow":["GET"]}}],"collection":[{"href":"https:\/\/www.clinicatebon.es\/en\/wp-json\/wp\/v2\/pages"}],"about":[{"href":"https:\/\/www.clinicatebon.es\/en\/wp-json\/wp\/v2\/types\/page"}],"author":[{"embeddable":true,"href":"https:\/\/www.clinicatebon.es\/en\/wp-json\/wp\/v2\/users\/2"}],"replies":[{"embeddable":true,"href":"https:\/\/www.clinicatebon.es\/en\/wp-json\/wp\/v2\/comments?post=853"}],"version-history":[{"count":5,"href":"https:\/\/www.clinicatebon.es\/en\/wp-json\/wp\/v2\/pages\/853\/revisions"}],"predecessor-version":[{"id":1861,"href":"https:\/\/www.clinicatebon.es\/en\/wp-json\/wp\/v2\/pages\/853\/revisions\/1861"}],"wp:attachment":[{"href":"https:\/\/www.clinicatebon.es\/en\/wp-json\/wp\/v2\/media?parent=853"}],"curies":[{"name":"wp","href":"https:\/\/api.w.org\/{rel}","templated":true}]}}