{"id":863,"date":"2018-08-13T16:46:17","date_gmt":"2018-08-13T16:46:17","guid":{"rendered":"https:\/\/www.clinicatebon.es\/politica-de-privacidad\/"},"modified":"2025-04-23T07:20:19","modified_gmt":"2025-04-23T07:20:19","slug":"privacy-policy","status":"publish","type":"page","link":"https:\/\/www.clinicatebon.es\/en\/privacy-policy\/","title":{"rendered":"Privacy Policy"},"content":{"rendered":"\t\t<div data-elementor-type=\"wp-post\" data-elementor-id=\"863\" class=\"elementor elementor-863 elementor-712\" data-elementor-post-type=\"page\">\n\t\t\t\t\t\t<section class=\"elementor-section elementor-top-section elementor-element elementor-element-1d08885 elementor-section-boxed elementor-section-height-default elementor-section-height-default\" data-id=\"1d08885\" data-element_type=\"section\" data-e-type=\"section\">\n\t\t\t\t\t\t<div class=\"elementor-container elementor-column-gap-default\">\n\t\t\t\t\t<div class=\"elementor-column elementor-col-100 elementor-top-column elementor-element elementor-element-41de19d\" data-id=\"41de19d\" data-element_type=\"column\" data-e-type=\"column\">\n\t\t\t<div class=\"elementor-widget-wrap elementor-element-populated\">\n\t\t\t\t\t\t<div class=\"elementor-element elementor-element-b1272d8 elementor-widget elementor-widget-text-editor\" data-id=\"b1272d8\" data-element_type=\"widget\" data-e-type=\"widget\" data-widget_type=\"text-editor.default\">\n\t\t\t\t<div class=\"elementor-widget-container\">\n\t\t\t\t\t\t\t\t\t<p style=\"background-color: #ffffff;\">At CL\u00cdNICA TEB\u00d3N we believe in the importance of guaranteeing the security and identity of our clients and users, as well as the correct treatment of the data they provide us with for the performance of our functions. As a result of the application of the personal data protection regulations &#8211; Organic Law 3\/2018 on the Protection of Personal Data and Guarantee of Digital Rights and Regulation (EU) 2016\/679 &#8211; we provide you with everything you need to understand it. In addition, we have provided security measures to ensure compliance based on the type of data we use and its correct processing through risk analysis techniques. Among others, the legislative framework to which we refer is the following:<br>\u2756 Organic Law 3\/2018 on Personal Data Protection and Guarantee of Digital Rights &#8211; LOPD-GDD<br>\u2756 European Regulation (EU) 679\/2016 &#8211; RGPD<br>\u2756 Law 34\/2002, of July 11, on Information Society Services and Electronic Commerce<br>Following the principle of layered information contained in the regulation, we provide you with the most relevant information that may be of interest to you:   <\/p>\t\t\t\t\t\t\t\t<\/div>\n\t\t\t\t<\/div>\n\t\t\t\t<div class=\"elementor-element elementor-element-9894541 elementor-widget elementor-widget-heading\" data-id=\"9894541\" data-element_type=\"widget\" data-e-type=\"widget\" data-widget_type=\"heading.default\">\n\t\t\t\t<div class=\"elementor-widget-container\">\n\t\t\t\t\t<h2 class=\"elementor-heading-title elementor-size-default\">Who is the Data Controller of your data? - RESPONSIBLE - <\/h2>\t\t\t\t<\/div>\n\t\t\t\t<\/div>\n\t\t\t\t<div class=\"elementor-element elementor-element-27e69af elementor-widget elementor-widget-text-editor\" data-id=\"27e69af\" data-element_type=\"widget\" data-e-type=\"widget\" data-widget_type=\"text-editor.default\">\n\t\t\t\t<div class=\"elementor-widget-container\">\n\t\t\t\t\t\t\t\t\t<p>Company Name: CL\u00cdNICA TEB\u00d3N, S.L.<br>CIF: B\/93.580.264<br>Address: C\/Compositor Lehmberg Ruiz, 6 &#8211; 29.007 M\u00e1laga (M\u00e1laga)<br>Trademark: CL\u00cdNICA TEB\u00d3N<br>Contact e-mail: info@clinicatebon.es<br>Contact e-mail Delegate Data Protection: dpd@clinicatebon.es<\/p>\t\t\t\t\t\t\t\t<\/div>\n\t\t\t\t<\/div>\n\t\t\t\t<div class=\"elementor-element elementor-element-915575b elementor-widget elementor-widget-heading\" data-id=\"915575b\" data-element_type=\"widget\" data-e-type=\"widget\" data-widget_type=\"heading.default\">\n\t\t\t\t<div class=\"elementor-widget-container\">\n\t\t\t\t\t<h2 class=\"elementor-heading-title elementor-size-default\">What are we going to use your data for? - PURPOSE AND LEGITIMACY - <\/h2>\t\t\t\t<\/div>\n\t\t\t\t<\/div>\n\t\t\t\t<div class=\"elementor-element elementor-element-161938d elementor-widget elementor-widget-text-editor\" data-id=\"161938d\" data-element_type=\"widget\" data-e-type=\"widget\" data-widget_type=\"text-editor.default\">\n\t\t\t\t<div class=\"elementor-widget-container\">\n\t\t\t\t\t\t\t\t\t<p>In CL\u00cdNICA TEB\u00d3N we use your data for the correct execution of the clinical services of aesthetic surgery, plastic and nutrition, as well as for:<br>1. To respond to queries, requests or requests made by users through the contact form and to make a subsequent follow-up<br>of the same.<br>2. Send you commercial communications in which users will be informed, including through electronic means, about the different products or<br>services offered, upon request for registration in the service, for which you have given your consent.<br>The processing of your data as a client\/user for the development of the actions described above is based on your express consent, which you give by providing the requested data, filling in and accepting this legal notice in the registration process in any of our areas or through the contact form of this Web Site.<br>Under no circumstances will automated individualized actions and\/or profiling be carried out, which produce legal effects or significantly affect you in a similar way, except for those specific to the selection processes in those job offers in which you register.<br>The personal data provided will be retained for the duration of the binding contractual relationship, the clinical service requested or your request for deletion, and as long as they are adequate, relevant and limited to what is necessary for the purposes for which they are processed. After termination of the binding contractual relationship, your data will be stored for as many years as is necessary to comply with applicable legal obligations. <\/p>\t\t\t\t\t\t\t\t<\/div>\n\t\t\t\t<\/div>\n\t\t\t\t<div class=\"elementor-element elementor-element-2e7b270 elementor-widget elementor-widget-heading\" data-id=\"2e7b270\" data-element_type=\"widget\" data-e-type=\"widget\" data-widget_type=\"heading.default\">\n\t\t\t\t<div class=\"elementor-widget-container\">\n\t\t\t\t\t<h2 class=\"elementor-heading-title elementor-size-default\">To whom will we communicate your data? - ASSIGNMENTS OR TRANSFERS - <\/h2>\t\t\t\t<\/div>\n\t\t\t\t<\/div>\n\t\t\t\t<div class=\"elementor-element elementor-element-ae55d93 elementor-widget elementor-widget-text-editor\" data-id=\"ae55d93\" data-element_type=\"widget\" data-e-type=\"widget\" data-widget_type=\"text-editor.default\">\n\t\t\t\t<div class=\"elementor-widget-container\">\n\t\t\t\t\t\t\t\t\t<p>Your data will not be transferred to any entity or professional or third party outside of our own that guarantee compliance with data protection regulations and that are necessary for proper service by CL\u00cdNICA TEB\u00d3N. There are no international data transfers. <\/p>\t\t\t\t\t\t\t\t<\/div>\n\t\t\t\t<\/div>\n\t\t\t\t<div class=\"elementor-element elementor-element-eacb875 elementor-widget elementor-widget-heading\" data-id=\"eacb875\" data-element_type=\"widget\" data-e-type=\"widget\" data-widget_type=\"heading.default\">\n\t\t\t\t<div class=\"elementor-widget-container\">\n\t\t\t\t\t<h2 class=\"elementor-heading-title elementor-size-default\">Where do we get your data from? - ORIGIN - <\/h2>\t\t\t\t<\/div>\n\t\t\t\t<\/div>\n\t\t\t\t<div class=\"elementor-element elementor-element-ab7ab84 elementor-widget elementor-widget-text-editor\" data-id=\"ab7ab84\" data-element_type=\"widget\" data-e-type=\"widget\" data-widget_type=\"text-editor.default\">\n\t\t\t\t<div class=\"elementor-widget-container\">\n\t\t\t\t\t\t\t\t\t<p>The data we use and process have been provided by the clients\/users in a conscious manner and by express consent when filling out the corresponding forms in our Clinic.<br>We have records of processing activities according to the obligations described by the European Regulation, which defines the types of data we have and the treatment we practice on them.<br>By making a communication through the contact form on the website, you warrant that you have the necessary legal capacity to enter into these communications and that you are of legal age, that is, 18 years old.<\/p>\t\t\t\t\t\t\t\t<\/div>\n\t\t\t\t<\/div>\n\t\t\t\t<div class=\"elementor-element elementor-element-24e0863 elementor-widget elementor-widget-heading\" data-id=\"24e0863\" data-element_type=\"widget\" data-e-type=\"widget\" data-widget_type=\"heading.default\">\n\t\t\t\t<div class=\"elementor-widget-container\">\n\t\t\t\t\t<h2 class=\"elementor-heading-title elementor-size-default\">What are your rights and how can you exercise them? - RIGHTS - <\/h2>\t\t\t\t<\/div>\n\t\t\t\t<\/div>\n\t\t\t\t<div class=\"elementor-element elementor-element-8c71ad5 elementor-widget elementor-widget-text-editor\" data-id=\"8c71ad5\" data-element_type=\"widget\" data-e-type=\"widget\" data-widget_type=\"text-editor.default\">\n\t\t\t\t<div class=\"elementor-widget-container\">\n\t\t\t\t\t\t\t\t\t<p>Any client\/user has the right to obtain confirmation as to whether or not CL\u00cdNICA TEB\u00d3N is processing personal data concerning them.<br>Also, as provided by the General Data Protection Regulation (GDPR), we inform you that you have the following rights:<\/p><p><strong>Access your data<\/strong><br>As a customer\/user, you have the right to access your data to know what personal data we are processing concerning you.<br><strong>Request rectification or deletion of your data<\/strong><br>In certain circumstances, as a customer\/user you have the right to rectify inaccurate personal data concerning you that is processed by us<br>or even to ask us to delete it when, among other reasons, the data is no longer necessary for the purposes for which it was collected.<br><strong>Request the limitation of the processing of your data<\/strong><br>In certain circumstances, as a customer\/user you have the right to ask us to limit the processing of your data, in which case we inform you that we will only keep them for the exercise or defense of claims as provided for in the General Data Protection Regulation.<br><strong>To the portability of your data<\/strong><br>In certain circumstances, as a customer\/user, you have the right to receive the personal data concerning you, which you have provided to us, in a structured, commonly used and machine-readable format and to transmit it to another data controller.<br><strong>Oppose the processing of your data<\/strong><br>In certain circumstances and for reasons related to your particular situation, as a customer\/user you have the right to oppose the processing of your data in which case, we would stop processing them except for compelling legitimate reasons, or the exercise or defense of possible claims.<br>The user has the right to withdraw consent at any time, without affecting the lawfulness of the processing based on the consent prior to its withdrawal. However, in case of withdrawal of consent, you may not use our services.   <\/p><p><strong>Where should you go to exercise your rights?<\/strong><br>To exercise your rights, the interested party may contact<br>through 2 main channels:<\/p><p>1) Through CL\u00cdNICA TEB\u00d3N&#8217;s e-mail address, that is, info@clinicatebon.es.<\/p><p>2) Addressing a letter to CL\u00cdNICA TEB\u00d3N located at C\/Compositor Lehmberg Ru\u00edz, 6 &#8211; 29.007 M\u00e1laga<\/p><p>We will respond to your requests as soon as possible and, in any case, within the deadlines required by current legislation.<\/p>\t\t\t\t\t\t\t\t<\/div>\n\t\t\t\t<\/div>\n\t\t\t\t<div class=\"elementor-element elementor-element-17b8ae6 elementor-widget elementor-widget-heading\" data-id=\"17b8ae6\" data-element_type=\"widget\" data-e-type=\"widget\" data-widget_type=\"heading.default\">\n\t\t\t\t<div class=\"elementor-widget-container\">\n\t\t\t\t\t<h2 class=\"elementor-heading-title elementor-size-default\">TEBON CLINIC SOCIAL NETWORKS<\/h2>\t\t\t\t<\/div>\n\t\t\t\t<\/div>\n\t\t\t\t<div class=\"elementor-element elementor-element-eb03d41 elementor-widget elementor-widget-text-editor\" data-id=\"eb03d41\" data-element_type=\"widget\" data-e-type=\"widget\" data-widget_type=\"text-editor.default\">\n\t\t\t\t<div class=\"elementor-widget-container\">\n\t\t\t\t\t\t\t\t\t<p>CL\u00cdNICA TEB\u00d3N has a corporate profile on the main social networks on the Internet (Facebook, Instagram) and is in all cases responsible for the processing of data and information from its publications, but not those published by its followers, fans, subscribers, commentators and other user profiles.  <br>The treatment that CL\u00cdNICA TEB\u00d3N will carry out with said data will be, at most, that which the social network allows to the corporate profiles and will always have an informative purpose.<br>Thus, CL\u00cdNICA TEB\u00d3N will be able to inform its followers by any means that the social network allows about its news and novelties in its catalog of offers and promotions about our clinical services.<\/p>\t\t\t\t\t\t\t\t<\/div>\n\t\t\t\t<\/div>\n\t\t\t\t\t<\/div>\n\t\t<\/div>\n\t\t\t\t\t<\/div>\n\t\t<\/section>\n\t\t\t\t<\/div>\n\t\t","protected":false},"excerpt":{"rendered":"<p>At CL\u00cdNICA TEB\u00d3N we believe in the importance of guaranteeing the security and identity of our clients and users, as<\/p>\n","protected":false},"author":2,"featured_media":0,"parent":0,"menu_order":0,"comment_status":"closed","ping_status":"closed","template":"","meta":{"footnotes":""},"class_list":["post-863","page","type-page","status-publish","hentry"],"yoast_head":"<!-- This site is optimized with the Yoast SEO plugin v27.6 - https:\/\/yoast.com\/product\/yoast-seo-wordpress\/ -->\n<title>Privacy policy | Tebon Clinic<\/title>\n<meta name=\"description\" content=\"Privacy policy in Tebon Clinic&#8230;\" \/>\n<meta name=\"robots\" content=\"noindex, nofollow\" \/>\n<meta property=\"og:locale\" content=\"en_US\" \/>\n<meta property=\"og:type\" content=\"article\" \/>\n<meta property=\"og:title\" content=\"Privacy policy | Tebon Clinic\" \/>\n<meta property=\"og:description\" content=\"Privacy policy in Tebon Clinic&#8230;\" \/>\n<meta property=\"og:url\" content=\"https:\/\/www.clinicatebon.es\/en\/privacy-policy\/\" \/>\n<meta property=\"og:site_name\" content=\"Clinica Tebon\" \/>\n<meta property=\"article:publisher\" content=\"https:\/\/www.facebook.com\/ClinicaTebon\/\" \/>\n<meta property=\"article:modified_time\" content=\"2025-04-23T07:20:19+00:00\" \/>\n<meta name=\"twitter:card\" content=\"summary_large_image\" \/>\n<meta name=\"twitter:label1\" content=\"Est. reading time\" \/>\n\t<meta name=\"twitter:data1\" content=\"6 minutes\" \/>\n<script type=\"application\/ld+json\" class=\"yoast-schema-graph\">{\"@context\":\"https:\\\/\\\/schema.org\",\"@graph\":[{\"@type\":\"WebPage\",\"@id\":\"https:\\\/\\\/www.clinicatebon.es\\\/en\\\/privacy-policy\\\/\",\"url\":\"https:\\\/\\\/www.clinicatebon.es\\\/en\\\/privacy-policy\\\/\",\"name\":\"Privacy policy | Tebon Clinic\",\"isPartOf\":{\"@id\":\"https:\\\/\\\/www.clinicatebon.es\\\/#website\"},\"datePublished\":\"2018-08-13T16:46:17+00:00\",\"dateModified\":\"2025-04-23T07:20:19+00:00\",\"description\":\"Privacy policy in Tebon Clinic&#8230;\",\"breadcrumb\":{\"@id\":\"https:\\\/\\\/www.clinicatebon.es\\\/en\\\/privacy-policy\\\/#breadcrumb\"},\"inLanguage\":\"en-US\",\"potentialAction\":[{\"@type\":\"ReadAction\",\"target\":[\"https:\\\/\\\/www.clinicatebon.es\\\/en\\\/privacy-policy\\\/\"]}]},{\"@type\":\"BreadcrumbList\",\"@id\":\"https:\\\/\\\/www.clinicatebon.es\\\/en\\\/privacy-policy\\\/#breadcrumb\",\"itemListElement\":[{\"@type\":\"ListItem\",\"position\":1,\"name\":\"Portada\",\"item\":\"https:\\\/\\\/www.clinicatebon.es\\\/en\\\/\"},{\"@type\":\"ListItem\",\"position\":2,\"name\":\"Privacy Policy\"}]},{\"@type\":\"WebSite\",\"@id\":\"https:\\\/\\\/www.clinicatebon.es\\\/#website\",\"url\":\"https:\\\/\\\/www.clinicatebon.es\\\/\",\"name\":\"Clinica Tebon\",\"description\":\"Cl\u00ednica de cirug\u00eda pl\u00e1stica, est\u00e9tica y reparadora ubicada en el centro de M\u00e1laga\",\"publisher\":{\"@id\":\"https:\\\/\\\/www.clinicatebon.es\\\/#organization\"},\"potentialAction\":[{\"@type\":\"SearchAction\",\"target\":{\"@type\":\"EntryPoint\",\"urlTemplate\":\"https:\\\/\\\/www.clinicatebon.es\\\/?s={search_term_string}\"},\"query-input\":{\"@type\":\"PropertyValueSpecification\",\"valueRequired\":true,\"valueName\":\"search_term_string\"}}],\"inLanguage\":\"en-US\"},{\"@type\":\"Organization\",\"@id\":\"https:\\\/\\\/www.clinicatebon.es\\\/#organization\",\"name\":\"Cl\u00ednica Tebon\",\"url\":\"https:\\\/\\\/www.clinicatebon.es\\\/\",\"logo\":{\"@type\":\"ImageObject\",\"inLanguage\":\"en-US\",\"@id\":\"https:\\\/\\\/www.clinicatebon.es\\\/#\\\/schema\\\/logo\\\/image\\\/\",\"url\":\"https:\\\/\\\/www.clinicatebon.es\\\/wp-content\\\/uploads\\\/2017\\\/08\\\/LogoCl\u00ednicaTebon.png\",\"contentUrl\":\"https:\\\/\\\/www.clinicatebon.es\\\/wp-content\\\/uploads\\\/2017\\\/08\\\/LogoCl\u00ednicaTebon.png\",\"width\":1600,\"height\":672,\"caption\":\"Cl\u00ednica Tebon\"},\"image\":{\"@id\":\"https:\\\/\\\/www.clinicatebon.es\\\/#\\\/schema\\\/logo\\\/image\\\/\"},\"sameAs\":[\"https:\\\/\\\/www.facebook.com\\\/ClinicaTebon\\\/\",\"https:\\\/\\\/www.instagram.com\\\/clinicatebon\\\/?hl=es\"]}]}<\/script>\n<!-- \/ Yoast SEO plugin. -->","yoast_head_json":{"title":"Privacy policy | Tebon Clinic","description":"Privacy policy in Tebon Clinic&#8230;","robots":{"index":"noindex","follow":"nofollow"},"og_locale":"en_US","og_type":"article","og_title":"Privacy policy | Tebon Clinic","og_description":"Privacy policy in Tebon Clinic&#8230;","og_url":"https:\/\/www.clinicatebon.es\/en\/privacy-policy\/","og_site_name":"Clinica Tebon","article_publisher":"https:\/\/www.facebook.com\/ClinicaTebon\/","article_modified_time":"2025-04-23T07:20:19+00:00","twitter_card":"summary_large_image","twitter_misc":{"Est. reading time":"6 minutes"},"schema":{"@context":"https:\/\/schema.org","@graph":[{"@type":"WebPage","@id":"https:\/\/www.clinicatebon.es\/en\/privacy-policy\/","url":"https:\/\/www.clinicatebon.es\/en\/privacy-policy\/","name":"Privacy policy | Tebon Clinic","isPartOf":{"@id":"https:\/\/www.clinicatebon.es\/#website"},"datePublished":"2018-08-13T16:46:17+00:00","dateModified":"2025-04-23T07:20:19+00:00","description":"Privacy policy in Tebon Clinic&#8230;","breadcrumb":{"@id":"https:\/\/www.clinicatebon.es\/en\/privacy-policy\/#breadcrumb"},"inLanguage":"en-US","potentialAction":[{"@type":"ReadAction","target":["https:\/\/www.clinicatebon.es\/en\/privacy-policy\/"]}]},{"@type":"BreadcrumbList","@id":"https:\/\/www.clinicatebon.es\/en\/privacy-policy\/#breadcrumb","itemListElement":[{"@type":"ListItem","position":1,"name":"Portada","item":"https:\/\/www.clinicatebon.es\/en\/"},{"@type":"ListItem","position":2,"name":"Privacy Policy"}]},{"@type":"WebSite","@id":"https:\/\/www.clinicatebon.es\/#website","url":"https:\/\/www.clinicatebon.es\/","name":"Clinica Tebon","description":"Cl\u00ednica de cirug\u00eda pl\u00e1stica, est\u00e9tica y reparadora ubicada en el centro de M\u00e1laga","publisher":{"@id":"https:\/\/www.clinicatebon.es\/#organization"},"potentialAction":[{"@type":"SearchAction","target":{"@type":"EntryPoint","urlTemplate":"https:\/\/www.clinicatebon.es\/?s={search_term_string}"},"query-input":{"@type":"PropertyValueSpecification","valueRequired":true,"valueName":"search_term_string"}}],"inLanguage":"en-US"},{"@type":"Organization","@id":"https:\/\/www.clinicatebon.es\/#organization","name":"Cl\u00ednica Tebon","url":"https:\/\/www.clinicatebon.es\/","logo":{"@type":"ImageObject","inLanguage":"en-US","@id":"https:\/\/www.clinicatebon.es\/#\/schema\/logo\/image\/","url":"https:\/\/www.clinicatebon.es\/wp-content\/uploads\/2017\/08\/LogoCl\u00ednicaTebon.png","contentUrl":"https:\/\/www.clinicatebon.es\/wp-content\/uploads\/2017\/08\/LogoCl\u00ednicaTebon.png","width":1600,"height":672,"caption":"Cl\u00ednica Tebon"},"image":{"@id":"https:\/\/www.clinicatebon.es\/#\/schema\/logo\/image\/"},"sameAs":["https:\/\/www.facebook.com\/ClinicaTebon\/","https:\/\/www.instagram.com\/clinicatebon\/?hl=es"]}]}},"_links":{"self":[{"href":"https:\/\/www.clinicatebon.es\/en\/wp-json\/wp\/v2\/pages\/863","targetHints":{"allow":["GET"]}}],"collection":[{"href":"https:\/\/www.clinicatebon.es\/en\/wp-json\/wp\/v2\/pages"}],"about":[{"href":"https:\/\/www.clinicatebon.es\/en\/wp-json\/wp\/v2\/types\/page"}],"author":[{"embeddable":true,"href":"https:\/\/www.clinicatebon.es\/en\/wp-json\/wp\/v2\/users\/2"}],"replies":[{"embeddable":true,"href":"https:\/\/www.clinicatebon.es\/en\/wp-json\/wp\/v2\/comments?post=863"}],"version-history":[{"count":5,"href":"https:\/\/www.clinicatebon.es\/en\/wp-json\/wp\/v2\/pages\/863\/revisions"}],"predecessor-version":[{"id":1857,"href":"https:\/\/www.clinicatebon.es\/en\/wp-json\/wp\/v2\/pages\/863\/revisions\/1857"}],"wp:attachment":[{"href":"https:\/\/www.clinicatebon.es\/en\/wp-json\/wp\/v2\/media?parent=863"}],"curies":[{"name":"wp","href":"https:\/\/api.w.org\/{rel}","templated":true}]}}