{"id":893,"date":"2018-08-09T08:27:20","date_gmt":"2018-08-09T08:27:20","guid":{"rendered":"https:\/\/www.clinicatebon.es\/carboxiterapia-malaga\/"},"modified":"2025-04-23T07:20:12","modified_gmt":"2025-04-23T07:20:12","slug":"carboxytherapy-malaga","status":"publish","type":"page","link":"https:\/\/www.clinicatebon.es\/en\/carboxytherapy-malaga\/","title":{"rendered":"Carboxitherapy in Malaga"},"content":{"rendered":"<p>[vc_row][vc_column][vc_column_text]En nuestra cl\u00ednica de <strong>Medicina Est\u00e9tica en M\u00e1laga<\/strong> disponemos de la \u00faltima aparatolog\u00eda en <a href=\"https:\/\/www.clinicatebon.es\/en\/blog\/aesthetic-medicine-in-malaga-carboxitherapy\/\" target=\"_blank\" rel=\"noopener noreferrer\"><strong>Carboxiterapia<\/strong><\/a>, lo que garantiza junto a nuestros profesionales, los mejores resultados est\u00e9ticos.<\/p>\n<p>La <a href=\"https:\/\/es.wikipedia.org\/wiki\/Carboxiterapia\" target=\"_blank\" rel=\"noopener noreferrer\"><strong>carboxiterapia<\/strong><\/a> es un tratamiento m\u00e9dico est\u00e9tico que consiste en la microinyecci\u00f3n subcut\u00e1nea e intrad\u00e9rmica de CO2 medicinal con una pureza del 99,9%. T\u00e9cnica con la que se produce una oxigenaci\u00f3n de los tejidos, mejorando con ello la microcirculaci\u00f3n, dando lugar a una <strong>mayor elasticidad, producci\u00f3n de col\u00e1geno y por lo tanto mejorando y rejuveneciendo la piel <\/strong>de la zona tratada. Vamos a favorecer y promover la producci\u00f3n de bradiquinina, serotonina, catecolaminas y col\u00e1geno, sustancias que destruyen la grasa y favorecen la renovaci\u00f3n de nuestra piel.<\/p>\n<p>Gracias a la acci\u00f3n del tratamiento de <strong>carboxiterapia<\/strong>, vamos a poder eliminar as\u00ed la grasa localizada, reducir la celulitis, estr\u00edas, cicatrices de acn\u00e9, mejorar la flacidez de la piel, corregir arrugas faciales, mejorar las ojeras oscurecidas, bioestimulaci\u00f3n facial, mejorar los resultados tras una liposucci\u00f3n, fibrosis postquir\u00fargica, alopecia (derivada a falta de oxigenaci\u00f3n o carencias nutritivas) y \u00falceras en la piel.<\/p>\n<p>[\/vc_column_text][vc_single_image image=&#8221;647&#8243; img_size=&#8221;large&#8221;][vc_custom_heading text=&#8221;Durante la sesi\u00f3n.&#8221; font_container=&#8221;tag:h1|text_align:left&#8221; use_theme_fonts=&#8221;yes&#8221;][\/vc_column][vc_column width=&#8221;1\/4&#8243; css=&#8221;.vc_custom_1504029601002{margin-top: 0px !important;margin-right: 0px !important;margin-bottom: 0px !important;margin-left: 0px !important;border-top-width: 0px !important;border-right-width: 0px !important;border-bottom-width: 0px !important;border-left-width: 0px !important;padding-top: 0px !important;padding-right: 0px !important;padding-bottom: 0px !important;padding-left: 0px !important;}&#8221; offset=&#8221;vc_col-xs-3&#8243;]<div data-id=\"mpc_divider-6369d5305c9b6a6\" class=\"mpc-divider-wrap\"><div class=\"mpc-divider mpc-init mpc-align--right mpc-disable--left \" ><div class=\"mpc-divider__line mpc-side--left\"><span><\/span><\/div><div class=\"mpc-divider__line mpc-side--right\"><span><\/span><\/div><\/div><\/div>[\/vc_column][vc_column width=&#8221;3\/4&#8243; css=&#8221;.vc_custom_1503950868397{margin-top: 0px !important;margin-right: 0px !important;margin-bottom: 0px !important;margin-left: 0px !important;border-top-width: 0px !important;border-right-width: 0px !important;border-bottom-width: 0px !important;border-left-width: 0px !important;padding-top: 0px !important;padding-right: 0px !important;padding-bottom: 0px !important;padding-left: 0px !important;}&#8221; offset=&#8221;vc_col-xs-9&#8243;]<div data-id=\"mpc_divider-1269d5305c9b70e\" class=\"mpc-divider-wrap\"><div class=\"mpc-divider mpc-init mpc-align--left mpc-disable--left \" ><div class=\"mpc-divider__line mpc-side--left\"><span><\/span><\/div><div class=\"mpc-divider__line mpc-side--right\"><span><\/span><\/div><\/div><\/div>[\/vc_column][vc_column][vc_empty_space][vc_column_text]<\/p>\n<p class=\"Cuerpo\"><span lang=\"ES-TRAD\">Las sesiones durar\u00e1n de 10-30 minutos dependiendo de la zona o zonas a tratar. Durante la sesi\u00f3n los pacientes sienten un leve dolor local, sensaci\u00f3n de adormecimiento y crepitaci\u00f3n en las extremidades, as\u00ed como enrojecimiento y edema en la zona tratada, que desaparece en 24-48H. Nuestro equipo trabajar\u00e1 para que estas sensaciones se reduzcan.<\/span><\/p>\n<p>[\/vc_column_text][\/vc_column][\/vc_row][vc_row][vc_column][vc_custom_heading text=&#8221;Despu\u00e9s de la sesi\u00f3n.&#8221; font_container=&#8221;tag:h1|text_align:left&#8221; use_theme_fonts=&#8221;yes&#8221;][\/vc_column][vc_column width=&#8221;1\/4&#8243; css=&#8221;.vc_custom_1504029601002{margin-top: 0px !important;margin-right: 0px !important;margin-bottom: 0px !important;margin-left: 0px !important;border-top-width: 0px !important;border-right-width: 0px !important;border-bottom-width: 0px !important;border-left-width: 0px !important;padding-top: 0px !important;padding-right: 0px !important;padding-bottom: 0px !important;padding-left: 0px !important;}&#8221; offset=&#8221;vc_col-xs-3&#8243;]<div data-id=\"mpc_divider-5369d5305c9b75c\" class=\"mpc-divider-wrap\"><div class=\"mpc-divider mpc-init mpc-align--right mpc-disable--left \" ><div class=\"mpc-divider__line mpc-side--left\"><span><\/span><\/div><div class=\"mpc-divider__line mpc-side--right\"><span><\/span><\/div><\/div><\/div>[\/vc_column][vc_column width=&#8221;3\/4&#8243; css=&#8221;.vc_custom_1503950868397{margin-top: 0px !important;margin-right: 0px !important;margin-bottom: 0px !important;margin-left: 0px !important;border-top-width: 0px !important;border-right-width: 0px !important;border-bottom-width: 0px !important;border-left-width: 0px !important;padding-top: 0px !important;padding-right: 0px !important;padding-bottom: 0px !important;padding-left: 0px !important;}&#8221; offset=&#8221;vc_col-xs-9&#8243;]<div data-id=\"mpc_divider-2669d5305c9b79f\" class=\"mpc-divider-wrap\"><div class=\"mpc-divider mpc-init mpc-align--left mpc-disable--left \" ><div class=\"mpc-divider__line mpc-side--left\"><span><\/span><\/div><div class=\"mpc-divider__line mpc-side--right\"><span><\/span><\/div><\/div><\/div>[\/vc_column][vc_column][vc_empty_space][vc_column_text]<\/p>\n<p class=\"Cuerpo\"><span lang=\"ES-TRAD\">Se puede incorporar a su vida diaria inmediatamente. Se recomienda no hacer ejercicio intenso, ir a piscina, sauna, playa y no fumar en 24h tras la sesi\u00f3n. Pueden aparecer hematomas en la zona de inyecci\u00f3n (foto protecci\u00f3n de 50+ SPF sobre hematomas)<\/span><\/p>\n<p>[\/vc_column_text][\/vc_column][\/vc_row][vc_row][vc_column][vc_custom_heading text=&#8221;Preguntas Frecuentes&#8221; font_container=&#8221;tag:h1|text_align:left&#8221; use_theme_fonts=&#8221;yes&#8221;][\/vc_column][vc_column width=&#8221;1\/4&#8243; css=&#8221;.vc_custom_1504029601002{margin-top: 0px !important;margin-right: 0px !important;margin-bottom: 0px !important;margin-left: 0px !important;border-top-width: 0px !important;border-right-width: 0px !important;border-bottom-width: 0px !important;border-left-width: 0px !important;padding-top: 0px !important;padding-right: 0px !important;padding-bottom: 0px !important;padding-left: 0px !important;}&#8221; offset=&#8221;vc_col-xs-3&#8243;]<div data-id=\"mpc_divider-2369d5305c9b7d3\" class=\"mpc-divider-wrap\"><div class=\"mpc-divider mpc-init mpc-align--right mpc-disable--left \" ><div class=\"mpc-divider__line mpc-side--left\"><span><\/span><\/div><div class=\"mpc-divider__line mpc-side--right\"><span><\/span><\/div><\/div><\/div>[\/vc_column][vc_column width=&#8221;3\/4&#8243; css=&#8221;.vc_custom_1503950868397{margin-top: 0px !important;margin-right: 0px !important;margin-bottom: 0px !important;margin-left: 0px !important;border-top-width: 0px !important;border-right-width: 0px !important;border-bottom-width: 0px !important;border-left-width: 0px !important;padding-top: 0px !important;padding-right: 0px !important;padding-bottom: 0px !important;padding-left: 0px !important;}&#8221; offset=&#8221;vc_col-xs-9&#8243;]<div data-id=\"mpc_divider-3669d5305c9b801\" class=\"mpc-divider-wrap\"><div class=\"mpc-divider mpc-init mpc-align--left mpc-disable--left \" ><div class=\"mpc-divider__line mpc-side--left\"><span><\/span><\/div><div class=\"mpc-divider__line mpc-side--right\"><span><\/span><\/div><\/div><\/div>[\/vc_column][vc_column][vc_empty_space][\/vc_column][\/vc_row][vc_row][vc_column][vc_tta_accordion style=&#8221;outline&#8221; shape=&#8221;square&#8221; color=&#8221;mulled-wine&#8221; c_icon=&#8221;triangle&#8221; active_section=&#8221;99&#8243;][vc_tta_section title=&#8221;\u00bfQu\u00e9 contraindicaciones tiene?&#8221; tab_id=&#8221;1&#8243;][vc_column_text]Pacientes con problemas de insuficiencia hep\u00e1tica, respiratoria, cardiaca o renal, epilepsia, infecciones en la zona a tratar, asma, problemas circulatorios, embarazadas o en periodo de lactancia, no podr\u00e1n realizarse este tratamiento de carboxiterapia, pero nuestros m\u00e9dicos en Cl\u00ednica Tebon le indicar\u00e1n que alternativas de medicina est\u00e9tica tenemos en nuestra cl\u00ednica.[\/vc_column_text][\/vc_tta_section][vc_tta_section title=&#8221;\u00bfEs un tratamiento seguro?&#8221; tab_id=&#8221;2&#8243;][vc_column_text]<\/p>\n<p class=\"Cuerpo\"><span lang=\"ES-TRAD\">S\u00ed, es completamente seguro, pues act\u00faa como vasodilatador y trabaja en modo totalmente fisiol\u00f3gico, regulando la funci\u00f3n de microcirculaci\u00f3n.<\/span><\/p>\n<p>[\/vc_column_text][\/vc_tta_section][vc_tta_section title=&#8221;\u00bfCu\u00e1l es el protocolo de administraci\u00f3n?&#8221; tab_id=&#8221;3&#8243;][vc_column_text]El protocolo de administraci\u00f3n es de 10-20 sesiones en funci\u00f3n del paciente y de la zona a tratar, espaciadas en 48-72h, pudi\u00e9ndose dar de 2-3 sesiones a la semana, en el caso de rostro, estr\u00edas, cicatrices o laxitud cut\u00e1nea 1 a la semana.[\/vc_column_text][\/vc_tta_section][vc_tta_section title=&#8221;\u00bfPuedo combinarla con otros tratamientos?&#8221; tab_id=&#8221;4&#8243;][vc_column_text]<span lang=\"ES-TRAD\">S\u00ed, es m\u00e1s, se obtienen mejores resultados si lo combinamos con <b>mesoterapia o presoterapia<\/b>. Tenemos que tener en cuenta que no se trata de tratamiento definitivo, y que debemos combinarlo con una dieta saludable, ejercicio diario y beber alrededor de 2,5L de agua diaria. <\/span>[\/vc_column_text][\/vc_tta_section][vc_tta_section title=&#8221;\u00bfD\u00f3nde se puede aplicar?&#8221; tab_id=&#8221;5&#8243;][vc_column_text]<\/p>\n<p class=\"Cuerpo\"><span lang=\"ES-TRAD\">La podemos aplicar tanto en muslos, gl\u00fateos, gemelos, abdomen, brazos, escote, cuello y rostro.<\/span><\/p>\n<p>[\/vc_column_text][\/vc_tta_section][\/vc_tta_accordion][\/vc_column][\/vc_row]<\/p>\n","protected":false},"excerpt":{"rendered":"<p>[vc_row][vc_column][vc_column_text]En nuestra cl\u00ednica de Medicina Est\u00e9tica en M\u00e1laga disponemos de la \u00faltima aparatolog\u00eda en Carboxiterapia, lo que garantiza junto a<\/p>\n","protected":false},"author":2,"featured_media":0,"parent":0,"menu_order":0,"comment_status":"closed","ping_status":"closed","template":"page-left-sidebar.php","meta":{"footnotes":""},"class_list":["post-893","page","type-page","status-publish","hentry"],"yoast_head":"<!-- This site is optimized with the Yoast SEO plugin v27.3 - https:\/\/yoast.com\/product\/yoast-seo-wordpress\/ -->\n<title>Carboxitherapy in Malaga : Cl\u00ednica Tebon : Aesthetic Medicine<\/title>\n<meta name=\"description\" content=\"Do you want to alleviate the effects of the passage of time and rejuvenate your face? With our Carboxitherapy treatment in Malaga, in our clinic, you will achieve it.\" \/>\n<meta name=\"robots\" content=\"index, follow, max-snippet:-1, max-image-preview:large, max-video-preview:-1\" \/>\n<link rel=\"canonical\" href=\"https:\/\/www.clinicatebon.es\/en\/carboxytherapy-malaga\/\" \/>\n<meta property=\"og:locale\" content=\"en_US\" \/>\n<meta property=\"og:type\" content=\"article\" \/>\n<meta property=\"og:title\" content=\"Carboxitherapy in Malaga : Cl\u00ednica Tebon : Aesthetic Medicine\" \/>\n<meta property=\"og:description\" content=\"Do you want to alleviate the effects of the passage of time and rejuvenate your face? With our Carboxitherapy treatment in Malaga, in our clinic, you will achieve it.\" \/>\n<meta property=\"og:url\" content=\"https:\/\/www.clinicatebon.es\/en\/carboxytherapy-malaga\/\" \/>\n<meta property=\"og:site_name\" content=\"Clinica Tebon\" \/>\n<meta property=\"article:publisher\" content=\"https:\/\/www.facebook.com\/ClinicaTebon\/\" \/>\n<meta property=\"article:modified_time\" content=\"2025-04-23T07:20:12+00:00\" \/>\n<meta name=\"twitter:card\" content=\"summary_large_image\" \/>\n<meta name=\"twitter:label1\" content=\"Est. reading time\" \/>\n\t<meta name=\"twitter:data1\" content=\"6 minutes\" \/>\n<script type=\"application\/ld+json\" class=\"yoast-schema-graph\">{\"@context\":\"https:\\\/\\\/schema.org\",\"@graph\":[{\"@type\":\"WebPage\",\"@id\":\"https:\\\/\\\/www.clinicatebon.es\\\/en\\\/carboxytherapy-malaga\\\/\",\"url\":\"https:\\\/\\\/www.clinicatebon.es\\\/en\\\/carboxytherapy-malaga\\\/\",\"name\":\"Carboxitherapy in Malaga : Cl\u00ednica Tebon : Aesthetic Medicine\",\"isPartOf\":{\"@id\":\"https:\\\/\\\/www.clinicatebon.es\\\/#website\"},\"datePublished\":\"2018-08-09T08:27:20+00:00\",\"dateModified\":\"2025-04-23T07:20:12+00:00\",\"description\":\"Do you want to alleviate the effects of the passage of time and rejuvenate your face? With our Carboxitherapy treatment in Malaga, in our clinic, you will achieve it.\",\"breadcrumb\":{\"@id\":\"https:\\\/\\\/www.clinicatebon.es\\\/en\\\/carboxytherapy-malaga\\\/#breadcrumb\"},\"inLanguage\":\"en-US\",\"potentialAction\":[{\"@type\":\"ReadAction\",\"target\":[\"https:\\\/\\\/www.clinicatebon.es\\\/en\\\/carboxytherapy-malaga\\\/\"]}]},{\"@type\":\"BreadcrumbList\",\"@id\":\"https:\\\/\\\/www.clinicatebon.es\\\/en\\\/carboxytherapy-malaga\\\/#breadcrumb\",\"itemListElement\":[{\"@type\":\"ListItem\",\"position\":1,\"name\":\"Portada\",\"item\":\"https:\\\/\\\/www.clinicatebon.es\\\/en\\\/\"},{\"@type\":\"ListItem\",\"position\":2,\"name\":\"Carboxitherapy in Malaga\"}]},{\"@type\":\"WebSite\",\"@id\":\"https:\\\/\\\/www.clinicatebon.es\\\/#website\",\"url\":\"https:\\\/\\\/www.clinicatebon.es\\\/\",\"name\":\"Clinica Tebon\",\"description\":\"Cl\u00ednica de cirug\u00eda pl\u00e1stica, est\u00e9tica y reparadora ubicada en el centro de M\u00e1laga\",\"publisher\":{\"@id\":\"https:\\\/\\\/www.clinicatebon.es\\\/#organization\"},\"potentialAction\":[{\"@type\":\"SearchAction\",\"target\":{\"@type\":\"EntryPoint\",\"urlTemplate\":\"https:\\\/\\\/www.clinicatebon.es\\\/?s={search_term_string}\"},\"query-input\":{\"@type\":\"PropertyValueSpecification\",\"valueRequired\":true,\"valueName\":\"search_term_string\"}}],\"inLanguage\":\"en-US\"},{\"@type\":\"Organization\",\"@id\":\"https:\\\/\\\/www.clinicatebon.es\\\/#organization\",\"name\":\"Cl\u00ednica Tebon\",\"url\":\"https:\\\/\\\/www.clinicatebon.es\\\/\",\"logo\":{\"@type\":\"ImageObject\",\"inLanguage\":\"en-US\",\"@id\":\"https:\\\/\\\/www.clinicatebon.es\\\/#\\\/schema\\\/logo\\\/image\\\/\",\"url\":\"https:\\\/\\\/www.clinicatebon.es\\\/wp-content\\\/uploads\\\/2017\\\/08\\\/LogoCl\u00ednicaTebon.png\",\"contentUrl\":\"https:\\\/\\\/www.clinicatebon.es\\\/wp-content\\\/uploads\\\/2017\\\/08\\\/LogoCl\u00ednicaTebon.png\",\"width\":1600,\"height\":672,\"caption\":\"Cl\u00ednica Tebon\"},\"image\":{\"@id\":\"https:\\\/\\\/www.clinicatebon.es\\\/#\\\/schema\\\/logo\\\/image\\\/\"},\"sameAs\":[\"https:\\\/\\\/www.facebook.com\\\/ClinicaTebon\\\/\",\"https:\\\/\\\/www.instagram.com\\\/clinicatebon\\\/?hl=es\"]}]}<\/script>\n<!-- \/ Yoast SEO plugin. -->","yoast_head_json":{"title":"Carboxitherapy in Malaga : Cl\u00ednica Tebon : Aesthetic Medicine","description":"Do you want to alleviate the effects of the passage of time and rejuvenate your face? With our Carboxitherapy treatment in Malaga, in our clinic, you will achieve it.","robots":{"index":"index","follow":"follow","max-snippet":"max-snippet:-1","max-image-preview":"max-image-preview:large","max-video-preview":"max-video-preview:-1"},"canonical":"https:\/\/www.clinicatebon.es\/en\/carboxytherapy-malaga\/","og_locale":"en_US","og_type":"article","og_title":"Carboxitherapy in Malaga : Cl\u00ednica Tebon : Aesthetic Medicine","og_description":"Do you want to alleviate the effects of the passage of time and rejuvenate your face? With our Carboxitherapy treatment in Malaga, in our clinic, you will achieve it.","og_url":"https:\/\/www.clinicatebon.es\/en\/carboxytherapy-malaga\/","og_site_name":"Clinica Tebon","article_publisher":"https:\/\/www.facebook.com\/ClinicaTebon\/","article_modified_time":"2025-04-23T07:20:12+00:00","twitter_card":"summary_large_image","twitter_misc":{"Est. reading time":"6 minutes"},"schema":{"@context":"https:\/\/schema.org","@graph":[{"@type":"WebPage","@id":"https:\/\/www.clinicatebon.es\/en\/carboxytherapy-malaga\/","url":"https:\/\/www.clinicatebon.es\/en\/carboxytherapy-malaga\/","name":"Carboxitherapy in Malaga : Cl\u00ednica Tebon : Aesthetic Medicine","isPartOf":{"@id":"https:\/\/www.clinicatebon.es\/#website"},"datePublished":"2018-08-09T08:27:20+00:00","dateModified":"2025-04-23T07:20:12+00:00","description":"Do you want to alleviate the effects of the passage of time and rejuvenate your face? With our Carboxitherapy treatment in Malaga, in our clinic, you will achieve it.","breadcrumb":{"@id":"https:\/\/www.clinicatebon.es\/en\/carboxytherapy-malaga\/#breadcrumb"},"inLanguage":"en-US","potentialAction":[{"@type":"ReadAction","target":["https:\/\/www.clinicatebon.es\/en\/carboxytherapy-malaga\/"]}]},{"@type":"BreadcrumbList","@id":"https:\/\/www.clinicatebon.es\/en\/carboxytherapy-malaga\/#breadcrumb","itemListElement":[{"@type":"ListItem","position":1,"name":"Portada","item":"https:\/\/www.clinicatebon.es\/en\/"},{"@type":"ListItem","position":2,"name":"Carboxitherapy in Malaga"}]},{"@type":"WebSite","@id":"https:\/\/www.clinicatebon.es\/#website","url":"https:\/\/www.clinicatebon.es\/","name":"Clinica Tebon","description":"Cl\u00ednica de cirug\u00eda pl\u00e1stica, est\u00e9tica y reparadora ubicada en el centro de M\u00e1laga","publisher":{"@id":"https:\/\/www.clinicatebon.es\/#organization"},"potentialAction":[{"@type":"SearchAction","target":{"@type":"EntryPoint","urlTemplate":"https:\/\/www.clinicatebon.es\/?s={search_term_string}"},"query-input":{"@type":"PropertyValueSpecification","valueRequired":true,"valueName":"search_term_string"}}],"inLanguage":"en-US"},{"@type":"Organization","@id":"https:\/\/www.clinicatebon.es\/#organization","name":"Cl\u00ednica Tebon","url":"https:\/\/www.clinicatebon.es\/","logo":{"@type":"ImageObject","inLanguage":"en-US","@id":"https:\/\/www.clinicatebon.es\/#\/schema\/logo\/image\/","url":"https:\/\/www.clinicatebon.es\/wp-content\/uploads\/2017\/08\/LogoCl\u00ednicaTebon.png","contentUrl":"https:\/\/www.clinicatebon.es\/wp-content\/uploads\/2017\/08\/LogoCl\u00ednicaTebon.png","width":1600,"height":672,"caption":"Cl\u00ednica Tebon"},"image":{"@id":"https:\/\/www.clinicatebon.es\/#\/schema\/logo\/image\/"},"sameAs":["https:\/\/www.facebook.com\/ClinicaTebon\/","https:\/\/www.instagram.com\/clinicatebon\/?hl=es"]}]}},"_links":{"self":[{"href":"https:\/\/www.clinicatebon.es\/en\/wp-json\/wp\/v2\/pages\/893","targetHints":{"allow":["GET"]}}],"collection":[{"href":"https:\/\/www.clinicatebon.es\/en\/wp-json\/wp\/v2\/pages"}],"about":[{"href":"https:\/\/www.clinicatebon.es\/en\/wp-json\/wp\/v2\/types\/page"}],"author":[{"embeddable":true,"href":"https:\/\/www.clinicatebon.es\/en\/wp-json\/wp\/v2\/users\/2"}],"replies":[{"embeddable":true,"href":"https:\/\/www.clinicatebon.es\/en\/wp-json\/wp\/v2\/comments?post=893"}],"version-history":[{"count":5,"href":"https:\/\/www.clinicatebon.es\/en\/wp-json\/wp\/v2\/pages\/893\/revisions"}],"predecessor-version":[{"id":1846,"href":"https:\/\/www.clinicatebon.es\/en\/wp-json\/wp\/v2\/pages\/893\/revisions\/1846"}],"wp:attachment":[{"href":"https:\/\/www.clinicatebon.es\/en\/wp-json\/wp\/v2\/media?parent=893"}],"curies":[{"name":"wp","href":"https:\/\/api.w.org\/{rel}","templated":true}]}}