{"id":900,"date":"2018-10-02T07:59:54","date_gmt":"2018-10-02T07:59:54","guid":{"rendered":"https:\/\/www.clinicatebon.es\/?page_id=900"},"modified":"2025-04-23T07:20:17","modified_gmt":"2025-04-23T07:20:17","slug":"correction-mammary-asymmetries-and-tuberous-breasts-malaga","status":"publish","type":"page","link":"https:\/\/www.clinicatebon.es\/en\/correction-mammary-asymmetries-and-tuberous-breasts-malaga\/","title":{"rendered":"Correction of breast asymmetries and tuberous breasts"},"content":{"rendered":"<p>[vc_row][vc_column][vc_column_text]\u00bfBuscas una cl\u00ednica especializada en<strong> correcci\u00f3n de asimetr\u00edas mamarias y mamas tuberosas en M\u00e1laga<\/strong>? Existen pacientes que presentan desde el momento del desarrollo mamario una asimetr\u00eda evidente en el volumen o la forma de sus mamas. Toda mujer tiene siempre una peque\u00f1a asimetr\u00eda (no somos totalmente sim\u00e9tricos), pero en ocasiones esta asimetr\u00eda es m\u00e1s notable e influye en la percepci\u00f3n que tiene la mujer sobre su cuerpo y su autoestima. Estas asimetr\u00edas pueden ser corregidas mediante un aumento de pecho a medida, con diferentes pr\u00f3tesis en cada mama, para lo cual es preciso un exhaustivo examen por parte del cirujano pl\u00e1stico. En nuestra<a href=\"https:\/\/www.clinicatebon.es\/en\/blog\/clinic-plastic-surgery-aesthetic-reconstructive-malaga\/\" target=\"_blank\" rel=\"noopener noreferrer\"><strong> Cl\u00ednica de Cirug\u00eda Est\u00e9tica, Pl\u00e1stica y Reparadora en M\u00e1laga<\/strong><\/a> nos ocupamos de todo.<\/p>\n<p><img fetchpriority=\"high\" decoding=\"async\" class=\"wp-image-289 aligncenter\" src=\"https:\/\/www.clinicatebon.es\/wp-content\/uploads\/2018\/01\/542594977-300x200.jpg\" alt=\"\" width=\"387\" height=\"258\" srcset=\"https:\/\/www.clinicatebon.es\/wp-content\/uploads\/2018\/01\/542594977-300x200.jpg 300w, https:\/\/www.clinicatebon.es\/wp-content\/uploads\/2018\/01\/542594977-768x512.jpg 768w, https:\/\/www.clinicatebon.es\/wp-content\/uploads\/2018\/01\/542594977-1024x683.jpg 1024w, https:\/\/www.clinicatebon.es\/wp-content\/uploads\/2018\/01\/542594977.jpg 1600w\" sizes=\"(max-width: 387px) 100vw, 387px\" \/><\/p>\n<p>En ocasiones, las pacientes presentan unas \u201c<a href=\"https:\/\/es.wikipedia.org\/wiki\/Mamas_tuberosas\" target=\"_blank\" rel=\"noopener noreferrer\">mamas tuberosas<\/a> o tubulares\u201d (que pueden asociar adem\u00e1s una asimetr\u00eda mamaria). Estas mamas se deben a un defecto en el desarrollo mamario que puede provocar una falta de expansi\u00f3n del polo inferior de la mama, unas areolas telescopadas o muy grandes, y una forma de la mama en \u201chocico de Snoopy\u201d. Es decir, un defecto importante en la forma de la mama que crea una alteraci\u00f3n est\u00e9tica en el cuerpo de la mujer. Las mamas tuberosas se pueden corregir con cirug\u00eda, utilizando diferentes t\u00e9cnicas dependiendo del grado de afectaci\u00f3n y del tama\u00f1o de las mamas. Normalmente precisar\u00e1 un aumento con pr\u00f3tesis asociado a dicha correcci\u00f3n.<\/p>\n<p>Para mayor informaci\u00f3n sobre el aumento con pr\u00f3tesis, consulta el apartado de \u201caumento mamario\u201d.<\/p>\n<p>&nbsp;<\/p>\n<p>[\/vc_column_text][\/vc_column][\/vc_row][vc_row][vc_column][vc_custom_heading text=&#8221;Preguntas Frecuentes&#8221; font_container=&#8221;tag:h1|text_align:left&#8221; use_theme_fonts=&#8221;yes&#8221;][\/vc_column][vc_column width=&#8221;1\/4&#8243; css=&#8221;.vc_custom_1504029601002{margin-top: 0px !important;margin-right: 0px !important;margin-bottom: 0px !important;margin-left: 0px !important;border-top-width: 0px !important;border-right-width: 0px !important;border-bottom-width: 0px !important;border-left-width: 0px !important;padding-top: 0px !important;padding-right: 0px !important;padding-bottom: 0px !important;padding-left: 0px !important;}&#8221; offset=&#8221;vc_col-xs-3&#8243;]<div data-id=\"mpc_divider-2669f15f8a9c9eb\" class=\"mpc-divider-wrap\"><div class=\"mpc-divider mpc-init mpc-align--right mpc-disable--left \" ><div class=\"mpc-divider__line mpc-side--left\"><span><\/span><\/div><div class=\"mpc-divider__line mpc-side--right\"><span><\/span><\/div><\/div><\/div>[\/vc_column][vc_column width=&#8221;3\/4&#8243; css=&#8221;.vc_custom_1503950868397{margin-top: 0px !important;margin-right: 0px !important;margin-bottom: 0px !important;margin-left: 0px !important;border-top-width: 0px !important;border-right-width: 0px !important;border-bottom-width: 0px !important;border-left-width: 0px !important;padding-top: 0px !important;padding-right: 0px !important;padding-bottom: 0px !important;padding-left: 0px !important;}&#8221; offset=&#8221;vc_col-xs-9&#8243;]<div data-id=\"mpc_divider-6869f15f8a9ca67\" class=\"mpc-divider-wrap\"><div class=\"mpc-divider mpc-init mpc-align--left mpc-disable--left \" ><div class=\"mpc-divider__line mpc-side--left\"><span><\/span><\/div><div class=\"mpc-divider__line mpc-side--right\"><span><\/span><\/div><\/div><\/div>[\/vc_column][vc_column][vc_empty_space][\/vc_column][\/vc_row][vc_row][vc_column][vc_tta_accordion style=&#8221;outline&#8221; shape=&#8221;square&#8221; color=&#8221;mulled-wine&#8221; c_icon=&#8221;triangle&#8221; active_section=&#8221;99&#8243;][vc_tta_section title=&#8221;\u00bfCu\u00e1ndo es la edad ideal para realizarse una correcci\u00f3n mamaria por asimetr\u00eda o mamas tuberosas?&#8221; tab_id=&#8221;1&#8243;][vc_column_text]Lo ideal es esperar al desarrollo completo de la mujer (una vez terminada la adolescencia), para poder evaluar el resultado final del desarrollo mamario y as\u00ed poder corregirlo. Realizar una cirug\u00eda antes, puede provocar que el resultado sea modificado por el posterior desarrollo mamario.[\/vc_column_text][\/vc_tta_section][\/vc_tta_accordion][\/vc_column][\/vc_row]<\/p>\n","protected":false},"excerpt":{"rendered":"<p>[vc_row][vc_column][vc_column_text]\u00bfBuscas una cl\u00ednica especializada en correcci\u00f3n de asimetr\u00edas mamarias y mamas tuberosas en M\u00e1laga? Existen pacientes que presentan desde el<\/p>\n","protected":false},"author":2,"featured_media":0,"parent":0,"menu_order":0,"comment_status":"closed","ping_status":"closed","template":"page-left-sidebar.php","meta":{"footnotes":""},"class_list":["post-900","page","type-page","status-publish","hentry"],"yoast_head":"<!-- This site is optimized with the Yoast SEO plugin v27.4 - https:\/\/yoast.com\/product\/yoast-seo-wordpress\/ -->\n<title>Correction of breast asymmetries and tuberous breasts in M\u00e1laga<\/title>\n<meta name=\"description\" content=\"Cl\u00ednica Tebon in Malaga is a clinic specialized in the correction of breast asymmetries and tuberous breasts in Malaga, consult us without obligation.\" \/>\n<meta name=\"robots\" content=\"index, follow, max-snippet:-1, max-image-preview:large, max-video-preview:-1\" \/>\n<link rel=\"canonical\" href=\"https:\/\/www.clinicatebon.es\/en\/correction-mammary-asymmetries-and-tuberous-breasts-malaga\/\" \/>\n<meta property=\"og:locale\" content=\"en_US\" \/>\n<meta property=\"og:type\" content=\"article\" \/>\n<meta property=\"og:title\" content=\"Correction of breast asymmetries and tuberous breasts in M\u00e1laga\" \/>\n<meta property=\"og:description\" content=\"Cl\u00ednica Tebon in Malaga is a clinic specialized in the correction of breast asymmetries and tuberous breasts in Malaga, consult us without obligation.\" \/>\n<meta property=\"og:url\" content=\"https:\/\/www.clinicatebon.es\/en\/correction-mammary-asymmetries-and-tuberous-breasts-malaga\/\" \/>\n<meta property=\"og:site_name\" content=\"Clinica Tebon\" \/>\n<meta property=\"article:publisher\" content=\"https:\/\/www.facebook.com\/ClinicaTebon\/\" \/>\n<meta property=\"article:modified_time\" content=\"2025-04-23T07:20:17+00:00\" \/>\n<meta property=\"og:image\" content=\"https:\/\/www.clinicatebon.es\/wp-content\/uploads\/2018\/01\/542594977.jpg\" \/>\n\t<meta property=\"og:image:width\" content=\"1600\" \/>\n\t<meta property=\"og:image:height\" content=\"1067\" \/>\n\t<meta property=\"og:image:type\" content=\"image\/jpeg\" \/>\n<meta name=\"twitter:card\" content=\"summary_large_image\" \/>\n<meta name=\"twitter:label1\" content=\"Est. reading time\" \/>\n\t<meta name=\"twitter:data1\" content=\"3 minutes\" \/>\n<script type=\"application\/ld+json\" class=\"yoast-schema-graph\">{\"@context\":\"https:\\\/\\\/schema.org\",\"@graph\":[{\"@type\":\"WebPage\",\"@id\":\"https:\\\/\\\/www.clinicatebon.es\\\/en\\\/correction-mammary-asymmetries-and-tuberous-breasts-malaga\\\/\",\"url\":\"https:\\\/\\\/www.clinicatebon.es\\\/en\\\/correction-mammary-asymmetries-and-tuberous-breasts-malaga\\\/\",\"name\":\"Correction of breast asymmetries and tuberous breasts in M\u00e1laga\",\"isPartOf\":{\"@id\":\"https:\\\/\\\/www.clinicatebon.es\\\/#website\"},\"primaryImageOfPage\":{\"@id\":\"https:\\\/\\\/www.clinicatebon.es\\\/en\\\/correction-mammary-asymmetries-and-tuberous-breasts-malaga\\\/#primaryimage\"},\"image\":{\"@id\":\"https:\\\/\\\/www.clinicatebon.es\\\/en\\\/correction-mammary-asymmetries-and-tuberous-breasts-malaga\\\/#primaryimage\"},\"thumbnailUrl\":\"https:\\\/\\\/www.clinicatebon.es\\\/wp-content\\\/uploads\\\/2018\\\/01\\\/542594977-300x200.jpg\",\"datePublished\":\"2018-10-02T07:59:54+00:00\",\"dateModified\":\"2025-04-23T07:20:17+00:00\",\"description\":\"Cl\u00ednica Tebon in Malaga is a clinic specialized in the correction of breast asymmetries and tuberous breasts in Malaga, consult us without obligation.\",\"breadcrumb\":{\"@id\":\"https:\\\/\\\/www.clinicatebon.es\\\/en\\\/correction-mammary-asymmetries-and-tuberous-breasts-malaga\\\/#breadcrumb\"},\"inLanguage\":\"en-US\",\"potentialAction\":[{\"@type\":\"ReadAction\",\"target\":[\"https:\\\/\\\/www.clinicatebon.es\\\/en\\\/correction-mammary-asymmetries-and-tuberous-breasts-malaga\\\/\"]}]},{\"@type\":\"ImageObject\",\"inLanguage\":\"en-US\",\"@id\":\"https:\\\/\\\/www.clinicatebon.es\\\/en\\\/correction-mammary-asymmetries-and-tuberous-breasts-malaga\\\/#primaryimage\",\"url\":\"https:\\\/\\\/www.clinicatebon.es\\\/wp-content\\\/uploads\\\/2018\\\/01\\\/542594977-300x200.jpg\",\"contentUrl\":\"https:\\\/\\\/www.clinicatebon.es\\\/wp-content\\\/uploads\\\/2018\\\/01\\\/542594977-300x200.jpg\"},{\"@type\":\"BreadcrumbList\",\"@id\":\"https:\\\/\\\/www.clinicatebon.es\\\/en\\\/correction-mammary-asymmetries-and-tuberous-breasts-malaga\\\/#breadcrumb\",\"itemListElement\":[{\"@type\":\"ListItem\",\"position\":1,\"name\":\"Portada\",\"item\":\"https:\\\/\\\/www.clinicatebon.es\\\/en\\\/\"},{\"@type\":\"ListItem\",\"position\":2,\"name\":\"Correction of breast asymmetries and tuberous breasts\"}]},{\"@type\":\"WebSite\",\"@id\":\"https:\\\/\\\/www.clinicatebon.es\\\/#website\",\"url\":\"https:\\\/\\\/www.clinicatebon.es\\\/\",\"name\":\"Clinica Tebon\",\"description\":\"Cl\u00ednica de cirug\u00eda pl\u00e1stica, est\u00e9tica y reparadora ubicada en el centro de M\u00e1laga\",\"publisher\":{\"@id\":\"https:\\\/\\\/www.clinicatebon.es\\\/#organization\"},\"potentialAction\":[{\"@type\":\"SearchAction\",\"target\":{\"@type\":\"EntryPoint\",\"urlTemplate\":\"https:\\\/\\\/www.clinicatebon.es\\\/?s={search_term_string}\"},\"query-input\":{\"@type\":\"PropertyValueSpecification\",\"valueRequired\":true,\"valueName\":\"search_term_string\"}}],\"inLanguage\":\"en-US\"},{\"@type\":\"Organization\",\"@id\":\"https:\\\/\\\/www.clinicatebon.es\\\/#organization\",\"name\":\"Cl\u00ednica Tebon\",\"url\":\"https:\\\/\\\/www.clinicatebon.es\\\/\",\"logo\":{\"@type\":\"ImageObject\",\"inLanguage\":\"en-US\",\"@id\":\"https:\\\/\\\/www.clinicatebon.es\\\/#\\\/schema\\\/logo\\\/image\\\/\",\"url\":\"https:\\\/\\\/www.clinicatebon.es\\\/wp-content\\\/uploads\\\/2017\\\/08\\\/LogoCl\u00ednicaTebon.png\",\"contentUrl\":\"https:\\\/\\\/www.clinicatebon.es\\\/wp-content\\\/uploads\\\/2017\\\/08\\\/LogoCl\u00ednicaTebon.png\",\"width\":1600,\"height\":672,\"caption\":\"Cl\u00ednica Tebon\"},\"image\":{\"@id\":\"https:\\\/\\\/www.clinicatebon.es\\\/#\\\/schema\\\/logo\\\/image\\\/\"},\"sameAs\":[\"https:\\\/\\\/www.facebook.com\\\/ClinicaTebon\\\/\",\"https:\\\/\\\/www.instagram.com\\\/clinicatebon\\\/?hl=es\"]}]}<\/script>\n<!-- \/ Yoast SEO plugin. -->","yoast_head_json":{"title":"Correction of breast asymmetries and tuberous breasts in M\u00e1laga","description":"Cl\u00ednica Tebon in Malaga is a clinic specialized in the correction of breast asymmetries and tuberous breasts in Malaga, consult us without obligation.","robots":{"index":"index","follow":"follow","max-snippet":"max-snippet:-1","max-image-preview":"max-image-preview:large","max-video-preview":"max-video-preview:-1"},"canonical":"https:\/\/www.clinicatebon.es\/en\/correction-mammary-asymmetries-and-tuberous-breasts-malaga\/","og_locale":"en_US","og_type":"article","og_title":"Correction of breast asymmetries and tuberous breasts in M\u00e1laga","og_description":"Cl\u00ednica Tebon in Malaga is a clinic specialized in the correction of breast asymmetries and tuberous breasts in Malaga, consult us without obligation.","og_url":"https:\/\/www.clinicatebon.es\/en\/correction-mammary-asymmetries-and-tuberous-breasts-malaga\/","og_site_name":"Clinica Tebon","article_publisher":"https:\/\/www.facebook.com\/ClinicaTebon\/","article_modified_time":"2025-04-23T07:20:17+00:00","og_image":[{"width":1600,"height":1067,"url":"https:\/\/www.clinicatebon.es\/wp-content\/uploads\/2018\/01\/542594977.jpg","type":"image\/jpeg"}],"twitter_card":"summary_large_image","twitter_misc":{"Est. reading time":"3 minutes"},"schema":{"@context":"https:\/\/schema.org","@graph":[{"@type":"WebPage","@id":"https:\/\/www.clinicatebon.es\/en\/correction-mammary-asymmetries-and-tuberous-breasts-malaga\/","url":"https:\/\/www.clinicatebon.es\/en\/correction-mammary-asymmetries-and-tuberous-breasts-malaga\/","name":"Correction of breast asymmetries and tuberous breasts in M\u00e1laga","isPartOf":{"@id":"https:\/\/www.clinicatebon.es\/#website"},"primaryImageOfPage":{"@id":"https:\/\/www.clinicatebon.es\/en\/correction-mammary-asymmetries-and-tuberous-breasts-malaga\/#primaryimage"},"image":{"@id":"https:\/\/www.clinicatebon.es\/en\/correction-mammary-asymmetries-and-tuberous-breasts-malaga\/#primaryimage"},"thumbnailUrl":"https:\/\/www.clinicatebon.es\/wp-content\/uploads\/2018\/01\/542594977-300x200.jpg","datePublished":"2018-10-02T07:59:54+00:00","dateModified":"2025-04-23T07:20:17+00:00","description":"Cl\u00ednica Tebon in Malaga is a clinic specialized in the correction of breast asymmetries and tuberous breasts in Malaga, consult us without obligation.","breadcrumb":{"@id":"https:\/\/www.clinicatebon.es\/en\/correction-mammary-asymmetries-and-tuberous-breasts-malaga\/#breadcrumb"},"inLanguage":"en-US","potentialAction":[{"@type":"ReadAction","target":["https:\/\/www.clinicatebon.es\/en\/correction-mammary-asymmetries-and-tuberous-breasts-malaga\/"]}]},{"@type":"ImageObject","inLanguage":"en-US","@id":"https:\/\/www.clinicatebon.es\/en\/correction-mammary-asymmetries-and-tuberous-breasts-malaga\/#primaryimage","url":"https:\/\/www.clinicatebon.es\/wp-content\/uploads\/2018\/01\/542594977-300x200.jpg","contentUrl":"https:\/\/www.clinicatebon.es\/wp-content\/uploads\/2018\/01\/542594977-300x200.jpg"},{"@type":"BreadcrumbList","@id":"https:\/\/www.clinicatebon.es\/en\/correction-mammary-asymmetries-and-tuberous-breasts-malaga\/#breadcrumb","itemListElement":[{"@type":"ListItem","position":1,"name":"Portada","item":"https:\/\/www.clinicatebon.es\/en\/"},{"@type":"ListItem","position":2,"name":"Correction of breast asymmetries and tuberous breasts"}]},{"@type":"WebSite","@id":"https:\/\/www.clinicatebon.es\/#website","url":"https:\/\/www.clinicatebon.es\/","name":"Clinica Tebon","description":"Cl\u00ednica de cirug\u00eda pl\u00e1stica, est\u00e9tica y reparadora ubicada en el centro de M\u00e1laga","publisher":{"@id":"https:\/\/www.clinicatebon.es\/#organization"},"potentialAction":[{"@type":"SearchAction","target":{"@type":"EntryPoint","urlTemplate":"https:\/\/www.clinicatebon.es\/?s={search_term_string}"},"query-input":{"@type":"PropertyValueSpecification","valueRequired":true,"valueName":"search_term_string"}}],"inLanguage":"en-US"},{"@type":"Organization","@id":"https:\/\/www.clinicatebon.es\/#organization","name":"Cl\u00ednica Tebon","url":"https:\/\/www.clinicatebon.es\/","logo":{"@type":"ImageObject","inLanguage":"en-US","@id":"https:\/\/www.clinicatebon.es\/#\/schema\/logo\/image\/","url":"https:\/\/www.clinicatebon.es\/wp-content\/uploads\/2017\/08\/LogoCl\u00ednicaTebon.png","contentUrl":"https:\/\/www.clinicatebon.es\/wp-content\/uploads\/2017\/08\/LogoCl\u00ednicaTebon.png","width":1600,"height":672,"caption":"Cl\u00ednica Tebon"},"image":{"@id":"https:\/\/www.clinicatebon.es\/#\/schema\/logo\/image\/"},"sameAs":["https:\/\/www.facebook.com\/ClinicaTebon\/","https:\/\/www.instagram.com\/clinicatebon\/?hl=es"]}]}},"_links":{"self":[{"href":"https:\/\/www.clinicatebon.es\/en\/wp-json\/wp\/v2\/pages\/900","targetHints":{"allow":["GET"]}}],"collection":[{"href":"https:\/\/www.clinicatebon.es\/en\/wp-json\/wp\/v2\/pages"}],"about":[{"href":"https:\/\/www.clinicatebon.es\/en\/wp-json\/wp\/v2\/types\/page"}],"author":[{"embeddable":true,"href":"https:\/\/www.clinicatebon.es\/en\/wp-json\/wp\/v2\/users\/2"}],"replies":[{"embeddable":true,"href":"https:\/\/www.clinicatebon.es\/en\/wp-json\/wp\/v2\/comments?post=900"}],"version-history":[{"count":5,"href":"https:\/\/www.clinicatebon.es\/en\/wp-json\/wp\/v2\/pages\/900\/revisions"}],"predecessor-version":[{"id":1855,"href":"https:\/\/www.clinicatebon.es\/en\/wp-json\/wp\/v2\/pages\/900\/revisions\/1855"}],"wp:attachment":[{"href":"https:\/\/www.clinicatebon.es\/en\/wp-json\/wp\/v2\/media?parent=900"}],"curies":[{"name":"wp","href":"https:\/\/api.w.org\/{rel}","templated":true}]}}