{"id":903,"date":"2018-08-13T15:54:17","date_gmt":"2018-08-13T15:54:17","guid":{"rendered":"https:\/\/www.clinicatebon.es\/dr-carlos-tellez-egea\/"},"modified":"2026-02-19T09:28:18","modified_gmt":"2026-02-19T09:28:18","slug":"dr-carlos-tellez-egea","status":"publish","type":"page","link":"https:\/\/www.clinicatebon.es\/en\/dr-carlos-tellez-egea\/","title":{"rendered":"Dr. Carlos T\u00e9llez Egea"},"content":{"rendered":"<p>[vc_row][vc_column width=&#8221;2\/6&#8243;]<div data-id=\"mpc_image-3969f45649d0459\" onclick=\"\" class=\"mpc-image mpc-init  mpc-overlay--slide-right\"  data-align=\"middle-center\"><div class=\"mpc-item mpc-transition\"><img fetchpriority=\"high\" decoding=\"async\" width=\"1523\" height=\"1600\" src=\"https:\/\/www.clinicatebon.es\/wp-content\/uploads\/2021\/12\/Carlos-Tellez.jpeg\" class=\"mpc-transition attachment-full\" alt=\"\" srcset=\"https:\/\/www.clinicatebon.es\/wp-content\/uploads\/2021\/12\/Carlos-Tellez.jpeg 1523w, https:\/\/www.clinicatebon.es\/wp-content\/uploads\/2021\/12\/Carlos-Tellez-286x300.jpeg 286w, https:\/\/www.clinicatebon.es\/wp-content\/uploads\/2021\/12\/Carlos-Tellez-975x1024.jpeg 975w, https:\/\/www.clinicatebon.es\/wp-content\/uploads\/2021\/12\/Carlos-Tellez-768x807.jpeg 768w, https:\/\/www.clinicatebon.es\/wp-content\/uploads\/2021\/12\/Carlos-Tellez-1462x1536.jpeg 1462w, https:\/\/www.clinicatebon.es\/wp-content\/uploads\/2021\/12\/Carlos-Tellez-1949x2048.jpeg 1949w\" sizes=\"(max-width: 1523px) 100vw, 1523px\" \/><div class=\"mpc-item-overlay mpc-transition\"><div class=\"mpc-overlay--vertical-wrap\"><div class=\"mpc-overlay--vertical\"><a href=\"https:\/\/www.clinicatebon.es\/wp-content\/uploads\/2021\/12\/Carlos-Tellez.jpeg\" rel=\"mpc\" class=\"mpc-icon-anchor mpc-magnific-popup\"><i class=\"mpc-item-overlay__icon mpc-type--lightbox mpc-icon--icon etl etl-magnifying-glass\"><\/i><\/a><\/div><\/div><\/div><\/div><\/div>[vc_empty_space height=&#8221;15px&#8221;][vc_raw_js]JTNDYSUyMGlkJTNEJTIyemwtdXJsJTIyJTIwY2xhc3MlM0QlMjJ6bC11cmwlMjIlMjBocmVmJTNEJTIyaHR0cHMlM0ElMkYlMkZ3d3cuZG9jdG9yYWxpYS5lcyUyRmNhcmxvcy10ZWxsZXotZWdlYSUyRmNpcnVqYW5vLXBsYXN0aWNvJTJGbWFsYWdhJTIyJTIwcmVsJTNEJTIybm9mb2xsb3clMjIlMjBkYXRhLXpsdy1kb2N0b3IlM0QlMjJjYXJsb3MtdGVsbGV6LWVnZWElMjIlMjBkYXRhLXpsdy10eXBlJTNEJTIyYmlnJTIyJTIwZGF0YS16bHctb3BpbmlvbiUzRCUyMnRydWUlMjIlMjBkYXRhLXpsdy1oaWRlLWJyYW5kaW5nJTNEJTIydHJ1ZSUyMiUzRUNhcmxvcyUyMFQlQzMlQTlsbGV6JTIwRWdlYSUyMC0lMjBEb2N0b3JhbGlhLmVzJTNDJTJGYSUzRSUzQ3NjcmlwdCUzRSUyMWZ1bmN0aW9uJTI4JTI0X3glMkNfcyUyQ2lkJTI5JTdCdmFyJTIwanMlMkNmanMlM0QlMjRfeC5nZXRFbGVtZW50c0J5VGFnTmFtZSUyOF9zJTI5JTVCMCU1RCUzQmlmJTI4JTIxJTI0X3guZ2V0RWxlbWVudEJ5SWQlMjhpZCUyOSUyOSU3QmpzJTIwJTNEJTIwJTI0X3guY3JlYXRlRWxlbWVudCUyOF9zJTI5JTNCanMuaWQlMjAlM0QlMjBpZCUzQmpzLnNyYyUyMCUzRCUyMCUyMiUyRiUyRnBsYXRmb3JtLmRvY3BsYW5uZXIuY29tJTJGanMlMkZ3aWRnZXQuanMlMjIlM0JmanMucGFyZW50Tm9kZS5pbnNlcnRCZWZvcmUlMjhqcyUyQ2ZqcyUyOSUzQiU3RCU3RCUyOGRvY3VtZW50JTJDJTIyc2NyaXB0JTIyJTJDJTIyemwtd2lkZ2V0LXMlMjIlMjklM0IlM0MlMkZzY3JpcHQlM0U=[\/vc_raw_js][\/vc_column][vc_column width=&#8221;4\/6&#8243;][vc_column_text]<strong>The founder and manager of Cl\u00ednica Tebon, Dr. Carlos T\u00e9llez Egea<\/strong>, studied Medicine at the Faculty of Medicine of the University of Granada, one of the most prestigious in the country. Later, he specialized in Plastic, Aesthetic and Reconstructive Surgery via MIR at the Regional University Hospital of Malaga.<\/p>\n<p>During his training, he has completed his fellowships and hospital stays in the most prestigious national centers such as theTeknon Clinic in Barcelona.<\/p>\n<p><strong>Dr. Carlos T\u00e9llez Egea<\/strong>\u00a0has a Master in Aesthetic Medicine from the\u00a0<a href=\"https:\/\/www.urjc.es\/\">Rey Juan Carlos University of Madrid.<\/a><\/p>\n<p>He frequently attends conferences and courses of national and international scope. He also collaborates as a teacher in the Course of High Performance MIR Asturias for the preparation of doctors for the MIR exam.<\/p>\n<p>Since 2011 he has been part of the Plastic Surgery and Burns Service of the Regional Hospital of Malaga, focusing her activity on the Breast Reconstruction Unit of the\u00a0<a href=\"http:\/\/www.hospitalregionaldemalaga.es\/\">Maternal-Infant Hospital<\/a>, as well as participating in the Gender Reassignment Unit of the same hospital.<\/p>\n<p>Later, he obtained a permanent position in the Public Health System at the University Hospital of Jerez de la Frontera, where he worked for one year, focusing his activity on breast reconstruction.<\/p>\n<p>Subsequently, Dr. Carlos T\u00e9llez Egea obtained a transfer through a competitive relocation process to return to the Regional Hospital of M\u00e1laga, where he trained, in order to combine his work in the public healthcare system with his private practice in the same city.[\/vc_column_text][\/vc_column][\/vc_row][vc_row][vc_column][\/vc_column][\/vc_row]<\/p>\n","protected":false},"excerpt":{"rendered":"<p>[vc_row][vc_column width=&#8221;2\/6&#8243;][vc_empty_space height=&#8221;15px&#8221;][vc_raw_js]JTNDYSUyMGlkJTNEJTIyemwtdXJsJTIyJTIwY2xhc3MlM0QlMjJ6bC11cmwlMjIlMjBocmVmJTNEJTIyaHR0cHMlM0ElMkYlMkZ3d3cuZG9jdG9yYWxpYS5lcyUyRmNhcmxvcy10ZWxsZXotZWdlYSUyRmNpcnVqYW5vLXBsYXN0aWNvJTJGbWFsYWdhJTIyJTIwcmVsJTNEJTIybm9mb2xsb3clMjIlMjBkYXRhLXpsdy1kb2N0b3IlM0QlMjJjYXJsb3MtdGVsbGV6LWVnZWElMjIlMjBkYXRhLXpsdy10eXBlJTNEJTIyYmlnJTIyJTIwZGF0YS16bHctb3BpbmlvbiUzRCUyMnRydWUlMjIlMjBkYXRhLXpsdy1oaWRlLWJyYW5kaW5nJTNEJTIydHJ1ZSUyMiUzRUNhcmxvcyUyMFQlQzMlQTlsbGV6JTIwRWdlYSUyMC0lMjBEb2N0b3JhbGlhLmVzJTNDJTJGYSUzRSUzQ3NjcmlwdCUzRSUyMWZ1bmN0aW9uJTI4JTI0X3glMkNfcyUyQ2lkJTI5JTdCdmFyJTIwanMlMkNmanMlM0QlMjRfeC5nZXRFbGVtZW50c0J5VGFnTmFtZSUyOF9zJTI5JTVCMCU1RCUzQmlmJTI4JTIxJTI0X3guZ2V0RWxlbWVudEJ5SWQlMjhpZCUyOSUyOSU3QmpzJTIwJTNEJTIwJTI0X3guY3JlYXRlRWxlbWVudCUyOF9zJTI5JTNCanMuaWQlMjAlM0QlMjBpZCUzQmpzLnNyYyUyMCUzRCUyMCUyMiUyRiUyRnBsYXRmb3JtLmRvY3BsYW5uZXIuY29tJTJGanMlMkZ3aWRnZXQuanMlMjIlM0JmanMucGFyZW50Tm9kZS5pbnNlcnRCZWZvcmUlMjhqcyUyQ2ZqcyUyOSUzQiU3RCU3RCUyOGRvY3VtZW50JTJDJTIyc2NyaXB0JTIyJTJDJTIyemwtd2lkZ2V0LXMlMjIlMjklM0IlM0MlMkZzY3JpcHQlM0U=[\/vc_raw_js][\/vc_column][vc_column width=&#8221;4\/6&#8243;][vc_column_text]The founder and manager of Cl\u00ednica Tebon, Dr. Carlos T\u00e9llez Egea, studied Medicine at the Faculty of<\/p>\n","protected":false},"author":2,"featured_media":0,"parent":0,"menu_order":0,"comment_status":"closed","ping_status":"closed","template":"","meta":{"footnotes":""},"class_list":["post-903","page","type-page","status-publish","hentry"],"yoast_head":"<!-- This site is optimized with the Yoast SEO plugin v27.5 - https:\/\/yoast.com\/product\/yoast-seo-wordpress\/ -->\n<title>Dr. Carlos T\u00e9llez Egea | Aesthetic Surgeon | Cl\u00ednica Tebon<\/title>\n<meta name=\"description\" content=\"Dr. Carlos T\u00e9llez Egea studied medicine at the University of Granada, one of the most important universities in the country.\" \/>\n<meta name=\"robots\" content=\"index, follow, max-snippet:-1, max-image-preview:large, max-video-preview:-1\" \/>\n<link rel=\"canonical\" href=\"https:\/\/www.clinicatebon.es\/dr-carlos-tellez-egea\/\" \/>\n<meta property=\"og:locale\" content=\"en_US\" \/>\n<meta property=\"og:type\" content=\"article\" \/>\n<meta property=\"og:title\" content=\"Dr. Carlos T\u00e9llez Egea | Aesthetic Surgeon | Cl\u00ednica Tebon\" \/>\n<meta property=\"og:description\" content=\"Dr. Carlos T\u00e9llez Egea studied medicine at the University of Granada, one of the most important universities in the country.\" \/>\n<meta property=\"og:url\" content=\"https:\/\/www.clinicatebon.es\/dr-carlos-tellez-egea\/\" \/>\n<meta property=\"og:site_name\" content=\"Clinica Tebon\" \/>\n<meta property=\"article:publisher\" content=\"https:\/\/www.facebook.com\/ClinicaTebon\/\" \/>\n<meta property=\"article:modified_time\" content=\"2026-02-19T09:28:18+00:00\" \/>\n<meta name=\"twitter:card\" content=\"summary_large_image\" \/>\n<meta name=\"twitter:label1\" content=\"Est. reading time\" \/>\n\t<meta name=\"twitter:data1\" content=\"2 minutes\" \/>\n<script type=\"application\/ld+json\" class=\"yoast-schema-graph\">{\"@context\":\"https:\\\/\\\/schema.org\",\"@graph\":[{\"@type\":\"WebPage\",\"@id\":\"https:\\\/\\\/www.clinicatebon.es\\\/dr-carlos-tellez-egea\\\/\",\"url\":\"https:\\\/\\\/www.clinicatebon.es\\\/dr-carlos-tellez-egea\\\/\",\"name\":\"Dr. Carlos T\u00e9llez Egea | Aesthetic Surgeon | Cl\u00ednica Tebon\",\"isPartOf\":{\"@id\":\"https:\\\/\\\/www.clinicatebon.es\\\/#website\"},\"datePublished\":\"2018-08-13T15:54:17+00:00\",\"dateModified\":\"2026-02-19T09:28:18+00:00\",\"description\":\"Dr. Carlos T\u00e9llez Egea studied medicine at the University of Granada, one of the most important universities in the country.\",\"breadcrumb\":{\"@id\":\"https:\\\/\\\/www.clinicatebon.es\\\/dr-carlos-tellez-egea\\\/#breadcrumb\"},\"inLanguage\":\"en-US\",\"potentialAction\":[{\"@type\":\"ReadAction\",\"target\":[\"https:\\\/\\\/www.clinicatebon.es\\\/dr-carlos-tellez-egea\\\/\"]}]},{\"@type\":\"BreadcrumbList\",\"@id\":\"https:\\\/\\\/www.clinicatebon.es\\\/dr-carlos-tellez-egea\\\/#breadcrumb\",\"itemListElement\":[{\"@type\":\"ListItem\",\"position\":1,\"name\":\"Portada\",\"item\":\"https:\\\/\\\/www.clinicatebon.es\\\/en\\\/\"},{\"@type\":\"ListItem\",\"position\":2,\"name\":\"Dr. Carlos T\u00e9llez Egea\"}]},{\"@type\":\"WebSite\",\"@id\":\"https:\\\/\\\/www.clinicatebon.es\\\/#website\",\"url\":\"https:\\\/\\\/www.clinicatebon.es\\\/\",\"name\":\"Clinica Tebon\",\"description\":\"Cl\u00ednica de cirug\u00eda pl\u00e1stica, est\u00e9tica y reparadora ubicada en el centro de M\u00e1laga\",\"publisher\":{\"@id\":\"https:\\\/\\\/www.clinicatebon.es\\\/#organization\"},\"potentialAction\":[{\"@type\":\"SearchAction\",\"target\":{\"@type\":\"EntryPoint\",\"urlTemplate\":\"https:\\\/\\\/www.clinicatebon.es\\\/?s={search_term_string}\"},\"query-input\":{\"@type\":\"PropertyValueSpecification\",\"valueRequired\":true,\"valueName\":\"search_term_string\"}}],\"inLanguage\":\"en-US\"},{\"@type\":\"Organization\",\"@id\":\"https:\\\/\\\/www.clinicatebon.es\\\/#organization\",\"name\":\"Cl\u00ednica Tebon\",\"url\":\"https:\\\/\\\/www.clinicatebon.es\\\/\",\"logo\":{\"@type\":\"ImageObject\",\"inLanguage\":\"en-US\",\"@id\":\"https:\\\/\\\/www.clinicatebon.es\\\/#\\\/schema\\\/logo\\\/image\\\/\",\"url\":\"https:\\\/\\\/www.clinicatebon.es\\\/wp-content\\\/uploads\\\/2017\\\/08\\\/LogoCl\u00ednicaTebon.png\",\"contentUrl\":\"https:\\\/\\\/www.clinicatebon.es\\\/wp-content\\\/uploads\\\/2017\\\/08\\\/LogoCl\u00ednicaTebon.png\",\"width\":1600,\"height\":672,\"caption\":\"Cl\u00ednica Tebon\"},\"image\":{\"@id\":\"https:\\\/\\\/www.clinicatebon.es\\\/#\\\/schema\\\/logo\\\/image\\\/\"},\"sameAs\":[\"https:\\\/\\\/www.facebook.com\\\/ClinicaTebon\\\/\",\"https:\\\/\\\/www.instagram.com\\\/clinicatebon\\\/?hl=es\"]}]}<\/script>\n<!-- \/ Yoast SEO plugin. -->","yoast_head_json":{"title":"Dr. Carlos T\u00e9llez Egea | Aesthetic Surgeon | Cl\u00ednica Tebon","description":"Dr. Carlos T\u00e9llez Egea studied medicine at the University of Granada, one of the most important universities in the country.","robots":{"index":"index","follow":"follow","max-snippet":"max-snippet:-1","max-image-preview":"max-image-preview:large","max-video-preview":"max-video-preview:-1"},"canonical":"https:\/\/www.clinicatebon.es\/dr-carlos-tellez-egea\/","og_locale":"en_US","og_type":"article","og_title":"Dr. Carlos T\u00e9llez Egea | Aesthetic Surgeon | Cl\u00ednica Tebon","og_description":"Dr. Carlos T\u00e9llez Egea studied medicine at the University of Granada, one of the most important universities in the country.","og_url":"https:\/\/www.clinicatebon.es\/dr-carlos-tellez-egea\/","og_site_name":"Clinica Tebon","article_publisher":"https:\/\/www.facebook.com\/ClinicaTebon\/","article_modified_time":"2026-02-19T09:28:18+00:00","twitter_card":"summary_large_image","twitter_misc":{"Est. reading time":"2 minutes"},"schema":{"@context":"https:\/\/schema.org","@graph":[{"@type":"WebPage","@id":"https:\/\/www.clinicatebon.es\/dr-carlos-tellez-egea\/","url":"https:\/\/www.clinicatebon.es\/dr-carlos-tellez-egea\/","name":"Dr. Carlos T\u00e9llez Egea | Aesthetic Surgeon | Cl\u00ednica Tebon","isPartOf":{"@id":"https:\/\/www.clinicatebon.es\/#website"},"datePublished":"2018-08-13T15:54:17+00:00","dateModified":"2026-02-19T09:28:18+00:00","description":"Dr. Carlos T\u00e9llez Egea studied medicine at the University of Granada, one of the most important universities in the country.","breadcrumb":{"@id":"https:\/\/www.clinicatebon.es\/dr-carlos-tellez-egea\/#breadcrumb"},"inLanguage":"en-US","potentialAction":[{"@type":"ReadAction","target":["https:\/\/www.clinicatebon.es\/dr-carlos-tellez-egea\/"]}]},{"@type":"BreadcrumbList","@id":"https:\/\/www.clinicatebon.es\/dr-carlos-tellez-egea\/#breadcrumb","itemListElement":[{"@type":"ListItem","position":1,"name":"Portada","item":"https:\/\/www.clinicatebon.es\/en\/"},{"@type":"ListItem","position":2,"name":"Dr. Carlos T\u00e9llez Egea"}]},{"@type":"WebSite","@id":"https:\/\/www.clinicatebon.es\/#website","url":"https:\/\/www.clinicatebon.es\/","name":"Clinica Tebon","description":"Cl\u00ednica de cirug\u00eda pl\u00e1stica, est\u00e9tica y reparadora ubicada en el centro de M\u00e1laga","publisher":{"@id":"https:\/\/www.clinicatebon.es\/#organization"},"potentialAction":[{"@type":"SearchAction","target":{"@type":"EntryPoint","urlTemplate":"https:\/\/www.clinicatebon.es\/?s={search_term_string}"},"query-input":{"@type":"PropertyValueSpecification","valueRequired":true,"valueName":"search_term_string"}}],"inLanguage":"en-US"},{"@type":"Organization","@id":"https:\/\/www.clinicatebon.es\/#organization","name":"Cl\u00ednica Tebon","url":"https:\/\/www.clinicatebon.es\/","logo":{"@type":"ImageObject","inLanguage":"en-US","@id":"https:\/\/www.clinicatebon.es\/#\/schema\/logo\/image\/","url":"https:\/\/www.clinicatebon.es\/wp-content\/uploads\/2017\/08\/LogoCl\u00ednicaTebon.png","contentUrl":"https:\/\/www.clinicatebon.es\/wp-content\/uploads\/2017\/08\/LogoCl\u00ednicaTebon.png","width":1600,"height":672,"caption":"Cl\u00ednica Tebon"},"image":{"@id":"https:\/\/www.clinicatebon.es\/#\/schema\/logo\/image\/"},"sameAs":["https:\/\/www.facebook.com\/ClinicaTebon\/","https:\/\/www.instagram.com\/clinicatebon\/?hl=es"]}]}},"_links":{"self":[{"href":"https:\/\/www.clinicatebon.es\/en\/wp-json\/wp\/v2\/pages\/903","targetHints":{"allow":["GET"]}}],"collection":[{"href":"https:\/\/www.clinicatebon.es\/en\/wp-json\/wp\/v2\/pages"}],"about":[{"href":"https:\/\/www.clinicatebon.es\/en\/wp-json\/wp\/v2\/types\/page"}],"author":[{"embeddable":true,"href":"https:\/\/www.clinicatebon.es\/en\/wp-json\/wp\/v2\/users\/2"}],"replies":[{"embeddable":true,"href":"https:\/\/www.clinicatebon.es\/en\/wp-json\/wp\/v2\/comments?post=903"}],"version-history":[{"count":9,"href":"https:\/\/www.clinicatebon.es\/en\/wp-json\/wp\/v2\/pages\/903\/revisions"}],"predecessor-version":[{"id":1894,"href":"https:\/\/www.clinicatebon.es\/en\/wp-json\/wp\/v2\/pages\/903\/revisions\/1894"}],"wp:attachment":[{"href":"https:\/\/www.clinicatebon.es\/en\/wp-json\/wp\/v2\/media?parent=903"}],"curies":[{"name":"wp","href":"https:\/\/api.w.org\/{rel}","templated":true}]}}