{"id":913,"date":"2018-08-13T15:44:09","date_gmt":"2018-08-13T15:44:09","guid":{"rendered":"https:\/\/www.clinicatebon.es\/dr-juan-jose-bonilla-alvarez\/"},"modified":"2025-04-23T07:20:15","modified_gmt":"2025-04-23T07:20:15","slug":"dr-juan-jose-bonilla-alvarez","status":"publish","type":"page","link":"https:\/\/www.clinicatebon.es\/en\/dr-juan-jose-bonilla-alvarez\/","title":{"rendered":"Dr. Juan Jos\u00e9 Bonilla \u00c1lvarez"},"content":{"rendered":"<p>[vc_row][vc_column width=&#8221;2\/6&#8243;]<div data-id=\"mpc_image-7169d04eb242d7e\" onclick=\"\" class=\"mpc-image mpc-init  mpc-overlay--slide-right\"  data-align=\"middle-center\"><div class=\"mpc-item mpc-transition\"><img fetchpriority=\"high\" decoding=\"async\" width=\"1375\" height=\"1600\" src=\"https:\/\/www.clinicatebon.es\/wp-content\/uploads\/2021\/12\/Juanjo-Bonilla.jpeg\" class=\"mpc-transition attachment-full\" alt=\"\" srcset=\"https:\/\/www.clinicatebon.es\/wp-content\/uploads\/2021\/12\/Juanjo-Bonilla.jpeg 1375w, https:\/\/www.clinicatebon.es\/wp-content\/uploads\/2021\/12\/Juanjo-Bonilla-258x300.jpeg 258w, https:\/\/www.clinicatebon.es\/wp-content\/uploads\/2021\/12\/Juanjo-Bonilla-880x1024.jpeg 880w, https:\/\/www.clinicatebon.es\/wp-content\/uploads\/2021\/12\/Juanjo-Bonilla-768x893.jpeg 768w, https:\/\/www.clinicatebon.es\/wp-content\/uploads\/2021\/12\/Juanjo-Bonilla-1320x1536.jpeg 1320w, https:\/\/www.clinicatebon.es\/wp-content\/uploads\/2021\/12\/Juanjo-Bonilla-1761x2048.jpeg 1761w\" sizes=\"(max-width: 1375px) 100vw, 1375px\" \/><div class=\"mpc-item-overlay mpc-transition\"><div class=\"mpc-overlay--vertical-wrap\"><div class=\"mpc-overlay--vertical\"><a href=\"https:\/\/www.clinicatebon.es\/wp-content\/uploads\/2021\/12\/Juanjo-Bonilla.jpeg\" rel=\"mpc\" class=\"mpc-icon-anchor mpc-magnific-popup\"><i class=\"mpc-item-overlay__icon mpc-type--lightbox mpc-icon--icon etl etl-magnifying-glass\"><\/i><\/a><\/div><\/div><\/div><\/div><\/div>[vc_empty_space height=&#8221;25px&#8221;][vc_raw_js]JTNDYSUyMGlkJTNEJTIyemwtdXJsJTIyJTIwY2xhc3MlM0QlMjJ6bC11cmwlMjIlMjBocmVmJTNEJTIyaHR0cHMlM0ElMkYlMkZ3d3cuZG9jdG9yYWxpYS5lcyUyRmp1YW4tam9zZS1ib25pbGxhLWFsdmFyZXolMkZjaXJ1amFuby1wbGFzdGljbyUyRm1hbGFnYSUyMiUyMHJlbCUzRCUyMm5vZm9sbG93JTIyJTIwZGF0YS16bHctZG9jdG9yJTNEJTIyanVhbi1qb3NlLWJvbmlsbGEtYWx2YXJleiUyMiUyMGRhdGEtemx3LXR5cGUlM0QlMjJiaWclMjIlMjBkYXRhLXpsdy1vcGluaW9uJTNEJTIydHJ1ZSUyMiUyMGRhdGEtemx3LWhpZGUtYnJhbmRpbmclM0QlMjJ0cnVlJTIyJTNFSnVhbiUyMEpvc2UlMjBCb25pbGxhJTIwQWx2YXJleiUyMC0lMjBEb2N0b3JhbGlhLmVzJTNDJTJGYSUzRSUzQ3NjcmlwdCUzRSUyMWZ1bmN0aW9uJTI4JTI0X3glMkNfcyUyQ2lkJTI5JTdCdmFyJTIwanMlMkNmanMlM0QlMjRfeC5nZXRFbGVtZW50c0J5VGFnTmFtZSUyOF9zJTI5JTVCMCU1RCUzQmlmJTI4JTIxJTI0X3guZ2V0RWxlbWVudEJ5SWQlMjhpZCUyOSUyOSU3QmpzJTIwJTNEJTIwJTI0X3guY3JlYXRlRWxlbWVudCUyOF9zJTI5JTNCanMuaWQlMjAlM0QlMjBpZCUzQmpzLnNyYyUyMCUzRCUyMCUyMiUyRiUyRnBsYXRmb3JtLmRvY3BsYW5uZXIuY29tJTJGanMlMkZ3aWRnZXQuanMlMjIlM0JmanMucGFyZW50Tm9kZS5pbnNlcnRCZWZvcmUlMjhqcyUyQ2ZqcyUyOSUzQiU3RCU3RCUyOGRvY3VtZW50JTJDJTIyc2NyaXB0JTIyJTJDJTIyemwtd2lkZ2V0LXMlMjIlMjklM0IlM0MlMkZzY3JpcHQlM0U=[\/vc_raw_js][\/vc_column][vc_column width=&#8221;4\/6&#8243;][vc_column_text]<strong>El fundador y gerente de Cl\u00ednica Tebon, el Dr.<\/strong> <strong>Juan Jos\u00e9 Bonilla \u00c1lvarez<\/strong>, realiz\u00f3 sus estudios de Licenciatura en Medicina en la <a href=\"https:\/\/www.ugr.es\/\" target=\"_blank\" rel=\"noopener noreferrer\">Universidad de Granada<\/a>, una de las m\u00e1s importantes del pa\u00eds. Termin\u00f3 la especialidad de Cirug\u00eda Pl\u00e1stica, Est\u00e9tica y Reparadora v\u00eda MIR en el Hospital Regional Universitario de M\u00e1laga.<\/p>\n<p><strong>El Dr. Juan Jos\u00e9 Bonilla \u00c1lvarez<\/strong> tiene un Master en Medicina Est\u00e9tica por la Universidad Rey Juan Carlos de Madrid. Actualmente combina su actividad privada con la medicina p\u00fablica, formando parte del Servicio de Cirug\u00eda Pl\u00e1stica y Quemados del Hospital Regional de M\u00e1laga, as\u00ed como de la Unidad de Reconstrucci\u00f3n Mamaria del Hospital Materno-Infantil de M\u00e1laga.<\/p>\n<p>Ha cursado estancias hospitalarias en los centros nacionales m\u00e1s prestigiosos como en el Instituto Martin del Yerro en Hospital Quir\u00f3n Madrid. Asiste frecuentemente a congresos y cursos de \u00e1mbito nacional e internacional.<\/p>\n<p>&nbsp;<\/p>\n<p>&nbsp;<\/p>\n<p>&nbsp;[\/vc_column_text][\/vc_column][\/vc_row][vc_row][vc_column][\/vc_column][\/vc_row]<\/p>\n","protected":false},"excerpt":{"rendered":"<p>[vc_row][vc_column width=&#8221;2\/6&#8243;][vc_empty_space height=&#8221;25px&#8221;][vc_raw_js]JTNDYSUyMGlkJTNEJTIyemwtdXJsJTIyJTIwY2xhc3MlM0QlMjJ6bC11cmwlMjIlMjBocmVmJTNEJTIyaHR0cHMlM0ElMkYlMkZ3d3cuZG9jdG9yYWxpYS5lcyUyRmp1YW4tam9zZS1ib25pbGxhLWFsdmFyZXolMkZjaXJ1amFuby1wbGFzdGljbyUyRm1hbGFnYSUyMiUyMHJlbCUzRCUyMm5vZm9sbG93JTIyJTIwZGF0YS16bHctZG9jdG9yJTNEJTIyanVhbi1qb3NlLWJvbmlsbGEtYWx2YXJleiUyMiUyMGRhdGEtemx3LXR5cGUlM0QlMjJiaWclMjIlMjBkYXRhLXpsdy1vcGluaW9uJTNEJTIydHJ1ZSUyMiUyMGRhdGEtemx3LWhpZGUtYnJhbmRpbmclM0QlMjJ0cnVlJTIyJTNFSnVhbiUyMEpvc2UlMjBCb25pbGxhJTIwQWx2YXJleiUyMC0lMjBEb2N0b3JhbGlhLmVzJTNDJTJGYSUzRSUzQ3NjcmlwdCUzRSUyMWZ1bmN0aW9uJTI4JTI0X3glMkNfcyUyQ2lkJTI5JTdCdmFyJTIwanMlMkNmanMlM0QlMjRfeC5nZXRFbGVtZW50c0J5VGFnTmFtZSUyOF9zJTI5JTVCMCU1RCUzQmlmJTI4JTIxJTI0X3guZ2V0RWxlbWVudEJ5SWQlMjhpZCUyOSUyOSU3QmpzJTIwJTNEJTIwJTI0X3guY3JlYXRlRWxlbWVudCUyOF9zJTI5JTNCanMuaWQlMjAlM0QlMjBpZCUzQmpzLnNyYyUyMCUzRCUyMCUyMiUyRiUyRnBsYXRmb3JtLmRvY3BsYW5uZXIuY29tJTJGanMlMkZ3aWRnZXQuanMlMjIlM0JmanMucGFyZW50Tm9kZS5pbnNlcnRCZWZvcmUlMjhqcyUyQ2ZqcyUyOSUzQiU3RCU3RCUyOGRvY3VtZW50JTJDJTIyc2NyaXB0JTIyJTJDJTIyemwtd2lkZ2V0LXMlMjIlMjklM0IlM0MlMkZzY3JpcHQlM0U=[\/vc_raw_js][\/vc_column][vc_column width=&#8221;4\/6&#8243;][vc_column_text]El fundador y gerente de Cl\u00ednica Tebon, el Dr. Juan Jos\u00e9 Bonilla \u00c1lvarez, realiz\u00f3 sus estudios de<\/p>\n","protected":false},"author":2,"featured_media":0,"parent":0,"menu_order":0,"comment_status":"closed","ping_status":"closed","template":"","meta":{"footnotes":""},"class_list":["post-913","page","type-page","status-publish","hentry"],"yoast_head":"<!-- This site is optimized with the Yoast SEO plugin v27.3 - https:\/\/yoast.com\/product\/yoast-seo-wordpress\/ -->\n<title>Dr. Juan Jos\u00e9 Bonilla \u00c1lvarez | Aesthetic Surgeon | Cl\u00ednica Tebon<\/title>\n<meta name=\"description\" content=\"Dr. Juan Jos\u00e9 Bonilla \u00c1lvarez studied medicine at the University of Granada, one of the most important universities in the country.\" \/>\n<meta name=\"robots\" content=\"index, follow, max-snippet:-1, max-image-preview:large, max-video-preview:-1\" \/>\n<link rel=\"canonical\" href=\"https:\/\/www.clinicatebon.es\/en\/dr-juan-jose-bonilla-alvarez\/\" \/>\n<meta property=\"og:locale\" content=\"en_US\" \/>\n<meta property=\"og:type\" content=\"article\" \/>\n<meta property=\"og:title\" content=\"Dr. Juan Jos\u00e9 Bonilla \u00c1lvarez | Aesthetic Surgeon | Cl\u00ednica Tebon\" \/>\n<meta property=\"og:description\" content=\"Dr. Juan Jos\u00e9 Bonilla \u00c1lvarez studied medicine at the University of Granada, one of the most important universities in the country.\" \/>\n<meta property=\"og:url\" content=\"https:\/\/www.clinicatebon.es\/en\/dr-juan-jose-bonilla-alvarez\/\" \/>\n<meta property=\"og:site_name\" content=\"Clinica Tebon\" \/>\n<meta property=\"article:publisher\" content=\"https:\/\/www.facebook.com\/ClinicaTebon\/\" \/>\n<meta property=\"article:modified_time\" content=\"2025-04-23T07:20:15+00:00\" \/>\n<meta name=\"twitter:card\" content=\"summary_large_image\" \/>\n<meta name=\"twitter:label1\" content=\"Est. reading time\" \/>\n\t<meta name=\"twitter:data1\" content=\"2 minutes\" \/>\n<script type=\"application\/ld+json\" class=\"yoast-schema-graph\">{\"@context\":\"https:\\\/\\\/schema.org\",\"@graph\":[{\"@type\":\"WebPage\",\"@id\":\"https:\\\/\\\/www.clinicatebon.es\\\/en\\\/dr-juan-jose-bonilla-alvarez\\\/\",\"url\":\"https:\\\/\\\/www.clinicatebon.es\\\/en\\\/dr-juan-jose-bonilla-alvarez\\\/\",\"name\":\"Dr. Juan Jos\u00e9 Bonilla \u00c1lvarez | Aesthetic Surgeon | Cl\u00ednica Tebon\",\"isPartOf\":{\"@id\":\"https:\\\/\\\/www.clinicatebon.es\\\/#website\"},\"datePublished\":\"2018-08-13T15:44:09+00:00\",\"dateModified\":\"2025-04-23T07:20:15+00:00\",\"description\":\"Dr. Juan Jos\u00e9 Bonilla \u00c1lvarez studied medicine at the University of Granada, one of the most important universities in the country.\",\"breadcrumb\":{\"@id\":\"https:\\\/\\\/www.clinicatebon.es\\\/en\\\/dr-juan-jose-bonilla-alvarez\\\/#breadcrumb\"},\"inLanguage\":\"en-US\",\"potentialAction\":[{\"@type\":\"ReadAction\",\"target\":[\"https:\\\/\\\/www.clinicatebon.es\\\/en\\\/dr-juan-jose-bonilla-alvarez\\\/\"]}]},{\"@type\":\"BreadcrumbList\",\"@id\":\"https:\\\/\\\/www.clinicatebon.es\\\/en\\\/dr-juan-jose-bonilla-alvarez\\\/#breadcrumb\",\"itemListElement\":[{\"@type\":\"ListItem\",\"position\":1,\"name\":\"Portada\",\"item\":\"https:\\\/\\\/www.clinicatebon.es\\\/en\\\/\"},{\"@type\":\"ListItem\",\"position\":2,\"name\":\"Dr. Juan Jos\u00e9 Bonilla \u00c1lvarez\"}]},{\"@type\":\"WebSite\",\"@id\":\"https:\\\/\\\/www.clinicatebon.es\\\/#website\",\"url\":\"https:\\\/\\\/www.clinicatebon.es\\\/\",\"name\":\"Clinica Tebon\",\"description\":\"Cl\u00ednica de cirug\u00eda pl\u00e1stica, est\u00e9tica y reparadora ubicada en el centro de M\u00e1laga\",\"publisher\":{\"@id\":\"https:\\\/\\\/www.clinicatebon.es\\\/#organization\"},\"potentialAction\":[{\"@type\":\"SearchAction\",\"target\":{\"@type\":\"EntryPoint\",\"urlTemplate\":\"https:\\\/\\\/www.clinicatebon.es\\\/?s={search_term_string}\"},\"query-input\":{\"@type\":\"PropertyValueSpecification\",\"valueRequired\":true,\"valueName\":\"search_term_string\"}}],\"inLanguage\":\"en-US\"},{\"@type\":\"Organization\",\"@id\":\"https:\\\/\\\/www.clinicatebon.es\\\/#organization\",\"name\":\"Cl\u00ednica Tebon\",\"url\":\"https:\\\/\\\/www.clinicatebon.es\\\/\",\"logo\":{\"@type\":\"ImageObject\",\"inLanguage\":\"en-US\",\"@id\":\"https:\\\/\\\/www.clinicatebon.es\\\/#\\\/schema\\\/logo\\\/image\\\/\",\"url\":\"https:\\\/\\\/www.clinicatebon.es\\\/wp-content\\\/uploads\\\/2017\\\/08\\\/LogoCl\u00ednicaTebon.png\",\"contentUrl\":\"https:\\\/\\\/www.clinicatebon.es\\\/wp-content\\\/uploads\\\/2017\\\/08\\\/LogoCl\u00ednicaTebon.png\",\"width\":1600,\"height\":672,\"caption\":\"Cl\u00ednica Tebon\"},\"image\":{\"@id\":\"https:\\\/\\\/www.clinicatebon.es\\\/#\\\/schema\\\/logo\\\/image\\\/\"},\"sameAs\":[\"https:\\\/\\\/www.facebook.com\\\/ClinicaTebon\\\/\",\"https:\\\/\\\/www.instagram.com\\\/clinicatebon\\\/?hl=es\"]}]}<\/script>\n<!-- \/ Yoast SEO plugin. -->","yoast_head_json":{"title":"Dr. Juan Jos\u00e9 Bonilla \u00c1lvarez | Aesthetic Surgeon | Cl\u00ednica Tebon","description":"Dr. Juan Jos\u00e9 Bonilla \u00c1lvarez studied medicine at the University of Granada, one of the most important universities in the country.","robots":{"index":"index","follow":"follow","max-snippet":"max-snippet:-1","max-image-preview":"max-image-preview:large","max-video-preview":"max-video-preview:-1"},"canonical":"https:\/\/www.clinicatebon.es\/en\/dr-juan-jose-bonilla-alvarez\/","og_locale":"en_US","og_type":"article","og_title":"Dr. Juan Jos\u00e9 Bonilla \u00c1lvarez | Aesthetic Surgeon | Cl\u00ednica Tebon","og_description":"Dr. Juan Jos\u00e9 Bonilla \u00c1lvarez studied medicine at the University of Granada, one of the most important universities in the country.","og_url":"https:\/\/www.clinicatebon.es\/en\/dr-juan-jose-bonilla-alvarez\/","og_site_name":"Clinica Tebon","article_publisher":"https:\/\/www.facebook.com\/ClinicaTebon\/","article_modified_time":"2025-04-23T07:20:15+00:00","twitter_card":"summary_large_image","twitter_misc":{"Est. reading time":"2 minutes"},"schema":{"@context":"https:\/\/schema.org","@graph":[{"@type":"WebPage","@id":"https:\/\/www.clinicatebon.es\/en\/dr-juan-jose-bonilla-alvarez\/","url":"https:\/\/www.clinicatebon.es\/en\/dr-juan-jose-bonilla-alvarez\/","name":"Dr. Juan Jos\u00e9 Bonilla \u00c1lvarez | Aesthetic Surgeon | Cl\u00ednica Tebon","isPartOf":{"@id":"https:\/\/www.clinicatebon.es\/#website"},"datePublished":"2018-08-13T15:44:09+00:00","dateModified":"2025-04-23T07:20:15+00:00","description":"Dr. Juan Jos\u00e9 Bonilla \u00c1lvarez studied medicine at the University of Granada, one of the most important universities in the country.","breadcrumb":{"@id":"https:\/\/www.clinicatebon.es\/en\/dr-juan-jose-bonilla-alvarez\/#breadcrumb"},"inLanguage":"en-US","potentialAction":[{"@type":"ReadAction","target":["https:\/\/www.clinicatebon.es\/en\/dr-juan-jose-bonilla-alvarez\/"]}]},{"@type":"BreadcrumbList","@id":"https:\/\/www.clinicatebon.es\/en\/dr-juan-jose-bonilla-alvarez\/#breadcrumb","itemListElement":[{"@type":"ListItem","position":1,"name":"Portada","item":"https:\/\/www.clinicatebon.es\/en\/"},{"@type":"ListItem","position":2,"name":"Dr. Juan Jos\u00e9 Bonilla \u00c1lvarez"}]},{"@type":"WebSite","@id":"https:\/\/www.clinicatebon.es\/#website","url":"https:\/\/www.clinicatebon.es\/","name":"Clinica Tebon","description":"Cl\u00ednica de cirug\u00eda pl\u00e1stica, est\u00e9tica y reparadora ubicada en el centro de M\u00e1laga","publisher":{"@id":"https:\/\/www.clinicatebon.es\/#organization"},"potentialAction":[{"@type":"SearchAction","target":{"@type":"EntryPoint","urlTemplate":"https:\/\/www.clinicatebon.es\/?s={search_term_string}"},"query-input":{"@type":"PropertyValueSpecification","valueRequired":true,"valueName":"search_term_string"}}],"inLanguage":"en-US"},{"@type":"Organization","@id":"https:\/\/www.clinicatebon.es\/#organization","name":"Cl\u00ednica Tebon","url":"https:\/\/www.clinicatebon.es\/","logo":{"@type":"ImageObject","inLanguage":"en-US","@id":"https:\/\/www.clinicatebon.es\/#\/schema\/logo\/image\/","url":"https:\/\/www.clinicatebon.es\/wp-content\/uploads\/2017\/08\/LogoCl\u00ednicaTebon.png","contentUrl":"https:\/\/www.clinicatebon.es\/wp-content\/uploads\/2017\/08\/LogoCl\u00ednicaTebon.png","width":1600,"height":672,"caption":"Cl\u00ednica Tebon"},"image":{"@id":"https:\/\/www.clinicatebon.es\/#\/schema\/logo\/image\/"},"sameAs":["https:\/\/www.facebook.com\/ClinicaTebon\/","https:\/\/www.instagram.com\/clinicatebon\/?hl=es"]}]}},"_links":{"self":[{"href":"https:\/\/www.clinicatebon.es\/en\/wp-json\/wp\/v2\/pages\/913","targetHints":{"allow":["GET"]}}],"collection":[{"href":"https:\/\/www.clinicatebon.es\/en\/wp-json\/wp\/v2\/pages"}],"about":[{"href":"https:\/\/www.clinicatebon.es\/en\/wp-json\/wp\/v2\/types\/page"}],"author":[{"embeddable":true,"href":"https:\/\/www.clinicatebon.es\/en\/wp-json\/wp\/v2\/users\/2"}],"replies":[{"embeddable":true,"href":"https:\/\/www.clinicatebon.es\/en\/wp-json\/wp\/v2\/comments?post=913"}],"version-history":[{"count":5,"href":"https:\/\/www.clinicatebon.es\/en\/wp-json\/wp\/v2\/pages\/913\/revisions"}],"predecessor-version":[{"id":1851,"href":"https:\/\/www.clinicatebon.es\/en\/wp-json\/wp\/v2\/pages\/913\/revisions\/1851"}],"wp:attachment":[{"href":"https:\/\/www.clinicatebon.es\/en\/wp-json\/wp\/v2\/media?parent=913"}],"curies":[{"name":"wp","href":"https:\/\/api.w.org\/{rel}","templated":true}]}}