{"id":918,"date":"2018-08-30T12:53:24","date_gmt":"2018-08-30T12:53:24","guid":{"rendered":"https:\/\/www.clinicatebon.es\/enfermera-victoria-arena-garcia\/"},"modified":"2025-04-23T07:20:12","modified_gmt":"2025-04-23T07:20:12","slug":"nurse-victoria-arena-garcia","status":"publish","type":"page","link":"https:\/\/www.clinicatebon.es\/en\/nurse-victoria-arena-garcia\/","title":{"rendered":"Nurse Victoria Arenas Garc\u00eda"},"content":{"rendered":"<p>[vc_row][vc_column width=&#8221;2\/6&#8243;]<div data-id=\"mpc_image-5969ee959817da4\" onclick=\"\" class=\"mpc-image mpc-init  mpc-overlay--slide-right\"  data-align=\"middle-center\"><div class=\"mpc-item mpc-transition\"><img fetchpriority=\"high\" decoding=\"async\" width=\"768\" height=\"1024\" src=\"https:\/\/www.clinicatebon.es\/wp-content\/uploads\/2018\/04\/image1.jpeg\" class=\"mpc-transition attachment-full\" alt=\"\" srcset=\"https:\/\/www.clinicatebon.es\/wp-content\/uploads\/2018\/04\/image1.jpeg 768w, https:\/\/www.clinicatebon.es\/wp-content\/uploads\/2018\/04\/image1-225x300.jpeg 225w\" sizes=\"(max-width: 768px) 100vw, 768px\" \/><div class=\"mpc-item-overlay mpc-transition\"><div class=\"mpc-overlay--vertical-wrap\"><div class=\"mpc-overlay--vertical\"><a href=\"https:\/\/www.clinicatebon.es\/wp-content\/uploads\/2018\/04\/image1.jpeg\" rel=\"mpc\" class=\"mpc-icon-anchor mpc-magnific-popup\"><i class=\"mpc-item-overlay__icon mpc-type--lightbox mpc-icon--icon etl etl-magnifying-glass\"><\/i><\/a><\/div><\/div><\/div><\/div><\/div>[\/vc_column][vc_column width=&#8221;4\/6&#8243;][vc_column_text]La enfermera <strong>Victoria Arenas Garc\u00eda<\/strong>, realiz\u00f3 sus estudios de Diplomatura en Enfermer\u00eda en la <a href=\"https:\/\/www.uma.es\/\" target=\"_blank\" rel=\"noopener noreferrer\">Universidad de M\u00e1laga<\/a>, curso acad\u00e9mico 2008\/2011.<\/p>\n<p><strong>Victoria Arenas Garc\u00eda <\/strong>tiene formaci\u00f3n en cirug\u00eda pl\u00e1stica y medicina est\u00e9tica. Cursando su estancia hospitalaria en Hospital Quir\u00f3n y Hospital Chip de M\u00e1laga.<\/p>\n<p>Realiza labores en cirug\u00eda pl\u00e1stica de: instrumentaci\u00f3n en quir\u00f3fano, preoperatorio, postoperatorio y asesoramiento. Y labores en medicina est\u00e9tica de: tratamientos corporales, faciales y asesoramiento.<\/p>\n<p>Frecuentemente realiza congresos y cursos de \u00e1mbito nacional e internacional.<\/p>\n<p>[\/vc_column_text][\/vc_column][\/vc_row]<\/p>\n","protected":false},"excerpt":{"rendered":"<p>[vc_row][vc_column width=&#8221;2\/6&#8243;][\/vc_column][vc_column width=&#8221;4\/6&#8243;][vc_column_text]La enfermera Victoria Arenas Garc\u00eda, realiz\u00f3 sus estudios de Diplomatura en Enfermer\u00eda en la Universidad de M\u00e1laga, curso<\/p>\n","protected":false},"author":2,"featured_media":0,"parent":0,"menu_order":0,"comment_status":"closed","ping_status":"closed","template":"","meta":{"footnotes":""},"class_list":["post-918","page","type-page","status-publish","hentry"],"yoast_head":"<!-- This site is optimized with the Yoast SEO plugin v27.4 - https:\/\/yoast.com\/product\/yoast-seo-wordpress\/ -->\n<title>Nurse Victoria Arenas Garc\u00eda | Aesthetic Surgery and Aesthetic Medicine<\/title>\n<meta name=\"description\" content=\"Nurse Victoria Arenas Garc\u00eda, trained in plastic surgery and aesthetic medicine at Hospital Quir\u00f3n and Hospital Chip de M\u00e1laga.\" \/>\n<meta name=\"robots\" content=\"index, follow, max-snippet:-1, max-image-preview:large, max-video-preview:-1\" \/>\n<link rel=\"canonical\" href=\"https:\/\/www.clinicatebon.es\/en\/nurse-victoria-arena-garcia\/\" \/>\n<meta property=\"og:locale\" content=\"en_US\" \/>\n<meta property=\"og:type\" content=\"article\" \/>\n<meta property=\"og:title\" content=\"Nurse Victoria Arenas Garc\u00eda | Aesthetic Surgery and Aesthetic Medicine\" \/>\n<meta property=\"og:description\" content=\"Nurse Victoria Arenas Garc\u00eda, trained in plastic surgery and aesthetic medicine at Hospital Quir\u00f3n and Hospital Chip de M\u00e1laga.\" \/>\n<meta property=\"og:url\" content=\"https:\/\/www.clinicatebon.es\/en\/nurse-victoria-arena-garcia\/\" \/>\n<meta property=\"og:site_name\" content=\"Clinica Tebon\" \/>\n<meta property=\"article:publisher\" content=\"https:\/\/www.facebook.com\/ClinicaTebon\/\" \/>\n<meta property=\"article:modified_time\" content=\"2025-04-23T07:20:12+00:00\" \/>\n<meta name=\"twitter:card\" content=\"summary_large_image\" \/>\n<meta name=\"twitter:label1\" content=\"Est. reading time\" \/>\n\t<meta name=\"twitter:data1\" content=\"1 minute\" \/>\n<script type=\"application\/ld+json\" class=\"yoast-schema-graph\">{\"@context\":\"https:\\\/\\\/schema.org\",\"@graph\":[{\"@type\":\"WebPage\",\"@id\":\"https:\\\/\\\/www.clinicatebon.es\\\/en\\\/nurse-victoria-arena-garcia\\\/\",\"url\":\"https:\\\/\\\/www.clinicatebon.es\\\/en\\\/nurse-victoria-arena-garcia\\\/\",\"name\":\"Nurse Victoria Arenas Garc\u00eda | Aesthetic Surgery and Aesthetic Medicine\",\"isPartOf\":{\"@id\":\"https:\\\/\\\/www.clinicatebon.es\\\/#website\"},\"datePublished\":\"2018-08-30T12:53:24+00:00\",\"dateModified\":\"2025-04-23T07:20:12+00:00\",\"description\":\"Nurse Victoria Arenas Garc\u00eda, trained in plastic surgery and aesthetic medicine at Hospital Quir\u00f3n and Hospital Chip de M\u00e1laga.\",\"breadcrumb\":{\"@id\":\"https:\\\/\\\/www.clinicatebon.es\\\/en\\\/nurse-victoria-arena-garcia\\\/#breadcrumb\"},\"inLanguage\":\"en-US\",\"potentialAction\":[{\"@type\":\"ReadAction\",\"target\":[\"https:\\\/\\\/www.clinicatebon.es\\\/en\\\/nurse-victoria-arena-garcia\\\/\"]}]},{\"@type\":\"BreadcrumbList\",\"@id\":\"https:\\\/\\\/www.clinicatebon.es\\\/en\\\/nurse-victoria-arena-garcia\\\/#breadcrumb\",\"itemListElement\":[{\"@type\":\"ListItem\",\"position\":1,\"name\":\"Portada\",\"item\":\"https:\\\/\\\/www.clinicatebon.es\\\/en\\\/\"},{\"@type\":\"ListItem\",\"position\":2,\"name\":\"Nurse Victoria Arenas Garc\u00eda\"}]},{\"@type\":\"WebSite\",\"@id\":\"https:\\\/\\\/www.clinicatebon.es\\\/#website\",\"url\":\"https:\\\/\\\/www.clinicatebon.es\\\/\",\"name\":\"Clinica Tebon\",\"description\":\"Cl\u00ednica de cirug\u00eda pl\u00e1stica, est\u00e9tica y reparadora ubicada en el centro de M\u00e1laga\",\"publisher\":{\"@id\":\"https:\\\/\\\/www.clinicatebon.es\\\/#organization\"},\"potentialAction\":[{\"@type\":\"SearchAction\",\"target\":{\"@type\":\"EntryPoint\",\"urlTemplate\":\"https:\\\/\\\/www.clinicatebon.es\\\/?s={search_term_string}\"},\"query-input\":{\"@type\":\"PropertyValueSpecification\",\"valueRequired\":true,\"valueName\":\"search_term_string\"}}],\"inLanguage\":\"en-US\"},{\"@type\":\"Organization\",\"@id\":\"https:\\\/\\\/www.clinicatebon.es\\\/#organization\",\"name\":\"Cl\u00ednica Tebon\",\"url\":\"https:\\\/\\\/www.clinicatebon.es\\\/\",\"logo\":{\"@type\":\"ImageObject\",\"inLanguage\":\"en-US\",\"@id\":\"https:\\\/\\\/www.clinicatebon.es\\\/#\\\/schema\\\/logo\\\/image\\\/\",\"url\":\"https:\\\/\\\/www.clinicatebon.es\\\/wp-content\\\/uploads\\\/2017\\\/08\\\/LogoCl\u00ednicaTebon.png\",\"contentUrl\":\"https:\\\/\\\/www.clinicatebon.es\\\/wp-content\\\/uploads\\\/2017\\\/08\\\/LogoCl\u00ednicaTebon.png\",\"width\":1600,\"height\":672,\"caption\":\"Cl\u00ednica Tebon\"},\"image\":{\"@id\":\"https:\\\/\\\/www.clinicatebon.es\\\/#\\\/schema\\\/logo\\\/image\\\/\"},\"sameAs\":[\"https:\\\/\\\/www.facebook.com\\\/ClinicaTebon\\\/\",\"https:\\\/\\\/www.instagram.com\\\/clinicatebon\\\/?hl=es\"]}]}<\/script>\n<!-- \/ Yoast SEO plugin. -->","yoast_head_json":{"title":"Nurse Victoria Arenas Garc\u00eda | Aesthetic Surgery and Aesthetic Medicine","description":"Nurse Victoria Arenas Garc\u00eda, trained in plastic surgery and aesthetic medicine at Hospital Quir\u00f3n and Hospital Chip de M\u00e1laga.","robots":{"index":"index","follow":"follow","max-snippet":"max-snippet:-1","max-image-preview":"max-image-preview:large","max-video-preview":"max-video-preview:-1"},"canonical":"https:\/\/www.clinicatebon.es\/en\/nurse-victoria-arena-garcia\/","og_locale":"en_US","og_type":"article","og_title":"Nurse Victoria Arenas Garc\u00eda | Aesthetic Surgery and Aesthetic Medicine","og_description":"Nurse Victoria Arenas Garc\u00eda, trained in plastic surgery and aesthetic medicine at Hospital Quir\u00f3n and Hospital Chip de M\u00e1laga.","og_url":"https:\/\/www.clinicatebon.es\/en\/nurse-victoria-arena-garcia\/","og_site_name":"Clinica Tebon","article_publisher":"https:\/\/www.facebook.com\/ClinicaTebon\/","article_modified_time":"2025-04-23T07:20:12+00:00","twitter_card":"summary_large_image","twitter_misc":{"Est. reading time":"1 minute"},"schema":{"@context":"https:\/\/schema.org","@graph":[{"@type":"WebPage","@id":"https:\/\/www.clinicatebon.es\/en\/nurse-victoria-arena-garcia\/","url":"https:\/\/www.clinicatebon.es\/en\/nurse-victoria-arena-garcia\/","name":"Nurse Victoria Arenas Garc\u00eda | Aesthetic Surgery and Aesthetic Medicine","isPartOf":{"@id":"https:\/\/www.clinicatebon.es\/#website"},"datePublished":"2018-08-30T12:53:24+00:00","dateModified":"2025-04-23T07:20:12+00:00","description":"Nurse Victoria Arenas Garc\u00eda, trained in plastic surgery and aesthetic medicine at Hospital Quir\u00f3n and Hospital Chip de M\u00e1laga.","breadcrumb":{"@id":"https:\/\/www.clinicatebon.es\/en\/nurse-victoria-arena-garcia\/#breadcrumb"},"inLanguage":"en-US","potentialAction":[{"@type":"ReadAction","target":["https:\/\/www.clinicatebon.es\/en\/nurse-victoria-arena-garcia\/"]}]},{"@type":"BreadcrumbList","@id":"https:\/\/www.clinicatebon.es\/en\/nurse-victoria-arena-garcia\/#breadcrumb","itemListElement":[{"@type":"ListItem","position":1,"name":"Portada","item":"https:\/\/www.clinicatebon.es\/en\/"},{"@type":"ListItem","position":2,"name":"Nurse Victoria Arenas Garc\u00eda"}]},{"@type":"WebSite","@id":"https:\/\/www.clinicatebon.es\/#website","url":"https:\/\/www.clinicatebon.es\/","name":"Clinica Tebon","description":"Cl\u00ednica de cirug\u00eda pl\u00e1stica, est\u00e9tica y reparadora ubicada en el centro de M\u00e1laga","publisher":{"@id":"https:\/\/www.clinicatebon.es\/#organization"},"potentialAction":[{"@type":"SearchAction","target":{"@type":"EntryPoint","urlTemplate":"https:\/\/www.clinicatebon.es\/?s={search_term_string}"},"query-input":{"@type":"PropertyValueSpecification","valueRequired":true,"valueName":"search_term_string"}}],"inLanguage":"en-US"},{"@type":"Organization","@id":"https:\/\/www.clinicatebon.es\/#organization","name":"Cl\u00ednica Tebon","url":"https:\/\/www.clinicatebon.es\/","logo":{"@type":"ImageObject","inLanguage":"en-US","@id":"https:\/\/www.clinicatebon.es\/#\/schema\/logo\/image\/","url":"https:\/\/www.clinicatebon.es\/wp-content\/uploads\/2017\/08\/LogoCl\u00ednicaTebon.png","contentUrl":"https:\/\/www.clinicatebon.es\/wp-content\/uploads\/2017\/08\/LogoCl\u00ednicaTebon.png","width":1600,"height":672,"caption":"Cl\u00ednica Tebon"},"image":{"@id":"https:\/\/www.clinicatebon.es\/#\/schema\/logo\/image\/"},"sameAs":["https:\/\/www.facebook.com\/ClinicaTebon\/","https:\/\/www.instagram.com\/clinicatebon\/?hl=es"]}]}},"_links":{"self":[{"href":"https:\/\/www.clinicatebon.es\/en\/wp-json\/wp\/v2\/pages\/918","targetHints":{"allow":["GET"]}}],"collection":[{"href":"https:\/\/www.clinicatebon.es\/en\/wp-json\/wp\/v2\/pages"}],"about":[{"href":"https:\/\/www.clinicatebon.es\/en\/wp-json\/wp\/v2\/types\/page"}],"author":[{"embeddable":true,"href":"https:\/\/www.clinicatebon.es\/en\/wp-json\/wp\/v2\/users\/2"}],"replies":[{"embeddable":true,"href":"https:\/\/www.clinicatebon.es\/en\/wp-json\/wp\/v2\/comments?post=918"}],"version-history":[{"count":5,"href":"https:\/\/www.clinicatebon.es\/en\/wp-json\/wp\/v2\/pages\/918\/revisions"}],"predecessor-version":[{"id":1847,"href":"https:\/\/www.clinicatebon.es\/en\/wp-json\/wp\/v2\/pages\/918\/revisions\/1847"}],"wp:attachment":[{"href":"https:\/\/www.clinicatebon.es\/en\/wp-json\/wp\/v2\/media?parent=918"}],"curies":[{"name":"wp","href":"https:\/\/api.w.org\/{rel}","templated":true}]}}