{"id":921,"date":"2017-12-19T17:59:03","date_gmt":"2017-12-19T17:59:03","guid":{"rendered":"https:\/\/www.clinicatebon.es\/esclerosis-de-varices-malaga\/"},"modified":"2025-04-23T07:19:54","modified_gmt":"2025-04-23T07:19:54","slug":"varicose-sclerosis-malaga","status":"publish","type":"page","link":"https:\/\/www.clinicatebon.es\/en\/varicose-sclerosis-malaga\/","title":{"rendered":"Sclerosis of varicose veins"},"content":{"rendered":"<p>[vc_row][vc_column][vc_column_text]\u00bfConoces el tratamiento <strong>esclerosis de varices<\/strong>? Existen muchas personas que, debido a la edad, trabajo en el que hay que estar mucho tiempo de pie, tendencia gen\u00e9tica, etc., presentan peque\u00f1as varices o <a href=\"https:\/\/medlineplus.gov\/spanish\/ency\/article\/003284.htm\" target=\"_blank\" rel=\"noopener noreferrer\">telangiectasias<\/a> en sus miembros inferiores que causan un desagradable defecto est\u00e9tico en sus piernas.<\/p>\n<p>Estas peque\u00f1as telangiectasias (varices muy peque\u00f1as, como peque\u00f1as telara\u00f1as) son muy frecuentes, sobretodo en muslos y pantorrillas.<\/p>\n<p>Existe un tratamiento eficaz contra ellas, que es la escleroterapia (<strong>esclerosis de varices<\/strong>); es decir, la inyecci\u00f3n de un producto esclerosante para su eliminaci\u00f3n.<\/p>\n<p>Gracias a una aguja de m\u00ednimo calibre se inyecta el esclerosante a trav\u00e9s de las varices, haciendo una quemadura controlada del epitelio de las mismas y provocando su desaparici\u00f3n.<\/p>\n<p>Es importante remarcar que son necesarias varias sesiones para la eliminaci\u00f3n completa de las mismas, ya que en una sola sesi\u00f3n es posible que no visualices resultados remarcables. A partir de la tercera o cuarta sesi\u00f3n es cuando empezar\u00e1s a notar un resultado evidente, y en ocasiones son necesarias cinco, seis o m\u00e1s sesiones para la eliminaci\u00f3n completa.<\/p>\n<p>La <strong>esclerosis de varices<\/strong>, es un procedimiento sencillo que se realiza en consulta sin necesidad de anestesia, ya que aunque los peque\u00f1os pinchazos pueden ser algo molestos, se tolera con facilidad. Ponte en <a href=\"https:\/\/www.clinicatebon.es\/en\/contact\/\" target=\"_blank\" rel=\"noopener noreferrer\"><strong>contacto<\/strong><\/a> con nosotros y te informaremos de forma completa.<\/p>\n<p>&nbsp;<\/p>\n<p>&nbsp;<\/p>\n<p>&nbsp;<\/p>\n<p>[\/vc_column_text][vc_single_image image=&#8221;353&#8243; img_size=&#8221;large&#8221;][\/vc_column][\/vc_row][vc_row][vc_column][vc_custom_heading text=&#8221;Preguntas Frecuentes&#8221; font_container=&#8221;tag:h1|text_align:left&#8221; use_theme_fonts=&#8221;yes&#8221;][\/vc_column][vc_column width=&#8221;1\/4&#8243; css=&#8221;.vc_custom_1504029601002{margin-top: 0px !important;margin-right: 0px !important;margin-bottom: 0px !important;margin-left: 0px !important;border-top-width: 0px !important;border-right-width: 0px !important;border-bottom-width: 0px !important;border-left-width: 0px !important;padding-top: 0px !important;padding-right: 0px !important;padding-bottom: 0px !important;padding-left: 0px !important;}&#8221; offset=&#8221;vc_col-xs-3&#8243;]<div data-id=\"mpc_divider-4569fb30f39f276\" class=\"mpc-divider-wrap\"><div class=\"mpc-divider mpc-init mpc-align--right mpc-disable--left \" ><div class=\"mpc-divider__line mpc-side--left\"><span><\/span><\/div><div class=\"mpc-divider__line mpc-side--right\"><span><\/span><\/div><\/div><\/div>[\/vc_column][vc_column width=&#8221;3\/4&#8243; css=&#8221;.vc_custom_1503950868397{margin-top: 0px !important;margin-right: 0px !important;margin-bottom: 0px !important;margin-left: 0px !important;border-top-width: 0px !important;border-right-width: 0px !important;border-bottom-width: 0px !important;border-left-width: 0px !important;padding-top: 0px !important;padding-right: 0px !important;padding-bottom: 0px !important;padding-left: 0px !important;}&#8221; offset=&#8221;vc_col-xs-9&#8243;]<div data-id=\"mpc_divider-6969fb30f39f2ca\" class=\"mpc-divider-wrap\"><div class=\"mpc-divider mpc-init mpc-align--left mpc-disable--left \" ><div class=\"mpc-divider__line mpc-side--left\"><span><\/span><\/div><div class=\"mpc-divider__line mpc-side--right\"><span><\/span><\/div><\/div><\/div>[\/vc_column][vc_column][vc_empty_space][\/vc_column][\/vc_row][vc_row][vc_column][vc_tta_accordion style=&#8221;outline&#8221; shape=&#8221;square&#8221; color=&#8221;mulled-wine&#8221; c_icon=&#8221;triangle&#8221; active_section=&#8221;99&#8243;][vc_tta_section title=&#8221;\u00bfQui\u00e9n puede ser un buen candidato a esclerosis de varices?&#8221; tab_id=&#8221;1&#8243;][vc_column_text]Aquella persona que presente peque\u00f1as varices (o telangiectasias) en sus miembros inferiores (no son lo mismo que las varices verdaderas, que son de mayor tama\u00f1o).[\/vc_column_text][\/vc_tta_section][vc_tta_section title=&#8221;\u00bfCu\u00e1ntas sesiones son necesarias?&#8221; tab_id=&#8221;2&#8243;][vc_column_text]No podemos saber a priori cu\u00e1ntas sesiones ser\u00e1n necesarias. La mayor parte de las personas suele tener un resultado eficaz con 5 o 6 sesiones, aunque hay personas que precisan m\u00e1s.[\/vc_column_text][\/vc_tta_section][vc_tta_section title=&#8221;\u00bfCada cu\u00e1nto tiempo son las sesiones?&#8221; tab_id=&#8221;3&#8243;][vc_column_text]Se programan aproximadamente con un mes de intervalo entre una y otra, aunque no pasa nada si por necesidades del paciente pasa m\u00e1s tiempo entre una y otra.[\/vc_column_text][\/vc_tta_section][vc_tta_section title=&#8221;\u00bfEs doloroso?&#8221; tab_id=&#8221;4&#8243;][vc_column_text]Las inyecciones pueden ser algo molestas, pero tolerables. Se puede utilizar alguna crema anest\u00e9sica en pacientes que lo necesiten.[\/vc_column_text][\/vc_tta_section][\/vc_tta_accordion][\/vc_column][\/vc_row]<\/p>\n","protected":false},"excerpt":{"rendered":"<p>[vc_row][vc_column][vc_column_text]\u00bfConoces el tratamiento esclerosis de varices? Existen muchas personas que, debido a la edad, trabajo en el que hay que<\/p>\n","protected":false},"author":2,"featured_media":0,"parent":0,"menu_order":0,"comment_status":"closed","ping_status":"closed","template":"page-left-sidebar.php","meta":{"footnotes":""},"class_list":["post-921","page","type-page","status-publish","hentry"],"yoast_head":"<!-- This site is optimized with the Yoast SEO plugin v27.5 - https:\/\/yoast.com\/product\/yoast-seo-wordpress\/ -->\n<title>Varicose sclerosis | Tebon Clinic<\/title>\n<meta name=\"description\" content=\"Sclerosis of varicose veins or sclerotherapy is an effective treatment against varicose veins or telangiectasias. Ask us without obligation.\" \/>\n<meta name=\"robots\" content=\"index, follow, max-snippet:-1, max-image-preview:large, max-video-preview:-1\" \/>\n<link rel=\"canonical\" href=\"https:\/\/www.clinicatebon.es\/en\/varicose-sclerosis-malaga\/\" \/>\n<meta property=\"og:locale\" content=\"en_US\" \/>\n<meta property=\"og:type\" content=\"article\" \/>\n<meta property=\"og:title\" content=\"Varicose sclerosis | Tebon Clinic\" \/>\n<meta property=\"og:description\" content=\"Sclerosis of varicose veins or sclerotherapy is an effective treatment against varicose veins or telangiectasias. Ask us without obligation.\" \/>\n<meta property=\"og:url\" content=\"https:\/\/www.clinicatebon.es\/en\/varicose-sclerosis-malaga\/\" \/>\n<meta property=\"og:site_name\" content=\"Clinica Tebon\" \/>\n<meta property=\"article:publisher\" content=\"https:\/\/www.facebook.com\/ClinicaTebon\/\" \/>\n<meta property=\"article:modified_time\" content=\"2025-04-23T07:19:54+00:00\" \/>\n<meta name=\"twitter:card\" content=\"summary_large_image\" \/>\n<meta name=\"twitter:label1\" content=\"Est. reading time\" \/>\n\t<meta name=\"twitter:data1\" content=\"3 minutes\" \/>\n<script type=\"application\/ld+json\" class=\"yoast-schema-graph\">{\"@context\":\"https:\\\/\\\/schema.org\",\"@graph\":[{\"@type\":\"WebPage\",\"@id\":\"https:\\\/\\\/www.clinicatebon.es\\\/en\\\/varicose-sclerosis-malaga\\\/\",\"url\":\"https:\\\/\\\/www.clinicatebon.es\\\/en\\\/varicose-sclerosis-malaga\\\/\",\"name\":\"Varicose sclerosis | Tebon Clinic\",\"isPartOf\":{\"@id\":\"https:\\\/\\\/www.clinicatebon.es\\\/#website\"},\"datePublished\":\"2017-12-19T17:59:03+00:00\",\"dateModified\":\"2025-04-23T07:19:54+00:00\",\"description\":\"Sclerosis of varicose veins or sclerotherapy is an effective treatment against varicose veins or telangiectasias. Ask us without obligation.\",\"breadcrumb\":{\"@id\":\"https:\\\/\\\/www.clinicatebon.es\\\/en\\\/varicose-sclerosis-malaga\\\/#breadcrumb\"},\"inLanguage\":\"en-US\",\"potentialAction\":[{\"@type\":\"ReadAction\",\"target\":[\"https:\\\/\\\/www.clinicatebon.es\\\/en\\\/varicose-sclerosis-malaga\\\/\"]}]},{\"@type\":\"BreadcrumbList\",\"@id\":\"https:\\\/\\\/www.clinicatebon.es\\\/en\\\/varicose-sclerosis-malaga\\\/#breadcrumb\",\"itemListElement\":[{\"@type\":\"ListItem\",\"position\":1,\"name\":\"Portada\",\"item\":\"https:\\\/\\\/www.clinicatebon.es\\\/en\\\/\"},{\"@type\":\"ListItem\",\"position\":2,\"name\":\"Sclerosis of varicose veins\"}]},{\"@type\":\"WebSite\",\"@id\":\"https:\\\/\\\/www.clinicatebon.es\\\/#website\",\"url\":\"https:\\\/\\\/www.clinicatebon.es\\\/\",\"name\":\"Clinica Tebon\",\"description\":\"Cl\u00ednica de cirug\u00eda pl\u00e1stica, est\u00e9tica y reparadora ubicada en el centro de M\u00e1laga\",\"publisher\":{\"@id\":\"https:\\\/\\\/www.clinicatebon.es\\\/#organization\"},\"potentialAction\":[{\"@type\":\"SearchAction\",\"target\":{\"@type\":\"EntryPoint\",\"urlTemplate\":\"https:\\\/\\\/www.clinicatebon.es\\\/?s={search_term_string}\"},\"query-input\":{\"@type\":\"PropertyValueSpecification\",\"valueRequired\":true,\"valueName\":\"search_term_string\"}}],\"inLanguage\":\"en-US\"},{\"@type\":\"Organization\",\"@id\":\"https:\\\/\\\/www.clinicatebon.es\\\/#organization\",\"name\":\"Cl\u00ednica Tebon\",\"url\":\"https:\\\/\\\/www.clinicatebon.es\\\/\",\"logo\":{\"@type\":\"ImageObject\",\"inLanguage\":\"en-US\",\"@id\":\"https:\\\/\\\/www.clinicatebon.es\\\/#\\\/schema\\\/logo\\\/image\\\/\",\"url\":\"https:\\\/\\\/www.clinicatebon.es\\\/wp-content\\\/uploads\\\/2017\\\/08\\\/LogoCl\u00ednicaTebon.png\",\"contentUrl\":\"https:\\\/\\\/www.clinicatebon.es\\\/wp-content\\\/uploads\\\/2017\\\/08\\\/LogoCl\u00ednicaTebon.png\",\"width\":1600,\"height\":672,\"caption\":\"Cl\u00ednica Tebon\"},\"image\":{\"@id\":\"https:\\\/\\\/www.clinicatebon.es\\\/#\\\/schema\\\/logo\\\/image\\\/\"},\"sameAs\":[\"https:\\\/\\\/www.facebook.com\\\/ClinicaTebon\\\/\",\"https:\\\/\\\/www.instagram.com\\\/clinicatebon\\\/?hl=es\"]}]}<\/script>\n<!-- \/ Yoast SEO plugin. -->","yoast_head_json":{"title":"Varicose sclerosis | Tebon Clinic","description":"Sclerosis of varicose veins or sclerotherapy is an effective treatment against varicose veins or telangiectasias. Ask us without obligation.","robots":{"index":"index","follow":"follow","max-snippet":"max-snippet:-1","max-image-preview":"max-image-preview:large","max-video-preview":"max-video-preview:-1"},"canonical":"https:\/\/www.clinicatebon.es\/en\/varicose-sclerosis-malaga\/","og_locale":"en_US","og_type":"article","og_title":"Varicose sclerosis | Tebon Clinic","og_description":"Sclerosis of varicose veins or sclerotherapy is an effective treatment against varicose veins or telangiectasias. Ask us without obligation.","og_url":"https:\/\/www.clinicatebon.es\/en\/varicose-sclerosis-malaga\/","og_site_name":"Clinica Tebon","article_publisher":"https:\/\/www.facebook.com\/ClinicaTebon\/","article_modified_time":"2025-04-23T07:19:54+00:00","twitter_card":"summary_large_image","twitter_misc":{"Est. reading time":"3 minutes"},"schema":{"@context":"https:\/\/schema.org","@graph":[{"@type":"WebPage","@id":"https:\/\/www.clinicatebon.es\/en\/varicose-sclerosis-malaga\/","url":"https:\/\/www.clinicatebon.es\/en\/varicose-sclerosis-malaga\/","name":"Varicose sclerosis | Tebon Clinic","isPartOf":{"@id":"https:\/\/www.clinicatebon.es\/#website"},"datePublished":"2017-12-19T17:59:03+00:00","dateModified":"2025-04-23T07:19:54+00:00","description":"Sclerosis of varicose veins or sclerotherapy is an effective treatment against varicose veins or telangiectasias. Ask us without obligation.","breadcrumb":{"@id":"https:\/\/www.clinicatebon.es\/en\/varicose-sclerosis-malaga\/#breadcrumb"},"inLanguage":"en-US","potentialAction":[{"@type":"ReadAction","target":["https:\/\/www.clinicatebon.es\/en\/varicose-sclerosis-malaga\/"]}]},{"@type":"BreadcrumbList","@id":"https:\/\/www.clinicatebon.es\/en\/varicose-sclerosis-malaga\/#breadcrumb","itemListElement":[{"@type":"ListItem","position":1,"name":"Portada","item":"https:\/\/www.clinicatebon.es\/en\/"},{"@type":"ListItem","position":2,"name":"Sclerosis of varicose veins"}]},{"@type":"WebSite","@id":"https:\/\/www.clinicatebon.es\/#website","url":"https:\/\/www.clinicatebon.es\/","name":"Clinica Tebon","description":"Cl\u00ednica de cirug\u00eda pl\u00e1stica, est\u00e9tica y reparadora ubicada en el centro de M\u00e1laga","publisher":{"@id":"https:\/\/www.clinicatebon.es\/#organization"},"potentialAction":[{"@type":"SearchAction","target":{"@type":"EntryPoint","urlTemplate":"https:\/\/www.clinicatebon.es\/?s={search_term_string}"},"query-input":{"@type":"PropertyValueSpecification","valueRequired":true,"valueName":"search_term_string"}}],"inLanguage":"en-US"},{"@type":"Organization","@id":"https:\/\/www.clinicatebon.es\/#organization","name":"Cl\u00ednica Tebon","url":"https:\/\/www.clinicatebon.es\/","logo":{"@type":"ImageObject","inLanguage":"en-US","@id":"https:\/\/www.clinicatebon.es\/#\/schema\/logo\/image\/","url":"https:\/\/www.clinicatebon.es\/wp-content\/uploads\/2017\/08\/LogoCl\u00ednicaTebon.png","contentUrl":"https:\/\/www.clinicatebon.es\/wp-content\/uploads\/2017\/08\/LogoCl\u00ednicaTebon.png","width":1600,"height":672,"caption":"Cl\u00ednica Tebon"},"image":{"@id":"https:\/\/www.clinicatebon.es\/#\/schema\/logo\/image\/"},"sameAs":["https:\/\/www.facebook.com\/ClinicaTebon\/","https:\/\/www.instagram.com\/clinicatebon\/?hl=es"]}]}},"_links":{"self":[{"href":"https:\/\/www.clinicatebon.es\/en\/wp-json\/wp\/v2\/pages\/921","targetHints":{"allow":["GET"]}}],"collection":[{"href":"https:\/\/www.clinicatebon.es\/en\/wp-json\/wp\/v2\/pages"}],"about":[{"href":"https:\/\/www.clinicatebon.es\/en\/wp-json\/wp\/v2\/types\/page"}],"author":[{"embeddable":true,"href":"https:\/\/www.clinicatebon.es\/en\/wp-json\/wp\/v2\/users\/2"}],"replies":[{"embeddable":true,"href":"https:\/\/www.clinicatebon.es\/en\/wp-json\/wp\/v2\/comments?post=921"}],"version-history":[{"count":5,"href":"https:\/\/www.clinicatebon.es\/en\/wp-json\/wp\/v2\/pages\/921\/revisions"}],"predecessor-version":[{"id":1821,"href":"https:\/\/www.clinicatebon.es\/en\/wp-json\/wp\/v2\/pages\/921\/revisions\/1821"}],"wp:attachment":[{"href":"https:\/\/www.clinicatebon.es\/en\/wp-json\/wp\/v2\/media?parent=921"}],"curies":[{"name":"wp","href":"https:\/\/api.w.org\/{rel}","templated":true}]}}