{"id":926,"date":"2017-09-12T00:09:58","date_gmt":"2017-09-12T00:09:58","guid":{"rendered":"https:\/\/www.clinicatebon.es\/ginecomastia-malaga\/"},"modified":"2025-04-23T07:19:57","modified_gmt":"2025-04-23T07:19:57","slug":"gynecomastia-malaga","status":"publish","type":"page","link":"https:\/\/www.clinicatebon.es\/en\/gynecomastia-malaga\/","title":{"rendered":"Gynecomastia"},"content":{"rendered":"<p>[vc_row][vc_column][vc_column_text]<strong>La Ginecomastia<\/strong> es el desarrollo de una o ambas gl\u00e1ndulas mamarias en el hombre. Este problema es bastante frecuente. Algunos estudios estiman que la ginecomastia puede afectar hasta a un <a href=\"https:\/\/www.abc.es\/summum\/estilo\/belleza\/abci-operacion-pecho-tambien-para-hombres-201907291517_noticia.html\" target=\"_blank\" rel=\"noopener noreferrer\"><strong>40-60 % de los hombres<\/strong><\/a>. Y puede ser s\u00f3lo en un lado o en los dos.<\/p>\n<p>Algunas enfermedades y tambi\u00e9n el uso de ciertos medicamentos o drogas puede ser desencadenante del sobredesarrollo de la mama, aunque en la mayor\u00eda de los casos no hay causa conocida. Para hombres que se preocupan por su apariencia, la <strong>reducci\u00f3n de la mama<\/strong> puede ser \u00fatil. En resumen el procedimiento que llevamos a cabo en nuestra <a href=\"https:\/\/www.clinicatebon.es\/en\/contact\/\" target=\"_blank\" rel=\"noopener noreferrer\"><strong>Cl\u00ednica de Cirug\u00eda Est\u00e9tica en M\u00e1laga<\/strong><\/a> quita grasa y tejido glandular de las mamas, y en casos extremos tambi\u00e9n quita piel que sobra, dando lugar a un t\u00f3rax firme, plano, y bien contorneado.<\/p>\n<p>&nbsp;<\/p>\n<p>&nbsp;<\/p>\n<p>[\/vc_column_text][vc_single_image image=&#8221;299&#8243; img_size=&#8221;large&#8221;][vc_custom_heading text=&#8221;Antes de la cirug\u00eda&#8221; font_container=&#8221;tag:h1|text_align:left&#8221; use_theme_fonts=&#8221;yes&#8221;][\/vc_column][vc_column width=&#8221;1\/4&#8243; css=&#8221;.vc_custom_1504029601002{margin-top: 0px !important;margin-right: 0px !important;margin-bottom: 0px !important;margin-left: 0px !important;border-top-width: 0px !important;border-right-width: 0px !important;border-bottom-width: 0px !important;border-left-width: 0px !important;padding-top: 0px !important;padding-right: 0px !important;padding-bottom: 0px !important;padding-left: 0px !important;}&#8221; offset=&#8221;vc_col-xs-3&#8243;]<div data-id=\"mpc_divider-2269f8a774491b0\" class=\"mpc-divider-wrap\"><div class=\"mpc-divider mpc-init mpc-align--right mpc-disable--left \" ><div class=\"mpc-divider__line mpc-side--left\"><span><\/span><\/div><div class=\"mpc-divider__line mpc-side--right\"><span><\/span><\/div><\/div><\/div>[\/vc_column][vc_column width=&#8221;3\/4&#8243; css=&#8221;.vc_custom_1503950868397{margin-top: 0px !important;margin-right: 0px !important;margin-bottom: 0px !important;margin-left: 0px !important;border-top-width: 0px !important;border-right-width: 0px !important;border-bottom-width: 0px !important;border-left-width: 0px !important;padding-top: 0px !important;padding-right: 0px !important;padding-bottom: 0px !important;padding-left: 0px !important;}&#8221; offset=&#8221;vc_col-xs-9&#8243;]<div data-id=\"mpc_divider-3869f8a7744920e\" class=\"mpc-divider-wrap\"><div class=\"mpc-divider mpc-init mpc-align--left mpc-disable--left \" ><div class=\"mpc-divider__line mpc-side--left\"><span><\/span><\/div><div class=\"mpc-divider__line mpc-side--right\"><span><\/span><\/div><\/div><\/div>[\/vc_column][vc_column][vc_empty_space][vc_column_text]En la primera consulta haremos una historia cl\u00ednica completa, se examinar\u00e1n sus mamas y buscaremos las posibles causas de la ginecomastia, como por ejemplo el uso de medicaci\u00f3n que contenga estr\u00f3genos, o uso de esteroides anabolizantes. En algunos casos puede ser necesario realizar una ecograf\u00eda, para ver la composici\u00f3n de la mama, comprobar cuanta grasa y cuanto tejido glandular tiene la mama para orientar hacia una cirug\u00eda adecuada.[\/vc_column_text][\/vc_column][\/vc_row][vc_row][vc_column][vc_custom_heading text=&#8221;Durante la cirug\u00eda&#8221; font_container=&#8221;tag:h1|text_align:left&#8221; use_theme_fonts=&#8221;yes&#8221;][\/vc_column][vc_column width=&#8221;1\/4&#8243; css=&#8221;.vc_custom_1504029601002{margin-top: 0px !important;margin-right: 0px !important;margin-bottom: 0px !important;margin-left: 0px !important;border-top-width: 0px !important;border-right-width: 0px !important;border-bottom-width: 0px !important;border-left-width: 0px !important;padding-top: 0px !important;padding-right: 0px !important;padding-bottom: 0px !important;padding-left: 0px !important;}&#8221; offset=&#8221;vc_col-xs-3&#8243;]<div data-id=\"mpc_divider-3969f8a7744924b\" class=\"mpc-divider-wrap\"><div class=\"mpc-divider mpc-init mpc-align--right mpc-disable--left \" ><div class=\"mpc-divider__line mpc-side--left\"><span><\/span><\/div><div class=\"mpc-divider__line mpc-side--right\"><span><\/span><\/div><\/div><\/div>[\/vc_column][vc_column width=&#8221;3\/4&#8243; css=&#8221;.vc_custom_1503950868397{margin-top: 0px !important;margin-right: 0px !important;margin-bottom: 0px !important;margin-left: 0px !important;border-top-width: 0px !important;border-right-width: 0px !important;border-bottom-width: 0px !important;border-left-width: 0px !important;padding-top: 0px !important;padding-right: 0px !important;padding-bottom: 0px !important;padding-left: 0px !important;}&#8221; offset=&#8221;vc_col-xs-9&#8243;]<div data-id=\"mpc_divider-7269f8a77449286\" class=\"mpc-divider-wrap\"><div class=\"mpc-divider mpc-init mpc-align--left mpc-disable--left \" ><div class=\"mpc-divider__line mpc-side--left\"><span><\/span><\/div><div class=\"mpc-divider__line mpc-side--right\"><span><\/span><\/div><\/div><\/div>[\/vc_column][vc_column][vc_empty_space][vc_column_text]La intervenci\u00f3n quir\u00fargica para corregir la ginecomastia se realiza en un quir\u00f3fano, dentro de una cl\u00ednica u hospital. Es necesario el ingreso de al menos 24 horas. El paciente permanece dormido durante la cirug\u00eda que se realiza bajo anestesia general.<\/p>\n<p>La cirug\u00eda suele durar 2 horas aproximadamente aunque depende de la t\u00e9cnica quir\u00fargica empleada. Las incisiones pueden variar dependiendo de la cantidad de tejido que sea necesario extirpar o si hay que incluir tambi\u00e9n reducci\u00f3n de piel, pero habitualmente la incisi\u00f3n ser\u00e1 en la areola. En algunos casos en los que la mama est\u00e9 compuesta por mayor\u00eda de grasa puede ser suficiente con una liposucci\u00f3n.<\/p>\n<p>En la mayor\u00eda de los casos la areola se mantiene unida a sus vasos sangu\u00edneos y a su nervios, manteniendo una sensibilidad pr\u00e1cticamente normal, pero en casos de grandes reducciones es necesario separar completamente la areola y ubicarla en otro sitio, perdiendo la sensibilidad. Tras la cirug\u00eda se ponen unos drenajes y un vendaje alrededor del t\u00f3rax.[\/vc_column_text][\/vc_column][\/vc_row][vc_row][vc_column][vc_custom_heading text=&#8221;Despu\u00e9s de la cirug\u00eda&#8221; font_container=&#8221;tag:h1|text_align:left&#8221; use_theme_fonts=&#8221;yes&#8221;][\/vc_column][vc_column width=&#8221;1\/4&#8243; css=&#8221;.vc_custom_1504029601002{margin-top: 0px !important;margin-right: 0px !important;margin-bottom: 0px !important;margin-left: 0px !important;border-top-width: 0px !important;border-right-width: 0px !important;border-bottom-width: 0px !important;border-left-width: 0px !important;padding-top: 0px !important;padding-right: 0px !important;padding-bottom: 0px !important;padding-left: 0px !important;}&#8221; offset=&#8221;vc_col-xs-3&#8243;]<div data-id=\"mpc_divider-7369f8a774492b8\" class=\"mpc-divider-wrap\"><div class=\"mpc-divider mpc-init mpc-align--right mpc-disable--left \" ><div class=\"mpc-divider__line mpc-side--left\"><span><\/span><\/div><div class=\"mpc-divider__line mpc-side--right\"><span><\/span><\/div><\/div><\/div>[\/vc_column][vc_column width=&#8221;3\/4&#8243; css=&#8221;.vc_custom_1503950868397{margin-top: 0px !important;margin-right: 0px !important;margin-bottom: 0px !important;margin-left: 0px !important;border-top-width: 0px !important;border-right-width: 0px !important;border-bottom-width: 0px !important;border-left-width: 0px !important;padding-top: 0px !important;padding-right: 0px !important;padding-bottom: 0px !important;padding-left: 0px !important;}&#8221; offset=&#8221;vc_col-xs-9&#8243;]<div data-id=\"mpc_divider-9569f8a774492e6\" class=\"mpc-divider-wrap\"><div class=\"mpc-divider mpc-init mpc-align--left mpc-disable--left \" ><div class=\"mpc-divider__line mpc-side--left\"><span><\/span><\/div><div class=\"mpc-divider__line mpc-side--right\"><span><\/span><\/div><\/div><\/div>[\/vc_column][vc_column][vc_empty_space][vc_column_text]Tanto si la intervenci\u00f3n ha sido con liposucci\u00f3n o con bistur\u00ed, es posible sentir algunas molestias varios d\u00edas, pero estas pueden ser controladas con la medicaci\u00f3n que le indicar\u00e1n los doctores. Estar\u00e1 hinchado alg\u00fan tiempo, para ayudar a reducir la inflamaci\u00f3n se le indicar\u00e1 una faja que tendr\u00e1 que llevar puesta un mes aproximadamente.<\/p>\n<p>Es importante que vuelva a la normalidad cuanto antes. Debe recuperarse progresivamente y volver a su actividad habitual cuando se encuentre bien, que podr\u00eda ser en unos d\u00edas tras la cirug\u00eda. Las suturas se retirar\u00e1n una o dos semanas tras la cirug\u00eda.[\/vc_column_text][\/vc_column][\/vc_row][vc_row][vc_column][vc_custom_heading text=&#8221;Preguntas Frecuentes&#8221; font_container=&#8221;tag:h1|text_align:left&#8221; use_theme_fonts=&#8221;yes&#8221;][\/vc_column][vc_column width=&#8221;1\/4&#8243; css=&#8221;.vc_custom_1504029601002{margin-top: 0px !important;margin-right: 0px !important;margin-bottom: 0px !important;margin-left: 0px !important;border-top-width: 0px !important;border-right-width: 0px !important;border-bottom-width: 0px !important;border-left-width: 0px !important;padding-top: 0px !important;padding-right: 0px !important;padding-bottom: 0px !important;padding-left: 0px !important;}&#8221; offset=&#8221;vc_col-xs-3&#8243;]<div data-id=\"mpc_divider-8169f8a77449312\" class=\"mpc-divider-wrap\"><div class=\"mpc-divider mpc-init mpc-align--right mpc-disable--left \" ><div class=\"mpc-divider__line mpc-side--left\"><span><\/span><\/div><div class=\"mpc-divider__line mpc-side--right\"><span><\/span><\/div><\/div><\/div>[\/vc_column][vc_column width=&#8221;3\/4&#8243; css=&#8221;.vc_custom_1503950868397{margin-top: 0px !important;margin-right: 0px !important;margin-bottom: 0px !important;margin-left: 0px !important;border-top-width: 0px !important;border-right-width: 0px !important;border-bottom-width: 0px !important;border-left-width: 0px !important;padding-top: 0px !important;padding-right: 0px !important;padding-bottom: 0px !important;padding-left: 0px !important;}&#8221; offset=&#8221;vc_col-xs-9&#8243;]<div data-id=\"mpc_divider-5569f8a77449341\" class=\"mpc-divider-wrap\"><div class=\"mpc-divider mpc-init mpc-align--left mpc-disable--left \" ><div class=\"mpc-divider__line mpc-side--left\"><span><\/span><\/div><div class=\"mpc-divider__line mpc-side--right\"><span><\/span><\/div><\/div><\/div>[\/vc_column][vc_column][vc_empty_space][\/vc_column][\/vc_row][vc_row][vc_column][vc_tta_accordion style=&#8221;outline&#8221; shape=&#8221;square&#8221; color=&#8221;mulled-wine&#8221; c_icon=&#8221;triangle&#8221; active_section=&#8221;99&#8243;][vc_tta_section title=&#8221;\u00bfSoy un buen candidato para esta cirug\u00eda?&#8221; tab_id=&#8221;1&#8243;][vc_column_text]La cirug\u00eda que corrige la ginecomastia puede realizarse en varones sanos, emocionalmente estables, y a cualquier edad. Aunque el mejor resultado se obtiene cuando la piel se adapta al nuevo contorno corporal, porque es firme y el\u00e1stica.<br \/>\nSe desaconseja la cirug\u00eda en hombres obesos o con sobrepeso que primero no hayan intentado la p\u00e9rdida de peso con ejercicio. Tampoco son buenos candidatos, personas que consuman alcohol en exceso o fumen derivados del hach\u00eds, estas drogas junto con los esteroides anabolizantes pueden originar la ginecomastia. Por lo tanto, a estos pacientes se les aconseja cambiar sus h\u00e1bitos para ver si mejoran antes de la cirug\u00eda.[\/vc_column_text][\/vc_tta_section][vc_tta_section title=&#8221;\u00bfQue riesgos existen?&#8221; tab_id=&#8221;2&#8243;][vc_column_text]Cuando la cirug\u00eda de reducci\u00f3n mamaria es llevada a cabo por un cirujano pl\u00e1stico cualificado, las complicaciones son infrecuentes y menores. Como en cualquier cirug\u00eda, siempre hay ciertos riesgos. Estos incluyen como m\u00e1s frecuentes: infecci\u00f3n, lesiones cut\u00e1neas, sangrado excesivo, y aparici\u00f3n de seromas. El procedimiento puede provocar cicatrices visibles, cambios de pigmento en el \u00e1rea de la mama, o mamas y pezones ligeramente asim\u00e9tricos.<\/p>\n<p>Los efectos secundarios temporales de la reducci\u00f3n mamaria en el var\u00f3n incluyen disminuci\u00f3n de la sensibilidad cut\u00e1nea en la mama, que puede tardar hasta un a\u00f1o en recuperarse.<\/p>\n<p>[\/vc_column_text][\/vc_tta_section][vc_tta_section title=&#8221;\u00bfCuando puedo hacer ejercicio?&#8221; tab_id=&#8221;3&#8243;][vc_column_text]Le aconsejaremos que limite su actividad f\u00edsica al principio, evitando ejercicios pesados durante un mes. En general, a las 6 semanas ya podr\u00e1 realizar un ejercicio f\u00edsico normal.[\/vc_column_text][\/vc_tta_section][vc_tta_section title=&#8221;\u00bfCuando puedo tomar el sol?&#8221; tab_id=&#8221;4&#8243;][vc_column_text]Debe evitar la exposici\u00f3n de la cicatrices al sol al menos durante un a\u00f1o. La luz del sol puede provocar cambios permanentes en la pigmentaci\u00f3n de la piel, provocando cicatrices m\u00e1s oscuras. Si a\u00fan as\u00ed va a exponerse, use protecci\u00f3n solar total.[\/vc_column_text][\/vc_tta_section][\/vc_tta_accordion][\/vc_column][\/vc_row]<\/p>\n","protected":false},"excerpt":{"rendered":"<p>[vc_row][vc_column][vc_column_text]La Ginecomastia es el desarrollo de una o ambas gl\u00e1ndulas mamarias en el hombre. Este problema es bastante frecuente. Algunos<\/p>\n","protected":false},"author":2,"featured_media":0,"parent":0,"menu_order":0,"comment_status":"closed","ping_status":"closed","template":"page-left-sidebar.php","meta":{"footnotes":""},"class_list":["post-926","page","type-page","status-publish","hentry"],"yoast_head":"<!-- This site is optimized with the Yoast SEO plugin v27.5 - https:\/\/yoast.com\/product\/yoast-seo-wordpress\/ -->\n<title>Gynecomastia - Cl\u00ednica Tebon - Cosmetic Surgery in Malaga<\/title>\n<meta name=\"description\" content=\"Gynecomastia is the development of one or both mammary glands in men. At Cl\u00ednica Tebon we are specialists in the treatment of Gynecomastia.\" \/>\n<meta name=\"robots\" content=\"index, follow, max-snippet:-1, max-image-preview:large, max-video-preview:-1\" \/>\n<link rel=\"canonical\" href=\"https:\/\/www.clinicatebon.es\/en\/gynecomastia-malaga\/\" \/>\n<meta property=\"og:locale\" content=\"en_US\" \/>\n<meta property=\"og:type\" content=\"article\" \/>\n<meta property=\"og:title\" content=\"Gynecomastia - Cl\u00ednica Tebon - Cosmetic Surgery in Malaga\" \/>\n<meta property=\"og:description\" content=\"Gynecomastia is the development of one or both mammary glands in men. At Cl\u00ednica Tebon we are specialists in the treatment of Gynecomastia.\" \/>\n<meta property=\"og:url\" content=\"https:\/\/www.clinicatebon.es\/en\/gynecomastia-malaga\/\" \/>\n<meta property=\"og:site_name\" content=\"Clinica Tebon\" \/>\n<meta property=\"article:publisher\" content=\"https:\/\/www.facebook.com\/ClinicaTebon\/\" \/>\n<meta property=\"article:modified_time\" content=\"2025-04-23T07:19:57+00:00\" \/>\n<meta name=\"twitter:card\" content=\"summary_large_image\" \/>\n<meta name=\"twitter:label1\" content=\"Est. reading time\" \/>\n\t<meta name=\"twitter:data1\" content=\"8 minutes\" \/>\n<script type=\"application\/ld+json\" class=\"yoast-schema-graph\">{\"@context\":\"https:\\\/\\\/schema.org\",\"@graph\":[{\"@type\":\"WebPage\",\"@id\":\"https:\\\/\\\/www.clinicatebon.es\\\/en\\\/gynecomastia-malaga\\\/\",\"url\":\"https:\\\/\\\/www.clinicatebon.es\\\/en\\\/gynecomastia-malaga\\\/\",\"name\":\"Gynecomastia - Cl\u00ednica Tebon - Cosmetic Surgery in Malaga\",\"isPartOf\":{\"@id\":\"https:\\\/\\\/www.clinicatebon.es\\\/#website\"},\"datePublished\":\"2017-09-12T00:09:58+00:00\",\"dateModified\":\"2025-04-23T07:19:57+00:00\",\"description\":\"Gynecomastia is the development of one or both mammary glands in men. At Cl\u00ednica Tebon we are specialists in the treatment of Gynecomastia.\",\"breadcrumb\":{\"@id\":\"https:\\\/\\\/www.clinicatebon.es\\\/en\\\/gynecomastia-malaga\\\/#breadcrumb\"},\"inLanguage\":\"en-US\",\"potentialAction\":[{\"@type\":\"ReadAction\",\"target\":[\"https:\\\/\\\/www.clinicatebon.es\\\/en\\\/gynecomastia-malaga\\\/\"]}]},{\"@type\":\"BreadcrumbList\",\"@id\":\"https:\\\/\\\/www.clinicatebon.es\\\/en\\\/gynecomastia-malaga\\\/#breadcrumb\",\"itemListElement\":[{\"@type\":\"ListItem\",\"position\":1,\"name\":\"Portada\",\"item\":\"https:\\\/\\\/www.clinicatebon.es\\\/en\\\/\"},{\"@type\":\"ListItem\",\"position\":2,\"name\":\"Gynecomastia\"}]},{\"@type\":\"WebSite\",\"@id\":\"https:\\\/\\\/www.clinicatebon.es\\\/#website\",\"url\":\"https:\\\/\\\/www.clinicatebon.es\\\/\",\"name\":\"Clinica Tebon\",\"description\":\"Cl\u00ednica de cirug\u00eda pl\u00e1stica, est\u00e9tica y reparadora ubicada en el centro de M\u00e1laga\",\"publisher\":{\"@id\":\"https:\\\/\\\/www.clinicatebon.es\\\/#organization\"},\"potentialAction\":[{\"@type\":\"SearchAction\",\"target\":{\"@type\":\"EntryPoint\",\"urlTemplate\":\"https:\\\/\\\/www.clinicatebon.es\\\/?s={search_term_string}\"},\"query-input\":{\"@type\":\"PropertyValueSpecification\",\"valueRequired\":true,\"valueName\":\"search_term_string\"}}],\"inLanguage\":\"en-US\"},{\"@type\":\"Organization\",\"@id\":\"https:\\\/\\\/www.clinicatebon.es\\\/#organization\",\"name\":\"Cl\u00ednica Tebon\",\"url\":\"https:\\\/\\\/www.clinicatebon.es\\\/\",\"logo\":{\"@type\":\"ImageObject\",\"inLanguage\":\"en-US\",\"@id\":\"https:\\\/\\\/www.clinicatebon.es\\\/#\\\/schema\\\/logo\\\/image\\\/\",\"url\":\"https:\\\/\\\/www.clinicatebon.es\\\/wp-content\\\/uploads\\\/2017\\\/08\\\/LogoCl\u00ednicaTebon.png\",\"contentUrl\":\"https:\\\/\\\/www.clinicatebon.es\\\/wp-content\\\/uploads\\\/2017\\\/08\\\/LogoCl\u00ednicaTebon.png\",\"width\":1600,\"height\":672,\"caption\":\"Cl\u00ednica Tebon\"},\"image\":{\"@id\":\"https:\\\/\\\/www.clinicatebon.es\\\/#\\\/schema\\\/logo\\\/image\\\/\"},\"sameAs\":[\"https:\\\/\\\/www.facebook.com\\\/ClinicaTebon\\\/\",\"https:\\\/\\\/www.instagram.com\\\/clinicatebon\\\/?hl=es\"]}]}<\/script>\n<!-- \/ Yoast SEO plugin. -->","yoast_head_json":{"title":"Gynecomastia - Cl\u00ednica Tebon - Cosmetic Surgery in Malaga","description":"Gynecomastia is the development of one or both mammary glands in men. At Cl\u00ednica Tebon we are specialists in the treatment of Gynecomastia.","robots":{"index":"index","follow":"follow","max-snippet":"max-snippet:-1","max-image-preview":"max-image-preview:large","max-video-preview":"max-video-preview:-1"},"canonical":"https:\/\/www.clinicatebon.es\/en\/gynecomastia-malaga\/","og_locale":"en_US","og_type":"article","og_title":"Gynecomastia - Cl\u00ednica Tebon - Cosmetic Surgery in Malaga","og_description":"Gynecomastia is the development of one or both mammary glands in men. At Cl\u00ednica Tebon we are specialists in the treatment of Gynecomastia.","og_url":"https:\/\/www.clinicatebon.es\/en\/gynecomastia-malaga\/","og_site_name":"Clinica Tebon","article_publisher":"https:\/\/www.facebook.com\/ClinicaTebon\/","article_modified_time":"2025-04-23T07:19:57+00:00","twitter_card":"summary_large_image","twitter_misc":{"Est. reading time":"8 minutes"},"schema":{"@context":"https:\/\/schema.org","@graph":[{"@type":"WebPage","@id":"https:\/\/www.clinicatebon.es\/en\/gynecomastia-malaga\/","url":"https:\/\/www.clinicatebon.es\/en\/gynecomastia-malaga\/","name":"Gynecomastia - Cl\u00ednica Tebon - Cosmetic Surgery in Malaga","isPartOf":{"@id":"https:\/\/www.clinicatebon.es\/#website"},"datePublished":"2017-09-12T00:09:58+00:00","dateModified":"2025-04-23T07:19:57+00:00","description":"Gynecomastia is the development of one or both mammary glands in men. At Cl\u00ednica Tebon we are specialists in the treatment of Gynecomastia.","breadcrumb":{"@id":"https:\/\/www.clinicatebon.es\/en\/gynecomastia-malaga\/#breadcrumb"},"inLanguage":"en-US","potentialAction":[{"@type":"ReadAction","target":["https:\/\/www.clinicatebon.es\/en\/gynecomastia-malaga\/"]}]},{"@type":"BreadcrumbList","@id":"https:\/\/www.clinicatebon.es\/en\/gynecomastia-malaga\/#breadcrumb","itemListElement":[{"@type":"ListItem","position":1,"name":"Portada","item":"https:\/\/www.clinicatebon.es\/en\/"},{"@type":"ListItem","position":2,"name":"Gynecomastia"}]},{"@type":"WebSite","@id":"https:\/\/www.clinicatebon.es\/#website","url":"https:\/\/www.clinicatebon.es\/","name":"Clinica Tebon","description":"Cl\u00ednica de cirug\u00eda pl\u00e1stica, est\u00e9tica y reparadora ubicada en el centro de M\u00e1laga","publisher":{"@id":"https:\/\/www.clinicatebon.es\/#organization"},"potentialAction":[{"@type":"SearchAction","target":{"@type":"EntryPoint","urlTemplate":"https:\/\/www.clinicatebon.es\/?s={search_term_string}"},"query-input":{"@type":"PropertyValueSpecification","valueRequired":true,"valueName":"search_term_string"}}],"inLanguage":"en-US"},{"@type":"Organization","@id":"https:\/\/www.clinicatebon.es\/#organization","name":"Cl\u00ednica Tebon","url":"https:\/\/www.clinicatebon.es\/","logo":{"@type":"ImageObject","inLanguage":"en-US","@id":"https:\/\/www.clinicatebon.es\/#\/schema\/logo\/image\/","url":"https:\/\/www.clinicatebon.es\/wp-content\/uploads\/2017\/08\/LogoCl\u00ednicaTebon.png","contentUrl":"https:\/\/www.clinicatebon.es\/wp-content\/uploads\/2017\/08\/LogoCl\u00ednicaTebon.png","width":1600,"height":672,"caption":"Cl\u00ednica Tebon"},"image":{"@id":"https:\/\/www.clinicatebon.es\/#\/schema\/logo\/image\/"},"sameAs":["https:\/\/www.facebook.com\/ClinicaTebon\/","https:\/\/www.instagram.com\/clinicatebon\/?hl=es"]}]}},"_links":{"self":[{"href":"https:\/\/www.clinicatebon.es\/en\/wp-json\/wp\/v2\/pages\/926","targetHints":{"allow":["GET"]}}],"collection":[{"href":"https:\/\/www.clinicatebon.es\/en\/wp-json\/wp\/v2\/pages"}],"about":[{"href":"https:\/\/www.clinicatebon.es\/en\/wp-json\/wp\/v2\/types\/page"}],"author":[{"embeddable":true,"href":"https:\/\/www.clinicatebon.es\/en\/wp-json\/wp\/v2\/users\/2"}],"replies":[{"embeddable":true,"href":"https:\/\/www.clinicatebon.es\/en\/wp-json\/wp\/v2\/comments?post=926"}],"version-history":[{"count":4,"href":"https:\/\/www.clinicatebon.es\/en\/wp-json\/wp\/v2\/pages\/926\/revisions"}],"predecessor-version":[{"id":1825,"href":"https:\/\/www.clinicatebon.es\/en\/wp-json\/wp\/v2\/pages\/926\/revisions\/1825"}],"wp:attachment":[{"href":"https:\/\/www.clinicatebon.es\/en\/wp-json\/wp\/v2\/media?parent=926"}],"curies":[{"name":"wp","href":"https:\/\/api.w.org\/{rel}","templated":true}]}}