{"id":968,"date":"2018-02-22T18:35:43","date_gmt":"2018-02-22T18:35:43","guid":{"rendered":"https:\/\/www.clinicatebon.es\/mastectomia-o-masculinizacion-de-torax-malaga\/"},"modified":"2025-04-23T07:20:19","modified_gmt":"2025-04-23T07:20:19","slug":"mastectomy-or-masculinization-of-the-thorax-malaga","status":"publish","type":"page","link":"https:\/\/www.clinicatebon.es\/en\/mastectomy-or-masculinization-of-the-thorax-malaga\/","title":{"rendered":"Mastectomy or Chest Masculinization"},"content":{"rendered":"<p>[vc_row][vc_column][vc_column_text]La <strong>mastectom\u00eda<\/strong> en una reasignaci\u00f3n de mujer a hombre o <strong>masculinizaci\u00f3n del t\u00f3rax,<\/strong>\u00a0se trata de la extirpaci\u00f3n del tejido mamario y la piel sobrante. Nuestros cirujanos han sido formados en el <a href=\"http:\/\/www.hospitalregionaldemalaga.es\/\" target=\"_blank\" rel=\"noopener noreferrer\">Hospital Regional de M\u00e1laga<\/a>, centro de referencia nacional en la sanidad p\u00fablica para este tipo de cirug\u00eda.<\/p>\n<p>&nbsp;<\/p>\n<p>&nbsp;<\/p>\n<p>[\/vc_column_text][vc_single_image image=&#8221;299&#8243; img_size=&#8221;large&#8221; alignment=&#8221;center&#8221;][vc_custom_heading text=&#8221;Antes de la cirug\u00eda&#8221; font_container=&#8221;tag:h1|text_align:left&#8221; use_theme_fonts=&#8221;yes&#8221;][\/vc_column][vc_column width=&#8221;1\/4&#8243; css=&#8221;.vc_custom_1504029601002{margin-top: 0px !important;margin-right: 0px !important;margin-bottom: 0px !important;margin-left: 0px !important;border-top-width: 0px !important;border-right-width: 0px !important;border-bottom-width: 0px !important;border-left-width: 0px !important;padding-top: 0px !important;padding-right: 0px !important;padding-bottom: 0px !important;padding-left: 0px !important;}&#8221; offset=&#8221;vc_col-xs-3&#8243;]<div data-id=\"mpc_divider-486a071e97b872c\" class=\"mpc-divider-wrap\"><div class=\"mpc-divider mpc-init mpc-align--right mpc-disable--left \" ><div class=\"mpc-divider__line mpc-side--left\"><span><\/span><\/div><div class=\"mpc-divider__line mpc-side--right\"><span><\/span><\/div><\/div><\/div>[\/vc_column][vc_column width=&#8221;3\/4&#8243; css=&#8221;.vc_custom_1503950868397{margin-top: 0px !important;margin-right: 0px !important;margin-bottom: 0px !important;margin-left: 0px !important;border-top-width: 0px !important;border-right-width: 0px !important;border-bottom-width: 0px !important;border-left-width: 0px !important;padding-top: 0px !important;padding-right: 0px !important;padding-bottom: 0px !important;padding-left: 0px !important;}&#8221; offset=&#8221;vc_col-xs-9&#8243;]<div data-id=\"mpc_divider-696a071e97b8794\" class=\"mpc-divider-wrap\"><div class=\"mpc-divider mpc-init mpc-align--left mpc-disable--left \" ><div class=\"mpc-divider__line mpc-side--left\"><span><\/span><\/div><div class=\"mpc-divider__line mpc-side--right\"><span><\/span><\/div><\/div><\/div>[\/vc_column][vc_column][vc_empty_space][vc_column_text]Se evaluar\u00e1 el caso individualmente para decidir la t\u00e9cnica quir\u00fargica m\u00e1s adecuada para su tama\u00f1o de mama.[\/vc_column_text][\/vc_column][\/vc_row][vc_row][vc_column][vc_custom_heading text=&#8221;Durante la cirug\u00eda&#8221; font_container=&#8221;tag:h1|text_align:left&#8221; use_theme_fonts=&#8221;yes&#8221;][\/vc_column][vc_column width=&#8221;1\/4&#8243; css=&#8221;.vc_custom_1504029601002{margin-top: 0px !important;margin-right: 0px !important;margin-bottom: 0px !important;margin-left: 0px !important;border-top-width: 0px !important;border-right-width: 0px !important;border-bottom-width: 0px !important;border-left-width: 0px !important;padding-top: 0px !important;padding-right: 0px !important;padding-bottom: 0px !important;padding-left: 0px !important;}&#8221; offset=&#8221;vc_col-xs-3&#8243;]<div data-id=\"mpc_divider-706a071e97b87d2\" class=\"mpc-divider-wrap\"><div class=\"mpc-divider mpc-init mpc-align--right mpc-disable--left \" ><div class=\"mpc-divider__line mpc-side--left\"><span><\/span><\/div><div class=\"mpc-divider__line mpc-side--right\"><span><\/span><\/div><\/div><\/div>[\/vc_column][vc_column width=&#8221;3\/4&#8243; css=&#8221;.vc_custom_1503950868397{margin-top: 0px !important;margin-right: 0px !important;margin-bottom: 0px !important;margin-left: 0px !important;border-top-width: 0px !important;border-right-width: 0px !important;border-bottom-width: 0px !important;border-left-width: 0px !important;padding-top: 0px !important;padding-right: 0px !important;padding-bottom: 0px !important;padding-left: 0px !important;}&#8221; offset=&#8221;vc_col-xs-9&#8243;]<div data-id=\"mpc_divider-136a071e97b880f\" class=\"mpc-divider-wrap\"><div class=\"mpc-divider mpc-init mpc-align--left mpc-disable--left \" ><div class=\"mpc-divider__line mpc-side--left\"><span><\/span><\/div><div class=\"mpc-divider__line mpc-side--right\"><span><\/span><\/div><\/div><\/div>[\/vc_column][vc_column][vc_empty_space][vc_column_text]La intervenci\u00f3n quir\u00fargica para corregir la mastectom\u00eda se realiza en un quir\u00f3fano, dentro de una cl\u00ednica u hospital. Es necesario el ingreso de al menos 24 horas. El paciente permanece dormido durante la cirug\u00eda que se realiza bajo anestesia general.<\/p>\n<p>La cirug\u00eda suele durar 2 horas aproximadamente aunque depende de la t\u00e9cnica quir\u00fargica empleada. Las incisiones pueden variar dependiendo de la cantidad de tejido que sea necesario extirpar o si hay que incluir tambi\u00e9n reducci\u00f3n de piel, en la mayor parte una cicatriz a lo largo de la mama y la areola se reubica en su sitio, en casos concretos de mamas peque\u00f1as puede ser suficiente cicatriz por la areola \u00fanicamente. Tras la cirug\u00eda se ponen unos drenajes y un vendaje alrededor del t\u00f3rax.[\/vc_column_text][\/vc_column][\/vc_row][vc_row][vc_column][vc_custom_heading text=&#8221;Despu\u00e9s de la cirug\u00eda&#8221; font_container=&#8221;tag:h1|text_align:left&#8221; use_theme_fonts=&#8221;yes&#8221;][\/vc_column][vc_column width=&#8221;1\/4&#8243; css=&#8221;.vc_custom_1504029601002{margin-top: 0px !important;margin-right: 0px !important;margin-bottom: 0px !important;margin-left: 0px !important;border-top-width: 0px !important;border-right-width: 0px !important;border-bottom-width: 0px !important;border-left-width: 0px !important;padding-top: 0px !important;padding-right: 0px !important;padding-bottom: 0px !important;padding-left: 0px !important;}&#8221; offset=&#8221;vc_col-xs-3&#8243;]<div data-id=\"mpc_divider-356a071e97b883e\" class=\"mpc-divider-wrap\"><div class=\"mpc-divider mpc-init mpc-align--right mpc-disable--left \" ><div class=\"mpc-divider__line mpc-side--left\"><span><\/span><\/div><div class=\"mpc-divider__line mpc-side--right\"><span><\/span><\/div><\/div><\/div>[\/vc_column][vc_column width=&#8221;3\/4&#8243; css=&#8221;.vc_custom_1503950868397{margin-top: 0px !important;margin-right: 0px !important;margin-bottom: 0px !important;margin-left: 0px !important;border-top-width: 0px !important;border-right-width: 0px !important;border-bottom-width: 0px !important;border-left-width: 0px !important;padding-top: 0px !important;padding-right: 0px !important;padding-bottom: 0px !important;padding-left: 0px !important;}&#8221; offset=&#8221;vc_col-xs-9&#8243;]<div data-id=\"mpc_divider-386a071e97b886b\" class=\"mpc-divider-wrap\"><div class=\"mpc-divider mpc-init mpc-align--left mpc-disable--left \" ><div class=\"mpc-divider__line mpc-side--left\"><span><\/span><\/div><div class=\"mpc-divider__line mpc-side--right\"><span><\/span><\/div><\/div><\/div>[\/vc_column][vc_column][vc_empty_space][vc_column_text]Es posible sentir algunas molestias varios d\u00edas, pero estas pueden ser controladas con la medicaci\u00f3n que le indicar\u00e1n los doctores. Estar\u00e1 hinchado alg\u00fan tiempo, para ayudar a reducir la inflamaci\u00f3n se le indicar\u00e1 una faja que tendr\u00e1 que llevar puesta un mes aproximadamente.<\/p>\n<p>Es importante que vuelva a la normalidad cuanto antes. Debe recuperarse progresivamente y volver a su actividad habitual cuando se encuentre bien, que podr\u00eda ser en unos d\u00edas tras la cirug\u00eda. Las suturas se retirar\u00e1n una o dos semanas tras la cirug\u00eda.<\/p>\n<p>En <strong>Cl\u00ednica Tebon<\/strong> nuestros m\u00e9dicos en <strong>Mastectom\u00eda<\/strong>, <a href=\"https:\/\/www.clinicatebon.es\/en\/contact\/\" target=\"_blank\" rel=\"noopener noreferrer\">contacta<\/a> con nosotros y te informaremos de todo.<\/p>\n<p>[\/vc_column_text][\/vc_column][\/vc_row][vc_row][vc_column][vc_custom_heading text=&#8221;Preguntas Frecuentes&#8221; font_container=&#8221;tag:h1|text_align:left&#8221; use_theme_fonts=&#8221;yes&#8221;][\/vc_column][vc_column width=&#8221;1\/4&#8243; css=&#8221;.vc_custom_1504029601002{margin-top: 0px !important;margin-right: 0px !important;margin-bottom: 0px !important;margin-left: 0px !important;border-top-width: 0px !important;border-right-width: 0px !important;border-bottom-width: 0px !important;border-left-width: 0px !important;padding-top: 0px !important;padding-right: 0px !important;padding-bottom: 0px !important;padding-left: 0px !important;}&#8221; offset=&#8221;vc_col-xs-3&#8243;]<div data-id=\"mpc_divider-406a071e97b8897\" class=\"mpc-divider-wrap\"><div class=\"mpc-divider mpc-init mpc-align--right mpc-disable--left \" ><div class=\"mpc-divider__line mpc-side--left\"><span><\/span><\/div><div class=\"mpc-divider__line mpc-side--right\"><span><\/span><\/div><\/div><\/div>[\/vc_column][vc_column width=&#8221;3\/4&#8243; css=&#8221;.vc_custom_1503950868397{margin-top: 0px !important;margin-right: 0px !important;margin-bottom: 0px !important;margin-left: 0px !important;border-top-width: 0px !important;border-right-width: 0px !important;border-bottom-width: 0px !important;border-left-width: 0px !important;padding-top: 0px !important;padding-right: 0px !important;padding-bottom: 0px !important;padding-left: 0px !important;}&#8221; offset=&#8221;vc_col-xs-9&#8243;]<div data-id=\"mpc_divider-1006a071e97b88c2\" class=\"mpc-divider-wrap\"><div class=\"mpc-divider mpc-init mpc-align--left mpc-disable--left \" ><div class=\"mpc-divider__line mpc-side--left\"><span><\/span><\/div><div class=\"mpc-divider__line mpc-side--right\"><span><\/span><\/div><\/div><\/div>[\/vc_column][vc_column][vc_empty_space][\/vc_column][\/vc_row][vc_row][vc_column][vc_tta_accordion style=&#8221;outline&#8221; shape=&#8221;square&#8221; color=&#8221;mulled-wine&#8221; c_icon=&#8221;triangle&#8221; active_section=&#8221;99&#8243;][vc_tta_section title=&#8221;\u00bfCuando puede hacer ejercicio?&#8221; tab_id=&#8221;1&#8243;][vc_column_text]Le aconsejaremos que limite su actividad f\u00edsica al principio, evitando ejercicios pesados durante un mes. En general, a las 6 semanas ya podr\u00e1 realizar un ejercicio f\u00edsico normal.[\/vc_column_text][\/vc_tta_section][vc_tta_section title=&#8221;\u00bfQue riesgos existen?&#8221; tab_id=&#8221;2&#8243;][vc_column_text]Cuando la cirug\u00eda de reducci\u00f3n mamaria es llevada a cabo por un cirujano pl\u00e1stico cualificado, las complicaciones son infrecuentes y menores. Como en cualquier cirug\u00eda, siempre hay ciertos riesgos. Estos incluyen como m\u00e1s frecuentes: infecci\u00f3n, lesiones cut\u00e1neas, sangrado excesivo, y aparici\u00f3n de seromas. El procedimiento puede provocar cicatrices visibles, cambios de pigmento en el \u00e1rea de la mama, o mamas y pezones ligeramente asim\u00e9tricos. La sensibilidad de la areola normalmente se ve comprometida.[\/vc_column_text][\/vc_tta_section][\/vc_tta_accordion][\/vc_column][\/vc_row]<\/p>\n","protected":false},"excerpt":{"rendered":"<p>[vc_row][vc_column][vc_column_text]La mastectom\u00eda en una reasignaci\u00f3n de mujer a hombre o masculinizaci\u00f3n del t\u00f3rax,\u00a0se trata de la extirpaci\u00f3n del tejido mamario<\/p>\n","protected":false},"author":2,"featured_media":763,"parent":0,"menu_order":0,"comment_status":"closed","ping_status":"closed","template":"page-left-sidebar.php","meta":{"footnotes":""},"class_list":["post-968","page","type-page","status-publish","has-post-thumbnail","hentry"],"yoast_head":"<!-- This site is optimized with the Yoast SEO plugin v27.6 - https:\/\/yoast.com\/product\/yoast-seo-wordpress\/ -->\n<title>Mastectomy or Chest Masculinization | Cl\u00ednica Tebon | M\u00e1laga<\/title>\n<meta name=\"description\" content=\"Mastectomy in a female-to-male reassignment or masculinization of the thorax is the removal of excess breast tissue and skin.\" \/>\n<meta name=\"robots\" content=\"index, follow, max-snippet:-1, max-image-preview:large, max-video-preview:-1\" \/>\n<link rel=\"canonical\" href=\"https:\/\/www.clinicatebon.es\/en\/mastectomy-or-masculinization-of-the-thorax-malaga\/\" \/>\n<meta property=\"og:locale\" content=\"en_US\" \/>\n<meta property=\"og:type\" content=\"article\" \/>\n<meta property=\"og:title\" content=\"Mastectomy or Chest Masculinization | Cl\u00ednica Tebon | M\u00e1laga\" \/>\n<meta property=\"og:description\" content=\"Mastectomy in a female-to-male reassignment or masculinization of the thorax is the removal of excess breast tissue and skin.\" \/>\n<meta property=\"og:url\" content=\"https:\/\/www.clinicatebon.es\/en\/mastectomy-or-masculinization-of-the-thorax-malaga\/\" \/>\n<meta property=\"og:site_name\" content=\"Clinica Tebon\" \/>\n<meta property=\"article:publisher\" content=\"https:\/\/www.facebook.com\/ClinicaTebon\/\" \/>\n<meta property=\"article:modified_time\" content=\"2025-04-23T07:20:19+00:00\" \/>\n<meta property=\"og:image\" content=\"https:\/\/www.clinicatebon.es\/wp-content\/uploads\/2018\/01\/472489381.jpg\" \/>\n\t<meta property=\"og:image:width\" content=\"1600\" \/>\n\t<meta property=\"og:image:height\" content=\"1067\" \/>\n\t<meta property=\"og:image:type\" content=\"image\/jpeg\" \/>\n<meta name=\"twitter:card\" content=\"summary_large_image\" \/>\n<meta name=\"twitter:label1\" content=\"Est. reading time\" \/>\n\t<meta name=\"twitter:data1\" content=\"6 minutes\" \/>\n<script type=\"application\/ld+json\" class=\"yoast-schema-graph\">{\"@context\":\"https:\\\/\\\/schema.org\",\"@graph\":[{\"@type\":\"WebPage\",\"@id\":\"https:\\\/\\\/www.clinicatebon.es\\\/en\\\/mastectomy-or-masculinization-of-the-thorax-malaga\\\/\",\"url\":\"https:\\\/\\\/www.clinicatebon.es\\\/en\\\/mastectomy-or-masculinization-of-the-thorax-malaga\\\/\",\"name\":\"Mastectomy or Chest Masculinization | Cl\u00ednica Tebon | M\u00e1laga\",\"isPartOf\":{\"@id\":\"https:\\\/\\\/www.clinicatebon.es\\\/#website\"},\"primaryImageOfPage\":{\"@id\":\"https:\\\/\\\/www.clinicatebon.es\\\/en\\\/mastectomy-or-masculinization-of-the-thorax-malaga\\\/#primaryimage\"},\"image\":{\"@id\":\"https:\\\/\\\/www.clinicatebon.es\\\/en\\\/mastectomy-or-masculinization-of-the-thorax-malaga\\\/#primaryimage\"},\"thumbnailUrl\":\"https:\\\/\\\/www.clinicatebon.es\\\/wp-content\\\/uploads\\\/2018\\\/01\\\/472489381.jpg\",\"datePublished\":\"2018-02-22T18:35:43+00:00\",\"dateModified\":\"2025-04-23T07:20:19+00:00\",\"description\":\"Mastectomy in a female-to-male reassignment or masculinization of the thorax is the removal of excess breast tissue and skin.\",\"breadcrumb\":{\"@id\":\"https:\\\/\\\/www.clinicatebon.es\\\/en\\\/mastectomy-or-masculinization-of-the-thorax-malaga\\\/#breadcrumb\"},\"inLanguage\":\"en-US\",\"potentialAction\":[{\"@type\":\"ReadAction\",\"target\":[\"https:\\\/\\\/www.clinicatebon.es\\\/en\\\/mastectomy-or-masculinization-of-the-thorax-malaga\\\/\"]}]},{\"@type\":\"ImageObject\",\"inLanguage\":\"en-US\",\"@id\":\"https:\\\/\\\/www.clinicatebon.es\\\/en\\\/mastectomy-or-masculinization-of-the-thorax-malaga\\\/#primaryimage\",\"url\":\"https:\\\/\\\/www.clinicatebon.es\\\/wp-content\\\/uploads\\\/2018\\\/01\\\/472489381.jpg\",\"contentUrl\":\"https:\\\/\\\/www.clinicatebon.es\\\/wp-content\\\/uploads\\\/2018\\\/01\\\/472489381.jpg\",\"width\":1600,\"height\":1067},{\"@type\":\"BreadcrumbList\",\"@id\":\"https:\\\/\\\/www.clinicatebon.es\\\/en\\\/mastectomy-or-masculinization-of-the-thorax-malaga\\\/#breadcrumb\",\"itemListElement\":[{\"@type\":\"ListItem\",\"position\":1,\"name\":\"Portada\",\"item\":\"https:\\\/\\\/www.clinicatebon.es\\\/en\\\/\"},{\"@type\":\"ListItem\",\"position\":2,\"name\":\"Mastectomy or Chest Masculinization\"}]},{\"@type\":\"WebSite\",\"@id\":\"https:\\\/\\\/www.clinicatebon.es\\\/#website\",\"url\":\"https:\\\/\\\/www.clinicatebon.es\\\/\",\"name\":\"Clinica Tebon\",\"description\":\"Cl\u00ednica de cirug\u00eda pl\u00e1stica, est\u00e9tica y reparadora ubicada en el centro de M\u00e1laga\",\"publisher\":{\"@id\":\"https:\\\/\\\/www.clinicatebon.es\\\/#organization\"},\"potentialAction\":[{\"@type\":\"SearchAction\",\"target\":{\"@type\":\"EntryPoint\",\"urlTemplate\":\"https:\\\/\\\/www.clinicatebon.es\\\/?s={search_term_string}\"},\"query-input\":{\"@type\":\"PropertyValueSpecification\",\"valueRequired\":true,\"valueName\":\"search_term_string\"}}],\"inLanguage\":\"en-US\"},{\"@type\":\"Organization\",\"@id\":\"https:\\\/\\\/www.clinicatebon.es\\\/#organization\",\"name\":\"Cl\u00ednica Tebon\",\"url\":\"https:\\\/\\\/www.clinicatebon.es\\\/\",\"logo\":{\"@type\":\"ImageObject\",\"inLanguage\":\"en-US\",\"@id\":\"https:\\\/\\\/www.clinicatebon.es\\\/#\\\/schema\\\/logo\\\/image\\\/\",\"url\":\"https:\\\/\\\/www.clinicatebon.es\\\/wp-content\\\/uploads\\\/2017\\\/08\\\/LogoCl\u00ednicaTebon.png\",\"contentUrl\":\"https:\\\/\\\/www.clinicatebon.es\\\/wp-content\\\/uploads\\\/2017\\\/08\\\/LogoCl\u00ednicaTebon.png\",\"width\":1600,\"height\":672,\"caption\":\"Cl\u00ednica Tebon\"},\"image\":{\"@id\":\"https:\\\/\\\/www.clinicatebon.es\\\/#\\\/schema\\\/logo\\\/image\\\/\"},\"sameAs\":[\"https:\\\/\\\/www.facebook.com\\\/ClinicaTebon\\\/\",\"https:\\\/\\\/www.instagram.com\\\/clinicatebon\\\/?hl=es\"]}]}<\/script>\n<!-- \/ Yoast SEO plugin. -->","yoast_head_json":{"title":"Mastectomy or Chest Masculinization | Cl\u00ednica Tebon | M\u00e1laga","description":"Mastectomy in a female-to-male reassignment or masculinization of the thorax is the removal of excess breast tissue and skin.","robots":{"index":"index","follow":"follow","max-snippet":"max-snippet:-1","max-image-preview":"max-image-preview:large","max-video-preview":"max-video-preview:-1"},"canonical":"https:\/\/www.clinicatebon.es\/en\/mastectomy-or-masculinization-of-the-thorax-malaga\/","og_locale":"en_US","og_type":"article","og_title":"Mastectomy or Chest Masculinization | Cl\u00ednica Tebon | M\u00e1laga","og_description":"Mastectomy in a female-to-male reassignment or masculinization of the thorax is the removal of excess breast tissue and skin.","og_url":"https:\/\/www.clinicatebon.es\/en\/mastectomy-or-masculinization-of-the-thorax-malaga\/","og_site_name":"Clinica Tebon","article_publisher":"https:\/\/www.facebook.com\/ClinicaTebon\/","article_modified_time":"2025-04-23T07:20:19+00:00","og_image":[{"width":1600,"height":1067,"url":"https:\/\/www.clinicatebon.es\/wp-content\/uploads\/2018\/01\/472489381.jpg","type":"image\/jpeg"}],"twitter_card":"summary_large_image","twitter_misc":{"Est. reading time":"6 minutes"},"schema":{"@context":"https:\/\/schema.org","@graph":[{"@type":"WebPage","@id":"https:\/\/www.clinicatebon.es\/en\/mastectomy-or-masculinization-of-the-thorax-malaga\/","url":"https:\/\/www.clinicatebon.es\/en\/mastectomy-or-masculinization-of-the-thorax-malaga\/","name":"Mastectomy or Chest Masculinization | Cl\u00ednica Tebon | M\u00e1laga","isPartOf":{"@id":"https:\/\/www.clinicatebon.es\/#website"},"primaryImageOfPage":{"@id":"https:\/\/www.clinicatebon.es\/en\/mastectomy-or-masculinization-of-the-thorax-malaga\/#primaryimage"},"image":{"@id":"https:\/\/www.clinicatebon.es\/en\/mastectomy-or-masculinization-of-the-thorax-malaga\/#primaryimage"},"thumbnailUrl":"https:\/\/www.clinicatebon.es\/wp-content\/uploads\/2018\/01\/472489381.jpg","datePublished":"2018-02-22T18:35:43+00:00","dateModified":"2025-04-23T07:20:19+00:00","description":"Mastectomy in a female-to-male reassignment or masculinization of the thorax is the removal of excess breast tissue and skin.","breadcrumb":{"@id":"https:\/\/www.clinicatebon.es\/en\/mastectomy-or-masculinization-of-the-thorax-malaga\/#breadcrumb"},"inLanguage":"en-US","potentialAction":[{"@type":"ReadAction","target":["https:\/\/www.clinicatebon.es\/en\/mastectomy-or-masculinization-of-the-thorax-malaga\/"]}]},{"@type":"ImageObject","inLanguage":"en-US","@id":"https:\/\/www.clinicatebon.es\/en\/mastectomy-or-masculinization-of-the-thorax-malaga\/#primaryimage","url":"https:\/\/www.clinicatebon.es\/wp-content\/uploads\/2018\/01\/472489381.jpg","contentUrl":"https:\/\/www.clinicatebon.es\/wp-content\/uploads\/2018\/01\/472489381.jpg","width":1600,"height":1067},{"@type":"BreadcrumbList","@id":"https:\/\/www.clinicatebon.es\/en\/mastectomy-or-masculinization-of-the-thorax-malaga\/#breadcrumb","itemListElement":[{"@type":"ListItem","position":1,"name":"Portada","item":"https:\/\/www.clinicatebon.es\/en\/"},{"@type":"ListItem","position":2,"name":"Mastectomy or Chest Masculinization"}]},{"@type":"WebSite","@id":"https:\/\/www.clinicatebon.es\/#website","url":"https:\/\/www.clinicatebon.es\/","name":"Clinica Tebon","description":"Cl\u00ednica de cirug\u00eda pl\u00e1stica, est\u00e9tica y reparadora ubicada en el centro de M\u00e1laga","publisher":{"@id":"https:\/\/www.clinicatebon.es\/#organization"},"potentialAction":[{"@type":"SearchAction","target":{"@type":"EntryPoint","urlTemplate":"https:\/\/www.clinicatebon.es\/?s={search_term_string}"},"query-input":{"@type":"PropertyValueSpecification","valueRequired":true,"valueName":"search_term_string"}}],"inLanguage":"en-US"},{"@type":"Organization","@id":"https:\/\/www.clinicatebon.es\/#organization","name":"Cl\u00ednica Tebon","url":"https:\/\/www.clinicatebon.es\/","logo":{"@type":"ImageObject","inLanguage":"en-US","@id":"https:\/\/www.clinicatebon.es\/#\/schema\/logo\/image\/","url":"https:\/\/www.clinicatebon.es\/wp-content\/uploads\/2017\/08\/LogoCl\u00ednicaTebon.png","contentUrl":"https:\/\/www.clinicatebon.es\/wp-content\/uploads\/2017\/08\/LogoCl\u00ednicaTebon.png","width":1600,"height":672,"caption":"Cl\u00ednica Tebon"},"image":{"@id":"https:\/\/www.clinicatebon.es\/#\/schema\/logo\/image\/"},"sameAs":["https:\/\/www.facebook.com\/ClinicaTebon\/","https:\/\/www.instagram.com\/clinicatebon\/?hl=es"]}]}},"_links":{"self":[{"href":"https:\/\/www.clinicatebon.es\/en\/wp-json\/wp\/v2\/pages\/968","targetHints":{"allow":["GET"]}}],"collection":[{"href":"https:\/\/www.clinicatebon.es\/en\/wp-json\/wp\/v2\/pages"}],"about":[{"href":"https:\/\/www.clinicatebon.es\/en\/wp-json\/wp\/v2\/types\/page"}],"author":[{"embeddable":true,"href":"https:\/\/www.clinicatebon.es\/en\/wp-json\/wp\/v2\/users\/2"}],"replies":[{"embeddable":true,"href":"https:\/\/www.clinicatebon.es\/en\/wp-json\/wp\/v2\/comments?post=968"}],"version-history":[{"count":5,"href":"https:\/\/www.clinicatebon.es\/en\/wp-json\/wp\/v2\/pages\/968\/revisions"}],"predecessor-version":[{"id":1859,"href":"https:\/\/www.clinicatebon.es\/en\/wp-json\/wp\/v2\/pages\/968\/revisions\/1859"}],"wp:featuredmedia":[{"embeddable":true,"href":"https:\/\/www.clinicatebon.es\/en\/wp-json\/wp\/v2\/media\/763"}],"wp:attachment":[{"href":"https:\/\/www.clinicatebon.es\/en\/wp-json\/wp\/v2\/media?parent=968"}],"curies":[{"name":"wp","href":"https:\/\/api.w.org\/{rel}","templated":true}]}}