{"id":972,"date":"2017-12-19T18:24:37","date_gmt":"2017-12-19T18:24:37","guid":{"rendered":"https:\/\/www.clinicatebon.es\/mastopexia-elevacion-de-pecho-malaga\/"},"modified":"2025-04-23T07:20:06","modified_gmt":"2025-04-23T07:20:06","slug":"mastopexy-breast-lift-in-malaga","status":"publish","type":"page","link":"https:\/\/www.clinicatebon.es\/en\/mastopexy-breast-lift-in-malaga\/","title":{"rendered":"Mastopexy (breast lift)"},"content":{"rendered":"<p>[vc_row][vc_column][vc_column_text]La <strong>elevaci\u00f3n del pecho<\/strong> (tambi\u00e9n llamada \u201c<strong>mastopexia<\/strong>\u201d) se realiza en mujeres que tienen el <strong>pecho ca\u00eddo<\/strong>. El cirujano debe evaluar correctamente su pecho para diagnosticar un verdadero pecho ca\u00eddo y cu\u00e1l es la mejor t\u00e9cnica para su reconstrucci\u00f3n.<\/p>\n<p>Existen diferentes situaciones que predisponen a tener un pecho ca\u00eddo (embarazo y lactancia, p\u00e9rdida importante de peso, etc), aunque hay mujeres que tienen una tendencia gen\u00e9tica y presentan un pecho ca\u00eddo desde el desarrollo mamario.<\/p>\n<p>Existen diferentes t\u00e9cnicas para la realizaci\u00f3n de la <strong>mastopexia<\/strong>, cada una de ellas indicada para cada tipo de pecho, y llevan impl\u00edcitas la realizaci\u00f3n de cicatrices para la correcci\u00f3n del exceso cut\u00e1neo.<\/p>\n<ol>\n<li><strong>Mastopexia periareolar:<\/strong> llevar\u00e1 una cicatriz alrededor de la areola.<\/li>\n<li><strong>Mastopexia vertical:<\/strong> adem\u00e1s se le a\u00f1ade una cicatriz vertical bajo la areola.<\/li>\n<li><strong>Mastopexia en T invertida:<\/strong> se le a\u00f1ade adem\u00e1s una cicatriz en el surco submamario.<\/li>\n<\/ol>\n<p>El cirujano le explicar\u00e1 cu\u00e1l es la mejor estrategia a realizar en su caso, adem\u00e1s de la posible necesidad de realizar un aumento mamario con pr\u00f3tesis asociado a su elevaci\u00f3n. Para mayor informaci\u00f3n sobre este aspecto, consulte el apartado de \u201c<a href=\"https:\/\/www.clinicatebon.es\/en\/breast-augmentation-malaga\/\" target=\"_blank\" rel=\"noopener noreferrer\"><strong>aumento mamario<\/strong><\/a>\u201d.<\/p>\n<p>[\/vc_column_text][vc_single_image image=&#8221;289&#8243; img_size=&#8221;large&#8221;][\/vc_column][\/vc_row][vc_row][vc_column][vc_custom_heading text=&#8221;Preguntas Frecuentes&#8221; font_container=&#8221;tag:h1|text_align:left&#8221; use_theme_fonts=&#8221;yes&#8221;][\/vc_column][vc_column width=&#8221;1\/4&#8243; css=&#8221;.vc_custom_1504029601002{margin-top: 0px !important;margin-right: 0px !important;margin-bottom: 0px !important;margin-left: 0px !important;border-top-width: 0px !important;border-right-width: 0px !important;border-bottom-width: 0px !important;border-left-width: 0px !important;padding-top: 0px !important;padding-right: 0px !important;padding-bottom: 0px !important;padding-left: 0px !important;}&#8221; offset=&#8221;vc_col-xs-3&#8243;]<div data-id=\"mpc_divider-5269ecd0c0c66e8\" class=\"mpc-divider-wrap\"><div class=\"mpc-divider mpc-init mpc-align--right mpc-disable--left \" ><div class=\"mpc-divider__line mpc-side--left\"><span><\/span><\/div><div class=\"mpc-divider__line mpc-side--right\"><span><\/span><\/div><\/div><\/div>[\/vc_column][vc_column width=&#8221;3\/4&#8243; css=&#8221;.vc_custom_1503950868397{margin-top: 0px !important;margin-right: 0px !important;margin-bottom: 0px !important;margin-left: 0px !important;border-top-width: 0px !important;border-right-width: 0px !important;border-bottom-width: 0px !important;border-left-width: 0px !important;padding-top: 0px !important;padding-right: 0px !important;padding-bottom: 0px !important;padding-left: 0px !important;}&#8221; offset=&#8221;vc_col-xs-9&#8243;]<div data-id=\"mpc_divider-4769ecd0c0c6763\" class=\"mpc-divider-wrap\"><div class=\"mpc-divider mpc-init mpc-align--left mpc-disable--left \" ><div class=\"mpc-divider__line mpc-side--left\"><span><\/span><\/div><div class=\"mpc-divider__line mpc-side--right\"><span><\/span><\/div><\/div><\/div>[\/vc_column][vc_column][vc_empty_space][\/vc_column][\/vc_row][vc_row][vc_column][vc_tta_accordion style=&#8221;outline&#8221; shape=&#8221;square&#8221; color=&#8221;mulled-wine&#8221; c_icon=&#8221;triangle&#8221; active_section=&#8221;99&#8243;][vc_tta_section title=&#8221;\u00bfEs definitiva una elevaci\u00f3n de pecho?&#8221; tab_id=&#8221;1&#8243;][vc_column_text]El pecho de una mujer siempre va a tener una tendencia natural a una moderada ca\u00edda debido al efecto de la gravedad. La realizaci\u00f3n de una <strong>mastopexia<\/strong> corrige ese aspecto en un momento dado de la vida de la paciente. Cambios en el pecho de una mujer a consecuencia de embarazo, lactancia, cambio de peso o la propia edad, puede influir en el resultado est\u00e9tico de la mama en el futuro.<\/p>\n<p>[\/vc_column_text][\/vc_tta_section][\/vc_tta_accordion][\/vc_column][\/vc_row]<\/p>\n","protected":false},"excerpt":{"rendered":"<p>[vc_row][vc_column][vc_column_text]La elevaci\u00f3n del pecho (tambi\u00e9n llamada \u201cmastopexia\u201d) se realiza en mujeres que tienen el pecho ca\u00eddo. El cirujano debe evaluar<\/p>\n","protected":false},"author":2,"featured_media":0,"parent":0,"menu_order":0,"comment_status":"closed","ping_status":"closed","template":"page-left-sidebar.php","meta":{"footnotes":""},"class_list":["post-972","page","type-page","status-publish","hentry"],"yoast_head":"<!-- This site is optimized with the Yoast SEO plugin v27.4 - https:\/\/yoast.com\/product\/yoast-seo-wordpress\/ -->\n<title>Mastopexy (breast lift) | Cl\u00ednica Tebon | M\u00e1laga<\/title>\n<meta name=\"description\" content=\"Breast lift or mastopexy, performed by the plastic surgeons of Cl\u00ednica Tebon, is performed on women who have sagging breasts.\" \/>\n<meta name=\"robots\" content=\"index, follow, max-snippet:-1, max-image-preview:large, max-video-preview:-1\" \/>\n<link rel=\"canonical\" href=\"https:\/\/www.clinicatebon.es\/en\/mastopexy-breast-lift-in-malaga\/\" \/>\n<meta property=\"og:locale\" content=\"en_US\" \/>\n<meta property=\"og:type\" content=\"article\" \/>\n<meta property=\"og:title\" content=\"Mastopexy (breast lift) | Cl\u00ednica Tebon | M\u00e1laga\" \/>\n<meta property=\"og:description\" content=\"Breast lift or mastopexy, performed by the plastic surgeons of Cl\u00ednica Tebon, is performed on women who have sagging breasts.\" \/>\n<meta property=\"og:url\" content=\"https:\/\/www.clinicatebon.es\/en\/mastopexy-breast-lift-in-malaga\/\" \/>\n<meta property=\"og:site_name\" content=\"Clinica Tebon\" \/>\n<meta property=\"article:publisher\" content=\"https:\/\/www.facebook.com\/ClinicaTebon\/\" \/>\n<meta property=\"article:modified_time\" content=\"2025-04-23T07:20:06+00:00\" \/>\n<meta name=\"twitter:card\" content=\"summary_large_image\" \/>\n<meta name=\"twitter:label1\" content=\"Est. reading time\" \/>\n\t<meta name=\"twitter:data1\" content=\"3 minutes\" \/>\n<script type=\"application\/ld+json\" class=\"yoast-schema-graph\">{\"@context\":\"https:\\\/\\\/schema.org\",\"@graph\":[{\"@type\":\"WebPage\",\"@id\":\"https:\\\/\\\/www.clinicatebon.es\\\/en\\\/mastopexy-breast-lift-in-malaga\\\/\",\"url\":\"https:\\\/\\\/www.clinicatebon.es\\\/en\\\/mastopexy-breast-lift-in-malaga\\\/\",\"name\":\"Mastopexy (breast lift) | Cl\u00ednica Tebon | M\u00e1laga\",\"isPartOf\":{\"@id\":\"https:\\\/\\\/www.clinicatebon.es\\\/#website\"},\"datePublished\":\"2017-12-19T18:24:37+00:00\",\"dateModified\":\"2025-04-23T07:20:06+00:00\",\"description\":\"Breast lift or mastopexy, performed by the plastic surgeons of Cl\u00ednica Tebon, is performed on women who have sagging breasts.\",\"breadcrumb\":{\"@id\":\"https:\\\/\\\/www.clinicatebon.es\\\/en\\\/mastopexy-breast-lift-in-malaga\\\/#breadcrumb\"},\"inLanguage\":\"en-US\",\"potentialAction\":[{\"@type\":\"ReadAction\",\"target\":[\"https:\\\/\\\/www.clinicatebon.es\\\/en\\\/mastopexy-breast-lift-in-malaga\\\/\"]}]},{\"@type\":\"BreadcrumbList\",\"@id\":\"https:\\\/\\\/www.clinicatebon.es\\\/en\\\/mastopexy-breast-lift-in-malaga\\\/#breadcrumb\",\"itemListElement\":[{\"@type\":\"ListItem\",\"position\":1,\"name\":\"Portada\",\"item\":\"https:\\\/\\\/www.clinicatebon.es\\\/en\\\/\"},{\"@type\":\"ListItem\",\"position\":2,\"name\":\"Mastopexy (breast lift)\"}]},{\"@type\":\"WebSite\",\"@id\":\"https:\\\/\\\/www.clinicatebon.es\\\/#website\",\"url\":\"https:\\\/\\\/www.clinicatebon.es\\\/\",\"name\":\"Clinica Tebon\",\"description\":\"Cl\u00ednica de cirug\u00eda pl\u00e1stica, est\u00e9tica y reparadora ubicada en el centro de M\u00e1laga\",\"publisher\":{\"@id\":\"https:\\\/\\\/www.clinicatebon.es\\\/#organization\"},\"potentialAction\":[{\"@type\":\"SearchAction\",\"target\":{\"@type\":\"EntryPoint\",\"urlTemplate\":\"https:\\\/\\\/www.clinicatebon.es\\\/?s={search_term_string}\"},\"query-input\":{\"@type\":\"PropertyValueSpecification\",\"valueRequired\":true,\"valueName\":\"search_term_string\"}}],\"inLanguage\":\"en-US\"},{\"@type\":\"Organization\",\"@id\":\"https:\\\/\\\/www.clinicatebon.es\\\/#organization\",\"name\":\"Cl\u00ednica Tebon\",\"url\":\"https:\\\/\\\/www.clinicatebon.es\\\/\",\"logo\":{\"@type\":\"ImageObject\",\"inLanguage\":\"en-US\",\"@id\":\"https:\\\/\\\/www.clinicatebon.es\\\/#\\\/schema\\\/logo\\\/image\\\/\",\"url\":\"https:\\\/\\\/www.clinicatebon.es\\\/wp-content\\\/uploads\\\/2017\\\/08\\\/LogoCl\u00ednicaTebon.png\",\"contentUrl\":\"https:\\\/\\\/www.clinicatebon.es\\\/wp-content\\\/uploads\\\/2017\\\/08\\\/LogoCl\u00ednicaTebon.png\",\"width\":1600,\"height\":672,\"caption\":\"Cl\u00ednica Tebon\"},\"image\":{\"@id\":\"https:\\\/\\\/www.clinicatebon.es\\\/#\\\/schema\\\/logo\\\/image\\\/\"},\"sameAs\":[\"https:\\\/\\\/www.facebook.com\\\/ClinicaTebon\\\/\",\"https:\\\/\\\/www.instagram.com\\\/clinicatebon\\\/?hl=es\"]}]}<\/script>\n<!-- \/ Yoast SEO plugin. -->","yoast_head_json":{"title":"Mastopexy (breast lift) | Cl\u00ednica Tebon | M\u00e1laga","description":"Breast lift or mastopexy, performed by the plastic surgeons of Cl\u00ednica Tebon, is performed on women who have sagging breasts.","robots":{"index":"index","follow":"follow","max-snippet":"max-snippet:-1","max-image-preview":"max-image-preview:large","max-video-preview":"max-video-preview:-1"},"canonical":"https:\/\/www.clinicatebon.es\/en\/mastopexy-breast-lift-in-malaga\/","og_locale":"en_US","og_type":"article","og_title":"Mastopexy (breast lift) | Cl\u00ednica Tebon | M\u00e1laga","og_description":"Breast lift or mastopexy, performed by the plastic surgeons of Cl\u00ednica Tebon, is performed on women who have sagging breasts.","og_url":"https:\/\/www.clinicatebon.es\/en\/mastopexy-breast-lift-in-malaga\/","og_site_name":"Clinica Tebon","article_publisher":"https:\/\/www.facebook.com\/ClinicaTebon\/","article_modified_time":"2025-04-23T07:20:06+00:00","twitter_card":"summary_large_image","twitter_misc":{"Est. reading time":"3 minutes"},"schema":{"@context":"https:\/\/schema.org","@graph":[{"@type":"WebPage","@id":"https:\/\/www.clinicatebon.es\/en\/mastopexy-breast-lift-in-malaga\/","url":"https:\/\/www.clinicatebon.es\/en\/mastopexy-breast-lift-in-malaga\/","name":"Mastopexy (breast lift) | Cl\u00ednica Tebon | M\u00e1laga","isPartOf":{"@id":"https:\/\/www.clinicatebon.es\/#website"},"datePublished":"2017-12-19T18:24:37+00:00","dateModified":"2025-04-23T07:20:06+00:00","description":"Breast lift or mastopexy, performed by the plastic surgeons of Cl\u00ednica Tebon, is performed on women who have sagging breasts.","breadcrumb":{"@id":"https:\/\/www.clinicatebon.es\/en\/mastopexy-breast-lift-in-malaga\/#breadcrumb"},"inLanguage":"en-US","potentialAction":[{"@type":"ReadAction","target":["https:\/\/www.clinicatebon.es\/en\/mastopexy-breast-lift-in-malaga\/"]}]},{"@type":"BreadcrumbList","@id":"https:\/\/www.clinicatebon.es\/en\/mastopexy-breast-lift-in-malaga\/#breadcrumb","itemListElement":[{"@type":"ListItem","position":1,"name":"Portada","item":"https:\/\/www.clinicatebon.es\/en\/"},{"@type":"ListItem","position":2,"name":"Mastopexy (breast lift)"}]},{"@type":"WebSite","@id":"https:\/\/www.clinicatebon.es\/#website","url":"https:\/\/www.clinicatebon.es\/","name":"Clinica Tebon","description":"Cl\u00ednica de cirug\u00eda pl\u00e1stica, est\u00e9tica y reparadora ubicada en el centro de M\u00e1laga","publisher":{"@id":"https:\/\/www.clinicatebon.es\/#organization"},"potentialAction":[{"@type":"SearchAction","target":{"@type":"EntryPoint","urlTemplate":"https:\/\/www.clinicatebon.es\/?s={search_term_string}"},"query-input":{"@type":"PropertyValueSpecification","valueRequired":true,"valueName":"search_term_string"}}],"inLanguage":"en-US"},{"@type":"Organization","@id":"https:\/\/www.clinicatebon.es\/#organization","name":"Cl\u00ednica Tebon","url":"https:\/\/www.clinicatebon.es\/","logo":{"@type":"ImageObject","inLanguage":"en-US","@id":"https:\/\/www.clinicatebon.es\/#\/schema\/logo\/image\/","url":"https:\/\/www.clinicatebon.es\/wp-content\/uploads\/2017\/08\/LogoCl\u00ednicaTebon.png","contentUrl":"https:\/\/www.clinicatebon.es\/wp-content\/uploads\/2017\/08\/LogoCl\u00ednicaTebon.png","width":1600,"height":672,"caption":"Cl\u00ednica Tebon"},"image":{"@id":"https:\/\/www.clinicatebon.es\/#\/schema\/logo\/image\/"},"sameAs":["https:\/\/www.facebook.com\/ClinicaTebon\/","https:\/\/www.instagram.com\/clinicatebon\/?hl=es"]}]}},"_links":{"self":[{"href":"https:\/\/www.clinicatebon.es\/en\/wp-json\/wp\/v2\/pages\/972","targetHints":{"allow":["GET"]}}],"collection":[{"href":"https:\/\/www.clinicatebon.es\/en\/wp-json\/wp\/v2\/pages"}],"about":[{"href":"https:\/\/www.clinicatebon.es\/en\/wp-json\/wp\/v2\/types\/page"}],"author":[{"embeddable":true,"href":"https:\/\/www.clinicatebon.es\/en\/wp-json\/wp\/v2\/users\/2"}],"replies":[{"embeddable":true,"href":"https:\/\/www.clinicatebon.es\/en\/wp-json\/wp\/v2\/comments?post=972"}],"version-history":[{"count":3,"href":"https:\/\/www.clinicatebon.es\/en\/wp-json\/wp\/v2\/pages\/972\/revisions"}],"predecessor-version":[{"id":1838,"href":"https:\/\/www.clinicatebon.es\/en\/wp-json\/wp\/v2\/pages\/972\/revisions\/1838"}],"wp:attachment":[{"href":"https:\/\/www.clinicatebon.es\/en\/wp-json\/wp\/v2\/media?parent=972"}],"curies":[{"name":"wp","href":"https:\/\/api.w.org\/{rel}","templated":true}]}}