{"id":978,"date":"2018-08-09T15:06:23","date_gmt":"2018-08-09T15:06:23","guid":{"rendered":"https:\/\/www.clinicatebon.es\/mesoterapia-malaga\/"},"modified":"2025-04-23T07:20:13","modified_gmt":"2025-04-23T07:20:13","slug":"mesotherapy-malaga","status":"publish","type":"page","link":"https:\/\/www.clinicatebon.es\/en\/mesotherapy-malaga\/","title":{"rendered":"Mesotherapy"},"content":{"rendered":"<p>[vc_row][vc_column][vc_column_text]\u00bfPensando en realizarte un tratamiento de <strong>Mesoterapia en M\u00e1laga<\/strong>? En nuestra <strong>Cl\u00ednica de Medicina Est\u00e9tica y cirug\u00eda pl\u00e1stica <\/strong>contamos con nuestros tratamientos <strong>de Mesoterapia Facial y Corporal<\/strong>, una de las alternativas m\u00e1s naturales y seguras para <strong>rejuvenecer nuestro rostro, mejorar el aspecto de nuestra piel, reducir las estr\u00edas, eliminar manchas y celulitis<\/strong>, y como no, realizada siempre por nuestros profesionales, en las condiciones adecuadas y con las sustancias correctas.<\/p>\n<p>La <strong>mesoterapia<\/strong> tiene su origen hace m\u00e1s de 50 a\u00f1os en Francia, de la mano del m\u00e9dico Michel Pistor. Consiste en la microinyecci\u00f3n intrad\u00e9rmica de sustancias activas como:<\/p>\n<ul>\n<li><a href=\"https:\/\/www.hialuronico.es\/inyectable\/acido-hialuronico-no-reticulado-para-el-tratamiento-de-arrugas-finas\/\" target=\"_blank\" rel=\"noopener noreferrer\">\u00c1cido Hialur\u00f3nico no reticulado<\/a>: logran un aspecto terso de la piel y una mayor hidrataci\u00f3n.<\/li>\n<li>Vitaminas, oligoelementos, amino\u00e1cidos: son precursores de las fibras de col\u00e1geno y restituyen d\u00e9ficit.<\/li>\n<li>Silicio: aporta firmeza a la piel.<\/li>\n<li>Col\u00e1geno heter\u00f3logo liofilizado: formaci\u00f3n de nuevo col\u00e1geno.<\/li>\n<\/ul>\n<p class=\"Cuerpo\"><span lang=\"ES-TRAD\">La propia inyecci\u00f3n, da lugar a una respuesta cicatrizal, provocando un aumento de fibroblastos, de las defensas locales y de la irrigaci\u00f3n sangu\u00ednea; con lo que se ampl\u00eda el efecto de las sustancias, logrando as\u00ed, que la <strong>mesoterapia<\/strong> sea un tratamiento muy efectivo, que se puede realizar en todas las \u00e9pocas del a\u00f1o.<\/span><\/p>\n<p>Ponte en <a href=\"https:\/\/www.clinicatebon.es\/en\/contact\/\" target=\"_blank\" rel=\"noopener noreferrer\">contacto<\/a> con nosotros y te informaremos de todas las ventajas de este tratamiento.<\/p>\n<p>&nbsp;<\/p>\n<p>[\/vc_column_text][vc_single_image image=&#8221;659&#8243; img_size=&#8221;large&#8221;][vc_custom_heading text=&#8221;Durante la sesi\u00f3n.&#8221; font_container=&#8221;tag:h1|text_align:left&#8221; use_theme_fonts=&#8221;yes&#8221;][\/vc_column][vc_column width=&#8221;1\/4&#8243; css=&#8221;.vc_custom_1504029601002{margin-top: 0px !important;margin-right: 0px !important;margin-bottom: 0px !important;margin-left: 0px !important;border-top-width: 0px !important;border-right-width: 0px !important;border-bottom-width: 0px !important;border-left-width: 0px !important;padding-top: 0px !important;padding-right: 0px !important;padding-bottom: 0px !important;padding-left: 0px !important;}&#8221; offset=&#8221;vc_col-xs-3&#8243;]<div data-id=\"mpc_divider-8069ed36a6d971b\" class=\"mpc-divider-wrap\"><div class=\"mpc-divider mpc-init mpc-align--right mpc-disable--left \" ><div class=\"mpc-divider__line mpc-side--left\"><span><\/span><\/div><div class=\"mpc-divider__line mpc-side--right\"><span><\/span><\/div><\/div><\/div>[\/vc_column][vc_column width=&#8221;3\/4&#8243; css=&#8221;.vc_custom_1503950868397{margin-top: 0px !important;margin-right: 0px !important;margin-bottom: 0px !important;margin-left: 0px !important;border-top-width: 0px !important;border-right-width: 0px !important;border-bottom-width: 0px !important;border-left-width: 0px !important;padding-top: 0px !important;padding-right: 0px !important;padding-bottom: 0px !important;padding-left: 0px !important;}&#8221; offset=&#8221;vc_col-xs-9&#8243;]<div data-id=\"mpc_divider-2869ed36a6d9776\" class=\"mpc-divider-wrap\"><div class=\"mpc-divider mpc-init mpc-align--left mpc-disable--left \" ><div class=\"mpc-divider__line mpc-side--left\"><span><\/span><\/div><div class=\"mpc-divider__line mpc-side--right\"><span><\/span><\/div><\/div><\/div>[\/vc_column][vc_column][vc_empty_space][vc_column_text]La<strong> mesoterapia facial<\/strong>, la sesi\u00f3n durara unos 20 minutos, <strong>la mesoterapia corporal<\/strong>, unos 30 minutos. Se limpia y se desinfecta muy bien la zona a tratar y en el caso de mesoterapia facial se puede aplicar una crema anest\u00e9sica, aunque las sesiones son pr\u00e1cticamente indoloras. Tras la administraci\u00f3n se realiza un masaje para redistribuir el producto.[\/vc_column_text][\/vc_column][\/vc_row][vc_row][vc_column][vc_custom_heading text=&#8221;Despu\u00e9s de la sesi\u00f3n.&#8221; font_container=&#8221;tag:h1|text_align:left&#8221; use_theme_fonts=&#8221;yes&#8221;][\/vc_column][vc_column width=&#8221;1\/4&#8243; css=&#8221;.vc_custom_1504029601002{margin-top: 0px !important;margin-right: 0px !important;margin-bottom: 0px !important;margin-left: 0px !important;border-top-width: 0px !important;border-right-width: 0px !important;border-bottom-width: 0px !important;border-left-width: 0px !important;padding-top: 0px !important;padding-right: 0px !important;padding-bottom: 0px !important;padding-left: 0px !important;}&#8221; offset=&#8221;vc_col-xs-3&#8243;]<div data-id=\"mpc_divider-669ed36a6d97af\" class=\"mpc-divider-wrap\"><div class=\"mpc-divider mpc-init mpc-align--right mpc-disable--left \" ><div class=\"mpc-divider__line mpc-side--left\"><span><\/span><\/div><div class=\"mpc-divider__line mpc-side--right\"><span><\/span><\/div><\/div><\/div>[\/vc_column][vc_column width=&#8221;3\/4&#8243; css=&#8221;.vc_custom_1503950868397{margin-top: 0px !important;margin-right: 0px !important;margin-bottom: 0px !important;margin-left: 0px !important;border-top-width: 0px !important;border-right-width: 0px !important;border-bottom-width: 0px !important;border-left-width: 0px !important;padding-top: 0px !important;padding-right: 0px !important;padding-bottom: 0px !important;padding-left: 0px !important;}&#8221; offset=&#8221;vc_col-xs-9&#8243;]<div data-id=\"mpc_divider-6169ed36a6d97df\" class=\"mpc-divider-wrap\"><div class=\"mpc-divider mpc-init mpc-align--left mpc-disable--left \" ><div class=\"mpc-divider__line mpc-side--left\"><span><\/span><\/div><div class=\"mpc-divider__line mpc-side--right\"><span><\/span><\/div><\/div><\/div>[\/vc_column][vc_column][vc_empty_space][vc_column_text]<\/p>\n<p class=\"Cuerpo\"><span lang=\"ES-TRAD\">La t\u00e9cnica produce una serie de p\u00e1pulas en el rostro y en el cuerpo, parecidas a la picadura de un mosquito, que desaparecen en unas 24h. Es raro la aparici\u00f3n de hematomas, aunque pueden darse. Puede volver a su vida dar\u00eda con normalidad y utilizar maquillaje. No olvidar el fotoprotector de 50+SPF.<\/span><\/p>\n<p>[\/vc_column_text][\/vc_column][\/vc_row][vc_row][vc_column][vc_custom_heading text=&#8221;Preguntas Frecuentes&#8221; font_container=&#8221;tag:h1|text_align:left&#8221; use_theme_fonts=&#8221;yes&#8221;][\/vc_column][vc_column width=&#8221;1\/4&#8243; css=&#8221;.vc_custom_1504029601002{margin-top: 0px !important;margin-right: 0px !important;margin-bottom: 0px !important;margin-left: 0px !important;border-top-width: 0px !important;border-right-width: 0px !important;border-bottom-width: 0px !important;border-left-width: 0px !important;padding-top: 0px !important;padding-right: 0px !important;padding-bottom: 0px !important;padding-left: 0px !important;}&#8221; offset=&#8221;vc_col-xs-3&#8243;]<div data-id=\"mpc_divider-4069ed36a6d9814\" class=\"mpc-divider-wrap\"><div class=\"mpc-divider mpc-init mpc-align--right mpc-disable--left \" ><div class=\"mpc-divider__line mpc-side--left\"><span><\/span><\/div><div class=\"mpc-divider__line mpc-side--right\"><span><\/span><\/div><\/div><\/div>[\/vc_column][vc_column width=&#8221;3\/4&#8243; css=&#8221;.vc_custom_1503950868397{margin-top: 0px !important;margin-right: 0px !important;margin-bottom: 0px !important;margin-left: 0px !important;border-top-width: 0px !important;border-right-width: 0px !important;border-bottom-width: 0px !important;border-left-width: 0px !important;padding-top: 0px !important;padding-right: 0px !important;padding-bottom: 0px !important;padding-left: 0px !important;}&#8221; offset=&#8221;vc_col-xs-9&#8243;]<div data-id=\"mpc_divider-5269ed36a6d9840\" class=\"mpc-divider-wrap\"><div class=\"mpc-divider mpc-init mpc-align--left mpc-disable--left \" ><div class=\"mpc-divider__line mpc-side--left\"><span><\/span><\/div><div class=\"mpc-divider__line mpc-side--right\"><span><\/span><\/div><\/div><\/div>[\/vc_column][vc_column][vc_empty_space][\/vc_column][\/vc_row][vc_row][vc_column][vc_tta_accordion style=&#8221;outline&#8221; shape=&#8221;square&#8221; color=&#8221;mulled-wine&#8221; c_icon=&#8221;triangle&#8221; active_section=&#8221;99&#8243;][vc_tta_section title=&#8221;\u00bfQu\u00e9 contraindicaciones tiene?&#8221; tab_id=&#8221;1&#8243;][vc_column_text]Es un procedimiento contraindicado para quienes padecen alg\u00fan tipo de alergia, infecci\u00f3n, afecci\u00f3n cut\u00e1nea, fiebre, alguna patolog\u00eda tumoral maligna, problemas de coagulaci\u00f3n, mujeres embarazadas o en periodo de lactancia.<\/p>\n<p>No es recomendable asistir a lugares h\u00famedos o exponerse a temperaturas altas o al sol en al menos unos d\u00edas tras su realizaci\u00f3n.<\/p>\n<p>[\/vc_column_text][\/vc_tta_section][vc_tta_section title=&#8221;\u00bfEs un tratamiento seguro?&#8221; tab_id=&#8221;2&#8243;][vc_column_text]<\/p>\n<p class=\"Poromisin\"><span lang=\"ES-TRAD\">S\u00ed, completamente seguro, ya que son sustancias con principios activos que se inyectan directamente en el lugar de la piel que la necesitan. <\/span><\/p>\n<p>\u00a0[\/vc_column_text][\/vc_tta_section][vc_tta_section title=&#8221;\u00bfCu\u00e1l es el protocolo de administraci\u00f3n?&#8221; tab_id=&#8221;3&#8243;][vc_column_text]Para obtener resultados \u00f3ptimos, necesitaremos unas 3-5 sesiones de unos 20 minutos de duraci\u00f3n espaciados en unos 20 d\u00edas y posteriormente sesiones de mantenimiento, en el caso de la <strong>mesoterapia facial<\/strong>. Para la <strong>mesoterapia corporal<\/strong>, necesitaremos de 6-10 sesiones de unos 30 minutos espaciados en 7 d\u00edas, con sus sesiones posteriores de mantenimiento.<\/p>\n<p>[\/vc_column_text][\/vc_tta_section][vc_tta_section title=&#8221;\u00bfPuedo combinarlo con otros tratamientos?&#8221; tab_id=&#8221;5&#8243;][vc_column_text]Por supuesto, se obtendr\u00e1n mayores y mejores beneficios, si lo combinamos con <strong>carboxiterapia, presoterapia, toxina botul\u00ednica, rellenos, peeling, etc<\/strong>. Manteniendo siempre los tiempos de reposo y las indicaciones.<\/p>\n<p>[\/vc_column_text][\/vc_tta_section][vc_tta_section title=&#8221;\u00bfD\u00f3nde se puede aplicar?&#8221; tab_id=&#8221;1535021864307-0be1a3b7-f684&#8243;][vc_column_text]<\/p>\n<p class=\"Poromisin\"><span lang=\"ES-TRAD\">La podemos realizar en todas las partes de nuestro cuerpo, en las que queramos mejorar el estado de nuestra piel. <\/span><\/p>\n<p>&nbsp;<\/p>\n<p>&nbsp;<\/p>\n<p>[\/vc_column_text][\/vc_tta_section][\/vc_tta_accordion][\/vc_column][\/vc_row]<\/p>\n","protected":false},"excerpt":{"rendered":"<p>[vc_row][vc_column][vc_column_text]\u00bfPensando en realizarte un tratamiento de Mesoterapia en M\u00e1laga? En nuestra Cl\u00ednica de Medicina Est\u00e9tica y cirug\u00eda pl\u00e1stica contamos con<\/p>\n","protected":false},"author":2,"featured_media":0,"parent":0,"menu_order":0,"comment_status":"closed","ping_status":"closed","template":"page-left-sidebar.php","meta":{"footnotes":""},"class_list":["post-978","page","type-page","status-publish","hentry"],"yoast_head":"<!-- This site is optimized with the Yoast SEO plugin v27.4 - https:\/\/yoast.com\/product\/yoast-seo-wordpress\/ -->\n<title>Mesotherapy in Malaga : Cl\u00ednica Tebon : Aesthetic Medicine<\/title>\n<meta name=\"description\" content=\"At Cl\u00ednica Tebon we offer Facial and Body Mesotherapy, one of the best alternatives to rejuvenate the face, reduce stretch marks and eliminate cellulite.\" \/>\n<meta name=\"robots\" content=\"index, follow, max-snippet:-1, max-image-preview:large, max-video-preview:-1\" \/>\n<link rel=\"canonical\" href=\"https:\/\/www.clinicatebon.es\/en\/mesotherapy-malaga\/\" \/>\n<meta property=\"og:locale\" content=\"en_US\" \/>\n<meta property=\"og:type\" content=\"article\" \/>\n<meta property=\"og:title\" content=\"Mesotherapy in Malaga : Cl\u00ednica Tebon : Aesthetic Medicine\" \/>\n<meta property=\"og:description\" content=\"At Cl\u00ednica Tebon we offer Facial and Body Mesotherapy, one of the best alternatives to rejuvenate the face, reduce stretch marks and eliminate cellulite.\" \/>\n<meta property=\"og:url\" content=\"https:\/\/www.clinicatebon.es\/en\/mesotherapy-malaga\/\" \/>\n<meta property=\"og:site_name\" content=\"Clinica Tebon\" \/>\n<meta property=\"article:publisher\" content=\"https:\/\/www.facebook.com\/ClinicaTebon\/\" \/>\n<meta property=\"article:modified_time\" content=\"2025-04-23T07:20:13+00:00\" \/>\n<meta name=\"twitter:card\" content=\"summary_large_image\" \/>\n<meta name=\"twitter:label1\" content=\"Est. reading time\" \/>\n\t<meta name=\"twitter:data1\" content=\"6 minutes\" \/>\n<script type=\"application\/ld+json\" class=\"yoast-schema-graph\">{\"@context\":\"https:\\\/\\\/schema.org\",\"@graph\":[{\"@type\":\"WebPage\",\"@id\":\"https:\\\/\\\/www.clinicatebon.es\\\/en\\\/mesotherapy-malaga\\\/\",\"url\":\"https:\\\/\\\/www.clinicatebon.es\\\/en\\\/mesotherapy-malaga\\\/\",\"name\":\"Mesotherapy in Malaga : Cl\u00ednica Tebon : Aesthetic Medicine\",\"isPartOf\":{\"@id\":\"https:\\\/\\\/www.clinicatebon.es\\\/#website\"},\"datePublished\":\"2018-08-09T15:06:23+00:00\",\"dateModified\":\"2025-04-23T07:20:13+00:00\",\"description\":\"At Cl\u00ednica Tebon we offer Facial and Body Mesotherapy, one of the best alternatives to rejuvenate the face, reduce stretch marks and eliminate cellulite.\",\"breadcrumb\":{\"@id\":\"https:\\\/\\\/www.clinicatebon.es\\\/en\\\/mesotherapy-malaga\\\/#breadcrumb\"},\"inLanguage\":\"en-US\",\"potentialAction\":[{\"@type\":\"ReadAction\",\"target\":[\"https:\\\/\\\/www.clinicatebon.es\\\/en\\\/mesotherapy-malaga\\\/\"]}]},{\"@type\":\"BreadcrumbList\",\"@id\":\"https:\\\/\\\/www.clinicatebon.es\\\/en\\\/mesotherapy-malaga\\\/#breadcrumb\",\"itemListElement\":[{\"@type\":\"ListItem\",\"position\":1,\"name\":\"Portada\",\"item\":\"https:\\\/\\\/www.clinicatebon.es\\\/en\\\/\"},{\"@type\":\"ListItem\",\"position\":2,\"name\":\"Mesotherapy\"}]},{\"@type\":\"WebSite\",\"@id\":\"https:\\\/\\\/www.clinicatebon.es\\\/#website\",\"url\":\"https:\\\/\\\/www.clinicatebon.es\\\/\",\"name\":\"Clinica Tebon\",\"description\":\"Cl\u00ednica de cirug\u00eda pl\u00e1stica, est\u00e9tica y reparadora ubicada en el centro de M\u00e1laga\",\"publisher\":{\"@id\":\"https:\\\/\\\/www.clinicatebon.es\\\/#organization\"},\"potentialAction\":[{\"@type\":\"SearchAction\",\"target\":{\"@type\":\"EntryPoint\",\"urlTemplate\":\"https:\\\/\\\/www.clinicatebon.es\\\/?s={search_term_string}\"},\"query-input\":{\"@type\":\"PropertyValueSpecification\",\"valueRequired\":true,\"valueName\":\"search_term_string\"}}],\"inLanguage\":\"en-US\"},{\"@type\":\"Organization\",\"@id\":\"https:\\\/\\\/www.clinicatebon.es\\\/#organization\",\"name\":\"Cl\u00ednica Tebon\",\"url\":\"https:\\\/\\\/www.clinicatebon.es\\\/\",\"logo\":{\"@type\":\"ImageObject\",\"inLanguage\":\"en-US\",\"@id\":\"https:\\\/\\\/www.clinicatebon.es\\\/#\\\/schema\\\/logo\\\/image\\\/\",\"url\":\"https:\\\/\\\/www.clinicatebon.es\\\/wp-content\\\/uploads\\\/2017\\\/08\\\/LogoCl\u00ednicaTebon.png\",\"contentUrl\":\"https:\\\/\\\/www.clinicatebon.es\\\/wp-content\\\/uploads\\\/2017\\\/08\\\/LogoCl\u00ednicaTebon.png\",\"width\":1600,\"height\":672,\"caption\":\"Cl\u00ednica Tebon\"},\"image\":{\"@id\":\"https:\\\/\\\/www.clinicatebon.es\\\/#\\\/schema\\\/logo\\\/image\\\/\"},\"sameAs\":[\"https:\\\/\\\/www.facebook.com\\\/ClinicaTebon\\\/\",\"https:\\\/\\\/www.instagram.com\\\/clinicatebon\\\/?hl=es\"]}]}<\/script>\n<!-- \/ Yoast SEO plugin. -->","yoast_head_json":{"title":"Mesotherapy in Malaga : Cl\u00ednica Tebon : Aesthetic Medicine","description":"At Cl\u00ednica Tebon we offer Facial and Body Mesotherapy, one of the best alternatives to rejuvenate the face, reduce stretch marks and eliminate cellulite.","robots":{"index":"index","follow":"follow","max-snippet":"max-snippet:-1","max-image-preview":"max-image-preview:large","max-video-preview":"max-video-preview:-1"},"canonical":"https:\/\/www.clinicatebon.es\/en\/mesotherapy-malaga\/","og_locale":"en_US","og_type":"article","og_title":"Mesotherapy in Malaga : Cl\u00ednica Tebon : Aesthetic Medicine","og_description":"At Cl\u00ednica Tebon we offer Facial and Body Mesotherapy, one of the best alternatives to rejuvenate the face, reduce stretch marks and eliminate cellulite.","og_url":"https:\/\/www.clinicatebon.es\/en\/mesotherapy-malaga\/","og_site_name":"Clinica Tebon","article_publisher":"https:\/\/www.facebook.com\/ClinicaTebon\/","article_modified_time":"2025-04-23T07:20:13+00:00","twitter_card":"summary_large_image","twitter_misc":{"Est. reading time":"6 minutes"},"schema":{"@context":"https:\/\/schema.org","@graph":[{"@type":"WebPage","@id":"https:\/\/www.clinicatebon.es\/en\/mesotherapy-malaga\/","url":"https:\/\/www.clinicatebon.es\/en\/mesotherapy-malaga\/","name":"Mesotherapy in Malaga : Cl\u00ednica Tebon : Aesthetic Medicine","isPartOf":{"@id":"https:\/\/www.clinicatebon.es\/#website"},"datePublished":"2018-08-09T15:06:23+00:00","dateModified":"2025-04-23T07:20:13+00:00","description":"At Cl\u00ednica Tebon we offer Facial and Body Mesotherapy, one of the best alternatives to rejuvenate the face, reduce stretch marks and eliminate cellulite.","breadcrumb":{"@id":"https:\/\/www.clinicatebon.es\/en\/mesotherapy-malaga\/#breadcrumb"},"inLanguage":"en-US","potentialAction":[{"@type":"ReadAction","target":["https:\/\/www.clinicatebon.es\/en\/mesotherapy-malaga\/"]}]},{"@type":"BreadcrumbList","@id":"https:\/\/www.clinicatebon.es\/en\/mesotherapy-malaga\/#breadcrumb","itemListElement":[{"@type":"ListItem","position":1,"name":"Portada","item":"https:\/\/www.clinicatebon.es\/en\/"},{"@type":"ListItem","position":2,"name":"Mesotherapy"}]},{"@type":"WebSite","@id":"https:\/\/www.clinicatebon.es\/#website","url":"https:\/\/www.clinicatebon.es\/","name":"Clinica Tebon","description":"Cl\u00ednica de cirug\u00eda pl\u00e1stica, est\u00e9tica y reparadora ubicada en el centro de M\u00e1laga","publisher":{"@id":"https:\/\/www.clinicatebon.es\/#organization"},"potentialAction":[{"@type":"SearchAction","target":{"@type":"EntryPoint","urlTemplate":"https:\/\/www.clinicatebon.es\/?s={search_term_string}"},"query-input":{"@type":"PropertyValueSpecification","valueRequired":true,"valueName":"search_term_string"}}],"inLanguage":"en-US"},{"@type":"Organization","@id":"https:\/\/www.clinicatebon.es\/#organization","name":"Cl\u00ednica Tebon","url":"https:\/\/www.clinicatebon.es\/","logo":{"@type":"ImageObject","inLanguage":"en-US","@id":"https:\/\/www.clinicatebon.es\/#\/schema\/logo\/image\/","url":"https:\/\/www.clinicatebon.es\/wp-content\/uploads\/2017\/08\/LogoCl\u00ednicaTebon.png","contentUrl":"https:\/\/www.clinicatebon.es\/wp-content\/uploads\/2017\/08\/LogoCl\u00ednicaTebon.png","width":1600,"height":672,"caption":"Cl\u00ednica Tebon"},"image":{"@id":"https:\/\/www.clinicatebon.es\/#\/schema\/logo\/image\/"},"sameAs":["https:\/\/www.facebook.com\/ClinicaTebon\/","https:\/\/www.instagram.com\/clinicatebon\/?hl=es"]}]}},"_links":{"self":[{"href":"https:\/\/www.clinicatebon.es\/en\/wp-json\/wp\/v2\/pages\/978","targetHints":{"allow":["GET"]}}],"collection":[{"href":"https:\/\/www.clinicatebon.es\/en\/wp-json\/wp\/v2\/pages"}],"about":[{"href":"https:\/\/www.clinicatebon.es\/en\/wp-json\/wp\/v2\/types\/page"}],"author":[{"embeddable":true,"href":"https:\/\/www.clinicatebon.es\/en\/wp-json\/wp\/v2\/users\/2"}],"replies":[{"embeddable":true,"href":"https:\/\/www.clinicatebon.es\/en\/wp-json\/wp\/v2\/comments?post=978"}],"version-history":[{"count":5,"href":"https:\/\/www.clinicatebon.es\/en\/wp-json\/wp\/v2\/pages\/978\/revisions"}],"predecessor-version":[{"id":1848,"href":"https:\/\/www.clinicatebon.es\/en\/wp-json\/wp\/v2\/pages\/978\/revisions\/1848"}],"wp:attachment":[{"href":"https:\/\/www.clinicatebon.es\/en\/wp-json\/wp\/v2\/media?parent=978"}],"curies":[{"name":"wp","href":"https:\/\/api.w.org\/{rel}","templated":true}]}}