{"id":981,"date":"2018-08-13T16:07:55","date_gmt":"2018-08-13T16:07:55","guid":{"rendered":"https:\/\/www.clinicatebon.es\/nuestras-instalaciones\/"},"modified":"2025-04-23T07:20:15","modified_gmt":"2025-04-23T07:20:15","slug":"our-facilities","status":"publish","type":"page","link":"https:\/\/www.clinicatebon.es\/en\/our-facilities\/","title":{"rendered":"Our facilities"},"content":{"rendered":"<p>[vc_row full_width=&#8221;stretch_row&#8221; css=&#8221;.vc_custom_1521825827226{margin-top: -60px !important;margin-bottom: 50px !important;padding-top: 50px !important;padding-bottom: 50px !important;background-color: #714089 !important;}&#8221; el_class=&#8221;asdf&#8221;][vc_column width=&#8221;1\/6&#8243;][\/vc_column][vc_column width=&#8221;2\/3&#8243;][vc_column_text css_animation=&#8221;fadeInRight&#8221;]La <strong>Cl\u00ednica Tebon<\/strong> es una cl\u00ednica de cirug\u00eda pl\u00e1stica, est\u00e9tica y reparadora ubicada en el centro de M\u00e1laga, desde donde damos servicios a todos nuestros clientes. A continuaci\u00f3n puede ver algunas im\u00e1genes de nuestras instalaciones.[\/vc_column_text][\/vc_column][vc_column width=&#8221;1\/6&#8243;][\/vc_column][\/vc_row][vc_row full_width=&#8221;stretch_row&#8221;][vc_column css=&#8221;.vc_custom_1533637193656{padding-right: 25px !important;padding-left: 25px !important;}&#8221;]<div class=\"mpc-carousel__wrapper mpc-waypoint\"><div id=\"mpc_carousel_image-3569df2b876474b\" class=\"mpc-carousel-image mpc-init mpc-layout--classic mpc-effect--none \"  data-mpcslick='{\"infinite\":true,\"autoplay\":true,\"slidesToShow\":3,\"slidesToScroll\":1,\"centerMode\":false,\"initialSlide\":0,\"rows\":2,\"autoplaySpeed\":2000,\"speed\":500}' data-slick-cols=\"3\"><div class=\"mpc-carousel__item-wrapper\" data-height=\"654\"><div onclick=\"\" class=\"mpc-item mpc-transition\"><div class=\"mpc-border\"><\/div><img fetchpriority=\"high\" decoding=\"async\" width=\"300\" height=\"200\" src=\"https:\/\/www.clinicatebon.es\/wp-content\/uploads\/2018\/08\/IMG_4734-300x200.jpg\" class=\"mpc-transition attachment-medium\" alt=\"\" srcset=\"https:\/\/www.clinicatebon.es\/wp-content\/uploads\/2018\/08\/IMG_4734-300x200.jpg 300w, https:\/\/www.clinicatebon.es\/wp-content\/uploads\/2018\/08\/IMG_4734-768x512.jpg 768w, https:\/\/www.clinicatebon.es\/wp-content\/uploads\/2018\/08\/IMG_4734-1024x683.jpg 1024w, https:\/\/www.clinicatebon.es\/wp-content\/uploads\/2018\/08\/IMG_4734.jpg 1600w\" sizes=\"(max-width: 300px) 100vw, 300px\" \/><\/div><\/div><div class=\"mpc-carousel__item-wrapper\" data-height=\"654\"><div onclick=\"\" class=\"mpc-item mpc-transition\"><div class=\"mpc-border\"><\/div><img decoding=\"async\" width=\"300\" height=\"200\" src=\"https:\/\/www.clinicatebon.es\/wp-content\/uploads\/2018\/08\/IMG_4733-300x200.jpg\" class=\"mpc-transition attachment-medium\" alt=\"\" srcset=\"https:\/\/www.clinicatebon.es\/wp-content\/uploads\/2018\/08\/IMG_4733-300x200.jpg 300w, https:\/\/www.clinicatebon.es\/wp-content\/uploads\/2018\/08\/IMG_4733-768x512.jpg 768w, https:\/\/www.clinicatebon.es\/wp-content\/uploads\/2018\/08\/IMG_4733-1024x683.jpg 1024w, https:\/\/www.clinicatebon.es\/wp-content\/uploads\/2018\/08\/IMG_4733.jpg 1600w\" sizes=\"(max-width: 300px) 100vw, 300px\" \/><\/div><\/div><div class=\"mpc-carousel__item-wrapper\" data-height=\"654\"><div onclick=\"\" class=\"mpc-item mpc-transition\"><div class=\"mpc-border\"><\/div><img decoding=\"async\" width=\"300\" height=\"200\" src=\"https:\/\/www.clinicatebon.es\/wp-content\/uploads\/2018\/08\/IMG_4732-300x200.jpg\" class=\"mpc-transition attachment-medium\" alt=\"\" srcset=\"https:\/\/www.clinicatebon.es\/wp-content\/uploads\/2018\/08\/IMG_4732-300x200.jpg 300w, https:\/\/www.clinicatebon.es\/wp-content\/uploads\/2018\/08\/IMG_4732-768x512.jpg 768w, https:\/\/www.clinicatebon.es\/wp-content\/uploads\/2018\/08\/IMG_4732-1024x683.jpg 1024w, https:\/\/www.clinicatebon.es\/wp-content\/uploads\/2018\/08\/IMG_4732.jpg 1600w\" sizes=\"(max-width: 300px) 100vw, 300px\" \/><\/div><\/div><div class=\"mpc-carousel__item-wrapper\" data-height=\"654\"><div onclick=\"\" class=\"mpc-item mpc-transition\"><div class=\"mpc-border\"><\/div><img loading=\"lazy\" decoding=\"async\" width=\"300\" height=\"200\" src=\"https:\/\/www.clinicatebon.es\/wp-content\/uploads\/2018\/08\/IMG_4731-300x200.jpg\" class=\"mpc-transition attachment-medium\" alt=\"\" srcset=\"https:\/\/www.clinicatebon.es\/wp-content\/uploads\/2018\/08\/IMG_4731-300x200.jpg 300w, https:\/\/www.clinicatebon.es\/wp-content\/uploads\/2018\/08\/IMG_4731-768x512.jpg 768w, https:\/\/www.clinicatebon.es\/wp-content\/uploads\/2018\/08\/IMG_4731-1024x683.jpg 1024w, https:\/\/www.clinicatebon.es\/wp-content\/uploads\/2018\/08\/IMG_4731.jpg 1600w\" sizes=\"(max-width: 300px) 100vw, 300px\" \/><\/div><\/div><div class=\"mpc-carousel__item-wrapper\" data-height=\"654\"><div onclick=\"\" class=\"mpc-item mpc-transition\"><div class=\"mpc-border\"><\/div><img loading=\"lazy\" decoding=\"async\" width=\"300\" height=\"200\" src=\"https:\/\/www.clinicatebon.es\/wp-content\/uploads\/2018\/08\/IMG_4730-300x200.jpg\" class=\"mpc-transition attachment-medium\" alt=\"\" srcset=\"https:\/\/www.clinicatebon.es\/wp-content\/uploads\/2018\/08\/IMG_4730-300x200.jpg 300w, https:\/\/www.clinicatebon.es\/wp-content\/uploads\/2018\/08\/IMG_4730-768x512.jpg 768w, https:\/\/www.clinicatebon.es\/wp-content\/uploads\/2018\/08\/IMG_4730-1024x683.jpg 1024w, https:\/\/www.clinicatebon.es\/wp-content\/uploads\/2018\/08\/IMG_4730.jpg 1600w\" sizes=\"(max-width: 300px) 100vw, 300px\" \/><\/div><\/div><div class=\"mpc-carousel__item-wrapper\" data-height=\"654\"><div onclick=\"\" class=\"mpc-item mpc-transition\"><div class=\"mpc-border\"><\/div><img loading=\"lazy\" decoding=\"async\" width=\"300\" height=\"200\" src=\"https:\/\/www.clinicatebon.es\/wp-content\/uploads\/2018\/08\/IMG_4729-300x200.jpg\" class=\"mpc-transition attachment-medium\" alt=\"\" srcset=\"https:\/\/www.clinicatebon.es\/wp-content\/uploads\/2018\/08\/IMG_4729-300x200.jpg 300w, https:\/\/www.clinicatebon.es\/wp-content\/uploads\/2018\/08\/IMG_4729-768x512.jpg 768w, https:\/\/www.clinicatebon.es\/wp-content\/uploads\/2018\/08\/IMG_4729-1024x683.jpg 1024w, https:\/\/www.clinicatebon.es\/wp-content\/uploads\/2018\/08\/IMG_4729.jpg 1600w\" sizes=\"(max-width: 300px) 100vw, 300px\" \/><\/div><\/div><div class=\"mpc-carousel__item-wrapper\" data-height=\"654\"><div onclick=\"\" class=\"mpc-item mpc-transition\"><div class=\"mpc-border\"><\/div><img loading=\"lazy\" decoding=\"async\" width=\"300\" height=\"200\" src=\"https:\/\/www.clinicatebon.es\/wp-content\/uploads\/2018\/08\/IMG_4728-300x200.jpg\" class=\"mpc-transition attachment-medium\" alt=\"\" srcset=\"https:\/\/www.clinicatebon.es\/wp-content\/uploads\/2018\/08\/IMG_4728-300x200.jpg 300w, https:\/\/www.clinicatebon.es\/wp-content\/uploads\/2018\/08\/IMG_4728-768x512.jpg 768w, https:\/\/www.clinicatebon.es\/wp-content\/uploads\/2018\/08\/IMG_4728-1024x683.jpg 1024w, https:\/\/www.clinicatebon.es\/wp-content\/uploads\/2018\/08\/IMG_4728.jpg 1600w\" sizes=\"(max-width: 300px) 100vw, 300px\" \/><\/div><\/div><div class=\"mpc-carousel__item-wrapper\" data-height=\"654\"><div onclick=\"\" class=\"mpc-item mpc-transition\"><div class=\"mpc-border\"><\/div><img loading=\"lazy\" decoding=\"async\" width=\"300\" height=\"200\" src=\"https:\/\/www.clinicatebon.es\/wp-content\/uploads\/2018\/08\/IMG_4727-300x200.jpg\" class=\"mpc-transition attachment-medium\" alt=\"\" srcset=\"https:\/\/www.clinicatebon.es\/wp-content\/uploads\/2018\/08\/IMG_4727-300x200.jpg 300w, https:\/\/www.clinicatebon.es\/wp-content\/uploads\/2018\/08\/IMG_4727-768x512.jpg 768w, https:\/\/www.clinicatebon.es\/wp-content\/uploads\/2018\/08\/IMG_4727-1024x683.jpg 1024w, https:\/\/www.clinicatebon.es\/wp-content\/uploads\/2018\/08\/IMG_4727.jpg 1600w\" sizes=\"(max-width: 300px) 100vw, 300px\" \/><\/div><\/div><div class=\"mpc-carousel__item-wrapper\" data-height=\"654\"><div onclick=\"\" class=\"mpc-item mpc-transition\"><div class=\"mpc-border\"><\/div><img loading=\"lazy\" decoding=\"async\" width=\"300\" height=\"200\" src=\"https:\/\/www.clinicatebon.es\/wp-content\/uploads\/2018\/08\/IMG_4726-300x200.jpg\" class=\"mpc-transition attachment-medium\" alt=\"\" srcset=\"https:\/\/www.clinicatebon.es\/wp-content\/uploads\/2018\/08\/IMG_4726-300x200.jpg 300w, https:\/\/www.clinicatebon.es\/wp-content\/uploads\/2018\/08\/IMG_4726-768x512.jpg 768w, https:\/\/www.clinicatebon.es\/wp-content\/uploads\/2018\/08\/IMG_4726-1024x683.jpg 1024w, https:\/\/www.clinicatebon.es\/wp-content\/uploads\/2018\/08\/IMG_4726.jpg 1600w\" sizes=\"(max-width: 300px) 100vw, 300px\" \/><\/div><\/div><div class=\"mpc-carousel__item-wrapper\" data-height=\"654\"><div onclick=\"\" class=\"mpc-item mpc-transition\"><div class=\"mpc-border\"><\/div><img loading=\"lazy\" decoding=\"async\" width=\"300\" height=\"200\" src=\"https:\/\/www.clinicatebon.es\/wp-content\/uploads\/2018\/08\/IMG_4725-300x200.jpg\" class=\"mpc-transition attachment-medium\" alt=\"\" srcset=\"https:\/\/www.clinicatebon.es\/wp-content\/uploads\/2018\/08\/IMG_4725-300x200.jpg 300w, https:\/\/www.clinicatebon.es\/wp-content\/uploads\/2018\/08\/IMG_4725-768x512.jpg 768w, https:\/\/www.clinicatebon.es\/wp-content\/uploads\/2018\/08\/IMG_4725-1024x683.jpg 1024w, https:\/\/www.clinicatebon.es\/wp-content\/uploads\/2018\/08\/IMG_4725.jpg 1600w\" sizes=\"(max-width: 300px) 100vw, 300px\" \/><\/div><\/div><div class=\"mpc-carousel__item-wrapper\" data-height=\"654\"><div onclick=\"\" class=\"mpc-item mpc-transition\"><div class=\"mpc-border\"><\/div><img loading=\"lazy\" decoding=\"async\" width=\"300\" height=\"200\" src=\"https:\/\/www.clinicatebon.es\/wp-content\/uploads\/2018\/08\/09-300x200.jpg\" class=\"mpc-transition attachment-medium\" alt=\"\" srcset=\"https:\/\/www.clinicatebon.es\/wp-content\/uploads\/2018\/08\/09-300x200.jpg 300w, https:\/\/www.clinicatebon.es\/wp-content\/uploads\/2018\/08\/09-768x512.jpg 768w, https:\/\/www.clinicatebon.es\/wp-content\/uploads\/2018\/08\/09-1024x683.jpg 1024w, https:\/\/www.clinicatebon.es\/wp-content\/uploads\/2018\/08\/09.jpg 1600w\" sizes=\"(max-width: 300px) 100vw, 300px\" \/><\/div><\/div><div class=\"mpc-carousel__item-wrapper\" data-height=\"654\"><div onclick=\"\" class=\"mpc-item mpc-transition\"><div class=\"mpc-border\"><\/div><img loading=\"lazy\" decoding=\"async\" width=\"300\" height=\"200\" src=\"https:\/\/www.clinicatebon.es\/wp-content\/uploads\/2018\/08\/08-300x200.jpg\" class=\"mpc-transition attachment-medium\" alt=\"\" srcset=\"https:\/\/www.clinicatebon.es\/wp-content\/uploads\/2018\/08\/08-300x200.jpg 300w, https:\/\/www.clinicatebon.es\/wp-content\/uploads\/2018\/08\/08-768x512.jpg 768w, https:\/\/www.clinicatebon.es\/wp-content\/uploads\/2018\/08\/08-1024x683.jpg 1024w, https:\/\/www.clinicatebon.es\/wp-content\/uploads\/2018\/08\/08.jpg 1600w\" sizes=\"(max-width: 300px) 100vw, 300px\" \/><\/div><\/div><div class=\"mpc-carousel__item-wrapper\" data-height=\"654\"><div onclick=\"\" class=\"mpc-item mpc-transition\"><div class=\"mpc-border\"><\/div><img loading=\"lazy\" decoding=\"async\" width=\"300\" height=\"200\" src=\"https:\/\/www.clinicatebon.es\/wp-content\/uploads\/2018\/08\/07-300x200.jpg\" class=\"mpc-transition attachment-medium\" alt=\"\" srcset=\"https:\/\/www.clinicatebon.es\/wp-content\/uploads\/2018\/08\/07-300x200.jpg 300w, https:\/\/www.clinicatebon.es\/wp-content\/uploads\/2018\/08\/07-768x512.jpg 768w, https:\/\/www.clinicatebon.es\/wp-content\/uploads\/2018\/08\/07-1024x683.jpg 1024w, https:\/\/www.clinicatebon.es\/wp-content\/uploads\/2018\/08\/07.jpg 1600w\" sizes=\"(max-width: 300px) 100vw, 300px\" \/><\/div><\/div><div class=\"mpc-carousel__item-wrapper\" data-height=\"654\"><div onclick=\"\" class=\"mpc-item mpc-transition\"><div class=\"mpc-border\"><\/div><img loading=\"lazy\" decoding=\"async\" width=\"300\" height=\"200\" src=\"https:\/\/www.clinicatebon.es\/wp-content\/uploads\/2018\/08\/06-300x200.jpg\" class=\"mpc-transition attachment-medium\" alt=\"\" srcset=\"https:\/\/www.clinicatebon.es\/wp-content\/uploads\/2018\/08\/06-300x200.jpg 300w, https:\/\/www.clinicatebon.es\/wp-content\/uploads\/2018\/08\/06-768x512.jpg 768w, https:\/\/www.clinicatebon.es\/wp-content\/uploads\/2018\/08\/06-1024x683.jpg 1024w, https:\/\/www.clinicatebon.es\/wp-content\/uploads\/2018\/08\/06.jpg 1600w\" sizes=\"(max-width: 300px) 100vw, 300px\" \/><\/div><\/div><div class=\"mpc-carousel__item-wrapper\" data-height=\"654\"><div onclick=\"\" class=\"mpc-item mpc-transition\"><div class=\"mpc-border\"><\/div><img loading=\"lazy\" decoding=\"async\" width=\"300\" height=\"200\" src=\"https:\/\/www.clinicatebon.es\/wp-content\/uploads\/2018\/08\/05-300x200.jpg\" class=\"mpc-transition attachment-medium\" alt=\"\" srcset=\"https:\/\/www.clinicatebon.es\/wp-content\/uploads\/2018\/08\/05-300x200.jpg 300w, https:\/\/www.clinicatebon.es\/wp-content\/uploads\/2018\/08\/05-768x512.jpg 768w, https:\/\/www.clinicatebon.es\/wp-content\/uploads\/2018\/08\/05-1024x683.jpg 1024w, https:\/\/www.clinicatebon.es\/wp-content\/uploads\/2018\/08\/05.jpg 1600w\" sizes=\"(max-width: 300px) 100vw, 300px\" \/><\/div><\/div><div class=\"mpc-carousel__item-wrapper\" data-height=\"654\"><div onclick=\"\" class=\"mpc-item mpc-transition\"><div class=\"mpc-border\"><\/div><img loading=\"lazy\" decoding=\"async\" width=\"300\" height=\"200\" src=\"https:\/\/www.clinicatebon.es\/wp-content\/uploads\/2018\/08\/04-300x200.jpg\" class=\"mpc-transition attachment-medium\" alt=\"\" srcset=\"https:\/\/www.clinicatebon.es\/wp-content\/uploads\/2018\/08\/04-300x200.jpg 300w, https:\/\/www.clinicatebon.es\/wp-content\/uploads\/2018\/08\/04-768x512.jpg 768w, https:\/\/www.clinicatebon.es\/wp-content\/uploads\/2018\/08\/04-1024x683.jpg 1024w, https:\/\/www.clinicatebon.es\/wp-content\/uploads\/2018\/08\/04.jpg 1600w\" sizes=\"(max-width: 300px) 100vw, 300px\" \/><\/div><\/div><div class=\"mpc-carousel__item-wrapper\" data-height=\"654\"><div onclick=\"\" class=\"mpc-item mpc-transition\"><div class=\"mpc-border\"><\/div><img loading=\"lazy\" decoding=\"async\" width=\"300\" height=\"200\" src=\"https:\/\/www.clinicatebon.es\/wp-content\/uploads\/2018\/08\/03-300x200.jpg\" class=\"mpc-transition attachment-medium\" alt=\"\" srcset=\"https:\/\/www.clinicatebon.es\/wp-content\/uploads\/2018\/08\/03-300x200.jpg 300w, https:\/\/www.clinicatebon.es\/wp-content\/uploads\/2018\/08\/03-768x512.jpg 768w, https:\/\/www.clinicatebon.es\/wp-content\/uploads\/2018\/08\/03-1024x683.jpg 1024w, https:\/\/www.clinicatebon.es\/wp-content\/uploads\/2018\/08\/03.jpg 1600w\" sizes=\"(max-width: 300px) 100vw, 300px\" \/><\/div><\/div><div class=\"mpc-carousel__item-wrapper\" data-height=\"654\"><div onclick=\"\" class=\"mpc-item mpc-transition\"><div class=\"mpc-border\"><\/div><img loading=\"lazy\" decoding=\"async\" width=\"300\" height=\"200\" src=\"https:\/\/www.clinicatebon.es\/wp-content\/uploads\/2018\/08\/02-300x200.jpg\" class=\"mpc-transition attachment-medium\" alt=\"\" srcset=\"https:\/\/www.clinicatebon.es\/wp-content\/uploads\/2018\/08\/02-300x200.jpg 300w, https:\/\/www.clinicatebon.es\/wp-content\/uploads\/2018\/08\/02-768x512.jpg 768w, https:\/\/www.clinicatebon.es\/wp-content\/uploads\/2018\/08\/02-1024x683.jpg 1024w, https:\/\/www.clinicatebon.es\/wp-content\/uploads\/2018\/08\/02.jpg 1600w\" sizes=\"(max-width: 300px) 100vw, 300px\" \/><\/div><\/div><div class=\"mpc-carousel__item-wrapper\" data-height=\"654\"><div onclick=\"\" class=\"mpc-item mpc-transition\"><div class=\"mpc-border\"><\/div><img loading=\"lazy\" decoding=\"async\" width=\"300\" height=\"200\" src=\"https:\/\/www.clinicatebon.es\/wp-content\/uploads\/2018\/08\/01-300x200.jpg\" class=\"mpc-transition attachment-medium\" alt=\"\" srcset=\"https:\/\/www.clinicatebon.es\/wp-content\/uploads\/2018\/08\/01-300x200.jpg 300w, https:\/\/www.clinicatebon.es\/wp-content\/uploads\/2018\/08\/01-768x512.jpg 768w, https:\/\/www.clinicatebon.es\/wp-content\/uploads\/2018\/08\/01-1024x683.jpg 1024w, https:\/\/www.clinicatebon.es\/wp-content\/uploads\/2018\/08\/01.jpg 1600w\" sizes=\"(max-width: 300px) 100vw, 300px\" \/><\/div><\/div><div class=\"mpc-carousel__item-wrapper\" data-height=\"654\"><div onclick=\"\" class=\"mpc-item mpc-transition\"><div class=\"mpc-border\"><\/div><img loading=\"lazy\" decoding=\"async\" width=\"300\" height=\"200\" src=\"https:\/\/www.clinicatebon.es\/wp-content\/uploads\/2018\/08\/00-300x200.jpg\" class=\"mpc-transition attachment-medium\" alt=\"\" srcset=\"https:\/\/www.clinicatebon.es\/wp-content\/uploads\/2018\/08\/00-300x200.jpg 300w, https:\/\/www.clinicatebon.es\/wp-content\/uploads\/2018\/08\/00-768x512.jpg 768w, https:\/\/www.clinicatebon.es\/wp-content\/uploads\/2018\/08\/00-1024x683.jpg 1024w, https:\/\/www.clinicatebon.es\/wp-content\/uploads\/2018\/08\/00.jpg 1600w\" sizes=\"(max-width: 300px) 100vw, 300px\" \/><\/div><\/div><\/div><div class=\"mpc-navigation mpc-init mpc-align--left mpc-navigation--style_1  mpc-nav-preset--\" data-mpcslider=\"mpc_carousel_image-3569df2b876474b\"><div class=\"mpc-nav__arrow mpcslick-prev\"><div class=\"mpc-nav__icon mpc-transition\"><i class=\"\"><div class=\"mpc-nav__background mpc-transition mpc-effect-type--fade mpc-effect-side--in\"><\/div><\/i><\/div><\/div><div class=\"mpc-nav__arrow mpcslick-next\"><div class=\"mpc-nav__icon mpc-transition\"><i class=\"\"><div class=\"mpc-nav__background mpc-transition mpc-effect-type--fade mpc-effect-side--in\"><\/div><\/i><\/div><\/div><\/div><\/div>[\/vc_column][\/vc_row]<\/p>\n","protected":false},"excerpt":{"rendered":"<p>[vc_row full_width=&#8221;stretch_row&#8221; css=&#8221;.vc_custom_1521825827226{margin-top: -60px !important;margin-bottom: 50px !important;padding-top: 50px !important;padding-bottom: 50px !important;background-color: #714089 !important;}&#8221; el_class=&#8221;asdf&#8221;][vc_column width=&#8221;1\/6&#8243;][\/vc_column][vc_column width=&#8221;2\/3&#8243;][vc_column_text css_animation=&#8221;fadeInRight&#8221;]La Cl\u00ednica Tebon es<\/p>\n","protected":false},"author":2,"featured_media":0,"parent":0,"menu_order":0,"comment_status":"closed","ping_status":"closed","template":"","meta":{"footnotes":""},"class_list":["post-981","page","type-page","status-publish","hentry"],"yoast_head":"<!-- This site is optimized with the Yoast SEO plugin v27.4 - https:\/\/yoast.com\/product\/yoast-seo-wordpress\/ -->\n<title>Our facilities | Cl\u00ednica Tebon | Your clinic in M\u00e1laga<\/title>\n<meta name=\"description\" content=\"Cl\u00ednica Tebon is a Clinic of Aesthetic, Plastic, Reconstructive Surgery and Aesthetic Medicine in the center of Malaga. Come and see our facilities.\" \/>\n<meta name=\"robots\" content=\"index, follow, max-snippet:-1, max-image-preview:large, max-video-preview:-1\" \/>\n<link rel=\"canonical\" href=\"https:\/\/www.clinicatebon.es\/en\/our-facilities\/\" \/>\n<meta property=\"og:locale\" content=\"en_US\" \/>\n<meta property=\"og:type\" content=\"article\" \/>\n<meta property=\"og:title\" content=\"Our facilities | Cl\u00ednica Tebon | Your clinic in M\u00e1laga\" \/>\n<meta property=\"og:description\" content=\"Cl\u00ednica Tebon is a Clinic of Aesthetic, Plastic, Reconstructive Surgery and Aesthetic Medicine in the center of Malaga. Come and see our facilities.\" \/>\n<meta property=\"og:url\" content=\"https:\/\/www.clinicatebon.es\/en\/our-facilities\/\" \/>\n<meta property=\"og:site_name\" content=\"Clinica Tebon\" \/>\n<meta property=\"article:publisher\" content=\"https:\/\/www.facebook.com\/ClinicaTebon\/\" \/>\n<meta property=\"article:modified_time\" content=\"2025-04-23T07:20:15+00:00\" \/>\n<meta name=\"twitter:card\" content=\"summary_large_image\" \/>\n<meta name=\"twitter:label1\" content=\"Est. reading time\" \/>\n\t<meta name=\"twitter:data1\" content=\"1 minute\" \/>\n<script type=\"application\/ld+json\" class=\"yoast-schema-graph\">{\"@context\":\"https:\\\/\\\/schema.org\",\"@graph\":[{\"@type\":\"WebPage\",\"@id\":\"https:\\\/\\\/www.clinicatebon.es\\\/en\\\/our-facilities\\\/\",\"url\":\"https:\\\/\\\/www.clinicatebon.es\\\/en\\\/our-facilities\\\/\",\"name\":\"Our facilities | Cl\u00ednica Tebon | Your clinic in M\u00e1laga\",\"isPartOf\":{\"@id\":\"https:\\\/\\\/www.clinicatebon.es\\\/#website\"},\"datePublished\":\"2018-08-13T16:07:55+00:00\",\"dateModified\":\"2025-04-23T07:20:15+00:00\",\"description\":\"Cl\u00ednica Tebon is a Clinic of Aesthetic, Plastic, Reconstructive Surgery and Aesthetic Medicine in the center of Malaga. Come and see our facilities.\",\"breadcrumb\":{\"@id\":\"https:\\\/\\\/www.clinicatebon.es\\\/en\\\/our-facilities\\\/#breadcrumb\"},\"inLanguage\":\"en-US\",\"potentialAction\":[{\"@type\":\"ReadAction\",\"target\":[\"https:\\\/\\\/www.clinicatebon.es\\\/en\\\/our-facilities\\\/\"]}]},{\"@type\":\"BreadcrumbList\",\"@id\":\"https:\\\/\\\/www.clinicatebon.es\\\/en\\\/our-facilities\\\/#breadcrumb\",\"itemListElement\":[{\"@type\":\"ListItem\",\"position\":1,\"name\":\"Portada\",\"item\":\"https:\\\/\\\/www.clinicatebon.es\\\/en\\\/\"},{\"@type\":\"ListItem\",\"position\":2,\"name\":\"Our facilities\"}]},{\"@type\":\"WebSite\",\"@id\":\"https:\\\/\\\/www.clinicatebon.es\\\/#website\",\"url\":\"https:\\\/\\\/www.clinicatebon.es\\\/\",\"name\":\"Clinica Tebon\",\"description\":\"Cl\u00ednica de cirug\u00eda pl\u00e1stica, est\u00e9tica y reparadora ubicada en el centro de M\u00e1laga\",\"publisher\":{\"@id\":\"https:\\\/\\\/www.clinicatebon.es\\\/#organization\"},\"potentialAction\":[{\"@type\":\"SearchAction\",\"target\":{\"@type\":\"EntryPoint\",\"urlTemplate\":\"https:\\\/\\\/www.clinicatebon.es\\\/?s={search_term_string}\"},\"query-input\":{\"@type\":\"PropertyValueSpecification\",\"valueRequired\":true,\"valueName\":\"search_term_string\"}}],\"inLanguage\":\"en-US\"},{\"@type\":\"Organization\",\"@id\":\"https:\\\/\\\/www.clinicatebon.es\\\/#organization\",\"name\":\"Cl\u00ednica Tebon\",\"url\":\"https:\\\/\\\/www.clinicatebon.es\\\/\",\"logo\":{\"@type\":\"ImageObject\",\"inLanguage\":\"en-US\",\"@id\":\"https:\\\/\\\/www.clinicatebon.es\\\/#\\\/schema\\\/logo\\\/image\\\/\",\"url\":\"https:\\\/\\\/www.clinicatebon.es\\\/wp-content\\\/uploads\\\/2017\\\/08\\\/LogoCl\u00ednicaTebon.png\",\"contentUrl\":\"https:\\\/\\\/www.clinicatebon.es\\\/wp-content\\\/uploads\\\/2017\\\/08\\\/LogoCl\u00ednicaTebon.png\",\"width\":1600,\"height\":672,\"caption\":\"Cl\u00ednica Tebon\"},\"image\":{\"@id\":\"https:\\\/\\\/www.clinicatebon.es\\\/#\\\/schema\\\/logo\\\/image\\\/\"},\"sameAs\":[\"https:\\\/\\\/www.facebook.com\\\/ClinicaTebon\\\/\",\"https:\\\/\\\/www.instagram.com\\\/clinicatebon\\\/?hl=es\"]}]}<\/script>\n<!-- \/ Yoast SEO plugin. -->","yoast_head_json":{"title":"Our facilities | Cl\u00ednica Tebon | Your clinic in M\u00e1laga","description":"Cl\u00ednica Tebon is a Clinic of Aesthetic, Plastic, Reconstructive Surgery and Aesthetic Medicine in the center of Malaga. Come and see our facilities.","robots":{"index":"index","follow":"follow","max-snippet":"max-snippet:-1","max-image-preview":"max-image-preview:large","max-video-preview":"max-video-preview:-1"},"canonical":"https:\/\/www.clinicatebon.es\/en\/our-facilities\/","og_locale":"en_US","og_type":"article","og_title":"Our facilities | Cl\u00ednica Tebon | Your clinic in M\u00e1laga","og_description":"Cl\u00ednica Tebon is a Clinic of Aesthetic, Plastic, Reconstructive Surgery and Aesthetic Medicine in the center of Malaga. Come and see our facilities.","og_url":"https:\/\/www.clinicatebon.es\/en\/our-facilities\/","og_site_name":"Clinica Tebon","article_publisher":"https:\/\/www.facebook.com\/ClinicaTebon\/","article_modified_time":"2025-04-23T07:20:15+00:00","twitter_card":"summary_large_image","twitter_misc":{"Est. reading time":"1 minute"},"schema":{"@context":"https:\/\/schema.org","@graph":[{"@type":"WebPage","@id":"https:\/\/www.clinicatebon.es\/en\/our-facilities\/","url":"https:\/\/www.clinicatebon.es\/en\/our-facilities\/","name":"Our facilities | Cl\u00ednica Tebon | Your clinic in M\u00e1laga","isPartOf":{"@id":"https:\/\/www.clinicatebon.es\/#website"},"datePublished":"2018-08-13T16:07:55+00:00","dateModified":"2025-04-23T07:20:15+00:00","description":"Cl\u00ednica Tebon is a Clinic of Aesthetic, Plastic, Reconstructive Surgery and Aesthetic Medicine in the center of Malaga. Come and see our facilities.","breadcrumb":{"@id":"https:\/\/www.clinicatebon.es\/en\/our-facilities\/#breadcrumb"},"inLanguage":"en-US","potentialAction":[{"@type":"ReadAction","target":["https:\/\/www.clinicatebon.es\/en\/our-facilities\/"]}]},{"@type":"BreadcrumbList","@id":"https:\/\/www.clinicatebon.es\/en\/our-facilities\/#breadcrumb","itemListElement":[{"@type":"ListItem","position":1,"name":"Portada","item":"https:\/\/www.clinicatebon.es\/en\/"},{"@type":"ListItem","position":2,"name":"Our facilities"}]},{"@type":"WebSite","@id":"https:\/\/www.clinicatebon.es\/#website","url":"https:\/\/www.clinicatebon.es\/","name":"Clinica Tebon","description":"Cl\u00ednica de cirug\u00eda pl\u00e1stica, est\u00e9tica y reparadora ubicada en el centro de M\u00e1laga","publisher":{"@id":"https:\/\/www.clinicatebon.es\/#organization"},"potentialAction":[{"@type":"SearchAction","target":{"@type":"EntryPoint","urlTemplate":"https:\/\/www.clinicatebon.es\/?s={search_term_string}"},"query-input":{"@type":"PropertyValueSpecification","valueRequired":true,"valueName":"search_term_string"}}],"inLanguage":"en-US"},{"@type":"Organization","@id":"https:\/\/www.clinicatebon.es\/#organization","name":"Cl\u00ednica Tebon","url":"https:\/\/www.clinicatebon.es\/","logo":{"@type":"ImageObject","inLanguage":"en-US","@id":"https:\/\/www.clinicatebon.es\/#\/schema\/logo\/image\/","url":"https:\/\/www.clinicatebon.es\/wp-content\/uploads\/2017\/08\/LogoCl\u00ednicaTebon.png","contentUrl":"https:\/\/www.clinicatebon.es\/wp-content\/uploads\/2017\/08\/LogoCl\u00ednicaTebon.png","width":1600,"height":672,"caption":"Cl\u00ednica Tebon"},"image":{"@id":"https:\/\/www.clinicatebon.es\/#\/schema\/logo\/image\/"},"sameAs":["https:\/\/www.facebook.com\/ClinicaTebon\/","https:\/\/www.instagram.com\/clinicatebon\/?hl=es"]}]}},"_links":{"self":[{"href":"https:\/\/www.clinicatebon.es\/en\/wp-json\/wp\/v2\/pages\/981","targetHints":{"allow":["GET"]}}],"collection":[{"href":"https:\/\/www.clinicatebon.es\/en\/wp-json\/wp\/v2\/pages"}],"about":[{"href":"https:\/\/www.clinicatebon.es\/en\/wp-json\/wp\/v2\/types\/page"}],"author":[{"embeddable":true,"href":"https:\/\/www.clinicatebon.es\/en\/wp-json\/wp\/v2\/users\/2"}],"replies":[{"embeddable":true,"href":"https:\/\/www.clinicatebon.es\/en\/wp-json\/wp\/v2\/comments?post=981"}],"version-history":[{"count":4,"href":"https:\/\/www.clinicatebon.es\/en\/wp-json\/wp\/v2\/pages\/981\/revisions"}],"predecessor-version":[{"id":1850,"href":"https:\/\/www.clinicatebon.es\/en\/wp-json\/wp\/v2\/pages\/981\/revisions\/1850"}],"wp:attachment":[{"href":"https:\/\/www.clinicatebon.es\/en\/wp-json\/wp\/v2\/media?parent=981"}],"curies":[{"name":"wp","href":"https:\/\/api.w.org\/{rel}","templated":true}]}}